{"id":9472,"date":"2023-11-26T20:24:19","date_gmt":"2023-11-26T19:24:19","guid":{"rendered":"https:\/\/seehotel.de\/carriera\/"},"modified":"2025-04-17T09:15:26","modified_gmt":"2025-04-17T07:15:26","slug":"carriera","status":"publish","type":"page","link":"https:\/\/seehotel.de\/it\/carriera\/","title":{"rendered":"Carriera"},"content":{"rendered":"\t\t<div data-elementor-type=\"wp-page\" data-elementor-id=\"9472\" class=\"elementor elementor-9472 elementor-1042\" data-elementor-post-type=\"page\">\n\t\t\t\t\t\t<section class=\"elementor-section elementor-top-section elementor-element elementor-element-358cd01e elementor-section-boxed elementor-section-height-default elementor-section-height-default\" data-id=\"358cd01e\" data-element_type=\"section\" data-e-type=\"section\" data-settings=\"{&quot;background_background&quot;:&quot;classic&quot;}\">\n\t\t\t\t\t\t\t<div class=\"elementor-background-overlay\"><\/div>\n\t\t\t\t\t\t\t<div class=\"elementor-container elementor-column-gap-default\">\n\t\t\t\t\t<div class=\"elementor-column elementor-col-100 elementor-top-column elementor-element elementor-element-3e025791\" data-id=\"3e025791\" data-element_type=\"column\" data-e-type=\"column\">\n\t\t\t<div class=\"elementor-widget-wrap elementor-element-populated\">\n\t\t\t\t\t\t<div class=\"elementor-element elementor-element-725becf3 elementor-widget__width-auto elementor-invisible elementor-widget elementor-widget-heading\" data-id=\"725becf3\" data-element_type=\"widget\" data-e-type=\"widget\" data-settings=\"{&quot;_animation&quot;:&quot;fadeInLeft&quot;}\" data-widget_type=\"heading.default\">\n\t\t\t\t<div class=\"elementor-widget-container\">\n\t\t\t\t\t<h2 class=\"elementor-heading-title elementor-size-default\">Carriera<\/h2>\t\t\t\t<\/div>\n\t\t\t\t<\/div>\n\t\t\t\t\t<\/div>\n\t\t<\/div>\n\t\t\t\t\t<\/div>\n\t\t<\/section>\n\t\t\t\t<section class=\"elementor-section elementor-top-section elementor-element elementor-element-7e530485 elementor-reverse-mobile elementor-section-boxed elementor-section-height-default elementor-section-height-default\" data-id=\"7e530485\" data-element_type=\"section\" data-e-type=\"section\" data-settings=\"{&quot;background_background&quot;:&quot;gradient&quot;}\">\n\t\t\t\t\t\t<div class=\"elementor-container elementor-column-gap-default\">\n\t\t\t\t\t<div class=\"elementor-column elementor-col-50 elementor-top-column elementor-element elementor-element-1d34d6a6\" data-id=\"1d34d6a6\" data-element_type=\"column\" data-e-type=\"column\">\n\t\t\t<div class=\"elementor-widget-wrap elementor-element-populated\">\n\t\t\t\t\t\t<div class=\"elementor-element elementor-element-76eaa elementor-widget elementor-widget-image\" data-id=\"76eaa\" data-element_type=\"widget\" data-e-type=\"widget\" data-widget_type=\"image.default\">\n\t\t\t\t<div class=\"elementor-widget-container\">\n\t\t\t\t\t\t\t\t\t\t\t\t\t\t\t<img fetchpriority=\"high\" decoding=\"async\" width=\"2560\" height=\"1707\" src=\"https:\/\/seehotel.de\/wp-content\/uploads\/2023\/12\/IMG_1981-scaled.webp\" class=\"attachment-full size-full wp-image-9213\" alt=\"\" srcset=\"https:\/\/seehotel.de\/wp-content\/uploads\/2023\/12\/IMG_1981-scaled.webp 2560w, https:\/\/seehotel.de\/wp-content\/uploads\/2023\/12\/IMG_1981-300x200.webp 300w, https:\/\/seehotel.de\/wp-content\/uploads\/2023\/12\/IMG_1981-1024x683.webp 1024w, https:\/\/seehotel.de\/wp-content\/uploads\/2023\/12\/IMG_1981-768x512.webp 768w, https:\/\/seehotel.de\/wp-content\/uploads\/2023\/12\/IMG_1981-1536x1024.webp 1536w, https:\/\/seehotel.de\/wp-content\/uploads\/2023\/12\/IMG_1981-2048x1365.webp 2048w\" sizes=\"(max-width: 2560px) 100vw, 2560px\" \/>\t\t\t\t\t\t\t\t\t\t\t\t\t\t\t<\/div>\n\t\t\t\t<\/div>\n\t\t\t\t\t<\/div>\n\t\t<\/div>\n\t\t\t\t<div class=\"elementor-column elementor-col-50 elementor-top-column elementor-element elementor-element-4c4edbf7\" data-id=\"4c4edbf7\" data-element_type=\"column\" data-e-type=\"column\">\n\t\t\t<div class=\"elementor-widget-wrap elementor-element-populated\">\n\t\t\t\t\t\t<div class=\"elementor-element elementor-element-a30b0c1 elementor-widget elementor-widget-text-editor\" data-id=\"a30b0c1\" data-element_type=\"widget\" data-e-type=\"widget\" data-widget_type=\"text-editor.default\">\n\t\t\t\t<div class=\"elementor-widget-container\">\n\t\t\t\t\t\t\t\t\t<nav aria-label=\"breadcrumbs\" class=\"rank-math-breadcrumb\"><p><span class=\"last\">Home<\/span><\/p><\/nav>\n\t\t\t\t\t\t\t\t<\/div>\n\t\t\t\t<\/div>\n\t\t\t\t<div class=\"elementor-element elementor-element-7dae3c2c elementor-widget elementor-widget-heading\" data-id=\"7dae3c2c\" data-element_type=\"widget\" data-e-type=\"widget\" data-widget_type=\"heading.default\">\n\t\t\t\t<div class=\"elementor-widget-container\">\n\t\t\t\t\t<h2 class=\"elementor-heading-title elementor-size-default\">Semplicemente applicare. Semplicemente insieme. <\/h2>\t\t\t\t<\/div>\n\t\t\t\t<\/div>\n\t\t\t\t<div class=\"elementor-element elementor-element-603c2e7 elementor-drop-cap-yes elementor-drop-cap-view-default elementor-widget elementor-widget-text-editor\" data-id=\"603c2e7\" data-element_type=\"widget\" data-e-type=\"widget\" data-settings=\"{&quot;drop_cap&quot;:&quot;yes&quot;}\" data-widget_type=\"text-editor.default\">\n\t\t\t\t<div class=\"elementor-widget-container\">\n\t\t\t\t\t\t\t\t\t<p><strong>INIZIA LA TUA CARRIERA AL LAGO!  <\/strong><\/p>\n<p><span data-contrast=\"auto\">Sei alla ricerca di una sfida entusiasmante in una moderna azienda familiare? Allora sei nel posto giusto. <\/span><\/p>\n<p>Qui lavora un team giovane, tutti padroni di casa appassionati e giocatori di squadra al 100% &#8211; il WE \u00e8 vissuto alla <em>Haus am See<\/em> &#8211; con molta libert\u00e0 personale di organizzare il proprio posto di lavoro e i propri progetti individuali. Non vediamo l&#8217;ora di conoscerti!<\/p>\n\t\t\t\t\t\t\t\t<\/div>\n\t\t\t\t<\/div>\n\t\t\t\t\t<\/div>\n\t\t<\/div>\n\t\t\t\t\t<\/div>\n\t\t<\/section>\n\t\t\t\t<section class=\"elementor-section elementor-top-section elementor-element elementor-element-f0ddb elementor-section-boxed elementor-section-height-default elementor-section-height-default\" data-id=\"f0ddb\" data-element_type=\"section\" data-e-type=\"section\" data-settings=\"{&quot;background_background&quot;:&quot;classic&quot;}\">\n\t\t\t\t\t\t\t<div class=\"elementor-background-overlay\"><\/div>\n\t\t\t\t\t\t\t<div class=\"elementor-container elementor-column-gap-default\">\n\t\t\t\t\t<div class=\"elementor-column elementor-col-100 elementor-top-column elementor-element elementor-element-22bb088e\" data-id=\"22bb088e\" data-element_type=\"column\" data-e-type=\"column\">\n\t\t\t<div class=\"elementor-widget-wrap elementor-element-populated\">\n\t\t\t\t\t\t<section class=\"elementor-section elementor-inner-section elementor-element elementor-element-202ef58 elementor-section-boxed elementor-section-height-default elementor-section-height-default\" data-id=\"202ef58\" data-element_type=\"section\" data-e-type=\"section\">\n\t\t\t\t\t\t<div class=\"elementor-container elementor-column-gap-default\">\n\t\t\t\t\t<div class=\"elementor-column elementor-col-50 elementor-inner-column elementor-element elementor-element-580c091d\" data-id=\"580c091d\" data-element_type=\"column\" data-e-type=\"column\">\n\t\t\t<div class=\"elementor-widget-wrap elementor-element-populated\">\n\t\t\t\t\t\t<div class=\"elementor-element elementor-element-1182ed39 elementor-widget elementor-widget-heading\" data-id=\"1182ed39\" data-element_type=\"widget\" data-e-type=\"widget\" data-widget_type=\"heading.default\">\n\t\t\t\t<div class=\"elementor-widget-container\">\n\t\t\t\t\t<h2 class=\"elementor-heading-title elementor-size-default\">Lavorare con gli amici<\/h2>\t\t\t\t<\/div>\n\t\t\t\t<\/div>\n\t\t\t\t\t<\/div>\n\t\t<\/div>\n\t\t\t\t<div class=\"elementor-column elementor-col-50 elementor-inner-column elementor-element elementor-element-1a08d23a\" data-id=\"1a08d23a\" data-element_type=\"column\" data-e-type=\"column\">\n\t\t\t<div class=\"elementor-widget-wrap elementor-element-populated\">\n\t\t\t\t\t\t<div class=\"elementor-element elementor-element-6bca845a elementor-widget elementor-widget-text-editor\" data-id=\"6bca845a\" data-element_type=\"widget\" data-e-type=\"widget\" data-widget_type=\"text-editor.default\">\n\t\t\t\t<div class=\"elementor-widget-container\">\n\t\t\t\t\t\t\t\t\t<p>Un team giovane e amichevole, un&#8217;ottima clientela con molti ospiti abituali, un bellissimo posto di lavoro, dentro e fuori, orari di lavoro regolari&#8230; Sei curioso e vuoi maggiori informazioni? Saremo lieti di raccontarti tutto in una conversazione personale.  <\/p>\n\t\t\t\t\t\t\t\t<\/div>\n\t\t\t\t<\/div>\n\t\t\t\t\t<\/div>\n\t\t<\/div>\n\t\t\t\t\t<\/div>\n\t\t<\/section>\n\t\t\t\t<section class=\"elementor-section elementor-inner-section elementor-element elementor-element-4def105a elementor-section-boxed elementor-section-height-default elementor-section-height-default\" data-id=\"4def105a\" data-element_type=\"section\" data-e-type=\"section\">\n\t\t\t\t\t\t<div class=\"elementor-container elementor-column-gap-default\">\n\t\t\t\t\t<div class=\"elementor-column elementor-col-20 elementor-inner-column elementor-element elementor-element-58c37b4f elementor-invisible\" data-id=\"58c37b4f\" data-element_type=\"column\" data-e-type=\"column\" data-settings=\"{&quot;animation&quot;:&quot;fadeInUp&quot;,&quot;animation_delay&quot;:720}\">\n\t\t\t<div class=\"elementor-widget-wrap elementor-element-populated\">\n\t\t\t\t\t\t<div class=\"elementor-element elementor-element-735feafb ekit-equal-height-disable elementor-widget elementor-widget-elementskit-image-box\" data-id=\"735feafb\" data-element_type=\"widget\" data-e-type=\"widget\" data-widget_type=\"elementskit-image-box.default\">\n\t\t\t\t<div class=\"elementor-widget-container\">\n\t\t\t\t\t<div class=\"ekit-wid-con\" >\n            <div class=\"elementskit-info-image-box ekit-image-box text-left simple-card\" >\n\n                \n                <div class=\"elementskit-box-header image-box-img-left\">\n\n                    <img decoding=\"async\" width=\"2560\" height=\"1707\" src=\"https:\/\/seehotel.de\/wp-content\/uploads\/2025\/03\/DSC02025-scaled.jpg\" class=\"attachment-full size-full wp-image-12333\" alt=\"\" srcset=\"https:\/\/seehotel.de\/wp-content\/uploads\/2025\/03\/DSC02025-scaled.jpg 2560w, https:\/\/seehotel.de\/wp-content\/uploads\/2025\/03\/DSC02025-300x200.jpg 300w, https:\/\/seehotel.de\/wp-content\/uploads\/2025\/03\/DSC02025-1024x683.jpg 1024w, https:\/\/seehotel.de\/wp-content\/uploads\/2025\/03\/DSC02025-768x512.jpg 768w\" sizes=\"(max-width: 2560px) 100vw, 2560px\" \/>\n                <\/div>\n                \n                <div class=\"elementskit-box-body ekit-image-box-body\">\n                    <div class=\"elementskit-box-content ekit-image-box-body-inner\">\n                                                <h3 class=\"elementskit-info-box-title\">\n\n                        Vantaggi\n                        \n                    <\/h3>\n                                                            <div class=\"elementskit-box-style-content\">\n                        Con noi sperimenterai un vero spirito di squadra, una cultura aperta e un ambiente di lavoro in cui tutti si sentono a proprio agio. Tempo libero? Naturalmente, c'\u00e8 anche del tempo libero nel ristorante. Ci basiamo su strutture chiare, giorni liberi pianificabili e un'autentica collaborazione...                       <\/div>\n                                    <\/div>\n\n                                <div class=\"elementskit-box-footer\">\n                    <div class=\"box-footer\">\n                        <div class=\"btn-wraper\">\n                                                            <a href=\"https:\/\/seehotel.de\/it\/?page_id=12020\" class=\"elementskit-btn whitespace--normal\">\n                                    Per saperne di pi\u00f9                                <\/a>\n                                                    <\/div>\n                    <\/div>\n                <\/div>\n                            <\/div>\n            <\/div>\n    <\/div>\t\t\t\t<\/div>\n\t\t\t\t<\/div>\n\t\t\t\t\t<\/div>\n\t\t<\/div>\n\t\t\t\t<div class=\"elementor-column elementor-col-20 elementor-inner-column elementor-element elementor-element-77788fc\" data-id=\"77788fc\" data-element_type=\"column\" data-e-type=\"column\">\n\t\t\t<div class=\"elementor-widget-wrap elementor-element-populated\">\n\t\t\t\t\t\t<div class=\"elementor-element elementor-element-9847f2c ekit-equal-height-disable elementor-widget elementor-widget-elementskit-image-box\" data-id=\"9847f2c\" data-element_type=\"widget\" data-e-type=\"widget\" data-widget_type=\"elementskit-image-box.default\">\n\t\t\t\t<div class=\"elementor-widget-container\">\n\t\t\t\t\t<div class=\"ekit-wid-con\" >\n            <div class=\"elementskit-info-image-box ekit-image-box text-left simple-card\" >\n\n                \n                <div class=\"elementskit-box-header image-box-img-left\">\n\n                    <img decoding=\"async\" src=\"https:\/\/seehotel.de\/wp-content\/uploads\/elementor\/thumbs\/Werte_quadratisch-1-r8jz7n2usem79zal22e1pt8rd6c53buxhn8uzpomto.png\" title=\"Werte_quadratisch\" alt=\"Werte_quadratisch\" loading=\"lazy\" \/>\n                <\/div>\n                \n                <div class=\"elementskit-box-body ekit-image-box-body\">\n                    <div class=\"elementskit-box-content ekit-image-box-body-inner\">\n                                                <h3 class=\"elementskit-info-box-title\">\n\n                        Dichiarazione di missione\n                        \n                    <\/h3>\n                                                            <div class=\"elementskit-box-style-content\">\n                        Al SeeHotel viviamo secondo valori che ci uniscono tutti. L'ambiente familiare, il calore naturale e l'individualit\u00e0 di ognuno di noi rendono il nostro hotel ci\u00f2 che \u00e8: semplicemente speciale. Semplicemente SeeHotel. Come parte del nostro team, sei il cuore del nostro hotel e insieme creiamo esperienze indimenticabili per noi e per i nostri ospiti...                       <\/div>\n                                    <\/div>\n\n                                <div class=\"elementskit-box-footer\">\n                    <div class=\"box-footer\">\n                        <div class=\"btn-wraper\">\n                                                            <a href=\"https:\/\/seehotel.de\/it\/carriera\/formazione-e-studi-2\/\" class=\"elementskit-btn whitespace--normal\">\n                                    Per saperne di pi\u00f9                                <\/a>\n                                                    <\/div>\n                    <\/div>\n                <\/div>\n                            <\/div>\n            <\/div>\n    <\/div>\t\t\t\t<\/div>\n\t\t\t\t<\/div>\n\t\t\t\t\t<\/div>\n\t\t<\/div>\n\t\t\t\t<div class=\"elementor-column elementor-col-20 elementor-inner-column elementor-element elementor-element-1371e7d\" data-id=\"1371e7d\" data-element_type=\"column\" data-e-type=\"column\">\n\t\t\t<div class=\"elementor-widget-wrap elementor-element-populated\">\n\t\t\t\t\t\t<div class=\"elementor-element elementor-element-1bb2b4c ekit-equal-height-disable elementor-widget elementor-widget-elementskit-image-box\" data-id=\"1bb2b4c\" data-element_type=\"widget\" data-e-type=\"widget\" data-widget_type=\"elementskit-image-box.default\">\n\t\t\t\t<div class=\"elementor-widget-container\">\n\t\t\t\t\t<div class=\"ekit-wid-con\" >\n            <div class=\"elementskit-info-image-box ekit-image-box text-left simple-card\" >\n\n                \n                <div class=\"elementskit-box-header image-box-img-left\">\n\n                    <img decoding=\"async\" width=\"2560\" height=\"1707\" src=\"https:\/\/seehotel.de\/wp-content\/uploads\/2025\/02\/Winterfeier_2025-1-scaled.jpg\" class=\"attachment-full size-full wp-image-11629\" alt=\"\" srcset=\"https:\/\/seehotel.de\/wp-content\/uploads\/2025\/02\/Winterfeier_2025-1-scaled.jpg 2560w, https:\/\/seehotel.de\/wp-content\/uploads\/2025\/02\/Winterfeier_2025-1-300x200.jpg 300w, https:\/\/seehotel.de\/wp-content\/uploads\/2025\/02\/Winterfeier_2025-1-1024x683.jpg 1024w, https:\/\/seehotel.de\/wp-content\/uploads\/2025\/02\/Winterfeier_2025-1-768x512.jpg 768w, https:\/\/seehotel.de\/wp-content\/uploads\/2025\/02\/Winterfeier_2025-1-1536x1024.jpg 1536w, https:\/\/seehotel.de\/wp-content\/uploads\/2025\/02\/Winterfeier_2025-1-2048x1365.jpg 2048w\" sizes=\"(max-width: 2560px) 100vw, 2560px\" \/>\n                <\/div>\n                \n                <div class=\"elementskit-box-body ekit-image-box-body\">\n                    <div class=\"elementskit-box-content ekit-image-box-body-inner\">\n                                                <h3 class=\"elementskit-info-box-title\">\n\n                        Squadra\n                        \n                    <\/h3>\n                                                            <div class=\"elementskit-box-style-content\">\n                        Semplicemente insieme. Questo \u00e8 il nostro motto. Siamo un team giovane e senza complicazioni, tutti padroni di casa appassionati dei nostri fantastici ospiti. Se sei alla ricerca di un ambiente di lavoro moderno e professionale con enormi opportunit\u00e0 per ogni individuo e allo stesso tempo apprezzi il fatto di lavorare con gli amici, allora sei nel posto giusto.                      <\/div>\n                                    <\/div>\n\n                                <div class=\"elementskit-box-footer\">\n                    <div class=\"box-footer\">\n                        <div class=\"btn-wraper\">\n                                                            <a href=\"https:\/\/seehotel.de\/it\/carriera\/squadra\/\" class=\"elementskit-btn whitespace--normal\">\n                                    Per saperne di pi\u00f9                                <\/a>\n                                                    <\/div>\n                    <\/div>\n                <\/div>\n                            <\/div>\n            <\/div>\n    <\/div>\t\t\t\t<\/div>\n\t\t\t\t<\/div>\n\t\t\t\t\t<\/div>\n\t\t<\/div>\n\t\t\t\t<div class=\"elementor-column elementor-col-20 elementor-inner-column elementor-element elementor-element-14e1f927 elementor-invisible\" data-id=\"14e1f927\" data-element_type=\"column\" data-e-type=\"column\" data-settings=\"{&quot;animation&quot;:&quot;fadeInUp&quot;}\">\n\t\t\t<div class=\"elementor-widget-wrap elementor-element-populated\">\n\t\t\t\t\t\t<div class=\"elementor-element elementor-element-70ad304 ekit-equal-height-disable elementor-widget elementor-widget-elementskit-image-box\" data-id=\"70ad304\" data-element_type=\"widget\" data-e-type=\"widget\" data-widget_type=\"elementskit-image-box.default\">\n\t\t\t\t<div class=\"elementor-widget-container\">\n\t\t\t\t\t<div class=\"ekit-wid-con\" >\n            <div class=\"elementskit-info-image-box ekit-image-box text-left simple-card\" >\n\n                \n                <div class=\"elementskit-box-header image-box-img-left\">\n\n                    <img loading=\"lazy\" decoding=\"async\" width=\"2560\" height=\"1707\" src=\"https:\/\/seehotel.de\/wp-content\/uploads\/2025\/01\/MG_8999-scaled.jpg\" class=\"attachment-full size-full wp-image-11257\" alt=\"\" srcset=\"https:\/\/seehotel.de\/wp-content\/uploads\/2025\/01\/MG_8999-scaled.jpg 2560w, https:\/\/seehotel.de\/wp-content\/uploads\/2025\/01\/MG_8999-300x200.jpg 300w, https:\/\/seehotel.de\/wp-content\/uploads\/2025\/01\/MG_8999-1024x683.jpg 1024w, https:\/\/seehotel.de\/wp-content\/uploads\/2025\/01\/MG_8999-768x512.jpg 768w\" sizes=\"(max-width: 2560px) 100vw, 2560px\" \/>\n                <\/div>\n                \n                <div class=\"elementskit-box-body ekit-image-box-body\">\n                    <div class=\"elementskit-box-content ekit-image-box-body-inner\">\n                                                <h3 class=\"elementskit-info-box-title\">\n\n                        Offerte di lavoro\n                        \n                    <\/h3>\n                                                            <div class=\"elementskit-box-style-content\">\n                        Vorresti aiutarci una o due volte a settimana, la sera o nei weekend, la mattina o durante la settimana, oppure sempre? Non vediamo l'ora di aiutare mani e teste fumanti. Cerchiamo persone impegnate e appassionate che condividano la nostra visione e siano disposte a partecipare attivamente. Che tu abbia gi\u00e0 esperienza nel settore alberghiero o che tu abbia appena iniziato la tua carriera, al SeeHotel ti offriamo l'opportunit\u00e0 di sviluppare il tuo talento e le tue capacit\u00e0.                      <\/div>\n                                    <\/div>\n\n                                <div class=\"elementskit-box-footer\">\n                    <div class=\"box-footer\">\n                        <div class=\"btn-wraper\">\n                                                            <a href=\"https:\/\/seehotel.de\/it\/carriera\/offerte-di-lavoro\/\" class=\"elementskit-btn whitespace--normal\">\n                                    \n                                    \n                                    Per saperne di pi\u00f9                                <\/a>\n                                                        <\/div>\n                    <\/div>\n                <\/div>\n                            <\/div>\n            <\/div>\n    <\/div>\t\t\t\t<\/div>\n\t\t\t\t<\/div>\n\t\t\t\t\t<\/div>\n\t\t<\/div>\n\t\t\t\t<div class=\"elementor-column elementor-col-20 elementor-inner-column elementor-element elementor-element-43a93447 elementor-invisible\" data-id=\"43a93447\" data-element_type=\"column\" data-e-type=\"column\" data-settings=\"{&quot;animation&quot;:&quot;fadeInUp&quot;,&quot;animation_delay&quot;:360}\">\n\t\t\t<div class=\"elementor-widget-wrap elementor-element-populated\">\n\t\t\t\t\t\t<div class=\"elementor-element elementor-element-4d9e9b39 ekit-equal-height-disable elementor-widget elementor-widget-elementskit-image-box\" data-id=\"4d9e9b39\" data-element_type=\"widget\" data-e-type=\"widget\" data-widget_type=\"elementskit-image-box.default\">\n\t\t\t\t<div class=\"elementor-widget-container\">\n\t\t\t\t\t<div class=\"ekit-wid-con\" >\n            <div class=\"elementskit-info-image-box ekit-image-box text-left simple-card\" >\n\n                \n                <div class=\"elementskit-box-header image-box-img-left\">\n\n                    <img loading=\"lazy\" decoding=\"async\" width=\"2560\" height=\"1707\" src=\"https:\/\/seehotel.de\/wp-content\/uploads\/2025\/02\/DSC09517-scaled.jpg\" class=\"attachment-full size-full wp-image-11618\" alt=\"\" srcset=\"https:\/\/seehotel.de\/wp-content\/uploads\/2025\/02\/DSC09517-scaled.jpg 2560w, https:\/\/seehotel.de\/wp-content\/uploads\/2025\/02\/DSC09517-300x200.jpg 300w, https:\/\/seehotel.de\/wp-content\/uploads\/2025\/02\/DSC09517-1024x683.jpg 1024w, https:\/\/seehotel.de\/wp-content\/uploads\/2025\/02\/DSC09517-768x512.jpg 768w, https:\/\/seehotel.de\/wp-content\/uploads\/2025\/02\/DSC09517-1536x1024.jpg 1536w, https:\/\/seehotel.de\/wp-content\/uploads\/2025\/02\/DSC09517-2048x1365.jpg 2048w\" sizes=\"(max-width: 2560px) 100vw, 2560px\" \/>\n                <\/div>\n                \n                <div class=\"elementskit-box-body ekit-image-box-body\">\n                    <div class=\"elementskit-box-content ekit-image-box-body-inner\">\n                                                <h3 class=\"elementskit-info-box-title\">\n\n                        Formazione e studi\n                        \n                    <\/h3>\n                                                            <div class=\"elementskit-box-style-content\">\n                        Offriamo cinque diversi apprendistati e un programma di studio duale in collaborazione con l'Universit\u00e0 statale cooperativa del Baden-W\u00fcrttemberg. Il programma di formazione triennale copre le seguenti professioni: cuoco, specialista della ristorazione e degli eventi, specialista alberghiero e assistente alla gestione alberghiera. Offriamo programmi di formazione biennale per le professioni di specialista di cucina e specialista di catering. Se preferisci un corso di laurea pratico e molto vario, puoi anche studiare economia aziendale presso il SeeHotel con un focus sulla gestione di fiere, congressi ed eventi. Non sei sicuro che una carriera nel settore alberghiero sia adatta a te? Allora fai una prova e chiedi informazioni su uno stage con noi.                    <\/div>\n                                    <\/div>\n\n                                <div class=\"elementskit-box-footer\">\n                    <div class=\"box-footer\">\n                        <div class=\"btn-wraper\">\n                                                            <a href=\"https:\/\/seehotel.de\/it\/carriera\/formazione-e-studi\/\" class=\"elementskit-btn whitespace--normal\">\n                                    \n                                    \n                                    Per saperne di pi\u00f9                                <\/a>\n                                                        <\/div>\n                    <\/div>\n                <\/div>\n                            <\/div>\n            <\/div>\n    <\/div>\t\t\t\t<\/div>\n\t\t\t\t<\/div>\n\t\t\t\t\t<\/div>\n\t\t<\/div>\n\t\t\t\t\t<\/div>\n\t\t<\/section>\n\t\t\t\t\t<\/div>\n\t\t<\/div>\n\t\t\t\t\t<\/div>\n\t\t<\/section>\n\t\t\t\t<\/div>\n\t\t","protected":false},"excerpt":{"rendered":"<p>Carriera Semplicemente applicare. Semplicemente insieme. INIZIA LA TUA CARRIERA AL LAGO! Sei alla ricerca di una sfida entusiasmante in una moderna azienda familiare? Allora sei nel posto giusto. Qui lavora [&hellip;]<\/p>\n","protected":false},"author":2,"featured_media":0,"parent":0,"menu_order":0,"comment_status":"closed","ping_status":"closed","template":"elementor_header_footer","meta":{"footnotes":""},"class_list":["post-9472","page","type-page","status-publish","hentry"],"_links":{"self":[{"href":"https:\/\/seehotel.de\/it\/wp-json\/wp\/v2\/pages\/9472","targetHints":{"allow":["GET"]}}],"collection":[{"href":"https:\/\/seehotel.de\/it\/wp-json\/wp\/v2\/pages"}],"about":[{"href":"https:\/\/seehotel.de\/it\/wp-json\/wp\/v2\/types\/page"}],"author":[{"embeddable":true,"href":"https:\/\/seehotel.de\/it\/wp-json\/wp\/v2\/users\/2"}],"replies":[{"embeddable":true,"href":"https:\/\/seehotel.de\/it\/wp-json\/wp\/v2\/comments?post=9472"}],"version-history":[{"count":6,"href":"https:\/\/seehotel.de\/it\/wp-json\/wp\/v2\/pages\/9472\/revisions"}],"predecessor-version":[{"id":12509,"href":"https:\/\/seehotel.de\/it\/wp-json\/wp\/v2\/pages\/9472\/revisions\/12509"}],"wp:attachment":[{"href":"https:\/\/seehotel.de\/it\/wp-json\/wp\/v2\/media?parent=9472"}],"curies":[{"name":"wp","href":"https:\/\/api.w.org\/{rel}","templated":true}]}}