{"id":9462,"date":"2023-11-26T20:41:34","date_gmt":"2023-11-26T19:41:34","guid":{"rendered":"https:\/\/seehotel.de\/ristorante\/carta-dei-vini\/"},"modified":"2025-05-21T17:40:35","modified_gmt":"2025-05-21T15:40:35","slug":"carta-dei-vini","status":"publish","type":"page","link":"https:\/\/seehotel.de\/it\/ristorante\/carta-dei-vini\/","title":{"rendered":"Carta dei vini"},"content":{"rendered":"\t\t<div data-elementor-type=\"wp-page\" data-elementor-id=\"9462\" class=\"elementor elementor-9462 elementor-1069\" data-elementor-post-type=\"page\">\n\t\t\t\t\t\t<section class=\"elementor-section elementor-top-section elementor-element elementor-element-213e6ec1 elementor-section-boxed elementor-section-height-default elementor-section-height-default\" data-id=\"213e6ec1\" data-element_type=\"section\" data-e-type=\"section\" data-settings=\"{&quot;background_background&quot;:&quot;classic&quot;}\">\n\t\t\t\t\t\t\t<div class=\"elementor-background-overlay\"><\/div>\n\t\t\t\t\t\t\t<div class=\"elementor-container elementor-column-gap-default\">\n\t\t\t\t\t<div class=\"elementor-column elementor-col-100 elementor-top-column elementor-element elementor-element-60492d66\" data-id=\"60492d66\" data-element_type=\"column\" data-e-type=\"column\">\n\t\t\t<div class=\"elementor-widget-wrap elementor-element-populated\">\n\t\t\t\t\t\t<div class=\"elementor-element elementor-element-48c19c23 elementor-widget__width-auto elementor-invisible elementor-widget elementor-widget-heading\" data-id=\"48c19c23\" data-element_type=\"widget\" data-e-type=\"widget\" data-settings=\"{&quot;_animation&quot;:&quot;fadeInLeft&quot;}\" data-widget_type=\"heading.default\">\n\t\t\t\t<div class=\"elementor-widget-container\">\n\t\t\t\t\t<h2 class=\"elementor-heading-title elementor-size-default\">Carta dei vini<\/h2>\t\t\t\t<\/div>\n\t\t\t\t<\/div>\n\t\t\t\t\t<\/div>\n\t\t<\/div>\n\t\t\t\t\t<\/div>\n\t\t<\/section>\n\t\t\t\t<section class=\"elementor-section elementor-top-section elementor-element elementor-element-497cdcff elementor-reverse-mobile elementor-section-boxed elementor-section-height-default elementor-section-height-default\" data-id=\"497cdcff\" data-element_type=\"section\" data-e-type=\"section\" data-settings=\"{&quot;background_background&quot;:&quot;gradient&quot;}\">\n\t\t\t\t\t\t<div class=\"elementor-container elementor-column-gap-default\">\n\t\t\t\t\t<div class=\"elementor-column elementor-col-50 elementor-top-column elementor-element elementor-element-6b37047b\" data-id=\"6b37047b\" data-element_type=\"column\" data-e-type=\"column\">\n\t\t\t<div class=\"elementor-widget-wrap elementor-element-populated\">\n\t\t\t\t\t\t<div class=\"elementor-element elementor-element-588b0588 elementor-widget__width-initial elementor-absolute elementor-invisible elementor-widget elementor-widget-image\" data-id=\"588b0588\" data-element_type=\"widget\" data-e-type=\"widget\" data-settings=\"{&quot;_position&quot;:&quot;absolute&quot;,&quot;_animation&quot;:&quot;slideInUp&quot;}\" data-widget_type=\"image.default\">\n\t\t\t\t<div class=\"elementor-widget-container\">\n\t\t\t\t\t\t\t\t\t\t\t\t\t\t\t<img fetchpriority=\"high\" decoding=\"async\" width=\"2560\" height=\"1708\" src=\"https:\/\/seehotel.de\/wp-content\/uploads\/2023\/07\/KR5_6282-scaled.jpg\" class=\"attachment-full size-full wp-image-475\" alt=\"\" srcset=\"https:\/\/seehotel.de\/wp-content\/uploads\/2023\/07\/KR5_6282-scaled.jpg 2560w, https:\/\/seehotel.de\/wp-content\/uploads\/2023\/07\/KR5_6282-300x200.jpg 300w, https:\/\/seehotel.de\/wp-content\/uploads\/2023\/07\/KR5_6282-1024x683.jpg 1024w, https:\/\/seehotel.de\/wp-content\/uploads\/2023\/07\/KR5_6282-768x512.jpg 768w, https:\/\/seehotel.de\/wp-content\/uploads\/2023\/07\/KR5_6282-1536x1025.jpg 1536w, https:\/\/seehotel.de\/wp-content\/uploads\/2023\/07\/KR5_6282-2048x1366.jpg 2048w\" sizes=\"(max-width: 2560px) 100vw, 2560px\" \/>\t\t\t\t\t\t\t\t\t\t\t\t\t\t\t<\/div>\n\t\t\t\t<\/div>\n\t\t\t\t<div class=\"elementor-element elementor-element-62c39955 elementor-widget elementor-widget-image\" data-id=\"62c39955\" data-element_type=\"widget\" data-e-type=\"widget\" data-widget_type=\"image.default\">\n\t\t\t\t<div class=\"elementor-widget-container\">\n\t\t\t\t\t\t\t\t\t\t\t\t\t\t\t<img decoding=\"async\" width=\"2560\" height=\"1708\" src=\"https:\/\/seehotel.de\/wp-content\/uploads\/2023\/07\/KR5_6006-1-scaled.jpg\" class=\"attachment-full size-full wp-image-534\" alt=\"\" srcset=\"https:\/\/seehotel.de\/wp-content\/uploads\/2023\/07\/KR5_6006-1-scaled.jpg 2560w, https:\/\/seehotel.de\/wp-content\/uploads\/2023\/07\/KR5_6006-1-300x200.jpg 300w, https:\/\/seehotel.de\/wp-content\/uploads\/2023\/07\/KR5_6006-1-1024x683.jpg 1024w, https:\/\/seehotel.de\/wp-content\/uploads\/2023\/07\/KR5_6006-1-768x512.jpg 768w, https:\/\/seehotel.de\/wp-content\/uploads\/2023\/07\/KR5_6006-1-1536x1025.jpg 1536w, https:\/\/seehotel.de\/wp-content\/uploads\/2023\/07\/KR5_6006-1-2048x1366.jpg 2048w\" sizes=\"(max-width: 2560px) 100vw, 2560px\" \/>\t\t\t\t\t\t\t\t\t\t\t\t\t\t\t<\/div>\n\t\t\t\t<\/div>\n\t\t\t\t\t<\/div>\n\t\t<\/div>\n\t\t\t\t<div class=\"elementor-column elementor-col-50 elementor-top-column elementor-element elementor-element-245a11f\" data-id=\"245a11f\" data-element_type=\"column\" data-e-type=\"column\">\n\t\t\t<div class=\"elementor-widget-wrap elementor-element-populated\">\n\t\t\t\t\t\t<div class=\"elementor-element elementor-element-70b90f0 elementor-widget elementor-widget-text-editor\" data-id=\"70b90f0\" data-element_type=\"widget\" data-e-type=\"widget\" data-widget_type=\"text-editor.default\">\n\t\t\t\t<div class=\"elementor-widget-container\">\n\t\t\t\t\t\t\t\t\t<nav aria-label=\"breadcrumbs\" class=\"rank-math-breadcrumb\"><p><span class=\"last\">Home<\/span><\/p><\/nav>\n\t\t\t\t\t\t\t\t<\/div>\n\t\t\t\t<\/div>\n\t\t\t\t<div class=\"elementor-element elementor-element-71250b52 elementor-widget elementor-widget-heading\" data-id=\"71250b52\" data-element_type=\"widget\" data-e-type=\"widget\" data-widget_type=\"heading.default\">\n\t\t\t\t<div class=\"elementor-widget-container\">\n\t\t\t\t\t<h2 class=\"elementor-heading-title elementor-size-default\">Scopri la nostra diversit\u00e0<\/h2>\t\t\t\t<\/div>\n\t\t\t\t<\/div>\n\t\t\t\t<div class=\"elementor-element elementor-element-2eabce72 elementor-widget elementor-widget-heading\" data-id=\"2eabce72\" data-element_type=\"widget\" data-e-type=\"widget\" data-widget_type=\"heading.default\">\n\t\t\t\t<div class=\"elementor-widget-container\">\n\t\t\t\t\t<h2 class=\"elementor-heading-title elementor-size-default\">Vivere la cultura del vino<\/h2>\t\t\t\t<\/div>\n\t\t\t\t<\/div>\n\t\t\t\t<div class=\"elementor-element elementor-element-411fdee0 elementor-drop-cap-yes elementor-drop-cap-view-default elementor-widget elementor-widget-text-editor\" data-id=\"411fdee0\" data-element_type=\"widget\" data-e-type=\"widget\" data-settings=\"{&quot;drop_cap&quot;:&quot;yes&quot;}\" data-widget_type=\"text-editor.default\">\n\t\t\t\t<div class=\"elementor-widget-container\">\n\t\t\t\t\t\t\t\t\t<p>Scopri la nostra selezione accuratamente curata di vini pregiati, che spazia dai vini regionali di propriet\u00e0 ai preferiti a livello internazionale. La nostra carta dei vini, con oltre 300 articoli, comprende cantine famose come Knipser, Keller e Becker, ma anche viticoltori emergenti come Wasenhaus e Moritz Kissinger. La nostra selezione di champagne ispira con oltre 20 variet\u00e0 selezionate, mentre le mezze bottiglie offrono flessibilit\u00e0 per ogni momento di piacere. I vini biologici e certificati Demeter e i vini naturali completano la nostra ampia selezione. Nel nostro team di servizio, i nostri sommelier professionisti Anke e Jannik sono a disposizione per consigliarti grazie alla loro pluriennale esperienza.  <\/p>\n\t\t\t\t\t\t\t\t<\/div>\n\t\t\t\t<\/div>\n\t\t\t\t<div class=\"elementor-element elementor-element-43c3b8e5 elementor-view-stacked elementor-position-inline-start elementor-mobile-position-inline-start elementor-shape-circle elementor-widget elementor-widget-icon-box\" data-id=\"43c3b8e5\" data-element_type=\"widget\" data-e-type=\"widget\" data-widget_type=\"icon-box.default\">\n\t\t\t\t<div class=\"elementor-widget-container\">\n\t\t\t\t\t\t\t<div class=\"elementor-icon-box-wrapper\">\n\n\t\t\t\t\t\t<div class=\"elementor-icon-box-icon\">\n\t\t\t\t<a href=\"tel:+4962026970\" class=\"elementor-icon elementor-animation-float\" tabindex=\"-1\" aria-label=\"Prenotazione\">\n\t\t\t\t<i aria-hidden=\"true\" class=\"icon icon-phone1\"><\/i>\t\t\t\t<\/a>\n\t\t\t<\/div>\n\t\t\t\n\t\t\t\t\t\t<div class=\"elementor-icon-box-content\">\n\n\t\t\t\t\t\t\t\t\t<div class=\"elementor-icon-box-title\">\n\t\t\t\t\t\t<a href=\"tel:+4962026970\" >\n\t\t\t\t\t\t\tPrenotazione\t\t\t\t\t\t<\/a>\n\t\t\t\t\t<\/div>\n\t\t\t\t\n\t\t\t\t\t\t\t\t\t<p class=\"elementor-icon-box-description\">\n\t\t\t\t\t\t<a href=\"tel:+4962026970\">+49 6202 6970<\/a>\t\t\t\t\t<\/p>\n\t\t\t\t\n\t\t\t<\/div>\n\t\t\t\n\t\t<\/div>\n\t\t\t\t\t\t<\/div>\n\t\t\t\t<\/div>\n\t\t\t\t\t<\/div>\n\t\t<\/div>\n\t\t\t\t\t<\/div>\n\t\t<\/section>\n\t\t\t\t<section class=\"elementor-section elementor-top-section elementor-element elementor-element-17335ab4 elementor-section-boxed elementor-section-height-default elementor-section-height-default\" data-id=\"17335ab4\" data-element_type=\"section\" data-e-type=\"section\" data-settings=\"{&quot;background_background&quot;:&quot;classic&quot;}\">\n\t\t\t\t\t\t\t<div class=\"elementor-background-overlay\"><\/div>\n\t\t\t\t\t\t\t<div class=\"elementor-container elementor-column-gap-default\">\n\t\t\t\t\t<div class=\"elementor-column elementor-col-100 elementor-top-column elementor-element elementor-element-712df5b2\" data-id=\"712df5b2\" data-element_type=\"column\" data-e-type=\"column\">\n\t\t\t<div class=\"elementor-widget-wrap elementor-element-populated\">\n\t\t\t\t\t\t<section class=\"elementor-section elementor-inner-section elementor-element elementor-element-100a439d elementor-section-boxed elementor-section-height-default elementor-section-height-default\" data-id=\"100a439d\" data-element_type=\"section\" data-e-type=\"section\">\n\t\t\t\t\t\t<div class=\"elementor-container elementor-column-gap-default\">\n\t\t\t\t\t<div class=\"elementor-column elementor-col-50 elementor-inner-column elementor-element elementor-element-6d9101ee\" data-id=\"6d9101ee\" data-element_type=\"column\" data-e-type=\"column\">\n\t\t\t<div class=\"elementor-widget-wrap elementor-element-populated\">\n\t\t\t\t\t\t<div class=\"elementor-element elementor-element-9480dda elementor-widget elementor-widget-heading\" data-id=\"9480dda\" data-element_type=\"widget\" data-e-type=\"widget\" data-widget_type=\"heading.default\">\n\t\t\t\t<div class=\"elementor-widget-container\">\n\t\t\t\t\t<h2 class=\"elementor-heading-title elementor-size-default\">Collaborazione con partner affidabili<\/h2>\t\t\t\t<\/div>\n\t\t\t\t<\/div>\n\t\t\t\t\t<\/div>\n\t\t<\/div>\n\t\t\t\t<div class=\"elementor-column elementor-col-50 elementor-inner-column elementor-element elementor-element-3116cff6\" data-id=\"3116cff6\" data-element_type=\"column\" data-e-type=\"column\">\n\t\t\t<div class=\"elementor-widget-wrap elementor-element-populated\">\n\t\t\t\t\t\t<div class=\"elementor-element elementor-element-56306388 elementor-widget elementor-widget-text-editor\" data-id=\"56306388\" data-element_type=\"widget\" data-e-type=\"widget\" data-widget_type=\"text-editor.default\">\n\t\t\t\t<div class=\"elementor-widget-container\">\n\t\t\t\t\t\t\t\t\t<p>La nostra carta dei vini non riflette solo il mondo del vino, ma anche la nostra collaborazione con i partner regionali. Presentiamo vini accuratamente selezionati da Tischmacher, Zweilaut, Weinrefugium e IRORI. Abbiamo trovato altri partner affidabili in OffGritt, Lobenberg&#8217;s e Molina.<\/p>\n\t\t\t\t\t\t\t\t<\/div>\n\t\t\t\t<\/div>\n\t\t\t\t<div class=\"elementor-element elementor-element-7491690 elementor-align-left elementor-widget elementor-widget-button\" data-id=\"7491690\" data-element_type=\"widget\" data-e-type=\"widget\" data-widget_type=\"button.default\">\n\t\t\t\t<div class=\"elementor-widget-container\">\n\t\t\t\t\t\t\t\t\t<div class=\"elementor-button-wrapper\">\n\t\t\t\t\t<a class=\"elementor-button elementor-button-link elementor-size-sm\" href=\"https:\/\/seehotel.de\/wp-content\/uploads\/2025\/05\/Weinkarte-Neu-21.05.2025.pdf\" target=\"_blank\">\n\t\t\t\t\t\t<span class=\"elementor-button-content-wrapper\">\n\t\t\t\t\t\t\t\t\t<span class=\"elementor-button-text\">Carta dei vini<\/span>\n\t\t\t\t\t<\/span>\n\t\t\t\t\t<\/a>\n\t\t\t\t<\/div>\n\t\t\t\t\t\t\t\t<\/div>\n\t\t\t\t<\/div>\n\t\t\t\t\t<\/div>\n\t\t<\/div>\n\t\t\t\t\t<\/div>\n\t\t<\/section>\n\t\t\t\t\t<\/div>\n\t\t<\/div>\n\t\t\t\t\t<\/div>\n\t\t<\/section>\n\t\t\t\t<section class=\"elementor-section elementor-top-section elementor-element elementor-element-acb6a03 elementor-section-boxed elementor-section-height-default elementor-section-height-default\" data-id=\"acb6a03\" data-element_type=\"section\" data-e-type=\"section\">\n\t\t\t\t\t\t<div class=\"elementor-container elementor-column-gap-default\">\n\t\t\t\t\t<div class=\"elementor-column elementor-col-100 elementor-top-column elementor-element elementor-element-baabd76\" data-id=\"baabd76\" data-element_type=\"column\" data-e-type=\"column\">\n\t\t\t<div class=\"elementor-widget-wrap elementor-element-populated\">\n\t\t\t\t\t\t<section class=\"elementor-section elementor-inner-section elementor-element elementor-element-728daaf elementor-section-boxed elementor-section-height-default elementor-section-height-default\" data-id=\"728daaf\" data-element_type=\"section\" data-e-type=\"section\">\n\t\t\t\t\t\t<div class=\"elementor-container elementor-column-gap-default\">\n\t\t\t\t\t<div class=\"elementor-column elementor-col-33 elementor-inner-column elementor-element elementor-element-2aa783c elementor-invisible\" data-id=\"2aa783c\" data-element_type=\"column\" data-e-type=\"column\" data-settings=\"{&quot;animation&quot;:&quot;fadeInUp&quot;,&quot;animation_delay&quot;:720}\">\n\t\t\t<div class=\"elementor-widget-wrap elementor-element-populated\">\n\t\t\t\t\t\t<div class=\"elementor-element elementor-element-8b73a5a ekit-equal-height-disable elementor-widget elementor-widget-elementskit-image-box\" data-id=\"8b73a5a\" data-element_type=\"widget\" data-e-type=\"widget\" data-widget_type=\"elementskit-image-box.default\">\n\t\t\t\t<div class=\"elementor-widget-container\">\n\t\t\t\t\t<div class=\"ekit-wid-con\" >\n            <div class=\"elementskit-info-image-box ekit-image-box text-left simple-card\" >\n\n                \n                <div class=\"elementskit-box-header image-box-img-left\">\n\n                    <img decoding=\"async\" width=\"2560\" height=\"1707\" src=\"https:\/\/seehotel.de\/wp-content\/uploads\/2023\/07\/MG_4071-scaled.jpg\" class=\"attachment-full size-full wp-image-532\" alt=\"\" srcset=\"https:\/\/seehotel.de\/wp-content\/uploads\/2023\/07\/MG_4071-scaled.jpg 2560w, https:\/\/seehotel.de\/wp-content\/uploads\/2023\/07\/MG_4071-300x200.jpg 300w, https:\/\/seehotel.de\/wp-content\/uploads\/2023\/07\/MG_4071-1024x683.jpg 1024w, https:\/\/seehotel.de\/wp-content\/uploads\/2023\/07\/MG_4071-768x512.jpg 768w, https:\/\/seehotel.de\/wp-content\/uploads\/2023\/07\/MG_4071-1536x1024.jpg 1536w, https:\/\/seehotel.de\/wp-content\/uploads\/2023\/07\/MG_4071-2048x1365.jpg 2048w\" sizes=\"(max-width: 2560px) 100vw, 2560px\" \/>\n                <\/div>\n                \n                <div class=\"elementskit-box-body ekit-image-box-body\">\n                    <div class=\"elementskit-box-content ekit-image-box-body-inner\">\n                                                <h3 class=\"elementskit-info-box-title\">\n\n                        Modifica della carta dei vini\n                        \n                    <\/h3>\n                                                            <div class=\"elementskit-box-style-content\">\n                        La nostra carta dei vini \u00e8 in continua evoluzione. Da un lato, per farti conoscere la variopinta diversit\u00e0 del mondo del vino e, dall'altro, per offrirti nuove scoperte ed esperienze di gusto.                      <\/div>\n                                    <\/div>\n\n                            <\/div>\n            <\/div>\n    <\/div>\t\t\t\t<\/div>\n\t\t\t\t<\/div>\n\t\t\t\t\t<\/div>\n\t\t<\/div>\n\t\t\t\t<div class=\"elementor-column elementor-col-33 elementor-inner-column elementor-element elementor-element-64a89d8 elementor-invisible\" data-id=\"64a89d8\" data-element_type=\"column\" data-e-type=\"column\" data-settings=\"{&quot;animation&quot;:&quot;fadeInUp&quot;,&quot;animation_delay&quot;:360}\">\n\t\t\t<div class=\"elementor-widget-wrap elementor-element-populated\">\n\t\t\t\t\t\t<div class=\"elementor-element elementor-element-100421f ekit-equal-height-disable elementor-widget elementor-widget-elementskit-image-box\" data-id=\"100421f\" data-element_type=\"widget\" data-e-type=\"widget\" data-widget_type=\"elementskit-image-box.default\">\n\t\t\t\t<div class=\"elementor-widget-container\">\n\t\t\t\t\t<div class=\"ekit-wid-con\" >\n            <div class=\"elementskit-info-image-box ekit-image-box text-left simple-card\" >\n\n                \n                <div class=\"elementskit-box-header image-box-img-left\">\n\n                    <img loading=\"lazy\" decoding=\"async\" width=\"2560\" height=\"1708\" src=\"https:\/\/seehotel.de\/wp-content\/uploads\/2023\/07\/KR5_5922-scaled.jpg\" class=\"attachment-full size-full wp-image-463\" alt=\"\" srcset=\"https:\/\/seehotel.de\/wp-content\/uploads\/2023\/07\/KR5_5922-scaled.jpg 2560w, https:\/\/seehotel.de\/wp-content\/uploads\/2023\/07\/KR5_5922-300x200.jpg 300w, https:\/\/seehotel.de\/wp-content\/uploads\/2023\/07\/KR5_5922-1024x683.jpg 1024w, https:\/\/seehotel.de\/wp-content\/uploads\/2023\/07\/KR5_5922-768x512.jpg 768w, https:\/\/seehotel.de\/wp-content\/uploads\/2023\/07\/KR5_5922-1536x1025.jpg 1536w, https:\/\/seehotel.de\/wp-content\/uploads\/2023\/07\/KR5_5922-2048x1366.jpg 2048w\" sizes=\"(max-width: 2560px) 100vw, 2560px\" \/>\n                <\/div>\n                \n                <div class=\"elementskit-box-body ekit-image-box-body\">\n                    <div class=\"elementskit-box-content ekit-image-box-body-inner\">\n                                                <h3 class=\"elementskit-info-box-title\">\n\n                        Variegato e profondo\n                        \n                    <\/h3>\n                                                            <div class=\"elementskit-box-style-content\">\n                        Scopri la nostra esclusiva selezione di champagne, che rende omaggio al pi\u00f9 nobile degli spumanti con oltre 20 variet\u00e0. Che si tratti di una casa rinomata o di un consiglio da insider, lo champagne \u00e8 sempre di moda e si adatta a ogni occasione.                    <\/div>\n                                    <\/div>\n\n                            <\/div>\n            <\/div>\n    <\/div>\t\t\t\t<\/div>\n\t\t\t\t<\/div>\n\t\t\t\t\t<\/div>\n\t\t<\/div>\n\t\t\t\t<div class=\"elementor-column elementor-col-33 elementor-inner-column elementor-element elementor-element-18460ed elementor-invisible\" data-id=\"18460ed\" data-element_type=\"column\" data-e-type=\"column\" data-settings=\"{&quot;animation&quot;:&quot;fadeInUp&quot;}\">\n\t\t\t<div class=\"elementor-widget-wrap elementor-element-populated\">\n\t\t\t\t\t\t<div class=\"elementor-element elementor-element-24458c5 ekit-equal-height-disable elementor-widget elementor-widget-elementskit-image-box\" data-id=\"24458c5\" data-element_type=\"widget\" data-e-type=\"widget\" data-widget_type=\"elementskit-image-box.default\">\n\t\t\t\t<div class=\"elementor-widget-container\">\n\t\t\t\t\t<div class=\"ekit-wid-con\" >\n            <div class=\"elementskit-info-image-box ekit-image-box text-left simple-card\" >\n\n                \n                <div class=\"elementskit-box-header image-box-img-left\">\n\n                    <img loading=\"lazy\" decoding=\"async\" width=\"2560\" height=\"1707\" src=\"https:\/\/seehotel.de\/wp-content\/uploads\/2025\/04\/DSC02390-scaled.jpg\" class=\"attachment-full size-full wp-image-12535\" alt=\"\" srcset=\"https:\/\/seehotel.de\/wp-content\/uploads\/2025\/04\/DSC02390-scaled.jpg 2560w, https:\/\/seehotel.de\/wp-content\/uploads\/2025\/04\/DSC02390-300x200.jpg 300w, https:\/\/seehotel.de\/wp-content\/uploads\/2025\/04\/DSC02390-1024x683.jpg 1024w, https:\/\/seehotel.de\/wp-content\/uploads\/2025\/04\/DSC02390-768x512.jpg 768w, https:\/\/seehotel.de\/wp-content\/uploads\/2025\/04\/DSC02390-1536x1024.jpg 1536w, https:\/\/seehotel.de\/wp-content\/uploads\/2025\/04\/DSC02390-2048x1366.jpg 2048w\" sizes=\"(max-width: 2560px) 100vw, 2560px\" \/>\n                <\/div>\n                \n                <div class=\"elementskit-box-body ekit-image-box-body\">\n                    <div class=\"elementskit-box-content ekit-image-box-body-inner\">\n                                                <h3 class=\"elementskit-info-box-title\">\n\n                        Da regionale a internazionale\n                        \n                    <\/h3>\n                                                            <div class=\"elementskit-box-style-content\">\n                        La nostra carta dei vini presenta un'impressionante variet\u00e0 di vini, che vanno dai vini della tenuta ai \"Grosse Gew\u00e4chse\" provenienti da diverse regioni vinicole tedesche. Tuttavia, sono rappresentate anche cantine internazionali, ad esempio da Austria, Francia, Italia, Spagna, Sudafrica e Ungheria.                    <\/div>\n                                    <\/div>\n\n                            <\/div>\n            <\/div>\n    <\/div>\t\t\t\t<\/div>\n\t\t\t\t<\/div>\n\t\t\t\t\t<\/div>\n\t\t<\/div>\n\t\t\t\t\t<\/div>\n\t\t<\/section>\n\t\t\t\t\t<\/div>\n\t\t<\/div>\n\t\t\t\t\t<\/div>\n\t\t<\/section>\n\t\t\t\t<\/div>\n\t\t","protected":false},"excerpt":{"rendered":"<p>Carta dei vini Scopri la nostra diversit\u00e0 Vivere la cultura del vino Scopri la nostra selezione accuratamente curata di vini pregiati, che spazia dai vini regionali di propriet\u00e0 ai preferiti [&hellip;]<\/p>\n","protected":false},"author":2,"featured_media":0,"parent":9244,"menu_order":0,"comment_status":"closed","ping_status":"closed","template":"elementor_header_footer","meta":{"footnotes":""},"class_list":["post-9462","page","type-page","status-publish","hentry"],"_links":{"self":[{"href":"https:\/\/seehotel.de\/it\/wp-json\/wp\/v2\/pages\/9462","targetHints":{"allow":["GET"]}}],"collection":[{"href":"https:\/\/seehotel.de\/it\/wp-json\/wp\/v2\/pages"}],"about":[{"href":"https:\/\/seehotel.de\/it\/wp-json\/wp\/v2\/types\/page"}],"author":[{"embeddable":true,"href":"https:\/\/seehotel.de\/it\/wp-json\/wp\/v2\/users\/2"}],"replies":[{"embeddable":true,"href":"https:\/\/seehotel.de\/it\/wp-json\/wp\/v2\/comments?post=9462"}],"version-history":[{"count":29,"href":"https:\/\/seehotel.de\/it\/wp-json\/wp\/v2\/pages\/9462\/revisions"}],"predecessor-version":[{"id":12626,"href":"https:\/\/seehotel.de\/it\/wp-json\/wp\/v2\/pages\/9462\/revisions\/12626"}],"up":[{"embeddable":true,"href":"https:\/\/seehotel.de\/it\/wp-json\/wp\/v2\/pages\/9244"}],"wp:attachment":[{"href":"https:\/\/seehotel.de\/it\/wp-json\/wp\/v2\/media?parent=9462"}],"curies":[{"name":"wp","href":"https:\/\/api.w.org\/{rel}","templated":true}]}}