{"id":9439,"date":"2023-12-03T12:52:13","date_gmt":"2023-12-03T11:52:13","guid":{"rendered":"https:\/\/seehotel.de\/offerte-di-lavoro\/"},"modified":"2025-03-04T20:10:07","modified_gmt":"2025-03-04T19:10:07","slug":"offerte-di-lavoro","status":"publish","type":"page","link":"https:\/\/seehotel.de\/it\/carriera\/offerte-di-lavoro\/","title":{"rendered":"Offerte di lavoro"},"content":{"rendered":"\t\t<div data-elementor-type=\"wp-page\" data-elementor-id=\"9439\" class=\"elementor elementor-9439 elementor-1317\" data-elementor-post-type=\"page\">\n\t\t\t\t\t\t<section class=\"elementor-section elementor-top-section elementor-element elementor-element-a712765 elementor-section-boxed elementor-section-height-default elementor-section-height-default\" data-id=\"a712765\" data-element_type=\"section\" data-e-type=\"section\" data-settings=\"{&quot;background_background&quot;:&quot;classic&quot;}\">\n\t\t\t\t\t\t\t<div class=\"elementor-background-overlay\"><\/div>\n\t\t\t\t\t\t\t<div class=\"elementor-container elementor-column-gap-default\">\n\t\t\t\t\t<div class=\"elementor-column elementor-col-100 elementor-top-column elementor-element elementor-element-58bd466f\" data-id=\"58bd466f\" data-element_type=\"column\" data-e-type=\"column\">\n\t\t\t<div class=\"elementor-widget-wrap elementor-element-populated\">\n\t\t\t\t\t\t<div class=\"elementor-element elementor-element-2503b6e9 elementor-widget__width-auto elementor-invisible elementor-widget elementor-widget-heading\" data-id=\"2503b6e9\" data-element_type=\"widget\" data-e-type=\"widget\" data-settings=\"{&quot;_animation&quot;:&quot;fadeInLeft&quot;}\" data-widget_type=\"heading.default\">\n\t\t\t\t<div class=\"elementor-widget-container\">\n\t\t\t\t\t<h2 class=\"elementor-heading-title elementor-size-default\">Offerte di lavoro<\/h2>\t\t\t\t<\/div>\n\t\t\t\t<\/div>\n\t\t\t\t\t<\/div>\n\t\t<\/div>\n\t\t\t\t\t<\/div>\n\t\t<\/section>\n\t\t\t\t<section class=\"elementor-section elementor-top-section elementor-element elementor-element-5f444db6 elementor-reverse-mobile elementor-section-boxed elementor-section-height-default elementor-section-height-default\" data-id=\"5f444db6\" data-element_type=\"section\" data-e-type=\"section\" data-settings=\"{&quot;background_background&quot;:&quot;gradient&quot;}\">\n\t\t\t\t\t\t<div class=\"elementor-container elementor-column-gap-default\">\n\t\t\t\t\t<div class=\"elementor-column elementor-col-50 elementor-top-column elementor-element elementor-element-6d618fd0\" data-id=\"6d618fd0\" data-element_type=\"column\" data-e-type=\"column\">\n\t\t\t<div class=\"elementor-widget-wrap elementor-element-populated\">\n\t\t\t\t\t\t<div class=\"elementor-element elementor-element-a291dec elementor-widget elementor-widget-image\" data-id=\"a291dec\" data-element_type=\"widget\" data-e-type=\"widget\" data-widget_type=\"image.default\">\n\t\t\t\t<div class=\"elementor-widget-container\">\n\t\t\t\t\t\t\t\t\t\t\t\t\t\t\t<img fetchpriority=\"high\" decoding=\"async\" width=\"2560\" height=\"1707\" src=\"https:\/\/seehotel.de\/wp-content\/uploads\/2023\/11\/MG_9958-scaled.webp\" class=\"attachment-full size-full wp-image-11386\" alt=\"\" srcset=\"https:\/\/seehotel.de\/wp-content\/uploads\/2023\/11\/MG_9958-scaled.webp 2560w, https:\/\/seehotel.de\/wp-content\/uploads\/2023\/11\/MG_9958-300x200.webp 300w, https:\/\/seehotel.de\/wp-content\/uploads\/2023\/11\/MG_9958-1024x683.webp 1024w, https:\/\/seehotel.de\/wp-content\/uploads\/2023\/11\/MG_9958-768x512.webp 768w, https:\/\/seehotel.de\/wp-content\/uploads\/2023\/11\/MG_9958-1536x1024.webp 1536w, https:\/\/seehotel.de\/wp-content\/uploads\/2023\/11\/MG_9958-2048x1365.webp 2048w\" sizes=\"(max-width: 2560px) 100vw, 2560px\" \/>\t\t\t\t\t\t\t\t\t\t\t\t\t\t\t<\/div>\n\t\t\t\t<\/div>\n\t\t\t\t\t<\/div>\n\t\t<\/div>\n\t\t\t\t<div class=\"elementor-column elementor-col-50 elementor-top-column elementor-element elementor-element-3ed4abf3\" data-id=\"3ed4abf3\" data-element_type=\"column\" data-e-type=\"column\">\n\t\t\t<div class=\"elementor-widget-wrap elementor-element-populated\">\n\t\t\t\t\t\t<div class=\"elementor-element elementor-element-c6f144a elementor-widget elementor-widget-text-editor\" data-id=\"c6f144a\" data-element_type=\"widget\" data-e-type=\"widget\" data-widget_type=\"text-editor.default\">\n\t\t\t\t<div class=\"elementor-widget-container\">\n\t\t\t\t\t\t\t\t\t<nav aria-label=\"breadcrumbs\" class=\"rank-math-breadcrumb\"><p><span class=\"last\">Home<\/span><\/p><\/nav>\n\t\t\t\t\t\t\t\t<\/div>\n\t\t\t\t<\/div>\n\t\t\t\t<div class=\"elementor-element elementor-element-60f4dc26 elementor-widget elementor-widget-heading\" data-id=\"60f4dc26\" data-element_type=\"widget\" data-e-type=\"widget\" data-widget_type=\"heading.default\">\n\t\t\t\t<div class=\"elementor-widget-container\">\n\t\t\t\t\t<h2 class=\"elementor-heading-title elementor-size-default\">Lavorare con gli amici<\/h2>\t\t\t\t<\/div>\n\t\t\t\t<\/div>\n\t\t\t\t<div class=\"elementor-element elementor-element-6170034a elementor-drop-cap-yes elementor-widget__width-initial elementor-drop-cap-view-default elementor-widget elementor-widget-text-editor\" data-id=\"6170034a\" data-element_type=\"widget\" data-e-type=\"widget\" data-settings=\"{&quot;drop_cap&quot;:&quot;yes&quot;}\" data-widget_type=\"text-editor.default\">\n\t\t\t\t<div class=\"elementor-widget-container\">\n\t\t\t\t\t\t\t\t\t<p>Lavorare con gli amici. Questa non \u00e8 solo una frase di marketing. Questo \u00e8 il nostro motto &#8211; e quindi il motto di un giovane team che ha la passione di lavorare insieme. Qui, in riva al lago. Non vediamo l&#8217;ora di conoscervi!<\/p>\n\t\t\t\t\t\t\t\t<\/div>\n\t\t\t\t<\/div>\n\t\t\t\t\t<\/div>\n\t\t<\/div>\n\t\t\t\t\t<\/div>\n\t\t<\/section>\n\t\t<div class=\"elementor-element elementor-element-8602b55 e-flex e-con-boxed e-con e-parent\" data-id=\"8602b55\" data-element_type=\"container\" data-e-type=\"container\">\n\t\t\t\t\t<div class=\"e-con-inner\">\n\t\t\t\t<div class=\"elementor-element elementor-element-1d39953 job-accordion elementor-widget elementor-widget-n-accordion\" data-id=\"1d39953\" data-element_type=\"widget\" data-e-type=\"widget\" data-settings=\"{&quot;n_accordion_animation_duration&quot;:{&quot;unit&quot;:&quot;ms&quot;,&quot;size&quot;:200,&quot;sizes&quot;:[]},&quot;default_state&quot;:&quot;expanded&quot;,&quot;max_items_expended&quot;:&quot;one&quot;}\" data-widget_type=\"nested-accordion.default\">\n\t\t\t\t<div class=\"elementor-widget-container\">\n\t\t\t\t\t\t\t<div class=\"e-n-accordion\" aria-label=\"Accordion. Open links with Enter or Space, close with Escape, and navigate with Arrow Keys\">\n\t\t\t\t\t\t<details id=\"e-n-accordion-item-3060\" class=\"e-n-accordion-item\" open>\n\t\t\t\t<summary class=\"e-n-accordion-item-title\" data-accordion-index=\"1\" tabindex=\"0\" aria-expanded=\"true\" aria-controls=\"e-n-accordion-item-3060\" >\n\t\t\t\t\t<span class='e-n-accordion-item-title-header'><div class=\"e-n-accordion-item-title-text\"> Cucina <\/div><\/span>\n\t\t\t\t\t\t\t<span class='e-n-accordion-item-title-icon'>\n\t\t\t<span class='e-opened' ><i aria-hidden=\"true\" class=\"fas fa-times\"><\/i><\/span>\n\t\t\t<span class='e-closed'><i aria-hidden=\"true\" class=\"fas fa-plus\"><\/i><\/span>\n\t\t<\/span>\n\n\t\t\t\t\t\t<\/summary>\n\t\t\t\t<div role=\"region\" aria-labelledby=\"e-n-accordion-item-3060\" class=\"elementor-element elementor-element-c548708 e-con-full e-flex e-con e-child\" data-id=\"c548708\" data-element_type=\"container\" data-e-type=\"container\">\n\t\t\t\t<div class=\"elementor-element elementor-element-1f6636c elementor-widget__width-inherit elementor-widget-divider--view-line elementor-widget elementor-widget-divider\" data-id=\"1f6636c\" data-element_type=\"widget\" data-e-type=\"widget\" data-widget_type=\"divider.default\">\n\t\t\t\t<div class=\"elementor-widget-container\">\n\t\t\t\t\t\t\t<div class=\"elementor-divider\">\n\t\t\t<span class=\"elementor-divider-separator\">\n\t\t\t\t\t\t<\/span>\n\t\t<\/div>\n\t\t\t\t\t\t<\/div>\n\t\t\t\t<\/div>\n\t\t\t\t<div class=\"elementor-element elementor-element-60c80d0 elementor-widget__width-auto elementor-widget elementor-widget-icon-box\" data-id=\"60c80d0\" data-element_type=\"widget\" data-e-type=\"widget\" data-widget_type=\"icon-box.default\">\n\t\t\t\t<div class=\"elementor-widget-container\">\n\t\t\t\t\t\t\t<div class=\"elementor-icon-box-wrapper\">\n\n\t\t\t\n\t\t\t\t\t\t<div class=\"elementor-icon-box-content\">\n\n\t\t\t\t\t\t\t\t\t<h5 class=\"elementor-icon-box-title\">\n\t\t\t\t\t\t<span  >\n\t\t\t\t\t\t\tCommis de Cuisine e Chef de Partie (m\/f\/d) a tempo pieno\t\t\t\t\t\t<\/span>\n\t\t\t\t\t<\/h5>\n\t\t\t\t\n\t\t\t\t\n\t\t\t<\/div>\n\t\t\t\n\t\t<\/div>\n\t\t\t\t\t\t<\/div>\n\t\t\t\t<\/div>\n\t\t\t\t<div class=\"elementor-element elementor-element-b6f09ca elementor-widget elementor-widget-button\" data-id=\"b6f09ca\" data-element_type=\"widget\" data-e-type=\"widget\" data-widget_type=\"button.default\">\n\t\t\t\t<div class=\"elementor-widget-container\">\n\t\t\t\t\t\t\t\t\t<div class=\"elementor-button-wrapper\">\n\t\t\t\t\t<a class=\"elementor-button elementor-button-link elementor-size-sm\" href=\"#elementor-action%3Aaction%3Dpopup%3Aopen%26settings%3DeyJpZCI6OTMzMCwidG9nZ2xlIjpmYWxzZX0%3D\">\n\t\t\t\t\t\t<span class=\"elementor-button-content-wrapper\">\n\t\t\t\t\t\t\t\t\t<span class=\"elementor-button-text\">Candidati ora<\/span>\n\t\t\t\t\t<\/span>\n\t\t\t\t\t<\/a>\n\t\t\t\t<\/div>\n\t\t\t\t\t\t\t\t<\/div>\n\t\t\t\t<\/div>\n\t\t\t\t<div class=\"elementor-element elementor-element-948d908 elementor-widget__width-inherit elementor-widget elementor-widget-text-editor\" data-id=\"948d908\" data-element_type=\"widget\" data-e-type=\"widget\" data-widget_type=\"text-editor.default\">\n\t\t\t\t<div class=\"elementor-widget-container\">\n\t\t\t\t\t\t\t\t\t<div id=\"introduction\">\n<p><strong>SEMPLICEMENTE DIVERTITI. SEMPLICEMENTE DELIZIOSO.<\/strong><\/p>\n<p>Questo \u00e8 il nostro motto. La nostra casa \u00e8 la vivace e divertente regione metropolitana del Reno-Neckar con le citt\u00e0 di Heidelberg, Mannheim e Ludwigshafen. Lavoriamo come un giovane team in cucina (gestito da Christian Kesselring) e nel servizio (gestito da Anke Rau) nel ristorante Die Ente del SeeHotel Ketsch. Cucina classica con elementi moderni e giovani, proprio come noi.   Lavorare con i migliori prodotti e l&#8217;ambiente unico della nostra casa a conduzione privata ci ispirano giorno dopo giorno e allo stesso tempo giustificano l&#8217;onesta rivendicazione del nostro mestiere. Inoltre, una squadra giovane e calorosa, un grande gruppo di ospiti con molti habitu\u00e9, un bel posto di lavoro, dall&#8217;interno e dall&#8217;esterno, orari di lavoro regolari&#8230;<\/p>\n<p><strong>Stiamo cercando la prossima data possibile:<\/strong><\/p>\n<p><strong>Commis de Cuisine e Chef de Partie (m\/f\/d) a tempo pieno<\/strong><\/p>\n<\/div>\n<div id=\"tasks\">\n<p><strong>I TUOI COMPITI:<\/strong><\/p>\n<p>L&#8217;esperienza del gusto inizia in cucina e tu sei una delle menti dietro a tutto questo. Che si tratti di un jus perfettamente bilanciato, di un piatto creativo o di un lotto ben organizzato, tu hai una visione d&#8217;insieme e garantisci la massima qualit\u00e0. Grazie agli ingredienti freschi, alla maestria e allo spirito di squadra, contribuirai a garantire che i nostri ospiti siano deliziati dalle nostre prelibatezze culinarie.  <\/p>\n<p><strong>OFFRIAMO:<\/strong><\/p>\n<\/div>\n<div id=\"profile\">\n<ul>\n<li>Facile da pianificare: domeniche libere, tempo per Natale e Capodanno, turni di servizio affidabili, settimana di 39 ore, tempo libero in molte festivit\u00e0, registrazione digitale degli orari<\/li>\n<li>Goditi semplicemente: caff\u00e8 e bevande a prezzo fisso, pranzo del personale cucinato al momento, cesto di frutta<\/li>\n<li>Semplicemente incluso: sconti per i dipendenti, offerte di pernottamento per i tuoi cari<\/li>\n<li>Semplicemente crescere: SeeHotel Academy, sessioni di coaching, visite in fiera<\/li>\n<li>Semplicemente insieme: team giovane, cultura informale, ospiti abituali che si sentono a casa, eventi di squadra (due volte l&#8217;anno)<\/li>\n<\/ul>\n<p><strong><br \/>SE QUESTO VALE ANCHE PER TE:<\/strong><\/p>\n<ul>\n<li>Divertiti a cucinare<\/li>\n<li>Entusiasmo per i prodotti di alta qualit\u00e0 e professionalit\u00e0<\/li>\n<li>Spirito di squadra e amicizia<\/li>\n<li>In vena di un #reboot personale<\/li>\n<li>Desiderio di un ambiente di lavoro moderno con opportunit\u00e0 individuali per ogni individuo<\/li>\n<\/ul>\n<\/div>\n<div id=\"contact_container\"><strong> <\/strong><\/div>\n<div id=\"contact_container\"><strong>&#8230; VORREMMO CONOSCERTI MEGLIO:<\/strong><\/div>\n<div id=\"contact_container\"><strong> <\/strong><\/div>\n<div>\n<p>Scrivici a <strong>karriere@seehotel.de<\/strong> o chiamaci al numero<strong> 06202-6970<\/strong> &#8211; Emily e Isabel saranno liete di sentirti!<\/p>\n<\/div>\n\t\t\t\t\t\t\t\t<\/div>\n\t\t\t\t<\/div>\n\t\t\t\t<\/div>\n\t\t\t\t\t<\/details>\n\t\t\t\t\t\t<details id=\"e-n-accordion-item-3061\" class=\"e-n-accordion-item\" >\n\t\t\t\t<summary class=\"e-n-accordion-item-title\" data-accordion-index=\"2\" tabindex=\"-1\" aria-expanded=\"false\" aria-controls=\"e-n-accordion-item-3061\" >\n\t\t\t\t\t<span class='e-n-accordion-item-title-header'><div class=\"e-n-accordion-item-title-text\"> Assistenza <\/div><\/span>\n\t\t\t\t\t\t\t<span class='e-n-accordion-item-title-icon'>\n\t\t\t<span class='e-opened' ><i aria-hidden=\"true\" class=\"fas fa-times\"><\/i><\/span>\n\t\t\t<span class='e-closed'><i aria-hidden=\"true\" class=\"fas fa-plus\"><\/i><\/span>\n\t\t<\/span>\n\n\t\t\t\t\t\t<\/summary>\n\t\t\t\t<div role=\"region\" aria-labelledby=\"e-n-accordion-item-3061\" class=\"elementor-element elementor-element-bb963ae e-flex e-con-boxed e-con e-child\" data-id=\"bb963ae\" data-element_type=\"container\" data-e-type=\"container\">\n\t\t\t\t\t<div class=\"e-con-inner\">\n\t\t\t\t<div class=\"elementor-element elementor-element-c3a2b07 elementor-widget__width-inherit elementor-widget-divider--view-line elementor-widget elementor-widget-divider\" data-id=\"c3a2b07\" data-element_type=\"widget\" data-e-type=\"widget\" data-widget_type=\"divider.default\">\n\t\t\t\t<div class=\"elementor-widget-container\">\n\t\t\t\t\t\t\t<div class=\"elementor-divider\">\n\t\t\t<span class=\"elementor-divider-separator\">\n\t\t\t\t\t\t<\/span>\n\t\t<\/div>\n\t\t\t\t\t\t<\/div>\n\t\t\t\t<\/div>\n\t\t\t\t<div class=\"elementor-element elementor-element-42f7e79 elementor-widget__width-initial elementor-widget elementor-widget-icon-box\" data-id=\"42f7e79\" data-element_type=\"widget\" data-e-type=\"widget\" data-widget_type=\"icon-box.default\">\n\t\t\t\t<div class=\"elementor-widget-container\">\n\t\t\t\t\t\t\t<div class=\"elementor-icon-box-wrapper\">\n\n\t\t\t\n\t\t\t\t\t\t<div class=\"elementor-icon-box-content\">\n\n\t\t\t\t\t\t\t\t\t<h5 class=\"elementor-icon-box-title\">\n\t\t\t\t\t\t<span  >\n\t\t\t\t\t\t\tCommis de Rang &amp; Chef de Rang (m\/f\/d) a tempo pieno\t\t\t\t\t\t<\/span>\n\t\t\t\t\t<\/h5>\n\t\t\t\t\n\t\t\t\t\n\t\t\t<\/div>\n\t\t\t\n\t\t<\/div>\n\t\t\t\t\t\t<\/div>\n\t\t\t\t<\/div>\n\t\t\t\t<div class=\"elementor-element elementor-element-03b1fc8 elementor-widget elementor-widget-button\" data-id=\"03b1fc8\" data-element_type=\"widget\" data-e-type=\"widget\" data-widget_type=\"button.default\">\n\t\t\t\t<div class=\"elementor-widget-container\">\n\t\t\t\t\t\t\t\t\t<div class=\"elementor-button-wrapper\">\n\t\t\t\t\t<a class=\"elementor-button elementor-button-link elementor-size-sm\" href=\"#elementor-action%3Aaction%3Dpopup%3Aopen%26settings%3DeyJpZCI6OTMzMCwidG9nZ2xlIjpmYWxzZX0%3D\">\n\t\t\t\t\t\t<span class=\"elementor-button-content-wrapper\">\n\t\t\t\t\t\t\t\t\t<span class=\"elementor-button-text\">Candidati ora<\/span>\n\t\t\t\t\t<\/span>\n\t\t\t\t\t<\/a>\n\t\t\t\t<\/div>\n\t\t\t\t\t\t\t\t<\/div>\n\t\t\t\t<\/div>\n\t\t\t\t<div class=\"elementor-element elementor-element-8951203 elementor-widget__width-inherit elementor-widget elementor-widget-text-editor\" data-id=\"8951203\" data-element_type=\"widget\" data-e-type=\"widget\" data-widget_type=\"text-editor.default\">\n\t\t\t\t<div class=\"elementor-widget-container\">\n\t\t\t\t\t\t\t\t\t<div id=\"introduction\">\n<p><strong>SEMPLICEMENTE DIVERTITI. SEMPLICEMENTE DELIZIOSO.<\/strong><\/p>\n<p>Questo \u00e8 il nostro motto. La nostra casa \u00e8 la vivace e divertente regione metropolitana del Reno-Neckar con le citt\u00e0 di Heidelberg, Mannheim e Ludwigshafen. Lavoriamo come un giovane team in cucina (gestito da Christian Kesselring) e nel servizio (gestito da Anke Rau) nel ristorante Die Ente del SeeHotel Ketsch. Cucina classica con elementi moderni e giovani, proprio come noi.   Lavorare con i migliori prodotti e l&#8217;ambiente unico della nostra casa a conduzione privata ci ispirano giorno dopo giorno e allo stesso tempo giustificano l&#8217;onesta rivendicazione del nostro mestiere. Inoltre, una squadra giovane e calorosa, un grande gruppo di ospiti con molti habitu\u00e9, un bel posto di lavoro, dall&#8217;interno e dall&#8217;esterno, orari di lavoro regolari&#8230;<\/p>\n<p><strong>Stiamo cercando la prossima data possibile:<\/strong><\/p>\n<p><strong>Commis de Rang &amp; Chef de Rang (m\/f\/d) a tempo pieno<\/strong><\/p>\n<\/div>\n<div id=\"tasks\">\n<p><strong>I TUOI COMPITI:<\/strong><\/p>\n<p>In qualit\u00e0 di <strong>Commis o Chef de Rang <\/strong>, non sei solo un cameriere: sei un padrone di casa, un consulente culinario e un manager di fiducia. Grazie a un mix di professionalit\u00e0, disinvoltura e sensibilit\u00e0 per i nostri ospiti, renderai ogni esperienza speciale. <\/p>\n<p><strong>OFFRIAMO:<\/strong><\/p>\n<\/div>\n<div id=\"profile\">\n<ul>\n<li>Facile da pianificare: domeniche libere, tempo per Natale e Capodanno, nessun lavoro part-time, turni di servizio affidabili, settimana di 39 ore, tempo libero per molte festivit\u00e0, registrazione digitale degli orari<\/li>\n<li>Goditi semplicemente: caff\u00e8 e bevande a prezzo fisso, pranzo del personale cucinato al momento, cesto di frutta<\/li>\n<li>Semplicemente incluso: sconti per i dipendenti, offerte di pernottamento per i tuoi cari<\/li>\n<li>Semplicemente crescere: SeeHotel Academy, sessioni di coaching, visite in fiera<\/li>\n<li>Semplicemente insieme: team giovane, cultura informale, ospiti abituali che si sentono a casa, eventi di squadra (due volte l&#8217;anno)<\/li>\n<\/ul>\n<p><strong><br \/>SE QUESTO VALE ANCHE PER TE:<\/strong><\/p>\n<ul>\n<li>Formazione completa nel settore della ristorazione\/alberghiero o esperienza comparabile<\/li>\n<li>Passione per il servizio di alta gamma e per il rapporto con gli ospiti<\/li>\n<li>Entusiasmo per la professionalit\u00e0<\/li>\n<li>Spirito di squadra e modo di lavorare indipendente<\/li>\n<li>In vena di un #reboot personale<\/li>\n<li>Desiderio di un ambiente di lavoro moderno con opportunit\u00e0 individuali per ogni individuo<\/li>\n<\/ul>\n<\/div>\n<div id=\"contact_container\"><strong> <\/strong><\/div>\n<div id=\"contact_container\"><strong>&#8230; VORREMMO CONOSCERTI MEGLIO:<\/strong><\/div>\n<div id=\"contact_container\"><strong> <\/strong><\/div>\n<div>\n<p>Scrivici a <strong>karriere@seehotel.de<\/strong> o chiamaci al numero<strong> 06202-6970<\/strong> &#8211; Emily e Isabel saranno liete di sentirti!<\/p>\n<\/div>\n\t\t\t\t\t\t\t\t<\/div>\n\t\t\t\t<\/div>\n\t\t\t\t\t<\/div>\n\t\t\t\t<\/div>\n\t\t\t\t\t<\/details>\n\t\t\t\t\t\t<details id=\"e-n-accordion-item-3062\" class=\"e-n-accordion-item\" >\n\t\t\t\t<summary class=\"e-n-accordion-item-title\" data-accordion-index=\"3\" tabindex=\"-1\" aria-expanded=\"false\" aria-controls=\"e-n-accordion-item-3062\" >\n\t\t\t\t\t<span class='e-n-accordion-item-title-header'><div class=\"e-n-accordion-item-title-text\"> Ricezione <\/div><\/span>\n\t\t\t\t\t\t\t<span class='e-n-accordion-item-title-icon'>\n\t\t\t<span class='e-opened' ><i aria-hidden=\"true\" class=\"fas fa-times\"><\/i><\/span>\n\t\t\t<span class='e-closed'><i aria-hidden=\"true\" class=\"fas fa-plus\"><\/i><\/span>\n\t\t<\/span>\n\n\t\t\t\t\t\t<\/summary>\n\t\t\t\t<div role=\"region\" aria-labelledby=\"e-n-accordion-item-3062\" class=\"elementor-element elementor-element-443f405 e-flex e-con-boxed e-con e-child\" data-id=\"443f405\" data-element_type=\"container\" data-e-type=\"container\">\n\t\t\t\t\t<div class=\"e-con-inner\">\n\t\t\t\t<div class=\"elementor-element elementor-element-3d1179b elementor-widget__width-auto elementor-widget elementor-widget-icon-box\" data-id=\"3d1179b\" data-element_type=\"widget\" data-e-type=\"widget\" data-widget_type=\"icon-box.default\">\n\t\t\t\t<div class=\"elementor-widget-container\">\n\t\t\t\t\t\t\t<div class=\"elementor-icon-box-wrapper\">\n\n\t\t\t\n\t\t\t\t\t\t<div class=\"elementor-icon-box-content\">\n\n\t\t\t\t\t\t\t\t\t<h5 class=\"elementor-icon-box-title\">\n\t\t\t\t\t\t<span  >\n\t\t\t\t\t\t\tAddetto alla reception e alle prenotazioni (m\/f\/d) a tempo pieno\t\t\t\t\t\t<\/span>\n\t\t\t\t\t<\/h5>\n\t\t\t\t\n\t\t\t\t\n\t\t\t<\/div>\n\t\t\t\n\t\t<\/div>\n\t\t\t\t\t\t<\/div>\n\t\t\t\t<\/div>\n\t\t\t\t<div class=\"elementor-element elementor-element-cb97c37 elementor-widget elementor-widget-button\" data-id=\"cb97c37\" data-element_type=\"widget\" data-e-type=\"widget\" data-widget_type=\"button.default\">\n\t\t\t\t<div class=\"elementor-widget-container\">\n\t\t\t\t\t\t\t\t\t<div class=\"elementor-button-wrapper\">\n\t\t\t\t\t<a class=\"elementor-button elementor-button-link elementor-size-sm\" href=\"#elementor-action%3Aaction%3Dpopup%3Aopen%26settings%3DeyJpZCI6OTMzMCwidG9nZ2xlIjpmYWxzZX0%3D\">\n\t\t\t\t\t\t<span class=\"elementor-button-content-wrapper\">\n\t\t\t\t\t\t\t\t\t<span class=\"elementor-button-text\">Candidati ora<\/span>\n\t\t\t\t\t<\/span>\n\t\t\t\t\t<\/a>\n\t\t\t\t<\/div>\n\t\t\t\t\t\t\t\t<\/div>\n\t\t\t\t<\/div>\n\t\t\t\t<div class=\"elementor-element elementor-element-7519eaa elementor-widget__width-inherit elementor-widget elementor-widget-text-editor\" data-id=\"7519eaa\" data-element_type=\"widget\" data-e-type=\"widget\" data-widget_type=\"text-editor.default\">\n\t\t\t\t<div class=\"elementor-widget-container\">\n\t\t\t\t\t\t\t\t\t<div id=\"introduction\">\n<p><strong>SEMPLICEMENTE SONNO. SEMPLICEMENTE COS\u00cc. <\/strong><\/p>\n<p>Questo \u00e8 il nostro motto. La nostra casa \u00e8 la vivace e divertente regione metropolitana del Reno-Neckar con le citt\u00e0 di Heidelberg, Mannheim e Ludwigshafen. 70 camere moderne in una posizione assolutamente tranquilla in riva al lago, quattro sale conferenze ed eventi luminose e prive di barriere architettoniche che possono ospitare fino a 100 persone, strutture all&#8217;aperto simili a un parco per festeggiare, lavorare e rilassarsi e l&#8217;eccellente ristorante Die Ente.  In mezzo alla campagna, ma a soli cinque minuti da tre autostrade. Questo \u00e8 il SeeHotel. Da oltre 50 anni, intenditori, ospiti d&#8217;affari e congressisti, vacanzieri e appassionati di golf, fan di festival e sport motoristici apprezzano il nostro hotel sul lago. In un concetto armonioso con arredi eleganti, cene informali e raffinate accanto al camino e sulla terrazza sul lago, il nostro concept store e la firma personale degli appassionati padroni di casa Susanne e Hans Keppel e del loro team, il nostro boutique hotel \u00e8 un rifugio unico sul lago &#8211; a breve distanza da Hockenheim, Schwetzingen, Speyer, Heidelberg, Mannheim e il Palatinato&#8230;<\/p>\n<p><strong>Stiamo cercando la prossima data possibile:<\/strong><\/p>\n<p><strong>Addetto alla reception e alle prenotazioni (m\/f\/d) a tempo pieno<\/strong><\/p>\n<\/div>\n<div id=\"tasks\">\n<p><strong>I TUOI COMPITI:<\/strong><\/p>\n<p>L&#8217;esperienza di ogni ospite inizia qui, alla reception del nostro hotel, e tu sei la prima impressione che conta. Che si tratti di fare il check-in con un sorriso, di gestire richieste speciali spontanee o di dare il consiglio perfetto per il tempo libero, tu hai una visione d&#8217;insieme e ti assicuri che tutto fili liscio. <\/p>\n<p><strong>OFFRIAMO:<\/strong><\/p>\n<\/div>\n<div id=\"profile\">\n<ul>\n<li>Facile da pianificare: tempo per Natale e Capodanno, turni di servizio affidabili, settimana di 39 ore, registrazione digitale degli orari<\/li>\n<li>Goditi semplicemente: caff\u00e8 e bevande a prezzo fisso, pranzo del personale cucinato al momento, cesto di frutta<\/li>\n<li>Semplicemente incluso: sconti per i dipendenti, offerte di pernottamento per i tuoi cari<\/li>\n<li>Semplicemente crescere: SeeHotel Academy, sessioni di coaching, visite in fiera<\/li>\n<li>Semplicemente insieme: team giovane, cultura informale, ospiti abituali che si sentono a casa, eventi di squadra (due volte l&#8217;anno)<\/li>\n<\/ul>\n<p><strong><br \/>SE QUESTO VALE ANCHE PER TE:<\/strong><\/p>\n<ul>\n<li>Ami il contatto con le persone e sei un vero comunicatore<\/li>\n<li>Il servizio \u00e8 pi\u00f9 di un lavoro per te: \u00e8 la tua passione.<\/li>\n<li>Sei organizzato, indipendente e riesci a mantenere una visione d&#8217;insieme anche quando le cose si fanno impegnative.<\/li>\n<li>Conosci i programmi alberghieri pi\u00f9 comuni<\/li>\n<li>Spirito di squadra e amicizia<\/li>\n<li>In vena di un #reboot personale<\/li>\n<li>Desiderio di un ambiente di lavoro moderno con opportunit\u00e0 individuali per ogni individuo<\/li>\n<\/ul>\n<\/div>\n<div id=\"contact_container\"><strong> <\/strong><\/div>\n<div id=\"contact_container\"><strong>&#8230; VORREMMO CONOSCERTI MEGLIO:<\/strong><\/div>\n<div id=\"contact_container\"><strong> <\/strong><\/div>\n<div>\n<p>Scrivici a karriere@seehotel.de o chiamaci al numero<strong> 06202-6970<\/strong> &#8211; Emily e Isabel saranno liete di sentirti!<\/p>\n<\/div>\n\t\t\t\t\t\t\t\t<\/div>\n\t\t\t\t<\/div>\n\t\t\t\t\t<\/div>\n\t\t\t\t<\/div>\n\t\t\t\t\t<\/details>\n\t\t\t\t\t<\/div>\n\t\t\t\t\t\t<\/div>\n\t\t\t\t<\/div>\n\t\t\t\t\t<\/div>\n\t\t\t\t<\/div>\n\t\t\t\t<\/div>\n\t\t","protected":false},"excerpt":{"rendered":"<p>Offerte di lavoro Lavorare con gli amici Lavorare con gli amici. Questa non \u00e8 solo una frase di marketing. Questo \u00e8 il nostro motto &#8211; e quindi il motto di [&hellip;]<\/p>\n","protected":false},"author":2,"featured_media":0,"parent":9472,"menu_order":0,"comment_status":"closed","ping_status":"closed","template":"elementor_header_footer","meta":{"footnotes":""},"class_list":["post-9439","page","type-page","status-publish","hentry"],"_links":{"self":[{"href":"https:\/\/seehotel.de\/it\/wp-json\/wp\/v2\/pages\/9439","targetHints":{"allow":["GET"]}}],"collection":[{"href":"https:\/\/seehotel.de\/it\/wp-json\/wp\/v2\/pages"}],"about":[{"href":"https:\/\/seehotel.de\/it\/wp-json\/wp\/v2\/types\/page"}],"author":[{"embeddable":true,"href":"https:\/\/seehotel.de\/it\/wp-json\/wp\/v2\/users\/2"}],"replies":[{"embeddable":true,"href":"https:\/\/seehotel.de\/it\/wp-json\/wp\/v2\/comments?post=9439"}],"version-history":[{"count":17,"href":"https:\/\/seehotel.de\/it\/wp-json\/wp\/v2\/pages\/9439\/revisions"}],"predecessor-version":[{"id":12227,"href":"https:\/\/seehotel.de\/it\/wp-json\/wp\/v2\/pages\/9439\/revisions\/12227"}],"up":[{"embeddable":true,"href":"https:\/\/seehotel.de\/it\/wp-json\/wp\/v2\/pages\/9472"}],"wp:attachment":[{"href":"https:\/\/seehotel.de\/it\/wp-json\/wp\/v2\/media?parent=9439"}],"curies":[{"name":"wp","href":"https:\/\/api.w.org\/{rel}","templated":true}]}}