{"id":9431,"date":"2023-12-03T11:32:09","date_gmt":"2023-12-03T10:32:09","guid":{"rendered":"https:\/\/seehotel.de\/feste-private\/"},"modified":"2024-07-12T17:29:02","modified_gmt":"2024-07-12T15:29:02","slug":"feste-private","status":"publish","type":"page","link":"https:\/\/seehotel.de\/it\/festeggia\/feste-private\/","title":{"rendered":"Feste private"},"content":{"rendered":"\t\t<div data-elementor-type=\"wp-page\" data-elementor-id=\"9431\" class=\"elementor elementor-9431 elementor-1277\" data-elementor-post-type=\"page\">\n\t\t\t\t\t\t<section class=\"elementor-section elementor-top-section elementor-element elementor-element-4bb2d927 elementor-section-boxed elementor-section-height-default elementor-section-height-default\" data-id=\"4bb2d927\" data-element_type=\"section\" data-e-type=\"section\" data-settings=\"{&quot;background_background&quot;:&quot;classic&quot;}\">\n\t\t\t\t\t\t\t<div class=\"elementor-background-overlay\"><\/div>\n\t\t\t\t\t\t\t<div class=\"elementor-container elementor-column-gap-default\">\n\t\t\t\t\t<div class=\"elementor-column elementor-col-100 elementor-top-column elementor-element elementor-element-25521658\" data-id=\"25521658\" data-element_type=\"column\" data-e-type=\"column\">\n\t\t\t<div class=\"elementor-widget-wrap elementor-element-populated\">\n\t\t\t\t\t\t<div class=\"elementor-element elementor-element-47abb7b6 elementor-widget__width-auto elementor-invisible elementor-widget elementor-widget-heading\" data-id=\"47abb7b6\" data-element_type=\"widget\" data-e-type=\"widget\" data-settings=\"{&quot;_animation&quot;:&quot;fadeInLeft&quot;}\" data-widget_type=\"heading.default\">\n\t\t\t\t<div class=\"elementor-widget-container\">\n\t\t\t\t\t<h2 class=\"elementor-heading-title elementor-size-default\">Festeggiamenti - privati<\/h2>\t\t\t\t<\/div>\n\t\t\t\t<\/div>\n\t\t\t\t\t<\/div>\n\t\t<\/div>\n\t\t\t\t\t<\/div>\n\t\t<\/section>\n\t\t\t\t<section class=\"elementor-section elementor-top-section elementor-element elementor-element-395e987e elementor-reverse-mobile elementor-section-boxed elementor-section-height-default elementor-section-height-default\" data-id=\"395e987e\" data-element_type=\"section\" data-e-type=\"section\" data-settings=\"{&quot;background_background&quot;:&quot;gradient&quot;}\">\n\t\t\t\t\t\t<div class=\"elementor-container elementor-column-gap-default\">\n\t\t\t\t\t<div class=\"elementor-column elementor-col-50 elementor-top-column elementor-element elementor-element-39d809ee\" data-id=\"39d809ee\" data-element_type=\"column\" data-e-type=\"column\">\n\t\t\t<div class=\"elementor-widget-wrap elementor-element-populated\">\n\t\t\t\t\t\t<div class=\"elementor-element elementor-element-65fe4891 elementor-widget elementor-widget-image\" data-id=\"65fe4891\" data-element_type=\"widget\" data-e-type=\"widget\" data-widget_type=\"image.default\">\n\t\t\t\t<div class=\"elementor-widget-container\">\n\t\t\t\t\t\t\t\t\t\t\t\t\t\t\t<img fetchpriority=\"high\" decoding=\"async\" width=\"2560\" height=\"1707\" src=\"https:\/\/seehotel.de\/wp-content\/uploads\/2023\/07\/MG_9976-scaled.webp\" class=\"attachment-full size-full wp-image-684\" alt=\"\" srcset=\"https:\/\/seehotel.de\/wp-content\/uploads\/2023\/07\/MG_9976-scaled.webp 2560w, https:\/\/seehotel.de\/wp-content\/uploads\/2023\/07\/MG_9976-300x200.webp 300w, https:\/\/seehotel.de\/wp-content\/uploads\/2023\/07\/MG_9976-1024x683.webp 1024w, https:\/\/seehotel.de\/wp-content\/uploads\/2023\/07\/MG_9976-768x512.webp 768w, https:\/\/seehotel.de\/wp-content\/uploads\/2023\/07\/MG_9976-1536x1024.webp 1536w, https:\/\/seehotel.de\/wp-content\/uploads\/2023\/07\/MG_9976-2048x1365.webp 2048w\" sizes=\"(max-width: 2560px) 100vw, 2560px\" \/>\t\t\t\t\t\t\t\t\t\t\t\t\t\t\t<\/div>\n\t\t\t\t<\/div>\n\t\t\t\t\t<\/div>\n\t\t<\/div>\n\t\t\t\t<div class=\"elementor-column elementor-col-50 elementor-top-column elementor-element elementor-element-116f88c6\" data-id=\"116f88c6\" data-element_type=\"column\" data-e-type=\"column\">\n\t\t\t<div class=\"elementor-widget-wrap elementor-element-populated\">\n\t\t\t\t\t\t<div class=\"elementor-element elementor-element-ab5d806 elementor-widget elementor-widget-text-editor\" data-id=\"ab5d806\" data-element_type=\"widget\" data-e-type=\"widget\" data-widget_type=\"text-editor.default\">\n\t\t\t\t<div class=\"elementor-widget-container\">\n\t\t\t\t\t\t\t\t\t<nav aria-label=\"breadcrumbs\" class=\"rank-math-breadcrumb\"><p><span class=\"last\">Home<\/span><\/p><\/nav>\n\t\t\t\t\t\t\t\t<\/div>\n\t\t\t\t<\/div>\n\t\t\t\t<div class=\"elementor-element elementor-element-716861cd elementor-widget elementor-widget-heading\" data-id=\"716861cd\" data-element_type=\"widget\" data-e-type=\"widget\" data-widget_type=\"heading.default\">\n\t\t\t\t<div class=\"elementor-widget-container\">\n\t\t\t\t\t<h2 class=\"elementor-heading-title elementor-size-default\">Festeggiamenti indimenticabili<\/h2>\t\t\t\t<\/div>\n\t\t\t\t<\/div>\n\t\t\t\t<div class=\"elementor-element elementor-element-49e8fe92 elementor-drop-cap-yes elementor-drop-cap-view-default elementor-widget elementor-widget-text-editor\" data-id=\"49e8fe92\" data-element_type=\"widget\" data-e-type=\"widget\" data-settings=\"{&quot;drop_cap&quot;:&quot;yes&quot;}\" data-widget_type=\"text-editor.default\">\n\t\t\t\t<div class=\"elementor-widget-container\">\n\t\t\t\t\t\t\t\t\t<p>Battesimo o laurea, comunione o cresima, festa di compleanno o anniversario di nozze d&#8217;argento&#8230; c&#8217;\u00e8 sempre un&#8217;occasione per festeggiare! L&#8217;ospitalit\u00e0 \u00e8 la nostra passione e abbiamo sempre nuove idee per rendere unica la tua festa. Lasciati ispirare, anche volentieri in una conversazione personale, qui con noi al lago. Attendiamo con ansia la vostra richiesta!<\/p>\n\t\t\t\t\t\t\t\t<\/div>\n\t\t\t\t<\/div>\n\t\t\t\t\t<\/div>\n\t\t<\/div>\n\t\t\t\t\t<\/div>\n\t\t<\/section>\n\t\t\t\t<section class=\"elementor-section elementor-top-section elementor-element elementor-element-16d3792 elementor-section-boxed elementor-section-height-default elementor-section-height-default\" data-id=\"16d3792\" data-element_type=\"section\" data-e-type=\"section\" data-settings=\"{&quot;background_background&quot;:&quot;gradient&quot;}\">\n\t\t\t\t\t\t<div class=\"elementor-container elementor-column-gap-default\">\n\t\t\t\t\t<div class=\"elementor-column elementor-col-100 elementor-top-column elementor-element elementor-element-729a3dd4\" data-id=\"729a3dd4\" data-element_type=\"column\" data-e-type=\"column\">\n\t\t\t<div class=\"elementor-widget-wrap elementor-element-populated\">\n\t\t\t\t\t\t<div class=\"elementor-element elementor-element-56d7cf8a elementor-cta--layout-image-right elementor-cta--mobile-layout-image-above elementor-cta--skin-classic elementor-animated-content elementor-widget elementor-widget-call-to-action\" data-id=\"56d7cf8a\" data-element_type=\"widget\" data-e-type=\"widget\" data-widget_type=\"call-to-action.default\">\n\t\t\t\t<div class=\"elementor-widget-container\">\n\t\t\t\t\t\t\t<div class=\"elementor-cta\">\n\t\t\t\t\t<div class=\"elementor-cta__bg-wrapper\">\n\t\t\t\t<div class=\"elementor-cta__bg elementor-bg\" style=\"background-image: url(https:\/\/seehotel.de\/wp-content\/uploads\/2023\/07\/KR5_6006-1-scaled.jpg);\" role=\"img\" aria-label=\"\"><\/div>\n\t\t\t\t<div class=\"elementor-cta__bg-overlay\"><\/div>\n\t\t\t<\/div>\n\t\t\t\t\t\t\t<div class=\"elementor-cta__content\">\n\t\t\t\t\n\t\t\t\t\t\t\t\t\t<h2 class=\"elementor-cta__title elementor-cta__content-item elementor-content-item\">\n\t\t\t\t\t\tContatti affidabili per la tua festa\t\t\t\t\t<\/h2>\n\t\t\t\t\n\t\t\t\t\t\t\t\t\t<div class=\"elementor-cta__description elementor-cta__content-item elementor-content-item\">\n\t\t\t\t\t\t<p>Approfitta dei nostri contatti fissi e affidabili, ricchi di esperienza e sensibilit\u00e0, che conoscono ogni mossa e si assicurano che la tua festa si svolga senza intoppi e secondo i tuoi desideri.<\/p>\n\t\t\t\t\t<\/div>\n\t\t\t\t\n\t\t\t\t\t\t\t\t\t<div class=\"elementor-cta__button-wrapper elementor-cta__content-item elementor-content-item \">\n\t\t\t\t\t<a class=\"elementor-cta__button elementor-button elementor-size-\" href=\"#elementor-action%3Aaction%3Dpopup%3Aopen%26settings%3DeyJpZCI6OTMzOCwidG9nZ2xlIjpmYWxzZX0%3D\">\n\t\t\t\t\t\tRichiedi ora\t\t\t\t\t<\/a>\n\t\t\t\t\t<\/div>\n\t\t\t\t\t\t\t<\/div>\n\t\t\t\t\t\t<\/div>\n\t\t\t\t\t\t<\/div>\n\t\t\t\t<\/div>\n\t\t\t\t<div class=\"elementor-element elementor-element-52c74b10 elementor-cta--layout-image-left elementor-cta--mobile-layout-image-above elementor-cta--skin-classic elementor-animated-content elementor-widget elementor-widget-call-to-action\" data-id=\"52c74b10\" data-element_type=\"widget\" data-e-type=\"widget\" data-widget_type=\"call-to-action.default\">\n\t\t\t\t<div class=\"elementor-widget-container\">\n\t\t\t\t\t\t\t<div class=\"elementor-cta\">\n\t\t\t\t\t<div class=\"elementor-cta__bg-wrapper\">\n\t\t\t\t<div class=\"elementor-cta__bg elementor-bg\" style=\"background-image: url(https:\/\/seehotel.de\/wp-content\/uploads\/2023\/11\/MG_8646-scaled.webp);\" role=\"img\" aria-label=\"_MG_8646\"><\/div>\n\t\t\t\t<div class=\"elementor-cta__bg-overlay\"><\/div>\n\t\t\t<\/div>\n\t\t\t\t\t\t\t<div class=\"elementor-cta__content\">\n\t\t\t\t\n\t\t\t\t\t\t\t\t\t<h2 class=\"elementor-cta__title elementor-cta__content-item elementor-content-item\">\n\t\t\t\t\t\tPiccolo giro o grande festa?\t\t\t\t\t<\/h2>\n\t\t\t\t\n\t\t\t\t\t\t\t\t\t<div class=\"elementor-cta__description elementor-cta__content-item elementor-content-item\">\n\t\t\t\t\t\t<p>Che si tratti di una celebrazione intima in un circolo ristretto o di una festa esuberante, possiamo fare tutto. Festoso o informale, menu a 6 portate o barbecue, personalizziamo il nostro servizio in base ai tuoi desideri.<\/p>\n\t\t\t\t\t<\/div>\n\t\t\t\t\n\t\t\t\t\t\t\t\t\t<div class=\"elementor-cta__button-wrapper elementor-cta__content-item elementor-content-item \">\n\t\t\t\t\t<a class=\"elementor-cta__button elementor-button elementor-size-\" href=\"#elementor-action%3Aaction%3Dpopup%3Aopen%26settings%3DeyJpZCI6OTMzOCwidG9nZ2xlIjpmYWxzZX0%3D\">\n\t\t\t\t\t\tRichiedi ora\t\t\t\t\t<\/a>\n\t\t\t\t\t<\/div>\n\t\t\t\t\t\t\t<\/div>\n\t\t\t\t\t\t<\/div>\n\t\t\t\t\t\t<\/div>\n\t\t\t\t<\/div>\n\t\t\t\t<div class=\"elementor-element elementor-element-5a92fcdd elementor-cta--layout-image-right elementor-cta--mobile-layout-image-above elementor-cta--skin-classic elementor-animated-content elementor-widget elementor-widget-call-to-action\" data-id=\"5a92fcdd\" data-element_type=\"widget\" data-e-type=\"widget\" data-widget_type=\"call-to-action.default\">\n\t\t\t\t<div class=\"elementor-widget-container\">\n\t\t\t\t\t\t\t<div class=\"elementor-cta\">\n\t\t\t\t\t<div class=\"elementor-cta__bg-wrapper\">\n\t\t\t\t<div class=\"elementor-cta__bg elementor-bg\" style=\"background-image: url(https:\/\/seehotel.de\/wp-content\/uploads\/2023\/11\/MG_8672-scaled.webp);\" role=\"img\" aria-label=\"_MG_8672\"><\/div>\n\t\t\t\t<div class=\"elementor-cta__bg-overlay\"><\/div>\n\t\t\t<\/div>\n\t\t\t\t\t\t\t<div class=\"elementor-cta__content\">\n\t\t\t\t\n\t\t\t\t\t\t\t\t\t<h2 class=\"elementor-cta__title elementor-cta__content-item elementor-content-item\">\n\t\t\t\t\t\tAggiunte e aggiunte\t\t\t\t\t<\/h2>\n\t\t\t\t\n\t\t\t\t\t\t\t\t\t<div class=\"elementor-cta__description elementor-cta__content-item elementor-content-item\">\n\t\t\t\t\t\t<p>Approfitta della nostra vasta rete di musicisti e artisti, fotografi e fornitori di servizi regionali. Vuoi una decorazione floreale insolita per i tavoli? Nel nostro laboratorio floreale, realizziamo bouquet e composizioni personalizzate in base ai tuoi gusti personali.<\/p>\n\t\t\t\t\t<\/div>\n\t\t\t\t\n\t\t\t\t\t\t\t\t\t<div class=\"elementor-cta__button-wrapper elementor-cta__content-item elementor-content-item \">\n\t\t\t\t\t<a class=\"elementor-cta__button elementor-button elementor-size-\" href=\"#elementor-action%3Aaction%3Dpopup%3Aopen%26settings%3DeyJpZCI6OTMzOCwidG9nZ2xlIjpmYWxzZX0%3D\">\n\t\t\t\t\t\tRichiedi ora\t\t\t\t\t<\/a>\n\t\t\t\t\t<\/div>\n\t\t\t\t\t\t\t<\/div>\n\t\t\t\t\t\t<\/div>\n\t\t\t\t\t\t<\/div>\n\t\t\t\t<\/div>\n\t\t\t\t\t<\/div>\n\t\t<\/div>\n\t\t\t\t\t<\/div>\n\t\t<\/section>\n\t\t\t\t<\/div>\n\t\t","protected":false},"excerpt":{"rendered":"<p>Festeggiamenti &#8211; privati Festeggiamenti indimenticabili Battesimo o laurea, comunione o cresima, festa di compleanno o anniversario di nozze d&#8217;argento&#8230; c&#8217;\u00e8 sempre un&#8217;occasione per festeggiare! L&#8217;ospitalit\u00e0 \u00e8 la nostra passione e [&hellip;]<\/p>\n","protected":false},"author":2,"featured_media":0,"parent":9483,"menu_order":0,"comment_status":"closed","ping_status":"closed","template":"elementor_header_footer","meta":{"footnotes":""},"class_list":["post-9431","page","type-page","status-publish","hentry"],"_links":{"self":[{"href":"https:\/\/seehotel.de\/it\/wp-json\/wp\/v2\/pages\/9431","targetHints":{"allow":["GET"]}}],"collection":[{"href":"https:\/\/seehotel.de\/it\/wp-json\/wp\/v2\/pages"}],"about":[{"href":"https:\/\/seehotel.de\/it\/wp-json\/wp\/v2\/types\/page"}],"author":[{"embeddable":true,"href":"https:\/\/seehotel.de\/it\/wp-json\/wp\/v2\/users\/2"}],"replies":[{"embeddable":true,"href":"https:\/\/seehotel.de\/it\/wp-json\/wp\/v2\/comments?post=9431"}],"version-history":[{"count":1,"href":"https:\/\/seehotel.de\/it\/wp-json\/wp\/v2\/pages\/9431\/revisions"}],"predecessor-version":[{"id":9436,"href":"https:\/\/seehotel.de\/it\/wp-json\/wp\/v2\/pages\/9431\/revisions\/9436"}],"up":[{"embeddable":true,"href":"https:\/\/seehotel.de\/it\/wp-json\/wp\/v2\/pages\/9483"}],"wp:attachment":[{"href":"https:\/\/seehotel.de\/it\/wp-json\/wp\/v2\/media?parent=9431"}],"curies":[{"name":"wp","href":"https:\/\/api.w.org\/{rel}","templated":true}]}}