{"id":9180,"date":"2023-07-17T15:15:43","date_gmt":"2023-07-17T13:15:43","guid":{"rendered":"https:\/\/seehotel.de\/domande-frequenti\/"},"modified":"2024-07-12T17:24:34","modified_gmt":"2024-07-12T15:24:34","slug":"domande-frequenti","status":"publish","type":"page","link":"https:\/\/seehotel.de\/it\/hotel\/domande-frequenti\/","title":{"rendered":"DOMANDE FREQUENTI"},"content":{"rendered":"\t\t<div data-elementor-type=\"wp-page\" data-elementor-id=\"9180\" class=\"elementor elementor-9180 elementor-578\" data-elementor-post-type=\"page\">\n\t\t\t\t\t\t<section class=\"elementor-section elementor-top-section elementor-element elementor-element-5ad5e12 elementor-section-boxed elementor-section-height-default elementor-section-height-default\" data-id=\"5ad5e12\" data-element_type=\"section\" data-e-type=\"section\" data-settings=\"{&quot;background_background&quot;:&quot;classic&quot;}\">\n\t\t\t\t\t\t\t<div class=\"elementor-background-overlay\"><\/div>\n\t\t\t\t\t\t\t<div class=\"elementor-container elementor-column-gap-default\">\n\t\t\t\t\t<div class=\"elementor-column elementor-col-100 elementor-top-column elementor-element elementor-element-1fa15bc0\" data-id=\"1fa15bc0\" data-element_type=\"column\" data-e-type=\"column\">\n\t\t\t<div class=\"elementor-widget-wrap elementor-element-populated\">\n\t\t\t\t\t\t<div class=\"elementor-element elementor-element-321a0a33 elementor-widget__width-auto elementor-invisible elementor-widget elementor-widget-heading\" data-id=\"321a0a33\" data-element_type=\"widget\" data-e-type=\"widget\" data-settings=\"{&quot;_animation&quot;:&quot;fadeInLeft&quot;}\" data-widget_type=\"heading.default\">\n\t\t\t\t<div class=\"elementor-widget-container\">\n\t\t\t\t\t<h2 class=\"elementor-heading-title elementor-size-default\">Domande frequenti<\/h2>\t\t\t\t<\/div>\n\t\t\t\t<\/div>\n\t\t\t\t\t<\/div>\n\t\t<\/div>\n\t\t\t\t\t<\/div>\n\t\t<\/section>\n\t\t\t\t<section class=\"elementor-section elementor-top-section elementor-element elementor-element-66d9338b elementor-section-boxed elementor-section-height-default elementor-section-height-default\" data-id=\"66d9338b\" data-element_type=\"section\" data-e-type=\"section\">\n\t\t\t\t\t\t<div class=\"elementor-container elementor-column-gap-default\">\n\t\t\t\t\t<div class=\"elementor-column elementor-col-50 elementor-top-column elementor-element elementor-element-739bde09\" data-id=\"739bde09\" data-element_type=\"column\" data-e-type=\"column\">\n\t\t\t<div class=\"elementor-widget-wrap elementor-element-populated\">\n\t\t\t\t\t\t<div class=\"elementor-element elementor-element-749b753 elementor-widget elementor-widget-text-editor\" data-id=\"749b753\" data-element_type=\"widget\" data-e-type=\"widget\" data-widget_type=\"text-editor.default\">\n\t\t\t\t<div class=\"elementor-widget-container\">\n\t\t\t\t\t\t\t\t\t<nav aria-label=\"breadcrumbs\" class=\"rank-math-breadcrumb\"><p><span class=\"last\">Home<\/span><\/p><\/nav>\n\t\t\t\t\t\t\t\t<\/div>\n\t\t\t\t<\/div>\n\t\t\t\t<div class=\"elementor-element elementor-element-5ddc083e elementor-widget elementor-widget-heading\" data-id=\"5ddc083e\" data-element_type=\"widget\" data-e-type=\"widget\" data-widget_type=\"heading.default\">\n\t\t\t\t<div class=\"elementor-widget-container\">\n\t\t\t\t\t<h2 class=\"elementor-heading-title elementor-size-default\">Le domande pi\u00f9 frequenti al Seehotel Ketsch<\/h2>\t\t\t\t<\/div>\n\t\t\t\t<\/div>\n\t\t\t\t<div class=\"elementor-element elementor-element-6a66dd4d elementor-widget elementor-widget-heading\" data-id=\"6a66dd4d\" data-element_type=\"widget\" data-e-type=\"widget\" data-widget_type=\"heading.default\">\n\t\t\t\t<div class=\"elementor-widget-container\">\n\t\t\t\t\t<h2 class=\"elementor-heading-title elementor-size-default\">La tua guida per un soggiorno spensierato<\/h2>\t\t\t\t<\/div>\n\t\t\t\t<\/div>\n\t\t\t\t<div class=\"elementor-element elementor-element-6a87d5fd elementor-widget elementor-widget-text-editor\" data-id=\"6a87d5fd\" data-element_type=\"widget\" data-e-type=\"widget\" data-widget_type=\"text-editor.default\">\n\t\t\t\t<div class=\"elementor-widget-container\">\n\t\t\t\t\t\t\t\t\t<p><em>Trova le risposte alle tue domande pi\u00f9 importanti sul tuo soggiorno al SeeHotel. Dagli orari di check-in alle opzioni di parcheggio, la nostra sezione FAQ ti fornisce informazioni utili per un soggiorno in hotel piacevole e senza intoppi.<\/em><\/p>\n\t\t\t\t\t\t\t\t<\/div>\n\t\t\t\t<\/div>\n\t\t\t\t<div class=\"elementor-element elementor-element-4b6ffcd9 elementor-invisible elementor-widget elementor-widget-image\" data-id=\"4b6ffcd9\" data-element_type=\"widget\" data-e-type=\"widget\" data-settings=\"{&quot;_animation&quot;:&quot;fadeInUp&quot;,&quot;_animation_delay&quot;:360}\" data-widget_type=\"image.default\">\n\t\t\t\t<div class=\"elementor-widget-container\">\n\t\t\t\t\t\t\t\t\t\t\t\t\t\t\t<img fetchpriority=\"high\" decoding=\"async\" width=\"2560\" height=\"1707\" src=\"https:\/\/seehotel.de\/wp-content\/uploads\/2023\/05\/seehotel_ketsch_lobby_10-scaled.jpg\" class=\"attachment-full size-full wp-image-337\" alt=\"\" srcset=\"https:\/\/seehotel.de\/wp-content\/uploads\/2023\/05\/seehotel_ketsch_lobby_10-scaled.jpg 2560w, https:\/\/seehotel.de\/wp-content\/uploads\/2023\/05\/seehotel_ketsch_lobby_10-300x200.jpg 300w, https:\/\/seehotel.de\/wp-content\/uploads\/2023\/05\/seehotel_ketsch_lobby_10-1024x683.jpg 1024w, https:\/\/seehotel.de\/wp-content\/uploads\/2023\/05\/seehotel_ketsch_lobby_10-768x512.jpg 768w, https:\/\/seehotel.de\/wp-content\/uploads\/2023\/05\/seehotel_ketsch_lobby_10-1536x1024.jpg 1536w, https:\/\/seehotel.de\/wp-content\/uploads\/2023\/05\/seehotel_ketsch_lobby_10-2048x1365.jpg 2048w\" sizes=\"(max-width: 2560px) 100vw, 2560px\" \/>\t\t\t\t\t\t\t\t\t\t\t\t\t\t\t<\/div>\n\t\t\t\t<\/div>\n\t\t\t\t\t<\/div>\n\t\t<\/div>\n\t\t\t\t<div class=\"elementor-column elementor-col-50 elementor-top-column elementor-element elementor-element-95ec7cd\" data-id=\"95ec7cd\" data-element_type=\"column\" data-e-type=\"column\">\n\t\t\t<div class=\"elementor-widget-wrap elementor-element-populated\">\n\t\t\t\t\t\t<div class=\"elementor-element elementor-element-1029728c elementor-invisible elementor-widget elementor-widget-elementskit-accordion\" data-id=\"1029728c\" data-element_type=\"widget\" data-e-type=\"widget\" data-settings=\"{&quot;_animation&quot;:&quot;fadeInRight&quot;,&quot;_animation_tablet&quot;:&quot;none&quot;}\" data-widget_type=\"elementskit-accordion.default\">\n\t\t\t\t<div class=\"elementor-widget-container\">\n\t\t\t\t\t<div class=\"ekit-wid-con\" >\n        <div class=\"elementskit-accordion accoedion-primary\" id=\"accordion-69e5ebbce6617\">\n\n            \n                <div class=\"elementskit-card active\">\n                    <div class=\"elementskit-card-header\" id=\"primaryHeading-0-1029728c\">\n                        <a href=\"#collapse-f8725c569e5ebbce6617\" class=\"ekit-accordion--toggler elementskit-btn-link collapsed\" data-ekit-toggle=\"collapse\" data-target=\"#Collapse-f8725c569e5ebbce6617\" aria-expanded=\"true\" aria-controls=\"Collapse-f8725c569e5ebbce6617\">\n                            \n                            <span class=\"ekit-accordion-title\">Check-in e check-out<\/span>\n\n                            \n                                <div class=\"ekit_accordion_icon_group\">\n                                    <div class=\"ekit_accordion_normal_icon\">\n                                        <!-- Normal Icon -->\n\t\t\t\t\t\t\t\t\t\t<i class=\" arrow_right-up\"><\/i>                                    <\/div>\n\n                                    <div class=\"ekit_accordion_active_icon\">\n                                        <!-- Active Icon -->\n\t\t\t\t\t\t\t\t\t\t<i class=\" arrow_left-down\"><\/i>                                    <\/div>\n                                <\/div>\n\n                            \n                                                    <\/a>\n                    <\/div>\n\n                    <div id=\"Collapse-f8725c569e5ebbce6617\" class=\" show collapse\" aria-labelledby=\"primaryHeading-0-1029728c\" data-parent=\"#accordion-69e5ebbce6617\">\n\n                        <div class=\"elementskit-card-body ekit-accordion--content\">\n                            <p>Quando posso fare il check-in e quando devo lasciare la mia stanza?<\/p>\n<p>Il check-in inizia alle 14:00, il check-out alle 11:00. Il check-in anticipato e il check-out tardivo sono disponibili su richiesta e soggetti a disponibilit\u00e0 con un supplemento.<\/p>\n                        <\/div>\n\n                    <\/div>\n\n                <\/div><!-- .elementskit-card END -->\n\n                \n                <div class=\"elementskit-card \">\n                    <div class=\"elementskit-card-header\" id=\"primaryHeading-1-1029728c\">\n                        <a href=\"#collapse-4a903cd69e5ebbce6617\" class=\"ekit-accordion--toggler elementskit-btn-link collapsed\" data-ekit-toggle=\"collapse\" data-target=\"#Collapse-4a903cd69e5ebbce6617\" aria-expanded=\"false\" aria-controls=\"Collapse-4a903cd69e5ebbce6617\">\n                            \n                            <span class=\"ekit-accordion-title\">  Colazione<\/span>\n\n                            \n                                <div class=\"ekit_accordion_icon_group\">\n                                    <div class=\"ekit_accordion_normal_icon\">\n                                        <!-- Normal Icon -->\n\t\t\t\t\t\t\t\t\t\t<i class=\" arrow_right-up\"><\/i>                                    <\/div>\n\n                                    <div class=\"ekit_accordion_active_icon\">\n                                        <!-- Active Icon -->\n\t\t\t\t\t\t\t\t\t\t<i class=\" arrow_left-down\"><\/i>                                    <\/div>\n                                <\/div>\n\n                            \n                                                    <\/a>\n                    <\/div>\n\n                    <div id=\"Collapse-4a903cd69e5ebbce6617\" class=\" collapse\" aria-labelledby=\"primaryHeading-1-1029728c\" data-parent=\"#accordion-69e5ebbce6617\">\n\n                        <div class=\"elementskit-card-body ekit-accordion--content\">\n                            <p>Quando posso fare colazione? Dove viene servita la colazione?<\/p>\n<p>La colazione viene servita ogni giorno dalle 6.30 alle 10 nel nostro salone al 1\u00b0 piano, solitamente a buffet. In estate puoi fare colazione sul piccolo balcone con una meravigliosa vista su campi e prati.<\/p>\n                        <\/div>\n\n                    <\/div>\n\n                <\/div><!-- .elementskit-card END -->\n\n                \n                <div class=\"elementskit-card \">\n                    <div class=\"elementskit-card-header\" id=\"primaryHeading-2-1029728c\">\n                        <a href=\"#collapse-fbf777b69e5ebbce6617\" class=\"ekit-accordion--toggler elementskit-btn-link collapsed\" data-ekit-toggle=\"collapse\" data-target=\"#Collapse-fbf777b69e5ebbce6617\" aria-expanded=\"false\" aria-controls=\"Collapse-fbf777b69e5ebbce6617\">\n                            \n                            <span class=\"ekit-accordion-title\">Parcheggio<\/span>\n\n                            \n                                <div class=\"ekit_accordion_icon_group\">\n                                    <div class=\"ekit_accordion_normal_icon\">\n                                        <!-- Normal Icon -->\n\t\t\t\t\t\t\t\t\t\t<i class=\" arrow_right-up\"><\/i>                                    <\/div>\n\n                                    <div class=\"ekit_accordion_active_icon\">\n                                        <!-- Active Icon -->\n\t\t\t\t\t\t\t\t\t\t<i class=\" arrow_left-down\"><\/i>                                    <\/div>\n                                <\/div>\n\n                            \n                                                    <\/a>\n                    <\/div>\n\n                    <div id=\"Collapse-fbf777b69e5ebbce6617\" class=\" collapse\" aria-labelledby=\"primaryHeading-2-1029728c\" data-parent=\"#accordion-69e5ebbce6617\">\n\n                        <div class=\"elementskit-card-body ekit-accordion--content\">\n                            <p><em>Dove posso parcheggiare? Quanto costa il parcheggio per gli ospiti dell'hotel?<br \/><\/em><\/p>\n<p>La tariffa della camera include un parcheggio gratuito direttamente in hotel.  <\/p>\n                        <\/div>\n\n                    <\/div>\n\n                <\/div><!-- .elementskit-card END -->\n\n                \n                <div class=\"elementskit-card \">\n                    <div class=\"elementskit-card-header\" id=\"primaryHeading-3-1029728c\">\n                        <a href=\"#collapse-cd9367969e5ebbce6617\" class=\"ekit-accordion--toggler elementskit-btn-link collapsed\" data-ekit-toggle=\"collapse\" data-target=\"#Collapse-cd9367969e5ebbce6617\" aria-expanded=\"false\" aria-controls=\"Collapse-cd9367969e5ebbce6617\">\n                            \n                            <span class=\"ekit-accordion-title\">Animali domestici<\/span>\n\n                            \n                                <div class=\"ekit_accordion_icon_group\">\n                                    <div class=\"ekit_accordion_normal_icon\">\n                                        <!-- Normal Icon -->\n\t\t\t\t\t\t\t\t\t\t<i class=\" arrow_right-up\"><\/i>                                    <\/div>\n\n                                    <div class=\"ekit_accordion_active_icon\">\n                                        <!-- Active Icon -->\n\t\t\t\t\t\t\t\t\t\t<i class=\" arrow_left-down\"><\/i>                                    <\/div>\n                                <\/div>\n\n                            \n                                                    <\/a>\n                    <\/div>\n\n                    <div id=\"Collapse-cd9367969e5ebbce6617\" class=\" collapse\" aria-labelledby=\"primaryHeading-3-1029728c\" data-parent=\"#accordion-69e5ebbce6617\">\n\n                        <div class=\"elementskit-card-body ekit-accordion--content\">\n                            <p>I cani sono ammessi in hotel? Posso portare il mio cane con me a colazione e a cena?<\/p>\n<p>I tuoi amici a quattro zampe, ben educati, sono i benvenuti e possono soggiornare in camera con un supplemento di \u20ac 20 a notte. Possono anche accompagnarti nel salone e nel nostro ristorante Die Ente per i pasti. Tuttavia, ti chiediamo di essere rispettoso degli altri ospiti durante il tuo soggiorno.<\/p>\n                        <\/div>\n\n                    <\/div>\n\n                <\/div><!-- .elementskit-card END -->\n\n                \n                <div class=\"elementskit-card \">\n                    <div class=\"elementskit-card-header\" id=\"primaryHeading-4-1029728c\">\n                        <a href=\"#collapse-e646cab69e5ebbce6617\" class=\"ekit-accordion--toggler elementskit-btn-link collapsed\" data-ekit-toggle=\"collapse\" data-target=\"#Collapse-e646cab69e5ebbce6617\" aria-expanded=\"false\" aria-controls=\"Collapse-e646cab69e5ebbce6617\">\n                            \n                            <span class=\"ekit-accordion-title\">Ristorante The Duck<\/span>\n\n                            \n                                <div class=\"ekit_accordion_icon_group\">\n                                    <div class=\"ekit_accordion_normal_icon\">\n                                        <!-- Normal Icon -->\n\t\t\t\t\t\t\t\t\t\t<i class=\" arrow_right-up\"><\/i>                                    <\/div>\n\n                                    <div class=\"ekit_accordion_active_icon\">\n                                        <!-- Active Icon -->\n\t\t\t\t\t\t\t\t\t\t<i class=\" arrow_left-down\"><\/i>                                    <\/div>\n                                <\/div>\n\n                            \n                                                    <\/a>\n                    <\/div>\n\n                    <div id=\"Collapse-e646cab69e5ebbce6617\" class=\" collapse\" aria-labelledby=\"primaryHeading-4-1029728c\" data-parent=\"#accordion-69e5ebbce6617\">\n\n                        <div class=\"elementskit-card-body ekit-accordion--content\">\n                            <p><em>Quali sono gli orari di apertura del ristorante? Devo prenotare in anticipo il mio tavolo al ristorante \"Die Ente\" come ospite della casa?<br \/><\/em><\/p>\n<p>Il nostro ristorante Die Ente \u00e8 aperto dal luned\u00ec al sabato dalle 18:00 alle 24:00 (orario di cucina dalle 18:00 alle 22:00). Poich\u00e9 non sempre conosciamo i piani dei nostri ospiti, non forniamo automaticamente un tavolo per le prenotazioni alberghiere. \u00c8 quindi essenziale che tu prenoti in anticipo.  <\/p>\n                        <\/div>\n\n                    <\/div>\n\n                <\/div><!-- .elementskit-card END -->\n\n                \n                <div class=\"elementskit-card \">\n                    <div class=\"elementskit-card-header\" id=\"primaryHeading-5-1029728c\">\n                        <a href=\"#collapse-7995b7369e5ebbce6617\" class=\"ekit-accordion--toggler elementskit-btn-link collapsed\" data-ekit-toggle=\"collapse\" data-target=\"#Collapse-7995b7369e5ebbce6617\" aria-expanded=\"false\" aria-controls=\"Collapse-7995b7369e5ebbce6617\">\n                            \n                            <span class=\"ekit-accordion-title\">Condizioni di cancellazione<\/span>\n\n                            \n                                <div class=\"ekit_accordion_icon_group\">\n                                    <div class=\"ekit_accordion_normal_icon\">\n                                        <!-- Normal Icon -->\n\t\t\t\t\t\t\t\t\t\t<i class=\" arrow_right-up\"><\/i>                                    <\/div>\n\n                                    <div class=\"ekit_accordion_active_icon\">\n                                        <!-- Active Icon -->\n\t\t\t\t\t\t\t\t\t\t<i class=\" arrow_left-down\"><\/i>                                    <\/div>\n                                <\/div>\n\n                            \n                                                    <\/a>\n                    <\/div>\n\n                    <div id=\"Collapse-7995b7369e5ebbce6617\" class=\" collapse\" aria-labelledby=\"primaryHeading-5-1029728c\" data-parent=\"#accordion-69e5ebbce6617\">\n\n                        <div class=\"elementskit-card-body ekit-accordion--content\">\n                            <p><em>Fino a quando posso cancellare gratuitamente la mia camera? Qual \u00e8 la situazione nell'area eventi e conferenze e ci sono costi per la cancellazione dei tavoli?<br \/><\/em><\/p>\n<p>Le nostre condizioni di cancellazione variano a seconda del tipo di prenotazione. Abbiamo elencato <a href=\"https:\/\/seehotel.de\/agb\/\">qui<\/a> tutti i nostri termini e condizioni.<\/p>\n                        <\/div>\n\n                    <\/div>\n\n                <\/div><!-- .elementskit-card END -->\n\n                \n                <div class=\"elementskit-card \">\n                    <div class=\"elementskit-card-header\" id=\"primaryHeading-6-1029728c\">\n                        <a href=\"#collapse-d877c5469e5ebbce6617\" class=\"ekit-accordion--toggler elementskit-btn-link collapsed\" data-ekit-toggle=\"collapse\" data-target=\"#Collapse-d877c5469e5ebbce6617\" aria-expanded=\"false\" aria-controls=\"Collapse-d877c5469e5ebbce6617\">\n                            \n                            <span class=\"ekit-accordion-title\">Stazioni di ricarica elettrica<\/span>\n\n                            \n                                <div class=\"ekit_accordion_icon_group\">\n                                    <div class=\"ekit_accordion_normal_icon\">\n                                        <!-- Normal Icon -->\n\t\t\t\t\t\t\t\t\t\t<i class=\" arrow_right-up\"><\/i>                                    <\/div>\n\n                                    <div class=\"ekit_accordion_active_icon\">\n                                        <!-- Active Icon -->\n\t\t\t\t\t\t\t\t\t\t<i class=\" arrow_left-down\"><\/i>                                    <\/div>\n                                <\/div>\n\n                            \n                                                    <\/a>\n                    <\/div>\n\n                    <div id=\"Collapse-d877c5469e5ebbce6617\" class=\" collapse\" aria-labelledby=\"primaryHeading-6-1029728c\" data-parent=\"#accordion-69e5ebbce6617\">\n\n                        <div class=\"elementskit-card-body ekit-accordion--content\">\n                            <p>Posso ricaricare la mia auto elettrica in hotel?<\/p>\n<p>S\u00ec, abbiamo due stazioni di ricarica elettronica, ciascuna con due connessioni e ciascuna con una capacit\u00e0 di 22 kW\/h. Il pagamento verr\u00e0 effettuato alla reception dell'hotel.  <\/p>\n                        <\/div>\n\n                    <\/div>\n\n                <\/div><!-- .elementskit-card END -->\n\n                \n                <div class=\"elementskit-card \">\n                    <div class=\"elementskit-card-header\" id=\"primaryHeading-7-1029728c\">\n                        <a href=\"#collapse-15f54dd69e5ebbce6617\" class=\"ekit-accordion--toggler elementskit-btn-link collapsed\" data-ekit-toggle=\"collapse\" data-target=\"#Collapse-15f54dd69e5ebbce6617\" aria-expanded=\"false\" aria-controls=\"Collapse-15f54dd69e5ebbce6617\">\n                            \n                            <span class=\"ekit-accordion-title\">WLAN<\/span>\n\n                            \n                                <div class=\"ekit_accordion_icon_group\">\n                                    <div class=\"ekit_accordion_normal_icon\">\n                                        <!-- Normal Icon -->\n\t\t\t\t\t\t\t\t\t\t<i class=\" arrow_right-up\"><\/i>                                    <\/div>\n\n                                    <div class=\"ekit_accordion_active_icon\">\n                                        <!-- Active Icon -->\n\t\t\t\t\t\t\t\t\t\t<i class=\" arrow_left-down\"><\/i>                                    <\/div>\n                                <\/div>\n\n                            \n                                                    <\/a>\n                    <\/div>\n\n                    <div id=\"Collapse-15f54dd69e5ebbce6617\" class=\" collapse\" aria-labelledby=\"primaryHeading-7-1029728c\" data-parent=\"#accordion-69e5ebbce6617\">\n\n                        <div class=\"elementskit-card-body ekit-accordion--content\">\n                            <p>La WLAN \u00e8 inclusa nel prezzo della camera?  <\/p>\n<p>S\u00ec. L'accesso Wi-Fi \u00e8 incluso nella tariffa della camera, quindi potrai facilmente collegarti a internet durante il tuo soggiorno.  <\/p>\n                        <\/div>\n\n                    <\/div>\n\n                <\/div><!-- .elementskit-card END -->\n\n                \n                <div class=\"elementskit-card \">\n                    <div class=\"elementskit-card-header\" id=\"primaryHeading-8-1029728c\">\n                        <a href=\"#collapse-91c0e0b69e5ebbce6617\" class=\"ekit-accordion--toggler elementskit-btn-link collapsed\" data-ekit-toggle=\"collapse\" data-target=\"#Collapse-91c0e0b69e5ebbce6617\" aria-expanded=\"false\" aria-controls=\"Collapse-91c0e0b69e5ebbce6617\">\n                            \n                            <span class=\"ekit-accordion-title\">Minibar<\/span>\n\n                            \n                                <div class=\"ekit_accordion_icon_group\">\n                                    <div class=\"ekit_accordion_normal_icon\">\n                                        <!-- Normal Icon -->\n\t\t\t\t\t\t\t\t\t\t<i class=\" arrow_right-up\"><\/i>                                    <\/div>\n\n                                    <div class=\"ekit_accordion_active_icon\">\n                                        <!-- Active Icon -->\n\t\t\t\t\t\t\t\t\t\t<i class=\" arrow_left-down\"><\/i>                                    <\/div>\n                                <\/div>\n\n                            \n                                                    <\/a>\n                    <\/div>\n\n                    <div id=\"Collapse-91c0e0b69e5ebbce6617\" class=\" collapse\" aria-labelledby=\"primaryHeading-8-1029728c\" data-parent=\"#accordion-69e5ebbce6617\">\n\n                        <div class=\"elementskit-card-body ekit-accordion--content\">\n                            <p>C'\u00e8 un minibar nelle camere?<\/p>\n<p>S\u00ec, ogni camera \u00e8 dotata di minibar per rendere il tuo soggiorno ancora pi\u00f9 piacevole. Troverai una selezione di bevande (con e senza alcol) e snack dolci e salati. Se ti manca la tua bevanda preferita, contattaci: saremo lieti di portartela come parte del nostro servizio in camera.<\/p>\n                        <\/div>\n\n                    <\/div>\n\n                <\/div><!-- .elementskit-card END -->\n\n                                        <\/div>\n    <\/div>\t\t\t\t<\/div>\n\t\t\t\t<\/div>\n\t\t\t\t\t<\/div>\n\t\t<\/div>\n\t\t\t\t\t<\/div>\n\t\t<\/section>\n\t\t\t\t<\/div>\n\t\t","protected":false},"excerpt":{"rendered":"<p>Domande frequenti Le domande pi\u00f9 frequenti al Seehotel Ketsch La tua guida per un soggiorno spensierato Trova le risposte alle tue domande pi\u00f9 importanti sul tuo soggiorno al SeeHotel. Dagli [&hellip;]<\/p>\n","protected":false},"author":2,"featured_media":0,"parent":9225,"menu_order":0,"comment_status":"closed","ping_status":"closed","template":"elementor_header_footer","meta":{"footnotes":""},"class_list":["post-9180","page","type-page","status-publish","hentry"],"_links":{"self":[{"href":"https:\/\/seehotel.de\/it\/wp-json\/wp\/v2\/pages\/9180","targetHints":{"allow":["GET"]}}],"collection":[{"href":"https:\/\/seehotel.de\/it\/wp-json\/wp\/v2\/pages"}],"about":[{"href":"https:\/\/seehotel.de\/it\/wp-json\/wp\/v2\/types\/page"}],"author":[{"embeddable":true,"href":"https:\/\/seehotel.de\/it\/wp-json\/wp\/v2\/users\/2"}],"replies":[{"embeddable":true,"href":"https:\/\/seehotel.de\/it\/wp-json\/wp\/v2\/comments?post=9180"}],"version-history":[{"count":3,"href":"https:\/\/seehotel.de\/it\/wp-json\/wp\/v2\/pages\/9180\/revisions"}],"predecessor-version":[{"id":9268,"href":"https:\/\/seehotel.de\/it\/wp-json\/wp\/v2\/pages\/9180\/revisions\/9268"}],"up":[{"embeddable":true,"href":"https:\/\/seehotel.de\/it\/wp-json\/wp\/v2\/pages\/9225"}],"wp:attachment":[{"href":"https:\/\/seehotel.de\/it\/wp-json\/wp\/v2\/media?parent=9180"}],"curies":[{"name":"wp","href":"https:\/\/api.w.org\/{rel}","templated":true}]}}