{"id":11788,"date":"2025-02-12T16:55:53","date_gmt":"2025-02-12T15:55:53","guid":{"rendered":"https:\/\/seehotel.de\/?page_id=11788"},"modified":"2025-02-12T16:41:32","modified_gmt":"2025-02-12T15:41:32","slug":"formazione-e-studi-2","status":"publish","type":"page","link":"https:\/\/seehotel.de\/it\/carriera\/formazione-e-studi-2\/","title":{"rendered":"Formazione e studi"},"content":{"rendered":"\t\t<div data-elementor-type=\"wp-page\" data-elementor-id=\"11788\" class=\"elementor elementor-11788 elementor-11785\" data-elementor-post-type=\"page\">\n\t\t\t\t\t\t<section class=\"elementor-section elementor-top-section elementor-element elementor-element-f7d261a elementor-section-boxed elementor-section-height-default elementor-section-height-default\" data-id=\"f7d261a\" data-element_type=\"section\" data-e-type=\"section\" data-settings=\"{&quot;background_background&quot;:&quot;classic&quot;}\">\n\t\t\t\t\t\t\t<div class=\"elementor-background-overlay\"><\/div>\n\t\t\t\t\t\t\t<div class=\"elementor-container elementor-column-gap-default\">\n\t\t\t\t\t<div class=\"elementor-column elementor-col-100 elementor-top-column elementor-element elementor-element-657bb73f\" data-id=\"657bb73f\" data-element_type=\"column\" data-e-type=\"column\">\n\t\t\t<div class=\"elementor-widget-wrap elementor-element-populated\">\n\t\t\t\t\t\t<div class=\"elementor-element elementor-element-19079e36 elementor-widget__width-auto elementor-invisible elementor-widget elementor-widget-heading\" data-id=\"19079e36\" data-element_type=\"widget\" data-e-type=\"widget\" data-settings=\"{&quot;_animation&quot;:&quot;fadeInLeft&quot;}\" data-widget_type=\"heading.default\">\n\t\t\t\t<div class=\"elementor-widget-container\">\n\t\t\t\t\t<h2 class=\"elementor-heading-title elementor-size-default\">Formazione e studi<\/h2>\t\t\t\t<\/div>\n\t\t\t\t<\/div>\n\t\t\t\t\t<\/div>\n\t\t<\/div>\n\t\t\t\t\t<\/div>\n\t\t<\/section>\n\t\t\t\t<section class=\"elementor-section elementor-top-section elementor-element elementor-element-3ca8f3f8 elementor-reverse-mobile elementor-section-boxed elementor-section-height-default elementor-section-height-default\" data-id=\"3ca8f3f8\" data-element_type=\"section\" data-e-type=\"section\" data-settings=\"{&quot;background_background&quot;:&quot;gradient&quot;}\">\n\t\t\t\t\t\t<div class=\"elementor-container elementor-column-gap-default\">\n\t\t\t\t\t<div class=\"elementor-column elementor-col-50 elementor-top-column elementor-element elementor-element-b6c101f\" data-id=\"b6c101f\" data-element_type=\"column\" data-e-type=\"column\">\n\t\t\t<div class=\"elementor-widget-wrap elementor-element-populated\">\n\t\t\t\t\t\t<div class=\"elementor-element elementor-element-793c3ce4 elementor-widget elementor-widget-image\" data-id=\"793c3ce4\" data-element_type=\"widget\" data-e-type=\"widget\" data-widget_type=\"image.default\">\n\t\t\t\t<div class=\"elementor-widget-container\">\n\t\t\t\t\t\t\t\t\t\t\t\t\t\t\t<img fetchpriority=\"high\" decoding=\"async\" width=\"2560\" height=\"1707\" src=\"https:\/\/seehotel.de\/wp-content\/uploads\/2024\/06\/MG_9650-scaled.jpg\" class=\"attachment-full size-full wp-image-4680\" alt=\"\" srcset=\"https:\/\/seehotel.de\/wp-content\/uploads\/2024\/06\/MG_9650-scaled.jpg 2560w, https:\/\/seehotel.de\/wp-content\/uploads\/2024\/06\/MG_9650-300x200.jpg 300w, https:\/\/seehotel.de\/wp-content\/uploads\/2024\/06\/MG_9650-1024x683.jpg 1024w, https:\/\/seehotel.de\/wp-content\/uploads\/2024\/06\/MG_9650-768x512.jpg 768w\" sizes=\"(max-width: 2560px) 100vw, 2560px\" \/>\t\t\t\t\t\t\t\t\t\t\t\t\t\t\t<\/div>\n\t\t\t\t<\/div>\n\t\t\t\t\t<\/div>\n\t\t<\/div>\n\t\t\t\t<div class=\"elementor-column elementor-col-50 elementor-top-column elementor-element elementor-element-1062579d\" data-id=\"1062579d\" data-element_type=\"column\" data-e-type=\"column\">\n\t\t\t<div class=\"elementor-widget-wrap elementor-element-populated\">\n\t\t\t\t\t\t<div class=\"elementor-element elementor-element-58707e9a elementor-widget elementor-widget-text-editor\" data-id=\"58707e9a\" data-element_type=\"widget\" data-e-type=\"widget\" data-widget_type=\"text-editor.default\">\n\t\t\t\t<div class=\"elementor-widget-container\">\n\t\t\t\t\t\t\t\t\t<nav aria-label=\"breadcrumbs\" class=\"rank-math-breadcrumb\"><p><span class=\"last\">Home<\/span><\/p><\/nav>\n\t\t\t\t\t\t\t\t<\/div>\n\t\t\t\t<\/div>\n\t\t\t\t<div class=\"elementor-element elementor-element-e30207a elementor-widget elementor-widget-heading\" data-id=\"e30207a\" data-element_type=\"widget\" data-e-type=\"widget\" data-widget_type=\"heading.default\">\n\t\t\t\t<div class=\"elementor-widget-container\">\n\t\t\t\t\t<h2 class=\"elementor-heading-title elementor-size-default\">Allenarsi con qualit\u00e0 e cuore<\/h2>\t\t\t\t<\/div>\n\t\t\t\t<\/div>\n\t\t\t\t<div class=\"elementor-element elementor-element-22192057 elementor-drop-cap-yes elementor-widget__width-initial elementor-drop-cap-view-default elementor-widget elementor-widget-text-editor\" data-id=\"22192057\" data-element_type=\"widget\" data-e-type=\"widget\" data-settings=\"{&quot;drop_cap&quot;:&quot;yes&quot;}\" data-widget_type=\"text-editor.default\">\n\t\t\t\t<div class=\"elementor-widget-container\">\n\t\t\t\t\t\t\t\t\t<p>Il settore alberghiero e della ristorazione \u00e8 sinonimo di divertimento e gioia di vivere. Il cambiamento \u00e8 la norma qui. Le tendenze emergono, i desideri degli ospiti cambiano, le innovazioni entrano nel mercato. Tutto questo sta cambiando anche il lavoro. Per questo motivo i corsi di formazione nei settori della ristorazione, degli alberghi e della cucina sono stati recentemente modernizzati e ristrutturati.<\/p>\n<p>Formiamo con cuore, competenza e ambizione, sempre con l&#8217;obiettivo comune di lanciare nel mondo giovani talenti e ristoratori appassionati e orientati al successo. A seconda del tuo talento e dei tuoi interessi, puoi scegliere tra vari apprendistati nel sistema duale e un corso di laurea in economia aziendale in collaborazione con l&#8217;Universit\u00e0 statale cooperativa del Baden-W\u00fcrttemberg a Mannheim.<\/p>\n<p>Non sei sicuro che una carriera nel settore alberghiero sia adatta a te? Allora prova prima e chiedi di fare uno stage con noi.<\/p>\n\t\t\t\t\t\t\t\t<\/div>\n\t\t\t\t<\/div>\n\t\t\t\t\t<\/div>\n\t\t<\/div>\n\t\t\t\t\t<\/div>\n\t\t<\/section>\n\t\t\t\t<section class=\"elementor-section elementor-top-section elementor-element elementor-element-32100ccb elementor-section-boxed elementor-section-height-default elementor-section-height-default\" data-id=\"32100ccb\" data-element_type=\"section\" data-e-type=\"section\" data-settings=\"{&quot;background_background&quot;:&quot;gradient&quot;}\">\n\t\t\t\t\t\t<div class=\"elementor-container elementor-column-gap-default\">\n\t\t\t\t\t<div class=\"elementor-column elementor-col-100 elementor-top-column elementor-element elementor-element-60fb59e0\" data-id=\"60fb59e0\" data-element_type=\"column\" data-e-type=\"column\">\n\t\t\t<div class=\"elementor-widget-wrap elementor-element-populated\">\n\t\t\t\t\t\t<div class=\"elementor-element elementor-element-5fad3b94 elementor-cta--layout-image-right elementor-cta--mobile-layout-image-above elementor-cta--skin-classic elementor-animated-content elementor-widget elementor-widget-call-to-action\" data-id=\"5fad3b94\" data-element_type=\"widget\" data-e-type=\"widget\" data-widget_type=\"call-to-action.default\">\n\t\t\t\t<div class=\"elementor-widget-container\">\n\t\t\t\t\t\t\t<div class=\"elementor-cta\">\n\t\t\t\t\t<div class=\"elementor-cta__bg-wrapper\">\n\t\t\t\t<div class=\"elementor-cta__bg elementor-bg\" style=\"background-image: url(https:\/\/seehotel.de\/wp-content\/uploads\/2024\/04\/MG_9026-scaled.jpg);\" role=\"img\" aria-label=\"Silas\"><\/div>\n\t\t\t\t<div class=\"elementor-cta__bg-overlay\"><\/div>\n\t\t\t<\/div>\n\t\t\t\t\t\t\t<div class=\"elementor-cta__content\">\n\t\t\t\t\n\t\t\t\t\t\t\t\t\t<h2 class=\"elementor-cta__title elementor-cta__content-item elementor-content-item\">\n\t\t\t\t\t\tSpecialista alberghiero (m\/f\/d)\t\t\t\t\t<\/h2>\n\t\t\t\t\n\t\t\t\t\t\t\t\t\t<div class=\"elementor-cta__description elementor-cta__content-item elementor-content-item\">\n\t\t\t\t\t\t<p>Tuttofare e tuttofare:<\/p>\n<p>Gli specialisti alberghieri sono professionisti a tutto tondo, in grado di lavorare nelle diverse aree di una struttura ricettiva. I compiti principali sono le prenotazioni e l'accoglienza.<br \/>\nInoltre, vengono formati in modo approfondito nelle aree di food &amp; beverage, housekeeping, gestione del merchandising e marketing. <\/p>\n<p>Hofas supervisiona le interfacce tra i reparti e si assicura che la qualit\u00e0 sia corretta ovunque. <\/p>\n<p>La comunicazione professionale con gli ospiti \u00e8 un filo rosso che attraversa tutte le attivit\u00e0, sia che si tratti di vendite personali o di colloqui di consulenza, sia che si tratti del check-in o dei canali digitali.<\/p>\n\t\t\t\t\t<\/div>\n\t\t\t\t\n\t\t\t\t\t\t\t\t\t<div class=\"elementor-cta__button-wrapper elementor-cta__content-item elementor-content-item \">\n\t\t\t\t\t<a class=\"elementor-cta__button elementor-button elementor-size-\" href=\"#elementor-action%3Aaction%3Dpopup%3Aopen%26settings%3DeyJpZCI6OTMzMCwidG9nZ2xlIjpmYWxzZX0%3D\">\n\t\t\t\t\t\tCandidati ora\t\t\t\t\t<\/a>\n\t\t\t\t\t<\/div>\n\t\t\t\t\t\t\t<\/div>\n\t\t\t\t\t\t<\/div>\n\t\t\t\t\t\t<\/div>\n\t\t\t\t<\/div>\n\t\t\t\t<div class=\"elementor-element elementor-element-36e352c7 elementor-cta--layout-image-left elementor-cta--mobile-layout-image-above elementor-cta--skin-classic elementor-animated-content elementor-widget elementor-widget-call-to-action\" data-id=\"36e352c7\" data-element_type=\"widget\" data-e-type=\"widget\" data-widget_type=\"call-to-action.default\">\n\t\t\t\t<div class=\"elementor-widget-container\">\n\t\t\t\t\t\t\t<div class=\"elementor-cta\">\n\t\t\t\t\t<div class=\"elementor-cta__bg-wrapper\">\n\t\t\t\t<div class=\"elementor-cta__bg elementor-bg\" style=\"background-image: url(https:\/\/seehotel.de\/wp-content\/uploads\/2024\/04\/MG_8722-scaled.jpg);\" role=\"img\" aria-label=\"Jan-Lukas\"><\/div>\n\t\t\t\t<div class=\"elementor-cta__bg-overlay\"><\/div>\n\t\t\t<\/div>\n\t\t\t\t\t\t\t<div class=\"elementor-cta__content\">\n\t\t\t\t\n\t\t\t\t\t\t\t\t\t<h2 class=\"elementor-cta__title elementor-cta__content-item elementor-content-item\">\n\t\t\t\t\t\tCuoco (m\/f\/d)\t\t\t\t\t<\/h2>\n\t\t\t\t\n\t\t\t\t\t\t\t\t\t<div class=\"elementor-cta__description elementor-cta__content-item elementor-content-item\">\n\t\t\t\t\t\t<p>Artigiani di buon gusto:<\/p>\n<p>Gli chef sono veri e propri esperti gourmet. Il fulcro dei loro compiti \u00e8 la preparazione dei pasti e dei menu.<br \/>\nPer farlo, imparano tutte le tecniche di lavorazione pi\u00f9 importanti e le curiosit\u00e0 sugli alimenti, dalla carne al pesce, dalla cucina a base vegetale ai dolci.<br \/>\nMa la cucina non \u00e8 affatto la fine della storia, gli chef sono i professionisti di tutti i processi e le pianificazioni all'interno e intorno alla cucina: gli acquisti, lo stoccaggio, la creazione di menu sono tutti elementi che fanno parte di questo processo.<br \/>\nOrganizza la cucina e collabora con il team di servizio. Sono sempre attenti alla qualit\u00e0 e ai desideri degli ospiti.<\/p>\n\t\t\t\t\t<\/div>\n\t\t\t\t\n\t\t\t\t\t\t\t\t\t<div class=\"elementor-cta__button-wrapper elementor-cta__content-item elementor-content-item \">\n\t\t\t\t\t<a class=\"elementor-cta__button elementor-button elementor-size-\" href=\"#elementor-action%3Aaction%3Dpopup%3Aopen%26settings%3DeyJpZCI6OTMzMCwidG9nZ2xlIjpmYWxzZX0%3D\">\n\t\t\t\t\t\tCandidati ora\t\t\t\t\t<\/a>\n\t\t\t\t\t<\/div>\n\t\t\t\t\t\t\t<\/div>\n\t\t\t\t\t\t<\/div>\n\t\t\t\t\t\t<\/div>\n\t\t\t\t<\/div>\n\t\t\t\t<div class=\"elementor-element elementor-element-658baa3e elementor-cta--layout-image-right elementor-cta--mobile-layout-image-above elementor-cta--skin-classic elementor-animated-content elementor-widget elementor-widget-call-to-action\" data-id=\"658baa3e\" data-element_type=\"widget\" data-e-type=\"widget\" data-widget_type=\"call-to-action.default\">\n\t\t\t\t<div class=\"elementor-widget-container\">\n\t\t\t\t\t\t\t<div class=\"elementor-cta\">\n\t\t\t\t\t<div class=\"elementor-cta__bg-wrapper\">\n\t\t\t\t<div class=\"elementor-cta__bg elementor-bg\" style=\"background-image: url(https:\/\/seehotel.de\/wp-content\/uploads\/2024\/04\/MG_8351-scaled.jpg);\" role=\"img\" aria-label=\"Ciara\"><\/div>\n\t\t\t\t<div class=\"elementor-cta__bg-overlay\"><\/div>\n\t\t\t<\/div>\n\t\t\t\t\t\t\t<div class=\"elementor-cta__content\">\n\t\t\t\t\n\t\t\t\t\t\t\t\t\t<h2 class=\"elementor-cta__title elementor-cta__content-item elementor-content-item\">\n\t\t\t\t\t\tSpecialista per ristoranti e catering per eventi (m\/f\/d)\t\t\t\t\t<\/h2>\n\t\t\t\t\n\t\t\t\t\t\t\t\t\t<div class=\"elementor-cta__description elementor-cta__content-item elementor-content-item\">\n\t\t\t\t\t\t<p>Esperti di servizi e specialisti di eventi:<\/p>\n<p>I professionisti del catering di ristoranti ed eventi hanno sempre in mente il benessere dei loro ospiti. Assumi il ruolo di padrone di casa al ristorante, al bar e a tutti i tipi di eventi. Sono in grado di gestire tutti i processi, dalla preparazione stagionale e legata agli eventi delle camere alla consulenza agli ospiti, dal servizio professionale di bevande, cibo e menu alla fatturazione. Inoltre, hanno sempre una visione d'insieme dell'organizzazione e della realizzazione di conferenze, banchetti e celebrazioni.<\/p>\n\t\t\t\t\t<\/div>\n\t\t\t\t\n\t\t\t\t\t\t\t\t\t<div class=\"elementor-cta__button-wrapper elementor-cta__content-item elementor-content-item \">\n\t\t\t\t\t<a class=\"elementor-cta__button elementor-button elementor-size-\" href=\"#elementor-action%3Aaction%3Dpopup%3Aopen%26settings%3DeyJpZCI6OTMzMCwidG9nZ2xlIjpmYWxzZX0%3D\">\n\t\t\t\t\t\tCandidati ora\t\t\t\t\t<\/a>\n\t\t\t\t\t<\/div>\n\t\t\t\t\t\t\t<\/div>\n\t\t\t\t\t\t<\/div>\n\t\t\t\t\t\t<\/div>\n\t\t\t\t<\/div>\n\t\t\t\t<div class=\"elementor-element elementor-element-11a7704b elementor-cta--layout-image-left elementor-cta--mobile-layout-image-above elementor-cta--skin-classic elementor-animated-content elementor-widget elementor-widget-call-to-action\" data-id=\"11a7704b\" data-element_type=\"widget\" data-e-type=\"widget\" data-widget_type=\"call-to-action.default\">\n\t\t\t\t<div class=\"elementor-widget-container\">\n\t\t\t\t\t\t\t<div class=\"elementor-cta\">\n\t\t\t\t\t<div class=\"elementor-cta__bg-wrapper\">\n\t\t\t\t<div class=\"elementor-cta__bg elementor-bg\" style=\"background-image: url(https:\/\/seehotel.de\/wp-content\/uploads\/2024\/04\/MG_8445-scaled.jpg);\" role=\"img\" aria-label=\"Kearney\"><\/div>\n\t\t\t\t<div class=\"elementor-cta__bg-overlay\"><\/div>\n\t\t\t<\/div>\n\t\t\t\t\t\t\t<div class=\"elementor-cta__content\">\n\t\t\t\t\n\t\t\t\t\t\t\t\t\t<h2 class=\"elementor-cta__title elementor-cta__content-item elementor-content-item\">\n\t\t\t\t\t\tSpecialista della ristorazione con focus sul servizio di ristorazione (m\/f\/d)\t\t\t\t\t<\/h2>\n\t\t\t\t\n\t\t\t\t\t\t\t\t\t<div class=\"elementor-cta__description elementor-cta__content-item elementor-content-item\">\n\t\t\t\t\t\t<p>Vicino agli ospiti:<\/p>\n<p>Gli specialisti del catering hanno imparato le basi della ristorazione: accolgono e consigliano gli ospiti, servono le bevande e il cibo e incassano i soldi. Sono il volto e la voce della tua azienda per gli ospiti.<br \/>\nIl loro compito \u00e8 creare l'esperienza del cliente, essere consulenti, venditori e assistenti amichevoli e competenti.<br \/>\nA tal fine, imparano anche le basi del cibo e del suo utilizzo nella ristorazione in cucina e tutto ci\u00f2 che \u00e8 importante per la progettazione e la manutenzione delle camere degli ospiti nel servizio. Nella specializzazione del servizio di ristorazione, l'attenzione \u00e8 rivolta a servire gli ospiti al tavolo e a comunicare con loro.<\/p>\n\t\t\t\t\t<\/div>\n\t\t\t\t\n\t\t\t\t\t\t\t\t\t<div class=\"elementor-cta__button-wrapper elementor-cta__content-item elementor-content-item \">\n\t\t\t\t\t<a class=\"elementor-cta__button elementor-button elementor-size-\" href=\"#elementor-action%3Aaction%3Dpopup%3Aopen%26settings%3DeyJpZCI6OTMzNCwidG9nZ2xlIjpmYWxzZX0%3D\">\n\t\t\t\t\t\tCandidati ora\t\t\t\t\t<\/a>\n\t\t\t\t\t<\/div>\n\t\t\t\t\t\t\t<\/div>\n\t\t\t\t\t\t<\/div>\n\t\t\t\t\t\t<\/div>\n\t\t\t\t<\/div>\n\t\t\t\t<div class=\"elementor-element elementor-element-6a2d6c75 elementor-cta--layout-image-right elementor-cta--mobile-layout-image-above elementor-cta--skin-classic elementor-animated-content elementor-widget elementor-widget-call-to-action\" data-id=\"6a2d6c75\" data-element_type=\"widget\" data-e-type=\"widget\" data-widget_type=\"call-to-action.default\">\n\t\t\t\t<div class=\"elementor-widget-container\">\n\t\t\t\t\t\t\t<div class=\"elementor-cta\">\n\t\t\t\t\t<div class=\"elementor-cta__bg-wrapper\">\n\t\t\t\t<div class=\"elementor-cta__bg elementor-bg\" style=\"background-image: url(https:\/\/seehotel.de\/wp-content\/uploads\/2024\/06\/Lisa-scaled.jpg);\" role=\"img\" aria-label=\"Lisa\"><\/div>\n\t\t\t\t<div class=\"elementor-cta__bg-overlay\"><\/div>\n\t\t\t<\/div>\n\t\t\t\t\t\t\t<div class=\"elementor-cta__content\">\n\t\t\t\t\n\t\t\t\t\t\t\t\t\t<h2 class=\"elementor-cta__title elementor-cta__content-item elementor-content-item\">\n\t\t\t\t\t\tLaurea in Economia e Commercio - Gestione di fiere, congressi ed eventi (m\/f\/d)\t\t\t\t\t<\/h2>\n\t\t\t\t\n\t\t\t\t\t\t\t\t\t<div class=\"elementor-cta__description elementor-cta__content-item elementor-content-item\">\n\t\t\t\t\t\t<p>Riunire le persone per ottenere pi\u00f9 divertimento, conoscenza e scambio:<\/p>\n<p>Come menti creative con competenze nell'amministrazione aziendale e nella gestione dei progetti, gli event manager trasformano un'idea in un evento di successo. Che si tratti di un matrimonio da sogno, di una fiera, di un congresso, di un evento sportivo, di un teatro o di un concerto, ogni settore ha le sue esigenze e non esistono due eventi uguali. Quello che hanno in comune \u00e8 che devono essere pianificate, organizzate e realizzate nei minimi dettagli. Sempre in vista: il coordinamento delle persone coinvolte, un piano B per ogni evenienza e il budget. Si tratta quindi di un lavoro davvero entusiasmante per chi ha talento organizzativo e nervi saldi. La parte teorica del programma si svolge presso il DHBW di Mannheim; come partner pratico, cerchiamo uno studente con una precedente conoscenza della gastronomia.<\/p>\n\t\t\t\t\t<\/div>\n\t\t\t\t\n\t\t\t\t\t\t\t\t\t<div class=\"elementor-cta__button-wrapper elementor-cta__content-item elementor-content-item \">\n\t\t\t\t\t<a class=\"elementor-cta__button elementor-button elementor-size-\" href=\"#elementor-action%3Aaction%3Dpopup%3Aopen%26settings%3DeyJpZCI6OTMzMCwidG9nZ2xlIjpmYWxzZX0%3D\">\n\t\t\t\t\t\tCandidati ora\t\t\t\t\t<\/a>\n\t\t\t\t\t<\/div>\n\t\t\t\t\t\t\t<\/div>\n\t\t\t\t\t\t<\/div>\n\t\t\t\t\t\t<\/div>\n\t\t\t\t<\/div>\n\t\t\t\t\t<\/div>\n\t\t<\/div>\n\t\t\t\t\t<\/div>\n\t\t<\/section>\n\t\t\t\t<\/div>\n\t\t","protected":false},"excerpt":{"rendered":"<p>Formazione e studi Allenarsi con qualit\u00e0 e cuore Il settore alberghiero e della ristorazione \u00e8 sinonimo di divertimento e gioia di vivere. Il cambiamento \u00e8 la norma qui. Le tendenze [&hellip;]<\/p>\n","protected":false},"author":2,"featured_media":0,"parent":9472,"menu_order":0,"comment_status":"closed","ping_status":"closed","template":"","meta":{"footnotes":""},"class_list":["post-11788","page","type-page","status-publish","hentry"],"_links":{"self":[{"href":"https:\/\/seehotel.de\/it\/wp-json\/wp\/v2\/pages\/11788","targetHints":{"allow":["GET"]}}],"collection":[{"href":"https:\/\/seehotel.de\/it\/wp-json\/wp\/v2\/pages"}],"about":[{"href":"https:\/\/seehotel.de\/it\/wp-json\/wp\/v2\/types\/page"}],"author":[{"embeddable":true,"href":"https:\/\/seehotel.de\/it\/wp-json\/wp\/v2\/users\/2"}],"replies":[{"embeddable":true,"href":"https:\/\/seehotel.de\/it\/wp-json\/wp\/v2\/comments?post=11788"}],"version-history":[{"count":2,"href":"https:\/\/seehotel.de\/it\/wp-json\/wp\/v2\/pages\/11788\/revisions"}],"predecessor-version":[{"id":11800,"href":"https:\/\/seehotel.de\/it\/wp-json\/wp\/v2\/pages\/11788\/revisions\/11800"}],"up":[{"embeddable":true,"href":"https:\/\/seehotel.de\/it\/wp-json\/wp\/v2\/pages\/9472"}],"wp:attachment":[{"href":"https:\/\/seehotel.de\/it\/wp-json\/wp\/v2\/media?parent=11788"}],"curies":[{"name":"wp","href":"https:\/\/api.w.org\/{rel}","templated":true}]}}