{"id":10001,"date":"2024-08-07T22:55:41","date_gmt":"2024-08-07T20:55:41","guid":{"rendered":"https:\/\/seehotel.de\/in-bicicletta-sul-lago\/"},"modified":"2025-01-28T09:49:07","modified_gmt":"2025-01-28T08:49:07","slug":"in-bicicletta-sul-lago","status":"publish","type":"page","link":"https:\/\/seehotel.de\/it\/hotel\/offerte\/in-bicicletta-sul-lago\/","title":{"rendered":"In bicicletta sul lago"},"content":{"rendered":"\t\t<div data-elementor-type=\"wp-page\" data-elementor-id=\"10001\" class=\"elementor elementor-10001 elementor-9852\" data-elementor-post-type=\"page\">\n\t\t\t\t\t\t<section class=\"elementor-section elementor-top-section elementor-element elementor-element-321e0b9d elementor-section-boxed elementor-section-height-default elementor-section-height-default\" data-id=\"321e0b9d\" data-element_type=\"section\" data-e-type=\"section\" data-settings=\"{&quot;background_background&quot;:&quot;classic&quot;}\">\n\t\t\t\t\t\t\t<div class=\"elementor-background-overlay\"><\/div>\n\t\t\t\t\t\t\t<div class=\"elementor-container elementor-column-gap-default\">\n\t\t\t\t\t<div class=\"elementor-column elementor-col-100 elementor-top-column elementor-element elementor-element-5c473d35\" data-id=\"5c473d35\" data-element_type=\"column\" data-e-type=\"column\">\n\t\t\t<div class=\"elementor-widget-wrap elementor-element-populated\">\n\t\t\t\t\t\t<div class=\"elementor-element elementor-element-19b7852f elementor-widget__width-auto elementor-invisible elementor-widget elementor-widget-heading\" data-id=\"19b7852f\" data-element_type=\"widget\" data-e-type=\"widget\" data-settings=\"{&quot;_animation&quot;:&quot;fadeInLeft&quot;}\" data-widget_type=\"heading.default\">\n\t\t\t\t<div class=\"elementor-widget-container\">\n\t\t\t\t\t<h2 class=\"elementor-heading-title elementor-size-default\">In bicicletta sul lago<\/h2>\t\t\t\t<\/div>\n\t\t\t\t<\/div>\n\t\t\t\t\t<\/div>\n\t\t<\/div>\n\t\t\t\t\t<\/div>\n\t\t<\/section>\n\t\t\t\t<section class=\"elementor-section elementor-top-section elementor-element elementor-element-9e5ebc8 elementor-reverse-mobile elementor-section-boxed elementor-section-height-default elementor-section-height-default\" data-id=\"9e5ebc8\" data-element_type=\"section\" data-e-type=\"section\" data-settings=\"{&quot;background_background&quot;:&quot;gradient&quot;}\">\n\t\t\t\t\t\t<div class=\"elementor-container elementor-column-gap-default\">\n\t\t\t\t\t<div class=\"elementor-column elementor-col-50 elementor-top-column elementor-element elementor-element-c929f78\" data-id=\"c929f78\" data-element_type=\"column\" data-e-type=\"column\">\n\t\t\t<div class=\"elementor-widget-wrap elementor-element-populated\">\n\t\t\t\t\t\t<div class=\"elementor-element elementor-element-b7fb448 elementor-widget__width-initial elementor-absolute elementor-invisible elementor-widget elementor-widget-image\" data-id=\"b7fb448\" data-element_type=\"widget\" data-e-type=\"widget\" data-settings=\"{&quot;_position&quot;:&quot;absolute&quot;,&quot;_animation&quot;:&quot;slideInUp&quot;}\" data-widget_type=\"image.default\">\n\t\t\t\t<div class=\"elementor-widget-container\">\n\t\t\t\t\t\t\t\t\t\t\t\t\t\t\t<img fetchpriority=\"high\" decoding=\"async\" width=\"2560\" height=\"1921\" src=\"https:\/\/seehotel.de\/wp-content\/uploads\/2024\/05\/SS_2024-scaled.jpg\" class=\"attachment-full size-full wp-image-9288\" alt=\"\" srcset=\"https:\/\/seehotel.de\/wp-content\/uploads\/2024\/05\/SS_2024-scaled.jpg 2560w, https:\/\/seehotel.de\/wp-content\/uploads\/2024\/05\/SS_2024-300x225.jpg 300w, https:\/\/seehotel.de\/wp-content\/uploads\/2024\/05\/SS_2024-1024x768.jpg 1024w, https:\/\/seehotel.de\/wp-content\/uploads\/2024\/05\/SS_2024-768x576.jpg 768w, https:\/\/seehotel.de\/wp-content\/uploads\/2024\/05\/SS_2024-1536x1153.jpg 1536w, https:\/\/seehotel.de\/wp-content\/uploads\/2024\/05\/SS_2024-2048x1537.jpg 2048w\" sizes=\"(max-width: 2560px) 100vw, 2560px\" \/>\t\t\t\t\t\t\t\t\t\t\t\t\t\t\t<\/div>\n\t\t\t\t<\/div>\n\t\t\t\t<div class=\"elementor-element elementor-element-5d3795f8 elementor-widget elementor-widget-image\" data-id=\"5d3795f8\" data-element_type=\"widget\" data-e-type=\"widget\" data-widget_type=\"image.default\">\n\t\t\t\t<div class=\"elementor-widget-container\">\n\t\t\t\t\t\t\t\t\t\t\t\t\t\t\t<img decoding=\"async\" width=\"2560\" height=\"1707\" src=\"https:\/\/seehotel.de\/wp-content\/uploads\/2024\/08\/Radeln-am-See-scaled.jpg\" class=\"attachment-full size-full wp-image-9856\" alt=\"\" srcset=\"https:\/\/seehotel.de\/wp-content\/uploads\/2024\/08\/Radeln-am-See-scaled.jpg 2560w, https:\/\/seehotel.de\/wp-content\/uploads\/2024\/08\/Radeln-am-See-300x200.jpg 300w, https:\/\/seehotel.de\/wp-content\/uploads\/2024\/08\/Radeln-am-See-1024x683.jpg 1024w, https:\/\/seehotel.de\/wp-content\/uploads\/2024\/08\/Radeln-am-See-768x512.jpg 768w, https:\/\/seehotel.de\/wp-content\/uploads\/2024\/08\/Radeln-am-See-1536x1024.jpg 1536w, https:\/\/seehotel.de\/wp-content\/uploads\/2024\/08\/Radeln-am-See-2048x1365.jpg 2048w\" sizes=\"(max-width: 2560px) 100vw, 2560px\" \/>\t\t\t\t\t\t\t\t\t\t\t\t\t\t\t<\/div>\n\t\t\t\t<\/div>\n\t\t\t\t\t<\/div>\n\t\t<\/div>\n\t\t\t\t<div class=\"elementor-column elementor-col-50 elementor-top-column elementor-element elementor-element-1c160b0b\" data-id=\"1c160b0b\" data-element_type=\"column\" data-e-type=\"column\">\n\t\t\t<div class=\"elementor-widget-wrap elementor-element-populated\">\n\t\t\t\t\t\t<div class=\"elementor-element elementor-element-76c0467d elementor-widget elementor-widget-text-editor\" data-id=\"76c0467d\" data-element_type=\"widget\" data-e-type=\"widget\" data-widget_type=\"text-editor.default\">\n\t\t\t\t<div class=\"elementor-widget-container\">\n\t\t\t\t\t\t\t\t\t<nav aria-label=\"breadcrumbs\" class=\"rank-math-breadcrumb\"><p><span class=\"last\">Home<\/span><\/p><\/nav>\n\t\t\t\t\t\t\t\t<\/div>\n\t\t\t\t<\/div>\n\t\t\t\t<div class=\"elementor-element elementor-element-6b4aa093 elementor-widget elementor-widget-heading\" data-id=\"6b4aa093\" data-element_type=\"widget\" data-e-type=\"widget\" data-widget_type=\"heading.default\">\n\t\t\t\t<div class=\"elementor-widget-container\">\n\t\t\t\t\t<h2 class=\"elementor-heading-title elementor-size-default\">Albergo Ketsch<\/h2>\t\t\t\t<\/div>\n\t\t\t\t<\/div>\n\t\t\t\t<div class=\"elementor-element elementor-element-40bd763d elementor-widget elementor-widget-heading\" data-id=\"40bd763d\" data-element_type=\"widget\" data-e-type=\"widget\" data-widget_type=\"heading.default\">\n\t\t\t\t<div class=\"elementor-widget-container\">\n\t\t\t\t\t<h2 class=\"elementor-heading-title elementor-size-default\">In bicicletta sul lago<\/h2>\t\t\t\t<\/div>\n\t\t\t\t<\/div>\n\t\t\t\t<div class=\"elementor-element elementor-element-809572f elementor-drop-cap-yes elementor-drop-cap-view-default elementor-widget elementor-widget-text-editor\" data-id=\"809572f\" data-element_type=\"widget\" data-e-type=\"widget\" data-settings=\"{&quot;drop_cap&quot;:&quot;yes&quot;}\" data-widget_type=\"text-editor.default\">\n\t\t\t\t<div class=\"elementor-widget-container\">\n\t\t\t\t\t\t\t\t\t<p>&#8220;La vita \u00e8 come andare in bicicletta. Per mantenere l&#8217;equilibrio, devi continuare a muoverti. &#8221; Albert Einstein<\/p>\n<p>Nel centro della regione metropolitana del Reno-Neckar, il SeeHotel \u00e8 il punto di partenza ideale per i tuoi tour esplorativi su due ruote. Brevi percorsi (per lo pi\u00f9 pianeggianti nella pianura del Reno) conducono alle affascinanti citt\u00e0 di Heidelberg, Speyer e Mannheim e al Palatinato, ideali per rilassanti gite giornaliere dall&#8217;alto valore esperienziale.<\/p>\n<p>Il nostro pacchetto ciclismo Il <i>ciclismo in riva al lago<\/i> crea l&#8217;ambiente perfetto per la tua pausa attiva. Nelle nostre nuove camere doppie Comfort Plus potrai godere di un elevato livello di comfort e di un sonno ristoratore tra una giornata di sport e l&#8217;altra. E naturalmente saremo lieti di soddisfare le tue esigenze: al mattino potrai prepararti per il prossimo tour con la nostra ricca colazione a buffet, mentre la sera potrai gustare una cena perfettamente coordinata nel nostro Ente&#8230;<\/p>\n\t\t\t\t\t\t\t\t<\/div>\n\t\t\t\t<\/div>\n\t\t\t\t\t<\/div>\n\t\t<\/div>\n\t\t\t\t\t<\/div>\n\t\t<\/section>\n\t\t\t\t<section class=\"elementor-section elementor-top-section elementor-element elementor-element-6ccc364 elementor-section-boxed elementor-section-height-default elementor-section-height-default\" data-id=\"6ccc364\" data-element_type=\"section\" data-e-type=\"section\" data-settings=\"{&quot;background_background&quot;:&quot;gradient&quot;}\">\n\t\t\t\t\t\t<div class=\"elementor-container elementor-column-gap-default\">\n\t\t\t\t\t<div class=\"elementor-column elementor-col-100 elementor-top-column elementor-element elementor-element-7dd28961\" data-id=\"7dd28961\" data-element_type=\"column\" data-e-type=\"column\">\n\t\t\t<div class=\"elementor-widget-wrap elementor-element-populated\">\n\t\t\t\t\t\t<div class=\"elementor-element elementor-element-4295ffda elementor-cta--layout-image-right elementor-cta--mobile-layout-image-above elementor-cta--skin-classic elementor-animated-content elementor-widget elementor-widget-call-to-action\" data-id=\"4295ffda\" data-element_type=\"widget\" data-e-type=\"widget\" data-widget_type=\"call-to-action.default\">\n\t\t\t\t<div class=\"elementor-widget-container\">\n\t\t\t\t\t\t\t<div class=\"elementor-cta\">\n\t\t\t\t\t<div class=\"elementor-cta__bg-wrapper\">\n\t\t\t\t<div class=\"elementor-cta__bg elementor-bg\" style=\"background-image: url(https:\/\/seehotel.de\/wp-content\/uploads\/2024\/08\/MG_8037-scaled.jpg);\" role=\"img\" aria-label=\"_MG_8037\"><\/div>\n\t\t\t\t<div class=\"elementor-cta__bg-overlay\"><\/div>\n\t\t\t<\/div>\n\t\t\t\t\t\t\t<div class=\"elementor-cta__content\">\n\t\t\t\t\n\t\t\t\t\t\t\t\t\t<h2 class=\"elementor-cta__title elementor-cta__content-item elementor-content-item\">\n\t\t\t\t\t\tL'offerta in sintesi:\t\t\t\t\t<\/h2>\n\t\t\t\t\n\t\t\t\t\t\t\t\t\t<div class=\"elementor-cta__description elementor-cta__content-item elementor-content-item\">\n\t\t\t\t\t\t<p> Giorno 1: Arrivo individuale Deposito sicuro delle biciclette in hotel* Menu a sorpresa di 3 portate nel nostro ristorante Die Ente Pernottamento nella nostra nuova categoria Comfort Plus<\/p>\n<p> Giorno 2: Ricca colazione per un inizio di giornata pieno di energia Pranzo al sacco per la pausa pranzo Mappe ciclabili dettagliate e suggerimenti per i tour della regione su richiesta** Menu a sorpresa di 4 portate nel nostro ristorante Die Ente incluso. <br \/> Acqua Ketch, dolci e caff\u00e8 espresso Pernottamento nella nostra nuova categoria Comfort Plus <\/p>\n<p> Giorno 3: ricca colazione per un inizio di giornata pieno di energia Partenza individuale * Se non viaggi con la tua bici, ti consigliamo di noleggiarne una da Bike &amp; Fun a Schwetzingen ** Se sei interessato a un tour guidato, saremo lieti di organizzare per te guide qualificate ed esperte (con 2 settimane di anticipo) <\/p>\n<p>  Prezzo a persona in camera doppia: \u20ac 389  <\/p>\n<p>  L'offerta \u00e8 valida fino a dicembre 2025.<\/p>\n\t\t\t\t\t<\/div>\n\t\t\t\t\n\t\t\t\t\t\t\t<\/div>\n\t\t\t\t\t\t<\/div>\n\t\t\t\t\t\t<\/div>\n\t\t\t\t<\/div>\n\t\t\t\t\t<\/div>\n\t\t<\/div>\n\t\t\t\t\t<\/div>\n\t\t<\/section>\n\t\t<div class=\"elementor-element elementor-element-896ece9 e-flex e-con-boxed e-con e-parent\" data-id=\"896ece9\" data-element_type=\"container\" data-e-type=\"container\">\n\t\t\t\t\t<div class=\"e-con-inner\">\n\t\t\t\t<div class=\"elementor-element elementor-element-639d271 elementor-align-justify elementor-widget elementor-widget-button\" data-id=\"639d271\" data-element_type=\"widget\" data-e-type=\"widget\" data-widget_type=\"button.default\">\n\t\t\t\t<div class=\"elementor-widget-container\">\n\t\t\t\t\t\t\t\t\t<div class=\"elementor-button-wrapper\">\n\t\t\t\t\t<a class=\"elementor-button elementor-button-link elementor-size-sm\" href=\"https:\/\/seehotel.de\/wp-content\/uploads\/2024\/08\/DeineRadtourenUnsereHeimat5AuflageWeb_reduziert.pdf\">\n\t\t\t\t\t\t<span class=\"elementor-button-content-wrapper\">\n\t\t\t\t\t\t\t\t\t<span class=\"elementor-button-text\">Tour in bicicletta nei dintorni<\/span>\n\t\t\t\t\t<\/span>\n\t\t\t\t\t<\/a>\n\t\t\t\t<\/div>\n\t\t\t\t\t\t\t\t<\/div>\n\t\t\t\t<\/div>\n\t\t\t\t\t<\/div>\n\t\t\t\t<\/div>\n\t\t\t\t<\/div>\n\t\t","protected":false},"excerpt":{"rendered":"<p>In bicicletta sul lago Albergo Ketsch In bicicletta sul lago &#8220;La vita \u00e8 come andare in bicicletta. Per mantenere l&#8217;equilibrio, devi continuare a muoverti. &#8221; Albert Einstein Nel centro della [&hellip;]<\/p>\n","protected":false},"author":2,"featured_media":9856,"parent":9177,"menu_order":0,"comment_status":"closed","ping_status":"closed","template":"","meta":{"footnotes":""},"class_list":["post-10001","page","type-page","status-publish","has-post-thumbnail","hentry"],"_links":{"self":[{"href":"https:\/\/seehotel.de\/it\/wp-json\/wp\/v2\/pages\/10001","targetHints":{"allow":["GET"]}}],"collection":[{"href":"https:\/\/seehotel.de\/it\/wp-json\/wp\/v2\/pages"}],"about":[{"href":"https:\/\/seehotel.de\/it\/wp-json\/wp\/v2\/types\/page"}],"author":[{"embeddable":true,"href":"https:\/\/seehotel.de\/it\/wp-json\/wp\/v2\/users\/2"}],"replies":[{"embeddable":true,"href":"https:\/\/seehotel.de\/it\/wp-json\/wp\/v2\/comments?post=10001"}],"version-history":[{"count":5,"href":"https:\/\/seehotel.de\/it\/wp-json\/wp\/v2\/pages\/10001\/revisions"}],"predecessor-version":[{"id":11281,"href":"https:\/\/seehotel.de\/it\/wp-json\/wp\/v2\/pages\/10001\/revisions\/11281"}],"up":[{"embeddable":true,"href":"https:\/\/seehotel.de\/it\/wp-json\/wp\/v2\/pages\/9177"}],"wp:featuredmedia":[{"embeddable":true,"href":"https:\/\/seehotel.de\/it\/wp-json\/wp\/v2\/media\/9856"}],"wp:attachment":[{"href":"https:\/\/seehotel.de\/it\/wp-json\/wp\/v2\/media?parent=10001"}],"curies":[{"name":"wp","href":"https:\/\/api.w.org\/{rel}","templated":true}]}}