{"id":8936,"date":"2023-11-20T12:54:49","date_gmt":"2023-11-20T11:54:49","guid":{"rendered":"https:\/\/seehotel.de\/hotel\/"},"modified":"2025-04-17T09:34:46","modified_gmt":"2025-04-17T07:34:46","slug":"hotel","status":"publish","type":"page","link":"https:\/\/seehotel.de\/fr\/hotel\/","title":{"rendered":"H\u00f4tel"},"content":{"rendered":"\t\t<div data-elementor-type=\"wp-page\" data-elementor-id=\"8936\" class=\"elementor elementor-8936 elementor-733\" data-elementor-post-type=\"page\">\n\t\t\t\t\t\t<section class=\"elementor-section elementor-top-section elementor-element elementor-element-1f2c0206 elementor-section-boxed elementor-section-height-default elementor-section-height-default\" data-id=\"1f2c0206\" data-element_type=\"section\" data-e-type=\"section\" data-settings=\"{&quot;background_background&quot;:&quot;classic&quot;}\">\n\t\t\t\t\t\t\t<div class=\"elementor-background-overlay\"><\/div>\n\t\t\t\t\t\t\t<div class=\"elementor-container elementor-column-gap-default\">\n\t\t\t\t\t<div class=\"elementor-column elementor-col-100 elementor-top-column elementor-element elementor-element-ff1da64\" data-id=\"ff1da64\" data-element_type=\"column\" data-e-type=\"column\">\n\t\t\t<div class=\"elementor-widget-wrap elementor-element-populated\">\n\t\t\t\t\t\t<div class=\"elementor-element elementor-element-7e5805f5 elementor-widget__width-auto elementor-invisible elementor-widget elementor-widget-heading\" data-id=\"7e5805f5\" data-element_type=\"widget\" data-e-type=\"widget\" data-settings=\"{&quot;_animation&quot;:&quot;fadeInLeft&quot;}\" data-widget_type=\"heading.default\">\n\t\t\t\t<div class=\"elementor-widget-container\">\n\t\t\t\t\t<h2 class=\"elementor-heading-title elementor-size-default\">L'H\u00d4TEL<\/h2>\t\t\t\t<\/div>\n\t\t\t\t<\/div>\n\t\t\t\t\t<\/div>\n\t\t<\/div>\n\t\t\t\t\t<\/div>\n\t\t<\/section>\n\t\t\t\t<section class=\"elementor-section elementor-top-section elementor-element elementor-element-385332fe elementor-reverse-mobile elementor-section-boxed elementor-section-height-default elementor-section-height-default\" data-id=\"385332fe\" data-element_type=\"section\" data-e-type=\"section\" data-settings=\"{&quot;background_background&quot;:&quot;gradient&quot;}\">\n\t\t\t\t\t\t<div class=\"elementor-container elementor-column-gap-default\">\n\t\t\t\t\t<div class=\"elementor-column elementor-col-50 elementor-top-column elementor-element elementor-element-79647e62\" data-id=\"79647e62\" data-element_type=\"column\" data-e-type=\"column\">\n\t\t\t<div class=\"elementor-widget-wrap elementor-element-populated\">\n\t\t\t\t\t\t<div class=\"elementor-element elementor-element-647b6a20 elementor-widget__width-initial elementor-absolute elementor-invisible elementor-widget elementor-widget-image\" data-id=\"647b6a20\" data-element_type=\"widget\" data-e-type=\"widget\" data-settings=\"{&quot;_position&quot;:&quot;absolute&quot;,&quot;_animation&quot;:&quot;slideInUp&quot;}\" data-widget_type=\"image.default\">\n\t\t\t\t<div class=\"elementor-widget-container\">\n\t\t\t\t\t\t\t\t\t\t\t\t\t\t\t<img fetchpriority=\"high\" decoding=\"async\" width=\"2560\" height=\"1707\" src=\"https:\/\/seehotel.de\/wp-content\/uploads\/2023\/07\/L1380320-scaled.jpg\" class=\"attachment-full size-full wp-image-5838\" alt=\"\" srcset=\"https:\/\/seehotel.de\/wp-content\/uploads\/2023\/07\/L1380320-scaled.jpg 2560w, https:\/\/seehotel.de\/wp-content\/uploads\/2023\/07\/L1380320-300x200.jpg 300w, https:\/\/seehotel.de\/wp-content\/uploads\/2023\/07\/L1380320-1024x683.jpg 1024w, https:\/\/seehotel.de\/wp-content\/uploads\/2023\/07\/L1380320-768x512.jpg 768w, https:\/\/seehotel.de\/wp-content\/uploads\/2023\/07\/L1380320-1536x1024.jpg 1536w, https:\/\/seehotel.de\/wp-content\/uploads\/2023\/07\/L1380320-2048x1365.jpg 2048w\" sizes=\"(max-width: 2560px) 100vw, 2560px\" \/>\t\t\t\t\t\t\t\t\t\t\t\t\t\t\t<\/div>\n\t\t\t\t<\/div>\n\t\t\t\t<div class=\"elementor-element elementor-element-1b9d35e elementor-widget elementor-widget-image\" data-id=\"1b9d35e\" data-element_type=\"widget\" data-e-type=\"widget\" data-widget_type=\"image.default\">\n\t\t\t\t<div class=\"elementor-widget-container\">\n\t\t\t\t\t\t\t\t\t\t\t\t\t\t\t<img decoding=\"async\" width=\"2560\" height=\"1707\" src=\"https:\/\/seehotel.de\/wp-content\/uploads\/2023\/07\/MG_7624-scaled.webp\" class=\"attachment-full size-full wp-image-6066\" alt=\"\" srcset=\"https:\/\/seehotel.de\/wp-content\/uploads\/2023\/07\/MG_7624-scaled.webp 2560w, https:\/\/seehotel.de\/wp-content\/uploads\/2023\/07\/MG_7624-300x200.webp 300w, https:\/\/seehotel.de\/wp-content\/uploads\/2023\/07\/MG_7624-1024x683.webp 1024w, https:\/\/seehotel.de\/wp-content\/uploads\/2023\/07\/MG_7624-768x512.webp 768w, https:\/\/seehotel.de\/wp-content\/uploads\/2023\/07\/MG_7624-1536x1024.webp 1536w, https:\/\/seehotel.de\/wp-content\/uploads\/2023\/07\/MG_7624-2048x1365.webp 2048w\" sizes=\"(max-width: 2560px) 100vw, 2560px\" \/>\t\t\t\t\t\t\t\t\t\t\t\t\t\t\t<\/div>\n\t\t\t\t<\/div>\n\t\t\t\t\t<\/div>\n\t\t<\/div>\n\t\t\t\t<div class=\"elementor-column elementor-col-50 elementor-top-column elementor-element elementor-element-65548cca\" data-id=\"65548cca\" data-element_type=\"column\" data-e-type=\"column\">\n\t\t\t<div class=\"elementor-widget-wrap elementor-element-populated\">\n\t\t\t\t\t\t<div class=\"elementor-element elementor-element-c504f17 elementor-widget elementor-widget-text-editor\" data-id=\"c504f17\" data-element_type=\"widget\" data-e-type=\"widget\" data-widget_type=\"text-editor.default\">\n\t\t\t\t<div class=\"elementor-widget-container\">\n\t\t\t\t\t\t\t\t\t<nav aria-label=\"breadcrumbs\" class=\"rank-math-breadcrumb\"><p><span class=\"last\">Home<\/span><\/p><\/nav>\n\t\t\t\t\t\t\t\t<\/div>\n\t\t\t\t<\/div>\n\t\t\t\t<div class=\"elementor-element elementor-element-591289c9 elementor-widget elementor-widget-heading\" data-id=\"591289c9\" data-element_type=\"widget\" data-e-type=\"widget\" data-widget_type=\"heading.default\">\n\t\t\t\t<div class=\"elementor-widget-container\">\n\t\t\t\t\t<h2 class=\"elementor-heading-title elementor-size-default\">Tout simplement sp\u00e9cial. Simplement le SeeHotel. <\/h2>\t\t\t\t<\/div>\n\t\t\t\t<\/div>\n\t\t\t\t<div class=\"elementor-element elementor-element-cbf1608 elementor-drop-cap-yes elementor-drop-cap-view-default elementor-widget elementor-widget-text-editor\" data-id=\"cbf1608\" data-element_type=\"widget\" data-e-type=\"widget\" data-settings=\"{&quot;drop_cap&quot;:&quot;yes&quot;}\" data-widget_type=\"text-editor.default\">\n\t\t\t\t<div class=\"elementor-widget-container\">\n\t\t\t\t\t\t\t\t\t<p>70 chambres modernes dans un endroit absolument calme au bord du lac, quatre salles de r\u00e9union et de r\u00e9ception lumineuses et accessibles pouvant accueillir jusqu&rsquo;\u00e0 150 personnes, des espaces ext\u00e9rieurs aux allures de parc pour faire la f\u00eate, travailler et se d\u00e9tendre, ainsi que l&rsquo;excellent restaurant Die Ente. Au milieu de la verdure, mais \u00e0 seulement cinq minutes de trois autoroutes. C&rsquo;est le SeeHotel.<\/p>\n<p>Depuis plus de 50 ans, les \u00e9picuriens, les clients d&rsquo;affaires et de congr\u00e8s, les vacanciers et les amateurs de golf, les fans de festivals et de sports m\u00e9caniques appr\u00e9cient notre maison au bord du lac.<\/p>\n<p>Dans un concept coh\u00e9rent avec un am\u00e9nagement \u00e9l\u00e9gant, un casual fine dining au coin du feu et sur la terrasse du lac, un propre concept store ainsi que la signature personnelle des h\u00f4tes passionn\u00e9s Susanne et Hans Keppel et de leur \u00e9quipe, notre boutique-h\u00f4tel est un hideaway unique au bord du lac &#8211; avec des trajets courts vers Hockenheim, Schwetzingen, Speyer, Heidelberg, Mannheim et le Palatinat.<\/p>\n\t\t\t\t\t\t\t\t<\/div>\n\t\t\t\t<\/div>\n\t\t\t\t<div class=\"elementor-element elementor-element-16133992 elementor-view-stacked elementor-position-inline-start elementor-mobile-position-inline-start elementor-shape-circle elementor-widget elementor-widget-icon-box\" data-id=\"16133992\" data-element_type=\"widget\" data-e-type=\"widget\" data-widget_type=\"icon-box.default\">\n\t\t\t\t<div class=\"elementor-widget-container\">\n\t\t\t\t\t\t\t<div class=\"elementor-icon-box-wrapper\">\n\n\t\t\t\t\t\t<div class=\"elementor-icon-box-icon\">\n\t\t\t\t<a href=\"tel:+4962026970\" class=\"elementor-icon elementor-animation-float\" tabindex=\"-1\" aria-label=\"R\u00e9servation\">\n\t\t\t\t<i aria-hidden=\"true\" class=\"icon icon-phone1\"><\/i>\t\t\t\t<\/a>\n\t\t\t<\/div>\n\t\t\t\n\t\t\t\t\t\t<div class=\"elementor-icon-box-content\">\n\n\t\t\t\t\t\t\t\t\t<div class=\"elementor-icon-box-title\">\n\t\t\t\t\t\t<a href=\"tel:+4962026970\" >\n\t\t\t\t\t\t\tR\u00e9servation\t\t\t\t\t\t<\/a>\n\t\t\t\t\t<\/div>\n\t\t\t\t\n\t\t\t\t\t\t\t\t\t<p class=\"elementor-icon-box-description\">\n\t\t\t\t\t\t<a href=\"tel:+4962026970\">+49 6202 6970<\/a>\t\t\t\t\t<\/p>\n\t\t\t\t\n\t\t\t<\/div>\n\t\t\t\n\t\t<\/div>\n\t\t\t\t\t\t<\/div>\n\t\t\t\t<\/div>\n\t\t\t\t\t<\/div>\n\t\t<\/div>\n\t\t\t\t\t<\/div>\n\t\t<\/section>\n\t\t\t\t<section class=\"elementor-section elementor-top-section elementor-element elementor-element-377547e0 elementor-section-boxed elementor-section-height-default elementor-section-height-default\" data-id=\"377547e0\" data-element_type=\"section\" data-e-type=\"section\" data-settings=\"{&quot;background_background&quot;:&quot;classic&quot;}\">\n\t\t\t\t\t\t\t<div class=\"elementor-background-overlay\"><\/div>\n\t\t\t\t\t\t\t<div class=\"elementor-container elementor-column-gap-default\">\n\t\t\t\t\t<div class=\"elementor-column elementor-col-100 elementor-top-column elementor-element elementor-element-35deb32f\" data-id=\"35deb32f\" data-element_type=\"column\" data-e-type=\"column\">\n\t\t\t<div class=\"elementor-widget-wrap elementor-element-populated\">\n\t\t\t\t\t\t<section class=\"elementor-section elementor-inner-section elementor-element elementor-element-4cb65e54 elementor-section-boxed elementor-section-height-default elementor-section-height-default\" data-id=\"4cb65e54\" data-element_type=\"section\" data-e-type=\"section\">\n\t\t\t\t\t\t<div class=\"elementor-container elementor-column-gap-default\">\n\t\t\t\t\t<div class=\"elementor-column elementor-col-50 elementor-inner-column elementor-element elementor-element-74d94808\" data-id=\"74d94808\" data-element_type=\"column\" data-e-type=\"column\">\n\t\t\t<div class=\"elementor-widget-wrap elementor-element-populated\">\n\t\t\t\t\t\t<div class=\"elementor-element elementor-element-10d0b34b elementor-widget elementor-widget-heading\" data-id=\"10d0b34b\" data-element_type=\"widget\" data-e-type=\"widget\" data-widget_type=\"heading.default\">\n\t\t\t\t<div class=\"elementor-widget-container\">\n\t\t\t\t\t<h2 class=\"elementor-heading-title elementor-size-default\">Second Home au bord du lac<\/h2>\t\t\t\t<\/div>\n\t\t\t\t<\/div>\n\t\t\t\t\t<\/div>\n\t\t<\/div>\n\t\t\t\t<div class=\"elementor-column elementor-col-50 elementor-inner-column elementor-element elementor-element-7720779b\" data-id=\"7720779b\" data-element_type=\"column\" data-e-type=\"column\">\n\t\t\t<div class=\"elementor-widget-wrap elementor-element-populated\">\n\t\t\t\t\t\t<div class=\"elementor-element elementor-element-9139060 elementor-widget elementor-widget-text-editor\" data-id=\"9139060\" data-element_type=\"widget\" data-e-type=\"widget\" data-widget_type=\"text-editor.default\">\n\t\t\t\t<div class=\"elementor-widget-container\">\n\t\t\t\t\t\t\t\t\t<p><span style=\"color: #595959; font-family: 'Franklin Gothic Book', sans-serif; font-size: 13pt; caret-color: #000000; letter-spacing: var( --e-global-typography-b2ce6af-letter-spacing ); word-spacing: var( --e-global-typography-b2ce6af-word-spacing );\">Le SeeHotel Ketsch, g\u00e9r\u00e9 avec passion par la famille Keppel et son \u00e9quipe, est l&rsquo;endroit parfait pour travailler, faire la f\u00eate, profiter et se d\u00e9tendre.<\/span><em>.  <\/em><\/p>\n\t\t\t\t\t\t\t\t<\/div>\n\t\t\t\t<\/div>\n\t\t\t\t\t<\/div>\n\t\t<\/div>\n\t\t\t\t\t<\/div>\n\t\t<\/section>\n\t\t\t\t<section class=\"elementor-section elementor-inner-section elementor-element elementor-element-719e65bf elementor-section-boxed elementor-section-height-default elementor-section-height-default\" data-id=\"719e65bf\" data-element_type=\"section\" data-e-type=\"section\">\n\t\t\t\t\t\t<div class=\"elementor-container elementor-column-gap-default\">\n\t\t\t\t\t<div class=\"elementor-column elementor-col-33 elementor-inner-column elementor-element elementor-element-bdcecc4 elementor-invisible\" data-id=\"bdcecc4\" data-element_type=\"column\" data-e-type=\"column\" data-settings=\"{&quot;animation&quot;:&quot;fadeInUp&quot;,&quot;animation_delay&quot;:720}\">\n\t\t\t<div class=\"elementor-widget-wrap elementor-element-populated\">\n\t\t\t\t\t\t<div class=\"elementor-element elementor-element-7b64a81c ekit-equal-height-disable elementor-widget elementor-widget-elementskit-image-box\" data-id=\"7b64a81c\" data-element_type=\"widget\" data-e-type=\"widget\" data-widget_type=\"elementskit-image-box.default\">\n\t\t\t\t<div class=\"elementor-widget-container\">\n\t\t\t\t\t<div class=\"ekit-wid-con\" >\n            <div class=\"elementskit-info-image-box ekit-image-box text-left simple-card\" >\n\n                \n                <div class=\"elementskit-box-header image-box-img-left\">\n\n                    <img decoding=\"async\" src=\"https:\/\/seehotel.de\/wp-content\/uploads\/elementor\/thumbs\/IMG_4963-scaled-r8jz7fk59qbw302s1oz9b1v67a0h8rvcbenuaiec1a.webp\" title=\"IMG_4963\" alt=\"IMG_4963\" loading=\"lazy\" \/>\n                <\/div>\n                \n                <div class=\"elementskit-box-body ekit-image-box-body\">\n                    <div class=\"elementskit-box-content ekit-image-box-body-inner\">\n                                                <h3 class=\"elementskit-info-box-title\">\n\n                        \u00c0 propos de nous\n                        \n                    <\/h3>\n                                                            <div class=\"elementskit-box-style-content\">\n                        Fond\u00e9 en 1972 par Helmut et Klara Keppel, notre h\u00f4tel familial allie la passion de l'hospitalit\u00e9 personnelle \u00e0 l'amour de la nature. Nous misons sur la simplicit\u00e9, qui se ressent \u00e0 tous les niveaux, du traitement de nos collaborateurs et de nos h\u00f4tes \u00e0 la gestion \u00e9cologique de l'entreprise... \n                    <\/div>\n                                    <\/div>\n\n                                <div class=\"elementskit-box-footer\">\n                    <div class=\"box-footer\">\n                        <div class=\"btn-wraper\">\n                                                            <a href=\"https:\/\/seehotel.de\/fr\/?page_id=11345\" class=\"elementskit-btn whitespace--normal\">\n                                    \n                                    \n                                    En savoir plus                                <\/a>\n                                                        <\/div>\n                    <\/div>\n                <\/div>\n                            <\/div>\n            <\/div>\n    <\/div>\t\t\t\t<\/div>\n\t\t\t\t<\/div>\n\t\t\t\t\t<\/div>\n\t\t<\/div>\n\t\t\t\t<div class=\"elementor-column elementor-col-33 elementor-inner-column elementor-element elementor-element-7a20976e elementor-invisible\" data-id=\"7a20976e\" data-element_type=\"column\" data-e-type=\"column\" data-settings=\"{&quot;animation&quot;:&quot;fadeInUp&quot;,&quot;animation_delay&quot;:360}\">\n\t\t\t<div class=\"elementor-widget-wrap elementor-element-populated\">\n\t\t\t\t\t\t<div class=\"elementor-element elementor-element-51af05ea ekit-equal-height-disable elementor-widget elementor-widget-elementskit-image-box\" data-id=\"51af05ea\" data-element_type=\"widget\" data-e-type=\"widget\" data-widget_type=\"elementskit-image-box.default\">\n\t\t\t\t<div class=\"elementor-widget-container\">\n\t\t\t\t\t<div class=\"ekit-wid-con\" >\n            <div class=\"elementskit-info-image-box ekit-image-box text-left simple-card\" >\n\n                \n                <div class=\"elementskit-box-header image-box-img-left\">\n\n                    <img decoding=\"async\" width=\"2560\" height=\"1708\" src=\"https:\/\/seehotel.de\/wp-content\/uploads\/2023\/07\/KR5_6239-scaled.jpg\" class=\"attachment-full size-full wp-image-471\" alt=\"\" srcset=\"https:\/\/seehotel.de\/wp-content\/uploads\/2023\/07\/KR5_6239-scaled.jpg 2560w, https:\/\/seehotel.de\/wp-content\/uploads\/2023\/07\/KR5_6239-300x200.jpg 300w, https:\/\/seehotel.de\/wp-content\/uploads\/2023\/07\/KR5_6239-1024x683.jpg 1024w, https:\/\/seehotel.de\/wp-content\/uploads\/2023\/07\/KR5_6239-768x512.jpg 768w, https:\/\/seehotel.de\/wp-content\/uploads\/2023\/07\/KR5_6239-1536x1025.jpg 1536w, https:\/\/seehotel.de\/wp-content\/uploads\/2023\/07\/KR5_6239-2048x1366.jpg 2048w\" sizes=\"(max-width: 2560px) 100vw, 2560px\" \/>\n                <\/div>\n                \n                <div class=\"elementskit-box-body ekit-image-box-body\">\n                    <div class=\"elementskit-box-content ekit-image-box-body-inner\">\n                                                <h3 class=\"elementskit-info-box-title\">\n\n                        Concept store\n                        \n                    <\/h3>\n                                                            <div class=\"elementskit-box-style-content\">\n                        Dans notre concept store, vous trouverez des meubles de qualit\u00e9, des accessoires exceptionnels et des cadeaux sp\u00e9ciaux. La propri\u00e9taire Susanne Keppel visite toute l'ann\u00e9e des salons d'int\u00e9rieur et compl\u00e8te r\u00e9guli\u00e8rement notre environnement de marques haut de gamme comme Lambert et Flamant avec des tendances actuelles et des marques de niche montantes - un m\u00e9lange inspirant. \u00c0 quelques exceptions pr\u00e8s, vous pouvez acheter l'ameublement et la d\u00e9coration de notre boutique-h\u00f4tel pour les utiliser chez vous - contactez-nous, nous serons ravis de vous conseiller...                    <\/div>\n                                    <\/div>\n\n                                <div class=\"elementskit-box-footer\">\n                    <div class=\"box-footer\">\n                        <div class=\"btn-wraper\">\n                                                            <a href=\"https:\/\/seehotel.de\/fr\/hotel\/concept-store\/\" class=\"elementskit-btn whitespace--normal\">\n                                    \n                                    \n                                    En savoir plus                                <\/a>\n                                                        <\/div>\n                    <\/div>\n                <\/div>\n                            <\/div>\n            <\/div>\n    <\/div>\t\t\t\t<\/div>\n\t\t\t\t<\/div>\n\t\t\t\t\t<\/div>\n\t\t<\/div>\n\t\t\t\t<div class=\"elementor-column elementor-col-33 elementor-inner-column elementor-element elementor-element-45a81be elementor-invisible\" data-id=\"45a81be\" data-element_type=\"column\" data-e-type=\"column\" data-settings=\"{&quot;animation&quot;:&quot;fadeInUp&quot;}\">\n\t\t\t<div class=\"elementor-widget-wrap elementor-element-populated\">\n\t\t\t\t\t\t<div class=\"elementor-element elementor-element-50200162 ekit-equal-height-disable elementor-widget elementor-widget-elementskit-image-box\" data-id=\"50200162\" data-element_type=\"widget\" data-e-type=\"widget\" data-widget_type=\"elementskit-image-box.default\">\n\t\t\t\t<div class=\"elementor-widget-container\">\n\t\t\t\t\t<div class=\"ekit-wid-con\" >\n            <div class=\"elementskit-info-image-box ekit-image-box text-left simple-card\" >\n\n                \n                <div class=\"elementskit-box-header image-box-img-left\">\n\n                    <img loading=\"lazy\" decoding=\"async\" width=\"2560\" height=\"1710\" src=\"https:\/\/seehotel.de\/wp-content\/uploads\/2023\/11\/Photovoltaik-scaled-e1702309713959.webp\" class=\"attachment-full size-full wp-image-930\" alt=\"\" srcset=\"https:\/\/seehotel.de\/wp-content\/uploads\/2023\/11\/Photovoltaik-scaled-e1702309713959.webp 2560w, https:\/\/seehotel.de\/wp-content\/uploads\/2023\/11\/Photovoltaik-scaled-e1702309713959-300x200.webp 300w, https:\/\/seehotel.de\/wp-content\/uploads\/2023\/11\/Photovoltaik-scaled-e1702309713959-1024x684.webp 1024w, https:\/\/seehotel.de\/wp-content\/uploads\/2023\/11\/Photovoltaik-scaled-e1702309713959-768x513.webp 768w, https:\/\/seehotel.de\/wp-content\/uploads\/2023\/11\/Photovoltaik-scaled-e1702309713959-1536x1026.webp 1536w, https:\/\/seehotel.de\/wp-content\/uploads\/2023\/11\/Photovoltaik-scaled-e1702309713959-2048x1368.webp 2048w\" sizes=\"(max-width: 2560px) 100vw, 2560px\" \/>\n                <\/div>\n                \n                <div class=\"elementskit-box-body ekit-image-box-body\">\n                    <div class=\"elementskit-box-content ekit-image-box-body-inner\">\n                                                <h3 class=\"elementskit-info-box-title\">\n\n                        Durabilit\u00e9\n                        \n                    <\/h3>\n                                                            <div class=\"elementskit-box-style-content\">\n                        De notre syst\u00e8me photovolta\u00efque, qui utilise efficacement l'\u00e9nergie solaire, aux bornes de recharge \u00e9lectrique, en passant par les Granny Smiths bio et les herbes aromatiques du jardin de l'h\u00f4tel, nous privil\u00e9gions les circuits courts, les innovations \u00e9cologiques et une utilisation raisonn\u00e9e des ressources...                    <\/div>\n                                    <\/div>\n\n                                <div class=\"elementskit-box-footer\">\n                    <div class=\"box-footer\">\n                        <div class=\"btn-wraper\">\n                                                            <a href=\"https:\/\/seehotel.de\/fr\/?page_id=11171\" class=\"elementskit-btn whitespace--normal\">\n                                    \n                                    \n                                    En savoir plus                                <\/a>\n                                                        <\/div>\n                    <\/div>\n                <\/div>\n                            <\/div>\n            <\/div>\n    <\/div>\t\t\t\t<\/div>\n\t\t\t\t<\/div>\n\t\t\t\t\t<\/div>\n\t\t<\/div>\n\t\t\t\t\t<\/div>\n\t\t<\/section>\n\t\t\t\t\t<\/div>\n\t\t<\/div>\n\t\t\t\t\t<\/div>\n\t\t<\/section>\n\t\t\t\t<\/div>\n\t\t","protected":false},"excerpt":{"rendered":"<p>L&rsquo;H\u00d4TEL Tout simplement sp\u00e9cial. Simplement le SeeHotel. 70 chambres modernes dans un endroit absolument calme au bord du lac, quatre salles de r\u00e9union et de r\u00e9ception lumineuses et accessibles pouvant [&hellip;]<\/p>\n","protected":false},"author":2,"featured_media":0,"parent":0,"menu_order":0,"comment_status":"closed","ping_status":"closed","template":"elementor_header_footer","meta":{"footnotes":""},"class_list":["post-8936","page","type-page","status-publish","hentry"],"_links":{"self":[{"href":"https:\/\/seehotel.de\/fr\/wp-json\/wp\/v2\/pages\/8936","targetHints":{"allow":["GET"]}}],"collection":[{"href":"https:\/\/seehotel.de\/fr\/wp-json\/wp\/v2\/pages"}],"about":[{"href":"https:\/\/seehotel.de\/fr\/wp-json\/wp\/v2\/types\/page"}],"author":[{"embeddable":true,"href":"https:\/\/seehotel.de\/fr\/wp-json\/wp\/v2\/users\/2"}],"replies":[{"embeddable":true,"href":"https:\/\/seehotel.de\/fr\/wp-json\/wp\/v2\/comments?post=8936"}],"version-history":[{"count":4,"href":"https:\/\/seehotel.de\/fr\/wp-json\/wp\/v2\/pages\/8936\/revisions"}],"predecessor-version":[{"id":12516,"href":"https:\/\/seehotel.de\/fr\/wp-json\/wp\/v2\/pages\/8936\/revisions\/12516"}],"wp:attachment":[{"href":"https:\/\/seehotel.de\/fr\/wp-json\/wp\/v2\/media?parent=8936"}],"curies":[{"name":"wp","href":"https:\/\/api.w.org\/{rel}","templated":true}]}}