{"id":8910,"date":"2023-11-20T16:52:36","date_gmt":"2023-11-20T15:52:36","guid":{"rendered":"https:\/\/seehotel.de\/offres\/"},"modified":"2025-02-06T01:30:41","modified_gmt":"2025-02-06T00:30:41","slug":"offres","status":"publish","type":"page","link":"https:\/\/seehotel.de\/fr\/hotel\/offres\/","title":{"rendered":"Offres"},"content":{"rendered":"\t\t<div data-elementor-type=\"wp-page\" data-elementor-id=\"8910\" class=\"elementor elementor-8910 elementor-799\" data-elementor-post-type=\"page\">\n\t\t\t\t\t\t<section class=\"elementor-section elementor-top-section elementor-element elementor-element-886ccf9 elementor-section-boxed elementor-section-height-default elementor-section-height-default\" data-id=\"886ccf9\" data-element_type=\"section\" data-e-type=\"section\" data-settings=\"{&quot;background_background&quot;:&quot;classic&quot;}\">\n\t\t\t\t\t\t\t<div class=\"elementor-background-overlay\"><\/div>\n\t\t\t\t\t\t\t<div class=\"elementor-container elementor-column-gap-default\">\n\t\t\t\t\t<div class=\"elementor-column elementor-col-100 elementor-top-column elementor-element elementor-element-1cb3ca47\" data-id=\"1cb3ca47\" data-element_type=\"column\" data-e-type=\"column\">\n\t\t\t<div class=\"elementor-widget-wrap elementor-element-populated\">\n\t\t\t\t\t\t<div class=\"elementor-element elementor-element-43df87c9 elementor-widget__width-auto elementor-invisible elementor-widget elementor-widget-heading\" data-id=\"43df87c9\" data-element_type=\"widget\" data-e-type=\"widget\" data-settings=\"{&quot;_animation&quot;:&quot;fadeInLeft&quot;}\" data-widget_type=\"heading.default\">\n\t\t\t\t<div class=\"elementor-widget-container\">\n\t\t\t\t\t<h2 class=\"elementor-heading-title elementor-size-default\">Offres<\/h2>\t\t\t\t<\/div>\n\t\t\t\t<\/div>\n\t\t\t\t\t<\/div>\n\t\t<\/div>\n\t\t\t\t\t<\/div>\n\t\t<\/section>\n\t\t\t\t<section class=\"elementor-section elementor-top-section elementor-element elementor-element-2794db97 elementor-reverse-mobile elementor-section-boxed elementor-section-height-default elementor-section-height-default\" data-id=\"2794db97\" data-element_type=\"section\" data-e-type=\"section\" data-settings=\"{&quot;background_background&quot;:&quot;gradient&quot;}\">\n\t\t\t\t\t\t<div class=\"elementor-container elementor-column-gap-default\">\n\t\t\t\t\t<div class=\"elementor-column elementor-col-50 elementor-top-column elementor-element elementor-element-59a5f711\" data-id=\"59a5f711\" data-element_type=\"column\" data-e-type=\"column\">\n\t\t\t<div class=\"elementor-widget-wrap elementor-element-populated\">\n\t\t\t\t\t\t<div class=\"elementor-element elementor-element-21a0038c elementor-widget elementor-widget-image\" data-id=\"21a0038c\" data-element_type=\"widget\" data-e-type=\"widget\" data-widget_type=\"image.default\">\n\t\t\t\t<div class=\"elementor-widget-container\">\n\t\t\t\t\t\t\t\t\t\t\t\t\t\t\t<img fetchpriority=\"high\" decoding=\"async\" width=\"2560\" height=\"1707\" src=\"https:\/\/seehotel.de\/wp-content\/uploads\/2023\/07\/MG_9900-scaled.webp\" class=\"attachment-full size-full wp-image-6042\" alt=\"\" srcset=\"https:\/\/seehotel.de\/wp-content\/uploads\/2023\/07\/MG_9900-scaled.webp 2560w, https:\/\/seehotel.de\/wp-content\/uploads\/2023\/07\/MG_9900-300x200.webp 300w, https:\/\/seehotel.de\/wp-content\/uploads\/2023\/07\/MG_9900-1024x683.webp 1024w, https:\/\/seehotel.de\/wp-content\/uploads\/2023\/07\/MG_9900-768x512.webp 768w, https:\/\/seehotel.de\/wp-content\/uploads\/2023\/07\/MG_9900-1536x1024.webp 1536w, https:\/\/seehotel.de\/wp-content\/uploads\/2023\/07\/MG_9900-2048x1365.webp 2048w\" sizes=\"(max-width: 2560px) 100vw, 2560px\" \/>\t\t\t\t\t\t\t\t\t\t\t\t\t\t\t<\/div>\n\t\t\t\t<\/div>\n\t\t\t\t\t<\/div>\n\t\t<\/div>\n\t\t\t\t<div class=\"elementor-column elementor-col-50 elementor-top-column elementor-element elementor-element-4052d624\" data-id=\"4052d624\" data-element_type=\"column\" data-e-type=\"column\">\n\t\t\t<div class=\"elementor-widget-wrap elementor-element-populated\">\n\t\t\t\t\t\t<div class=\"elementor-element elementor-element-7416fa7 elementor-widget elementor-widget-text-editor\" data-id=\"7416fa7\" data-element_type=\"widget\" data-e-type=\"widget\" data-widget_type=\"text-editor.default\">\n\t\t\t\t<div class=\"elementor-widget-container\">\n\t\t\t\t\t\t\t\t\t<nav aria-label=\"breadcrumbs\" class=\"rank-math-breadcrumb\"><p><span class=\"last\">Home<\/span><\/p><\/nav>\n\t\t\t\t\t\t\t\t<\/div>\n\t\t\t\t<\/div>\n\t\t\t\t<div class=\"elementor-element elementor-element-5c56c7fc elementor-widget elementor-widget-heading\" data-id=\"5c56c7fc\" data-element_type=\"widget\" data-e-type=\"widget\" data-widget_type=\"heading.default\">\n\t\t\t\t<div class=\"elementor-widget-container\">\n\t\t\t\t\t<h2 class=\"elementor-heading-title elementor-size-default\">Court s\u00e9jour<\/h2>\t\t\t\t<\/div>\n\t\t\t\t<\/div>\n\t\t\t\t<div class=\"elementor-element elementor-element-d553b56 elementor-drop-cap-yes elementor-drop-cap-view-default elementor-widget elementor-widget-text-editor\" data-id=\"d553b56\" data-element_type=\"widget\" data-e-type=\"widget\" data-settings=\"{&quot;drop_cap&quot;:&quot;yes&quot;}\" data-widget_type=\"text-editor.default\">\n\t\t\t\t<div class=\"elementor-widget-container\">\n\t\t\t\t\t\t\t\t\t<p>Parfois, on a besoin de sortir ! Nos arrangements sont parfaits pour une petite pause dans le quotidien tr\u00e9pidant et sont donc \u00e9galement un cadeau tr\u00e8s appr\u00e9ci\u00e9 &#8211; nous vous \u00e9tablirons volontiers un bon-cadeau individuel.<\/p>\n\t\t\t\t\t\t\t\t<\/div>\n\t\t\t\t<\/div>\n\t\t\t\t<div class=\"elementor-element elementor-element-3ed71a33 elementor-view-stacked elementor-position-inline-start elementor-mobile-position-inline-start elementor-shape-circle elementor-widget elementor-widget-icon-box\" data-id=\"3ed71a33\" data-element_type=\"widget\" data-e-type=\"widget\" data-widget_type=\"icon-box.default\">\n\t\t\t\t<div class=\"elementor-widget-container\">\n\t\t\t\t\t\t\t<div class=\"elementor-icon-box-wrapper\">\n\n\t\t\t\t\t\t<div class=\"elementor-icon-box-icon\">\n\t\t\t\t<a href=\"tel:+4962026970\" class=\"elementor-icon elementor-animation-float\" tabindex=\"-1\" aria-label=\"R\u00e9servation\">\n\t\t\t\t<i aria-hidden=\"true\" class=\"icon icon-phone1\"><\/i>\t\t\t\t<\/a>\n\t\t\t<\/div>\n\t\t\t\n\t\t\t\t\t\t<div class=\"elementor-icon-box-content\">\n\n\t\t\t\t\t\t\t\t\t<div class=\"elementor-icon-box-title\">\n\t\t\t\t\t\t<a href=\"tel:+4962026970\" >\n\t\t\t\t\t\t\tR\u00e9servation\t\t\t\t\t\t<\/a>\n\t\t\t\t\t<\/div>\n\t\t\t\t\n\t\t\t\t\t\t\t\t\t<p class=\"elementor-icon-box-description\">\n\t\t\t\t\t\t<a href=\"tel:+4962026970\">+49 6202 6970<\/a>\t\t\t\t\t<\/p>\n\t\t\t\t\n\t\t\t<\/div>\n\t\t\t\n\t\t<\/div>\n\t\t\t\t\t\t<\/div>\n\t\t\t\t<\/div>\n\t\t\t\t\t<\/div>\n\t\t<\/div>\n\t\t\t\t\t<\/div>\n\t\t<\/section>\n\t\t\t\t<section class=\"elementor-section elementor-top-section elementor-element elementor-element-552fb9b6 elementor-section-boxed elementor-section-height-default elementor-section-height-default\" data-id=\"552fb9b6\" data-element_type=\"section\" data-e-type=\"section\" data-settings=\"{&quot;background_background&quot;:&quot;classic&quot;}\">\n\t\t\t\t\t\t\t<div class=\"elementor-background-overlay\"><\/div>\n\t\t\t\t\t\t\t<div class=\"elementor-container elementor-column-gap-default\">\n\t\t\t\t\t<div class=\"elementor-column elementor-col-100 elementor-top-column elementor-element elementor-element-124a178f\" data-id=\"124a178f\" data-element_type=\"column\" data-e-type=\"column\">\n\t\t\t<div class=\"elementor-widget-wrap elementor-element-populated\">\n\t\t\t\t\t\t<section class=\"elementor-section elementor-inner-section elementor-element elementor-element-2235d426 elementor-section-boxed elementor-section-height-default elementor-section-height-default\" data-id=\"2235d426\" data-element_type=\"section\" data-e-type=\"section\">\n\t\t\t\t\t\t<div class=\"elementor-container elementor-column-gap-default\">\n\t\t\t\t\t<div class=\"elementor-column elementor-col-25 elementor-inner-column elementor-element elementor-element-5bd6080 elementor-invisible\" data-id=\"5bd6080\" data-element_type=\"column\" data-e-type=\"column\" data-settings=\"{&quot;animation&quot;:&quot;fadeInUp&quot;,&quot;animation_delay&quot;:360}\">\n\t\t\t<div class=\"elementor-widget-wrap elementor-element-populated\">\n\t\t\t\t\t\t<div class=\"elementor-element elementor-element-fc7a0b2 ekit-equal-height-disable elementor-widget elementor-widget-elementskit-image-box\" data-id=\"fc7a0b2\" data-element_type=\"widget\" data-e-type=\"widget\" data-widget_type=\"elementskit-image-box.default\">\n\t\t\t\t<div class=\"elementor-widget-container\">\n\t\t\t\t\t<div class=\"ekit-wid-con\" >\n            <div class=\"elementskit-info-image-box ekit-image-box text-left simple-card\" >\n\n                \n                <div class=\"elementskit-box-header image-box-img-left\">\n\n                    <img decoding=\"async\" width=\"2560\" height=\"1707\" src=\"https:\/\/seehotel.de\/wp-content\/uploads\/2023\/07\/seehotel_ketsch_feiern_05-scaled.jpg\" class=\"attachment-full size-full wp-image-513\" alt=\"\" srcset=\"https:\/\/seehotel.de\/wp-content\/uploads\/2023\/07\/seehotel_ketsch_feiern_05-scaled.jpg 2560w, https:\/\/seehotel.de\/wp-content\/uploads\/2023\/07\/seehotel_ketsch_feiern_05-300x200.jpg 300w, https:\/\/seehotel.de\/wp-content\/uploads\/2023\/07\/seehotel_ketsch_feiern_05-1024x683.jpg 1024w, https:\/\/seehotel.de\/wp-content\/uploads\/2023\/07\/seehotel_ketsch_feiern_05-768x512.jpg 768w, https:\/\/seehotel.de\/wp-content\/uploads\/2023\/07\/seehotel_ketsch_feiern_05-1536x1024.jpg 1536w, https:\/\/seehotel.de\/wp-content\/uploads\/2023\/07\/seehotel_ketsch_feiern_05-2048x1365.jpg 2048w\" sizes=\"(max-width: 2560px) 100vw, 2560px\" \/>\n                <\/div>\n                \n                <div class=\"elementskit-box-body ekit-image-box-body\">\n                    <div class=\"elementskit-box-content ekit-image-box-body-inner\">\n                                                <h3 class=\"elementskit-info-box-title\">\n\n                        Saint-Valentin\n                        \n                    <\/h3>\n                                                            <div class=\"elementskit-box-style-content\">\n                        Toujours \u00e0 la recherche d'un cadeau sp\u00e9cial pour votre personne pr\u00e9f\u00e9r\u00e9e ? Que diriez-vous d'un s\u00e9jour inoubliable en t\u00eate-\u00e0-t\u00eate ? Nous vous emmenons dans un voyage culinaire qui c\u00e9l\u00e8bre et renforce l'amour...                    <\/div>\n                                    <\/div>\n\n                                <div class=\"elementskit-box-footer\">\n                    <div class=\"box-footer\">\n                        <div class=\"btn-wraper\">\n                                                            <a href=\"https:\/\/seehotel.de\/fr\/hotel\/offres\/arrangement-de-la-saint-valentin\/\" class=\"elementskit-btn whitespace--normal\">\n                                    \n                                    \n                                    En savoir plus                                <\/a>\n                                                        <\/div>\n                    <\/div>\n                <\/div>\n                            <\/div>\n            <\/div>\n    <\/div>\t\t\t\t<\/div>\n\t\t\t\t<\/div>\n\t\t\t\t\t<\/div>\n\t\t<\/div>\n\t\t\t\t<div class=\"elementor-column elementor-col-25 elementor-inner-column elementor-element elementor-element-5ee53a8 elementor-invisible\" data-id=\"5ee53a8\" data-element_type=\"column\" data-e-type=\"column\" data-settings=\"{&quot;animation&quot;:&quot;fadeInUp&quot;,&quot;animation_delay&quot;:720}\">\n\t\t\t<div class=\"elementor-widget-wrap elementor-element-populated\">\n\t\t\t\t\t\t<div class=\"elementor-element elementor-element-fa3522f ekit-equal-height-disable elementor-widget elementor-widget-elementskit-image-box\" data-id=\"fa3522f\" data-element_type=\"widget\" data-e-type=\"widget\" data-widget_type=\"elementskit-image-box.default\">\n\t\t\t\t<div class=\"elementor-widget-container\">\n\t\t\t\t\t<div class=\"ekit-wid-con\" >\n            <div class=\"elementskit-info-image-box ekit-image-box text-left simple-card\" >\n\n                \n                <div class=\"elementskit-box-header image-box-img-left\">\n\n                    <img decoding=\"async\" width=\"2560\" height=\"1707\" src=\"https:\/\/seehotel.de\/wp-content\/uploads\/2023\/07\/seehotel-ansicht-frontal-gross-1-scaled.jpg\" class=\"attachment-full size-full wp-image-460\" alt=\"\" srcset=\"https:\/\/seehotel.de\/wp-content\/uploads\/2023\/07\/seehotel-ansicht-frontal-gross-1-scaled.jpg 2560w, https:\/\/seehotel.de\/wp-content\/uploads\/2023\/07\/seehotel-ansicht-frontal-gross-1-300x200.jpg 300w, https:\/\/seehotel.de\/wp-content\/uploads\/2023\/07\/seehotel-ansicht-frontal-gross-1-1024x683.jpg 1024w, https:\/\/seehotel.de\/wp-content\/uploads\/2023\/07\/seehotel-ansicht-frontal-gross-1-768x512.jpg 768w, https:\/\/seehotel.de\/wp-content\/uploads\/2023\/07\/seehotel-ansicht-frontal-gross-1-1536x1024.jpg 1536w, https:\/\/seehotel.de\/wp-content\/uploads\/2023\/07\/seehotel-ansicht-frontal-gross-1-2048x1365.jpg 2048w\" sizes=\"(max-width: 2560px) 100vw, 2560px\" \/>\n                <\/div>\n                \n                <div class=\"elementskit-box-body ekit-image-box-body\">\n                    <div class=\"elementskit-box-content ekit-image-box-body-inner\">\n                                                <h3 class=\"elementskit-info-box-title\">\n\n                        Temps mort au bord du lac\n                        \n                    <\/h3>\n                                                            <div class=\"elementskit-box-style-content\">\n                        Embarquez pour un voyage culinaire avec le chef Christian Kesselring dans notre restaurant Die Ente et profitez ensuite de votre chambre-boutique avec vue sur le lac ou sur les champs et les prairies. Un petit d\u00e9jeuner copieux le lendemain matin compl\u00e8tera votre escapade au bord du lac...                    <\/div>\n                                    <\/div>\n\n                                <div class=\"elementskit-box-footer\">\n                    <div class=\"box-footer\">\n                        <div class=\"btn-wraper\">\n                                                            <a href=\"https:\/\/seehotel.de\/fr\/hotel\/offres\/temps-mort-au-bord-du-lac\/\" class=\"elementskit-btn whitespace--normal\">\n                                    \n                                    \n                                    En savoir plus                                <\/a>\n                                                        <\/div>\n                    <\/div>\n                <\/div>\n                            <\/div>\n            <\/div>\n    <\/div>\t\t\t\t<\/div>\n\t\t\t\t<\/div>\n\t\t\t\t\t<\/div>\n\t\t<\/div>\n\t\t\t\t<div class=\"elementor-column elementor-col-25 elementor-inner-column elementor-element elementor-element-4e08d07f elementor-invisible\" data-id=\"4e08d07f\" data-element_type=\"column\" data-e-type=\"column\" data-settings=\"{&quot;animation&quot;:&quot;fadeInUp&quot;,&quot;animation_delay&quot;:360}\">\n\t\t\t<div class=\"elementor-widget-wrap elementor-element-populated\">\n\t\t\t\t\t\t<div class=\"elementor-element elementor-element-1b71de3b ekit-equal-height-disable elementor-widget elementor-widget-elementskit-image-box\" data-id=\"1b71de3b\" data-element_type=\"widget\" data-e-type=\"widget\" data-widget_type=\"elementskit-image-box.default\">\n\t\t\t\t<div class=\"elementor-widget-container\">\n\t\t\t\t\t<div class=\"ekit-wid-con\" >\n            <div class=\"elementskit-info-image-box ekit-image-box text-left simple-card\" >\n\n                \n                <div class=\"elementskit-box-header image-box-img-left\">\n\n                    <img loading=\"lazy\" decoding=\"async\" width=\"2560\" height=\"1707\" src=\"https:\/\/seehotel.de\/wp-content\/uploads\/2023\/11\/53009747181_179ef33b8d_o-scaled.webp\" class=\"attachment-full size-full wp-image-946\" alt=\"\" srcset=\"https:\/\/seehotel.de\/wp-content\/uploads\/2023\/11\/53009747181_179ef33b8d_o-scaled.webp 2560w, https:\/\/seehotel.de\/wp-content\/uploads\/2023\/11\/53009747181_179ef33b8d_o-300x200.webp 300w, https:\/\/seehotel.de\/wp-content\/uploads\/2023\/11\/53009747181_179ef33b8d_o-1024x683.webp 1024w, https:\/\/seehotel.de\/wp-content\/uploads\/2023\/11\/53009747181_179ef33b8d_o-768x512.webp 768w, https:\/\/seehotel.de\/wp-content\/uploads\/2023\/11\/53009747181_179ef33b8d_o-1536x1024.webp 1536w, https:\/\/seehotel.de\/wp-content\/uploads\/2023\/11\/53009747181_179ef33b8d_o-2048x1365.webp 2048w\" sizes=\"(max-width: 2560px) 100vw, 2560px\" \/>\n                <\/div>\n                \n                <div class=\"elementskit-box-body ekit-image-box-body\">\n                    <div class=\"elementskit-box-content ekit-image-box-body-inner\">\n                                                <h3 class=\"elementskit-info-box-title\">\n\n                        Golf &amp; Vert\n                        \n                    <\/h3>\n                                                            <div class=\"elementskit-box-style-content\">\n                        Frappez sur l'un des plus beaux terrains de golf d'Europe et profitez ensuite du calme divin au bord du lac...                      <\/div>\n                                    <\/div>\n\n                                <div class=\"elementskit-box-footer\">\n                    <div class=\"box-footer\">\n                        <div class=\"btn-wraper\">\n                                                            <a href=\"https:\/\/seehotel.de\/fr\/hotel\/offres\/golf-green\/\" class=\"elementskit-btn whitespace--normal\">\n                                    \n                                    \n                                    En savoir plus                                <\/a>\n                                                        <\/div>\n                    <\/div>\n                <\/div>\n                            <\/div>\n            <\/div>\n    <\/div>\t\t\t\t<\/div>\n\t\t\t\t<\/div>\n\t\t\t\t\t<\/div>\n\t\t<\/div>\n\t\t\t\t<div class=\"elementor-column elementor-col-25 elementor-inner-column elementor-element elementor-element-6164be2 elementor-invisible\" data-id=\"6164be2\" data-element_type=\"column\" data-e-type=\"column\" data-settings=\"{&quot;animation&quot;:&quot;fadeInUp&quot;,&quot;animation_delay&quot;:720}\">\n\t\t\t<div class=\"elementor-widget-wrap elementor-element-populated\">\n\t\t\t\t\t\t<div class=\"elementor-element elementor-element-b57209f ekit-equal-height-disable elementor-widget elementor-widget-elementskit-image-box\" data-id=\"b57209f\" data-element_type=\"widget\" data-e-type=\"widget\" data-widget_type=\"elementskit-image-box.default\">\n\t\t\t\t<div class=\"elementor-widget-container\">\n\t\t\t\t\t<div class=\"ekit-wid-con\" >\n            <div class=\"elementskit-info-image-box ekit-image-box text-left simple-card\" >\n\n                \n                <div class=\"elementskit-box-header image-box-img-left\">\n\n                    <img loading=\"lazy\" decoding=\"async\" width=\"2560\" height=\"1707\" src=\"https:\/\/seehotel.de\/wp-content\/uploads\/2024\/08\/MG_8045-scaled.jpg\" class=\"attachment-full size-full wp-image-9969\" alt=\"\" srcset=\"https:\/\/seehotel.de\/wp-content\/uploads\/2024\/08\/MG_8045-scaled.jpg 2560w, https:\/\/seehotel.de\/wp-content\/uploads\/2024\/08\/MG_8045-300x200.jpg 300w, https:\/\/seehotel.de\/wp-content\/uploads\/2024\/08\/MG_8045-1024x683.jpg 1024w, https:\/\/seehotel.de\/wp-content\/uploads\/2024\/08\/MG_8045-768x512.jpg 768w, https:\/\/seehotel.de\/wp-content\/uploads\/2024\/08\/MG_8045-1536x1024.jpg 1536w, https:\/\/seehotel.de\/wp-content\/uploads\/2024\/08\/MG_8045-2048x1365.jpg 2048w\" sizes=\"(max-width: 2560px) 100vw, 2560px\" \/>\n                <\/div>\n                \n                <div class=\"elementskit-box-body ekit-image-box-body\">\n                    <div class=\"elementskit-box-content ekit-image-box-body-inner\">\n                                                <h3 class=\"elementskit-info-box-title\">\n\n                        Faire du v\u00e9lo au bord du lac\n                        \n                    <\/h3>\n                                                            <div class=\"elementskit-box-style-content\">\n                        Situ\u00e9 au centre de la r\u00e9gion m\u00e9tropolitaine Rhin-Neckar, le SeeHotel est un point de d\u00e9part optimal pour vos explorations sur deux roues. De courtes distances (principalement plates dans la plaine du Rhin) m\u00e8nent aux charmantes villes de Heidelberg, Spire et Mannheim ainsi qu'au Palatinat, id\u00e9al pour des excursions d'une journ\u00e9e en toute d\u00e9contraction et avec une grande valeur ajout\u00e9e...                    <\/div>\n                                    <\/div>\n\n                                <div class=\"elementskit-box-footer\">\n                    <div class=\"box-footer\">\n                        <div class=\"btn-wraper\">\n                                                            <a href=\"https:\/\/seehotel.de\/fr\/hotel\/offres\/faire-du-velo-au-bord-du-lac\/\" class=\"elementskit-btn whitespace--normal\">\n                                    \n                                    \n                                    En savoir plus                                <\/a>\n                                                        <\/div>\n                    <\/div>\n                <\/div>\n                            <\/div>\n            <\/div>\n    <\/div>\t\t\t\t<\/div>\n\t\t\t\t<\/div>\n\t\t\t\t\t<\/div>\n\t\t<\/div>\n\t\t\t\t\t<\/div>\n\t\t<\/section>\n\t\t\t\t\t<\/div>\n\t\t<\/div>\n\t\t\t\t\t<\/div>\n\t\t<\/section>\n\t\t\t\t<\/div>\n\t\t","protected":false},"excerpt":{"rendered":"<p>Offres Court s\u00e9jour Parfois, on a besoin de sortir ! Nos arrangements sont parfaits pour une petite pause dans le quotidien tr\u00e9pidant et sont donc \u00e9galement un cadeau tr\u00e8s appr\u00e9ci\u00e9 [&hellip;]<\/p>\n","protected":false},"author":2,"featured_media":0,"parent":8936,"menu_order":0,"comment_status":"closed","ping_status":"closed","template":"elementor_header_footer","meta":{"footnotes":""},"class_list":["post-8910","page","type-page","status-publish","hentry"],"_links":{"self":[{"href":"https:\/\/seehotel.de\/fr\/wp-json\/wp\/v2\/pages\/8910","targetHints":{"allow":["GET"]}}],"collection":[{"href":"https:\/\/seehotel.de\/fr\/wp-json\/wp\/v2\/pages"}],"about":[{"href":"https:\/\/seehotel.de\/fr\/wp-json\/wp\/v2\/types\/page"}],"author":[{"embeddable":true,"href":"https:\/\/seehotel.de\/fr\/wp-json\/wp\/v2\/users\/2"}],"replies":[{"embeddable":true,"href":"https:\/\/seehotel.de\/fr\/wp-json\/wp\/v2\/comments?post=8910"}],"version-history":[{"count":7,"href":"https:\/\/seehotel.de\/fr\/wp-json\/wp\/v2\/pages\/8910\/revisions"}],"predecessor-version":[{"id":11649,"href":"https:\/\/seehotel.de\/fr\/wp-json\/wp\/v2\/pages\/8910\/revisions\/11649"}],"up":[{"embeddable":true,"href":"https:\/\/seehotel.de\/fr\/wp-json\/wp\/v2\/pages\/8936"}],"wp:attachment":[{"href":"https:\/\/seehotel.de\/fr\/wp-json\/wp\/v2\/media?parent=8910"}],"curies":[{"name":"wp","href":"https:\/\/api.w.org\/{rel}","templated":true}]}}