{"id":8906,"date":"2023-11-21T16:07:18","date_gmt":"2023-11-21T15:07:18","guid":{"rendered":"https:\/\/seehotel.de\/bons-dachat\/"},"modified":"2024-07-11T08:35:22","modified_gmt":"2024-07-11T06:35:22","slug":"bons-dachat","status":"publish","type":"page","link":"https:\/\/seehotel.de\/fr\/hotel\/bons-dachat\/","title":{"rendered":"Bons d&rsquo;achat"},"content":{"rendered":"\t\t<div data-elementor-type=\"wp-page\" data-elementor-id=\"8906\" class=\"elementor elementor-8906 elementor-838\" data-elementor-post-type=\"page\">\n\t\t\t\t\t\t<section class=\"elementor-section elementor-top-section elementor-element elementor-element-73ea7836 elementor-section-boxed elementor-section-height-default elementor-section-height-default\" data-id=\"73ea7836\" data-element_type=\"section\" data-e-type=\"section\" data-settings=\"{&quot;background_background&quot;:&quot;classic&quot;}\">\n\t\t\t\t\t\t\t<div class=\"elementor-background-overlay\"><\/div>\n\t\t\t\t\t\t\t<div class=\"elementor-container elementor-column-gap-default\">\n\t\t\t\t\t<div class=\"elementor-column elementor-col-100 elementor-top-column elementor-element elementor-element-518ce4af\" data-id=\"518ce4af\" data-element_type=\"column\" data-e-type=\"column\">\n\t\t\t<div class=\"elementor-widget-wrap elementor-element-populated\">\n\t\t\t\t\t\t<div class=\"elementor-element elementor-element-4b5d2e22 elementor-widget__width-auto elementor-invisible elementor-widget elementor-widget-heading\" data-id=\"4b5d2e22\" data-element_type=\"widget\" data-e-type=\"widget\" data-settings=\"{&quot;_animation&quot;:&quot;fadeInLeft&quot;}\" data-widget_type=\"heading.default\">\n\t\t\t\t<div class=\"elementor-widget-container\">\n\t\t\t\t\t<h2 class=\"elementor-heading-title elementor-size-default\">Bons d'achat<\/h2>\t\t\t\t<\/div>\n\t\t\t\t<\/div>\n\t\t\t\t\t<\/div>\n\t\t<\/div>\n\t\t\t\t\t<\/div>\n\t\t<\/section>\n\t\t\t\t<section class=\"elementor-section elementor-top-section elementor-element elementor-element-174f1c95 elementor-reverse-mobile elementor-section-boxed elementor-section-height-default elementor-section-height-default\" data-id=\"174f1c95\" data-element_type=\"section\" data-e-type=\"section\" data-settings=\"{&quot;background_background&quot;:&quot;gradient&quot;}\">\n\t\t\t\t\t\t<div class=\"elementor-container elementor-column-gap-default\">\n\t\t\t\t\t<div class=\"elementor-column elementor-col-50 elementor-top-column elementor-element elementor-element-3bf2d01f\" data-id=\"3bf2d01f\" data-element_type=\"column\" data-e-type=\"column\">\n\t\t\t<div class=\"elementor-widget-wrap elementor-element-populated\">\n\t\t\t\t\t\t<div class=\"elementor-element elementor-element-46a5bf66 elementor-widget__width-initial elementor-absolute elementor-invisible elementor-widget elementor-widget-image\" data-id=\"46a5bf66\" data-element_type=\"widget\" data-e-type=\"widget\" data-settings=\"{&quot;_position&quot;:&quot;absolute&quot;,&quot;_animation&quot;:&quot;slideInUp&quot;}\" data-widget_type=\"image.default\">\n\t\t\t\t<div class=\"elementor-widget-container\">\n\t\t\t\t\t\t\t\t\t\t\t\t\t\t\t<img fetchpriority=\"high\" decoding=\"async\" width=\"1920\" height=\"2560\" src=\"https:\/\/seehotel.de\/wp-content\/uploads\/2023\/11\/Gutschein-2-scaled.webp\" class=\"attachment-full size-full wp-image-6160\" alt=\"\" srcset=\"https:\/\/seehotel.de\/wp-content\/uploads\/2023\/11\/Gutschein-2-scaled.webp 1920w, https:\/\/seehotel.de\/wp-content\/uploads\/2023\/11\/Gutschein-2-225x300.webp 225w, https:\/\/seehotel.de\/wp-content\/uploads\/2023\/11\/Gutschein-2-768x1024.webp 768w, https:\/\/seehotel.de\/wp-content\/uploads\/2023\/11\/Gutschein-2-1152x1536.webp 1152w, https:\/\/seehotel.de\/wp-content\/uploads\/2023\/11\/Gutschein-2-1536x2048.webp 1536w\" sizes=\"(max-width: 1920px) 100vw, 1920px\" \/>\t\t\t\t\t\t\t\t\t\t\t\t\t\t\t<\/div>\n\t\t\t\t<\/div>\n\t\t\t\t<div class=\"elementor-element elementor-element-73d68a74 elementor-widget elementor-widget-image\" data-id=\"73d68a74\" data-element_type=\"widget\" data-e-type=\"widget\" data-widget_type=\"image.default\">\n\t\t\t\t<div class=\"elementor-widget-container\">\n\t\t\t\t\t\t\t\t\t\t\t\t\t\t\t<img decoding=\"async\" width=\"2560\" height=\"1357\" src=\"https:\/\/seehotel.de\/wp-content\/uploads\/2023\/11\/Gutschein_last_minute_FB-1.png\" class=\"attachment-full size-full wp-image-6156\" alt=\"\" srcset=\"https:\/\/seehotel.de\/wp-content\/uploads\/2023\/11\/Gutschein_last_minute_FB-1.png 2560w, https:\/\/seehotel.de\/wp-content\/uploads\/2023\/11\/Gutschein_last_minute_FB-1-300x159.png 300w, https:\/\/seehotel.de\/wp-content\/uploads\/2023\/11\/Gutschein_last_minute_FB-1-1024x543.png 1024w, https:\/\/seehotel.de\/wp-content\/uploads\/2023\/11\/Gutschein_last_minute_FB-1-768x407.png 768w, https:\/\/seehotel.de\/wp-content\/uploads\/2023\/11\/Gutschein_last_minute_FB-1-1536x814.png 1536w, https:\/\/seehotel.de\/wp-content\/uploads\/2023\/11\/Gutschein_last_minute_FB-1-2048x1086.png 2048w\" sizes=\"(max-width: 2560px) 100vw, 2560px\" \/>\t\t\t\t\t\t\t\t\t\t\t\t\t\t\t<\/div>\n\t\t\t\t<\/div>\n\t\t\t\t\t<\/div>\n\t\t<\/div>\n\t\t\t\t<div class=\"elementor-column elementor-col-50 elementor-top-column elementor-element elementor-element-27403201\" data-id=\"27403201\" data-element_type=\"column\" data-e-type=\"column\">\n\t\t\t<div class=\"elementor-widget-wrap elementor-element-populated\">\n\t\t\t\t\t\t<div class=\"elementor-element elementor-element-24f1c5b elementor-widget elementor-widget-text-editor\" data-id=\"24f1c5b\" data-element_type=\"widget\" data-e-type=\"widget\" data-widget_type=\"text-editor.default\">\n\t\t\t\t<div class=\"elementor-widget-container\">\n\t\t\t\t\t\t\t\t\t<nav aria-label=\"breadcrumbs\" class=\"rank-math-breadcrumb\"><p><span class=\"last\">Home<\/span><\/p><\/nav>\n\t\t\t\t\t\t\t\t<\/div>\n\t\t\t\t<\/div>\n\t\t\t\t<div class=\"elementor-element elementor-element-3c585abb elementor-widget elementor-widget-heading\" data-id=\"3c585abb\" data-element_type=\"widget\" data-e-type=\"widget\" data-widget_type=\"heading.default\">\n\t\t\t\t<div class=\"elementor-widget-container\">\n\t\t\t\t\t<h2 class=\"elementor-heading-title elementor-size-default\">Un cadeau sp\u00e9cial<\/h2>\t\t\t\t<\/div>\n\t\t\t\t<\/div>\n\t\t\t\t<div class=\"elementor-element elementor-element-49ecd19 elementor-drop-cap-yes elementor-drop-cap-view-default elementor-widget elementor-widget-text-editor\" data-id=\"49ecd19\" data-element_type=\"widget\" data-e-type=\"widget\" data-settings=\"{&quot;drop_cap&quot;:&quot;yes&quot;}\" data-widget_type=\"text-editor.default\">\n\t\t\t\t<div class=\"elementor-widget-container\">\n\t\t\t\t\t\t\t\t\t<p>Il y a toujours une occasion particuli\u00e8re de faire plaisir \u00e0 d&rsquo;autres personnes, et comme chacun est unique, nous cr\u00e9ons votre bon cadeau sur mesure pour vos proches.<\/p>\n\t\t\t\t\t\t\t\t<\/div>\n\t\t\t\t<\/div>\n\t\t\t\t\t<\/div>\n\t\t<\/div>\n\t\t\t\t\t<\/div>\n\t\t<\/section>\n\t\t\t\t<section class=\"elementor-section elementor-top-section elementor-element elementor-element-1fd6165c elementor-section-boxed elementor-section-height-default elementor-section-height-default\" data-id=\"1fd6165c\" data-element_type=\"section\" data-e-type=\"section\" data-settings=\"{&quot;background_background&quot;:&quot;gradient&quot;}\">\n\t\t\t\t\t\t<div class=\"elementor-container elementor-column-gap-default\">\n\t\t\t\t\t<div class=\"elementor-column elementor-col-100 elementor-top-column elementor-element elementor-element-67650d48\" data-id=\"67650d48\" data-element_type=\"column\" data-e-type=\"column\">\n\t\t\t<div class=\"elementor-widget-wrap elementor-element-populated\">\n\t\t\t\t\t\t<div class=\"elementor-element elementor-element-55578cda elementor-cta--layout-image-right elementor-cta--mobile-layout-image-above elementor-cta--skin-classic elementor-animated-content elementor-widget elementor-widget-call-to-action\" data-id=\"55578cda\" data-element_type=\"widget\" data-e-type=\"widget\" data-widget_type=\"call-to-action.default\">\n\t\t\t\t<div class=\"elementor-widget-container\">\n\t\t\t\t\t\t\t<div class=\"elementor-cta\">\n\t\t\t\t\t<div class=\"elementor-cta__bg-wrapper\">\n\t\t\t\t<div class=\"elementor-cta__bg elementor-bg\" style=\"background-image: url(https:\/\/seehotel.de\/wp-content\/uploads\/2023\/12\/MG_5386-scaled.webp);\" role=\"img\" aria-label=\"_MG_5386\"><\/div>\n\t\t\t\t<div class=\"elementor-cta__bg-overlay\"><\/div>\n\t\t\t<\/div>\n\t\t\t\t\t\t\t<div class=\"elementor-cta__content\">\n\t\t\t\t\n\t\t\t\t\t\t\t\t\t<h2 class=\"elementor-cta__title elementor-cta__content-item elementor-content-item\">\n\t\t\t\t\t\tCon\u00e7u avec amour\t\t\t\t\t<\/h2>\n\t\t\t\t\n\t\t\t\t\t\t\t\t\t<div class=\"elementor-cta__description elementor-cta__content-item elementor-content-item\">\n\t\t\t\t\t\t<p>Qu'il s'agisse d'une nuit dans l'une de nos 70 magnifiques chambres-boutiques, d'un d\u00eener romantique aux chandelles \u00e0 deux ou d'une combinaison des deux sous forme d'arrangement, nous cr\u00e9ons et emballons votre id\u00e9e de cadeau avec amour et soin. Vous avez le choix entre un montant fixe ou une variante ouverte. De plus, vous pouvez ajouter un texte personnel ou une photo pour personnaliser encore plus votre bon. Nous nous ferons un plaisir de vous conseiller, d'accepter les pr\u00e9commandes par t\u00e9l\u00e9phone ou par e-mail et, bien entendu, d'envoyer votre bon par la poste si vous le souhaitez.<\/p>\n\t\t\t\t\t<\/div>\n\t\t\t\t\n\t\t\t\t\t\t\t<\/div>\n\t\t\t\t\t\t<\/div>\n\t\t\t\t\t\t<\/div>\n\t\t\t\t<\/div>\n\t\t\t\t\t<\/div>\n\t\t<\/div>\n\t\t\t\t\t<\/div>\n\t\t<\/section>\n\t\t\t\t<\/div>\n\t\t","protected":false},"excerpt":{"rendered":"<p>Bons d&rsquo;achat Un cadeau sp\u00e9cial Il y a toujours une occasion particuli\u00e8re de faire plaisir \u00e0 d&rsquo;autres personnes, et comme chacun est unique, nous cr\u00e9ons votre bon cadeau sur mesure [&hellip;]<\/p>\n","protected":false},"author":2,"featured_media":0,"parent":8936,"menu_order":0,"comment_status":"closed","ping_status":"closed","template":"elementor_header_footer","meta":{"footnotes":""},"class_list":["post-8906","page","type-page","status-publish","hentry"],"_links":{"self":[{"href":"https:\/\/seehotel.de\/fr\/wp-json\/wp\/v2\/pages\/8906","targetHints":{"allow":["GET"]}}],"collection":[{"href":"https:\/\/seehotel.de\/fr\/wp-json\/wp\/v2\/pages"}],"about":[{"href":"https:\/\/seehotel.de\/fr\/wp-json\/wp\/v2\/types\/page"}],"author":[{"embeddable":true,"href":"https:\/\/seehotel.de\/fr\/wp-json\/wp\/v2\/users\/2"}],"replies":[{"embeddable":true,"href":"https:\/\/seehotel.de\/fr\/wp-json\/wp\/v2\/comments?post=8906"}],"version-history":[{"count":3,"href":"https:\/\/seehotel.de\/fr\/wp-json\/wp\/v2\/pages\/8906\/revisions"}],"predecessor-version":[{"id":8917,"href":"https:\/\/seehotel.de\/fr\/wp-json\/wp\/v2\/pages\/8906\/revisions\/8917"}],"up":[{"embeddable":true,"href":"https:\/\/seehotel.de\/fr\/wp-json\/wp\/v2\/pages\/8936"}],"wp:attachment":[{"href":"https:\/\/seehotel.de\/fr\/wp-json\/wp\/v2\/media?parent=8906"}],"curies":[{"name":"wp","href":"https:\/\/api.w.org\/{rel}","templated":true}]}}