{"id":8896,"date":"2023-11-21T15:49:11","date_gmt":"2023-11-21T14:49:11","guid":{"rendered":"https:\/\/seehotel.de\/temps-mort-au-bord-du-lac\/"},"modified":"2025-01-07T15:27:53","modified_gmt":"2025-01-07T14:27:53","slug":"temps-mort-au-bord-du-lac","status":"publish","type":"page","link":"https:\/\/seehotel.de\/fr\/hotel\/offres\/temps-mort-au-bord-du-lac\/","title":{"rendered":"Temps mort au bord du lac"},"content":{"rendered":"\t\t<div data-elementor-type=\"wp-page\" data-elementor-id=\"8896\" class=\"elementor elementor-8896 elementor-821\" data-elementor-post-type=\"page\">\n\t\t\t\t\t\t<section class=\"elementor-section elementor-top-section elementor-element elementor-element-4cb126f8 elementor-section-boxed elementor-section-height-default elementor-section-height-default\" data-id=\"4cb126f8\" data-element_type=\"section\" data-e-type=\"section\" data-settings=\"{&quot;background_background&quot;:&quot;classic&quot;}\">\n\t\t\t\t\t\t\t<div class=\"elementor-background-overlay\"><\/div>\n\t\t\t\t\t\t\t<div class=\"elementor-container elementor-column-gap-default\">\n\t\t\t\t\t<div class=\"elementor-column elementor-col-100 elementor-top-column elementor-element elementor-element-60491da6\" data-id=\"60491da6\" data-element_type=\"column\" data-e-type=\"column\">\n\t\t\t<div class=\"elementor-widget-wrap elementor-element-populated\">\n\t\t\t\t\t\t<div class=\"elementor-element elementor-element-7a00cb66 elementor-widget__width-auto elementor-invisible elementor-widget elementor-widget-heading\" data-id=\"7a00cb66\" data-element_type=\"widget\" data-e-type=\"widget\" data-settings=\"{&quot;_animation&quot;:&quot;fadeInLeft&quot;}\" data-widget_type=\"heading.default\">\n\t\t\t\t<div class=\"elementor-widget-container\">\n\t\t\t\t\t<h2 class=\"elementor-heading-title elementor-size-default\">Temps mort au bord du lac<\/h2>\t\t\t\t<\/div>\n\t\t\t\t<\/div>\n\t\t\t\t\t<\/div>\n\t\t<\/div>\n\t\t\t\t\t<\/div>\n\t\t<\/section>\n\t\t\t\t<section class=\"elementor-section elementor-top-section elementor-element elementor-element-184234d1 elementor-reverse-mobile elementor-section-boxed elementor-section-height-default elementor-section-height-default\" data-id=\"184234d1\" data-element_type=\"section\" data-e-type=\"section\" data-settings=\"{&quot;background_background&quot;:&quot;gradient&quot;}\">\n\t\t\t\t\t\t<div class=\"elementor-container elementor-column-gap-default\">\n\t\t\t\t\t<div class=\"elementor-column elementor-col-50 elementor-top-column elementor-element elementor-element-6f1ba1c6\" data-id=\"6f1ba1c6\" data-element_type=\"column\" data-e-type=\"column\">\n\t\t\t<div class=\"elementor-widget-wrap elementor-element-populated\">\n\t\t\t\t\t\t<div class=\"elementor-element elementor-element-7e20d3c0 elementor-widget__width-initial elementor-absolute elementor-invisible elementor-widget elementor-widget-image\" data-id=\"7e20d3c0\" data-element_type=\"widget\" data-e-type=\"widget\" data-settings=\"{&quot;_position&quot;:&quot;absolute&quot;,&quot;_animation&quot;:&quot;slideInUp&quot;}\" data-widget_type=\"image.default\">\n\t\t\t\t<div class=\"elementor-widget-container\">\n\t\t\t\t\t\t\t\t\t\t\t\t\t\t\t<img fetchpriority=\"high\" decoding=\"async\" width=\"2560\" height=\"1707\" src=\"https:\/\/seehotel.de\/wp-content\/uploads\/2023\/05\/seehotel_ketsch_anglersee_01-scaled.jpg\" class=\"attachment-full size-full wp-image-5692\" alt=\"\" srcset=\"https:\/\/seehotel.de\/wp-content\/uploads\/2023\/05\/seehotel_ketsch_anglersee_01-scaled.jpg 2560w, https:\/\/seehotel.de\/wp-content\/uploads\/2023\/05\/seehotel_ketsch_anglersee_01-300x200.jpg 300w, https:\/\/seehotel.de\/wp-content\/uploads\/2023\/05\/seehotel_ketsch_anglersee_01-1024x683.jpg 1024w, https:\/\/seehotel.de\/wp-content\/uploads\/2023\/05\/seehotel_ketsch_anglersee_01-768x512.jpg 768w, https:\/\/seehotel.de\/wp-content\/uploads\/2023\/05\/seehotel_ketsch_anglersee_01-1536x1024.jpg 1536w, https:\/\/seehotel.de\/wp-content\/uploads\/2023\/05\/seehotel_ketsch_anglersee_01-2048x1365.jpg 2048w\" sizes=\"(max-width: 2560px) 100vw, 2560px\" \/>\t\t\t\t\t\t\t\t\t\t\t\t\t\t\t<\/div>\n\t\t\t\t<\/div>\n\t\t\t\t<div class=\"elementor-element elementor-element-16225abd elementor-widget elementor-widget-image\" data-id=\"16225abd\" data-element_type=\"widget\" data-e-type=\"widget\" data-widget_type=\"image.default\">\n\t\t\t\t<div class=\"elementor-widget-container\">\n\t\t\t\t\t\t\t\t\t\t\t\t\t\t\t<img decoding=\"async\" width=\"2560\" height=\"1707\" src=\"https:\/\/seehotel.de\/wp-content\/uploads\/2023\/11\/MG_4374-scaled.webp\" class=\"attachment-full size-full wp-image-6210\" alt=\"\" srcset=\"https:\/\/seehotel.de\/wp-content\/uploads\/2023\/11\/MG_4374-scaled.webp 2560w, https:\/\/seehotel.de\/wp-content\/uploads\/2023\/11\/MG_4374-300x200.webp 300w, https:\/\/seehotel.de\/wp-content\/uploads\/2023\/11\/MG_4374-1024x683.webp 1024w, https:\/\/seehotel.de\/wp-content\/uploads\/2023\/11\/MG_4374-768x512.webp 768w, https:\/\/seehotel.de\/wp-content\/uploads\/2023\/11\/MG_4374-1536x1024.webp 1536w, https:\/\/seehotel.de\/wp-content\/uploads\/2023\/11\/MG_4374-2048x1365.webp 2048w\" sizes=\"(max-width: 2560px) 100vw, 2560px\" \/>\t\t\t\t\t\t\t\t\t\t\t\t\t\t\t<\/div>\n\t\t\t\t<\/div>\n\t\t\t\t\t<\/div>\n\t\t<\/div>\n\t\t\t\t<div class=\"elementor-column elementor-col-50 elementor-top-column elementor-element elementor-element-104e5327\" data-id=\"104e5327\" data-element_type=\"column\" data-e-type=\"column\">\n\t\t\t<div class=\"elementor-widget-wrap elementor-element-populated\">\n\t\t\t\t\t\t<div class=\"elementor-element elementor-element-1cc96b6 elementor-widget elementor-widget-text-editor\" data-id=\"1cc96b6\" data-element_type=\"widget\" data-e-type=\"widget\" data-widget_type=\"text-editor.default\">\n\t\t\t\t<div class=\"elementor-widget-container\">\n\t\t\t\t\t\t\t\t\t<nav aria-label=\"breadcrumbs\" class=\"rank-math-breadcrumb\"><p><span class=\"last\">Home<\/span><\/p><\/nav>\n\t\t\t\t\t\t\t\t<\/div>\n\t\t\t\t<\/div>\n\t\t\t\t<div class=\"elementor-element elementor-element-78c941da elementor-widget elementor-widget-heading\" data-id=\"78c941da\" data-element_type=\"widget\" data-e-type=\"widget\" data-widget_type=\"heading.default\">\n\t\t\t\t<div class=\"elementor-widget-container\">\n\t\t\t\t\t<h2 class=\"elementor-heading-title elementor-size-default\">Seehotel Ketsch<\/h2>\t\t\t\t<\/div>\n\t\t\t\t<\/div>\n\t\t\t\t<div class=\"elementor-element elementor-element-3d63d05f elementor-widget elementor-widget-heading\" data-id=\"3d63d05f\" data-element_type=\"widget\" data-e-type=\"widget\" data-widget_type=\"heading.default\">\n\t\t\t\t<div class=\"elementor-widget-container\">\n\t\t\t\t\t<h2 class=\"elementor-heading-title elementor-size-default\">Temps mort au bord du lac<\/h2>\t\t\t\t<\/div>\n\t\t\t\t<\/div>\n\t\t\t\t<div class=\"elementor-element elementor-element-57f74aee elementor-drop-cap-yes elementor-drop-cap-view-default elementor-widget elementor-widget-text-editor\" data-id=\"57f74aee\" data-element_type=\"widget\" data-e-type=\"widget\" data-settings=\"{&quot;drop_cap&quot;:&quot;yes&quot;}\" data-widget_type=\"text-editor.default\">\n\t\t\t\t<div class=\"elementor-widget-container\">\n\t\t\t\t\t\t\t\t\t<p>Embarquez pour un voyage culinaire avec le chef Christian Kesselring dans notre restaurant Die Ente et profitez ensuite de votre chambre-boutique avec vue sur le lac ou sur les champs et les prairies. Un petit d\u00e9jeuner copieux le lendemain matin compl\u00e8te votre pause au bord du lac. Nous vous souhaitons une bonne soir\u00e9e &#8211; et bien s\u00fbr une bonne nuit !<\/p>\n\t\t\t\t\t\t\t\t<\/div>\n\t\t\t\t<\/div>\n\t\t\t\t\t<\/div>\n\t\t<\/div>\n\t\t\t\t\t<\/div>\n\t\t<\/section>\n\t\t\t\t<section class=\"elementor-section elementor-top-section elementor-element elementor-element-7c3daf46 elementor-section-boxed elementor-section-height-default elementor-section-height-default\" data-id=\"7c3daf46\" data-element_type=\"section\" data-e-type=\"section\" data-settings=\"{&quot;background_background&quot;:&quot;gradient&quot;}\">\n\t\t\t\t\t\t<div class=\"elementor-container elementor-column-gap-default\">\n\t\t\t\t\t<div class=\"elementor-column elementor-col-100 elementor-top-column elementor-element elementor-element-1118d75e\" data-id=\"1118d75e\" data-element_type=\"column\" data-e-type=\"column\">\n\t\t\t<div class=\"elementor-widget-wrap elementor-element-populated\">\n\t\t\t\t\t\t<div class=\"elementor-element elementor-element-7e75195f elementor-cta--layout-image-right elementor-cta--mobile-layout-image-above elementor-cta--skin-classic elementor-animated-content elementor-widget elementor-widget-call-to-action\" data-id=\"7e75195f\" data-element_type=\"widget\" data-e-type=\"widget\" data-widget_type=\"call-to-action.default\">\n\t\t\t\t<div class=\"elementor-widget-container\">\n\t\t\t\t\t\t\t<div class=\"elementor-cta\">\n\t\t\t\t\t<div class=\"elementor-cta__bg-wrapper\">\n\t\t\t\t<div class=\"elementor-cta__bg elementor-bg\" style=\"background-image: url(https:\/\/seehotel.de\/wp-content\/uploads\/2023\/05\/seehotel_ketsch_anglersee_07-scaled.jpg);\" role=\"img\" aria-label=\"seehotel_ketsch_anglersee_07\"><\/div>\n\t\t\t\t<div class=\"elementor-cta__bg-overlay\"><\/div>\n\t\t\t<\/div>\n\t\t\t\t\t\t\t<div class=\"elementor-cta__content\">\n\t\t\t\t\n\t\t\t\t\t\t\t\t\t<h2 class=\"elementor-cta__title elementor-cta__content-item elementor-content-item\">\n\t\t\t\t\t\tL'arrangement comprend\t\t\t\t\t<\/h2>\n\t\t\t\t\n\t\t\t\t\t\t\t\t\t<div class=\"elementor-cta__description elementor-cta__content-item elementor-content-item\">\n\t\t\t\t\t\t<p>\ud83c\udf7d\ufe0f Menu \u00e0 4 plats dans notre restaurant Le Canard <\/p>\n<p> \ud83d\udecf\ufe0f Nuit\u00e9e dans l'une de nos nouvelles chambres doubles Confort Plus <\/p>\n<p>\ud83e\udd50 Petit-d\u00e9jeuner gourmand le lendemain matin <\/p>\n<p> Prix par personne en chambre double : 199 \u20ac <\/p>\n<p> L'offre est valable jusqu'en d\u00e9cembre 2025, sous r\u00e9serve de disponibilit\u00e9 du lundi au samedi.<\/p>\n\t\t\t\t\t<\/div>\n\t\t\t\t\n\t\t\t\t\t\t\t<\/div>\n\t\t\t\t\t\t<\/div>\n\t\t\t\t\t\t<\/div>\n\t\t\t\t<\/div>\n\t\t\t\t\t<\/div>\n\t\t<\/div>\n\t\t\t\t\t<\/div>\n\t\t<\/section>\n\t\t\t\t<\/div>\n\t\t","protected":false},"excerpt":{"rendered":"<p>Temps mort au bord du lac Seehotel Ketsch Temps mort au bord du lac Embarquez pour un voyage culinaire avec le chef Christian Kesselring dans notre restaurant Die Ente et [&hellip;]<\/p>\n","protected":false},"author":2,"featured_media":0,"parent":8910,"menu_order":0,"comment_status":"closed","ping_status":"closed","template":"elementor_header_footer","meta":{"footnotes":""},"class_list":["post-8896","page","type-page","status-publish","hentry"],"_links":{"self":[{"href":"https:\/\/seehotel.de\/fr\/wp-json\/wp\/v2\/pages\/8896","targetHints":{"allow":["GET"]}}],"collection":[{"href":"https:\/\/seehotel.de\/fr\/wp-json\/wp\/v2\/pages"}],"about":[{"href":"https:\/\/seehotel.de\/fr\/wp-json\/wp\/v2\/types\/page"}],"author":[{"embeddable":true,"href":"https:\/\/seehotel.de\/fr\/wp-json\/wp\/v2\/users\/2"}],"replies":[{"embeddable":true,"href":"https:\/\/seehotel.de\/fr\/wp-json\/wp\/v2\/comments?post=8896"}],"version-history":[{"count":12,"href":"https:\/\/seehotel.de\/fr\/wp-json\/wp\/v2\/pages\/8896\/revisions"}],"predecessor-version":[{"id":10926,"href":"https:\/\/seehotel.de\/fr\/wp-json\/wp\/v2\/pages\/8896\/revisions\/10926"}],"up":[{"embeddable":true,"href":"https:\/\/seehotel.de\/fr\/wp-json\/wp\/v2\/pages\/8910"}],"wp:attachment":[{"href":"https:\/\/seehotel.de\/fr\/wp-json\/wp\/v2\/media?parent=8896"}],"curies":[{"name":"wp","href":"https:\/\/api.w.org\/{rel}","templated":true}]}}