{"id":8892,"date":"2023-11-22T14:45:41","date_gmt":"2023-11-22T13:45:41","guid":{"rendered":"https:\/\/seehotel.de\/durabilite\/"},"modified":"2025-05-29T12:11:27","modified_gmt":"2025-05-29T10:11:27","slug":"durabilite","status":"publish","type":"page","link":"https:\/\/seehotel.de\/fr\/hotel\/durabilite\/","title":{"rendered":"Durabilit\u00e9"},"content":{"rendered":"\t\t<div data-elementor-type=\"wp-page\" data-elementor-id=\"8892\" class=\"elementor elementor-8892 elementor-900\" data-elementor-post-type=\"page\">\n\t\t\t\t\t\t<section class=\"elementor-section elementor-top-section elementor-element elementor-element-5f0ff4f0 elementor-section-boxed elementor-section-height-default elementor-section-height-default\" data-id=\"5f0ff4f0\" data-element_type=\"section\" data-e-type=\"section\" data-settings=\"{&quot;background_background&quot;:&quot;classic&quot;}\">\n\t\t\t\t\t\t\t<div class=\"elementor-background-overlay\"><\/div>\n\t\t\t\t\t\t\t<div class=\"elementor-container elementor-column-gap-default\">\n\t\t\t\t\t<div class=\"elementor-column elementor-col-100 elementor-top-column elementor-element elementor-element-184a69af\" data-id=\"184a69af\" data-element_type=\"column\" data-e-type=\"column\">\n\t\t\t<div class=\"elementor-widget-wrap elementor-element-populated\">\n\t\t\t\t\t\t<div class=\"elementor-element elementor-element-725c796f elementor-widget__width-auto elementor-invisible elementor-widget elementor-widget-heading\" data-id=\"725c796f\" data-element_type=\"widget\" data-e-type=\"widget\" data-settings=\"{&quot;_animation&quot;:&quot;fadeInLeft&quot;}\" data-widget_type=\"heading.default\">\n\t\t\t\t<div class=\"elementor-widget-container\">\n\t\t\t\t\t<h2 class=\"elementor-heading-title elementor-size-default\">Durabilit\u00e9<\/h2>\t\t\t\t<\/div>\n\t\t\t\t<\/div>\n\t\t\t\t\t<\/div>\n\t\t<\/div>\n\t\t\t\t\t<\/div>\n\t\t<\/section>\n\t\t\t\t<section class=\"elementor-section elementor-top-section elementor-element elementor-element-6c43f4a2 elementor-reverse-mobile elementor-section-boxed elementor-section-height-default elementor-section-height-default\" data-id=\"6c43f4a2\" data-element_type=\"section\" data-e-type=\"section\" data-settings=\"{&quot;background_background&quot;:&quot;gradient&quot;}\">\n\t\t\t\t\t\t<div class=\"elementor-container elementor-column-gap-default\">\n\t\t\t\t\t<div class=\"elementor-column elementor-col-50 elementor-top-column elementor-element elementor-element-486b42a7\" data-id=\"486b42a7\" data-element_type=\"column\" data-e-type=\"column\">\n\t\t\t<div class=\"elementor-widget-wrap elementor-element-populated\">\n\t\t\t\t\t\t<div class=\"elementor-element elementor-element-12eda3f9 elementor-widget elementor-widget-image\" data-id=\"12eda3f9\" data-element_type=\"widget\" data-e-type=\"widget\" data-widget_type=\"image.default\">\n\t\t\t\t<div class=\"elementor-widget-container\">\n\t\t\t\t\t\t\t\t\t\t\t\t\t\t\t<img fetchpriority=\"high\" decoding=\"async\" width=\"2560\" height=\"1707\" src=\"https:\/\/seehotel.de\/wp-content\/uploads\/2025\/05\/L1380320-scaled.jpg\" class=\"attachment-full size-full wp-image-12657\" alt=\"\" srcset=\"https:\/\/seehotel.de\/wp-content\/uploads\/2025\/05\/L1380320-scaled.jpg 2560w, https:\/\/seehotel.de\/wp-content\/uploads\/2025\/05\/L1380320-300x200.jpg 300w, https:\/\/seehotel.de\/wp-content\/uploads\/2025\/05\/L1380320-1024x683.jpg 1024w, https:\/\/seehotel.de\/wp-content\/uploads\/2025\/05\/L1380320-768x512.jpg 768w, https:\/\/seehotel.de\/wp-content\/uploads\/2025\/05\/L1380320-1536x1024.jpg 1536w, https:\/\/seehotel.de\/wp-content\/uploads\/2025\/05\/L1380320-2048x1365.jpg 2048w\" sizes=\"(max-width: 2560px) 100vw, 2560px\" \/>\t\t\t\t\t\t\t\t\t\t\t\t\t\t\t<\/div>\n\t\t\t\t<\/div>\n\t\t\t\t\t<\/div>\n\t\t<\/div>\n\t\t\t\t<div class=\"elementor-column elementor-col-50 elementor-top-column elementor-element elementor-element-4a4c4504\" data-id=\"4a4c4504\" data-element_type=\"column\" data-e-type=\"column\">\n\t\t\t<div class=\"elementor-widget-wrap elementor-element-populated\">\n\t\t\t\t\t\t<div class=\"elementor-element elementor-element-dcbdf21 elementor-widget elementor-widget-text-editor\" data-id=\"dcbdf21\" data-element_type=\"widget\" data-e-type=\"widget\" data-widget_type=\"text-editor.default\">\n\t\t\t\t<div class=\"elementor-widget-container\">\n\t\t\t\t\t\t\t\t\t<nav aria-label=\"breadcrumbs\" class=\"rank-math-breadcrumb\"><p><span class=\"last\">Home<\/span><\/p><\/nav>\n\t\t\t\t\t\t\t\t<\/div>\n\t\t\t\t<\/div>\n\t\t\t\t<div class=\"elementor-element elementor-element-4445ec36 elementor-widget elementor-widget-heading\" data-id=\"4445ec36\" data-element_type=\"widget\" data-e-type=\"widget\" data-widget_type=\"heading.default\">\n\t\t\t\t<div class=\"elementor-widget-container\">\n\t\t\t\t\t<h2 class=\"elementor-heading-title elementor-size-default\">La pleine conscience dans notre quotidien au SeeHotel<\/h2>\t\t\t\t<\/div>\n\t\t\t\t<\/div>\n\t\t\t\t<div class=\"elementor-element elementor-element-7be11957 elementor-drop-cap-yes elementor-drop-cap-view-default elementor-widget elementor-widget-text-editor\" data-id=\"7be11957\" data-element_type=\"widget\" data-e-type=\"widget\" data-settings=\"{&quot;drop_cap&quot;:&quot;yes&quot;}\" data-widget_type=\"text-editor.default\">\n\t\t\t\t<div class=\"elementor-widget-container\">\n\t\t\t\t\t\t\t\t\t<p>De notre installation PV, qui utilise efficacement l&rsquo;\u00e9nergie solaire, aux bornes de recharge \u00e9lectrique, en passant par les Granny Smiths bio et les herbes aromatiques de notre jardin d&rsquo;h\u00f4tel, nous misons sur des trajets courts, des innovations \u00e9cologiques et une utilisation consciente des ressources.<\/p>\n\t\t\t\t\t\t\t\t<\/div>\n\t\t\t\t<\/div>\n\t\t\t\t<div class=\"elementor-element elementor-element-7dc1083a elementor-view-stacked elementor-position-inline-start elementor-mobile-position-inline-start elementor-shape-circle elementor-widget elementor-widget-icon-box\" data-id=\"7dc1083a\" data-element_type=\"widget\" data-e-type=\"widget\" data-widget_type=\"icon-box.default\">\n\t\t\t\t<div class=\"elementor-widget-container\">\n\t\t\t\t\t\t\t<div class=\"elementor-icon-box-wrapper\">\n\n\t\t\t\t\t\t<div class=\"elementor-icon-box-icon\">\n\t\t\t\t<a href=\"tel:+4962026970\" class=\"elementor-icon elementor-animation-float\" tabindex=\"-1\" aria-label=\"R\u00e9servation\">\n\t\t\t\t<i aria-hidden=\"true\" class=\"icon icon-phone1\"><\/i>\t\t\t\t<\/a>\n\t\t\t<\/div>\n\t\t\t\n\t\t\t\t\t\t<div class=\"elementor-icon-box-content\">\n\n\t\t\t\t\t\t\t\t\t<div class=\"elementor-icon-box-title\">\n\t\t\t\t\t\t<a href=\"tel:+4962026970\" >\n\t\t\t\t\t\t\tR\u00e9servation\t\t\t\t\t\t<\/a>\n\t\t\t\t\t<\/div>\n\t\t\t\t\n\t\t\t\t\t\t\t\t\t<p class=\"elementor-icon-box-description\">\n\t\t\t\t\t\t<a href=\"tel:+4962026970\">+49 6202 6970<\/a>\t\t\t\t\t<\/p>\n\t\t\t\t\n\t\t\t<\/div>\n\t\t\t\n\t\t<\/div>\n\t\t\t\t\t\t<\/div>\n\t\t\t\t<\/div>\n\t\t\t\t<div class=\"elementor-element elementor-element-65334d34 elementor-align-left elementor-widget elementor-widget-button\" data-id=\"65334d34\" data-element_type=\"widget\" data-e-type=\"widget\" data-widget_type=\"button.default\">\n\t\t\t\t<div class=\"elementor-widget-container\">\n\t\t\t\t\t\t\t\t\t<div class=\"elementor-button-wrapper\">\n\t\t\t\t\t<a class=\"elementor-button elementor-button-link elementor-size-sm\" href=\"https:\/\/seehotel.de\/zimmer-kategorien\/\">\n\t\t\t\t\t\t<span class=\"elementor-button-content-wrapper\">\n\t\t\t\t\t\t\t\t\t<span class=\"elementor-button-text\">R\u00e9server une chambre<\/span>\n\t\t\t\t\t<\/span>\n\t\t\t\t\t<\/a>\n\t\t\t\t<\/div>\n\t\t\t\t\t\t\t\t<\/div>\n\t\t\t\t<\/div>\n\t\t\t\t\t<\/div>\n\t\t<\/div>\n\t\t\t\t\t<\/div>\n\t\t<\/section>\n\t\t\t\t<section class=\"elementor-section elementor-top-section elementor-element elementor-element-5cf2dfa5 elementor-section-boxed elementor-section-height-default elementor-section-height-default\" data-id=\"5cf2dfa5\" data-element_type=\"section\" data-e-type=\"section\" data-settings=\"{&quot;background_background&quot;:&quot;classic&quot;}\">\n\t\t\t\t\t\t\t<div class=\"elementor-background-overlay\"><\/div>\n\t\t\t\t\t\t\t<div class=\"elementor-container elementor-column-gap-default\">\n\t\t\t\t\t<div class=\"elementor-column elementor-col-100 elementor-top-column elementor-element elementor-element-1fdcaa3f\" data-id=\"1fdcaa3f\" data-element_type=\"column\" data-e-type=\"column\">\n\t\t\t<div class=\"elementor-widget-wrap elementor-element-populated\">\n\t\t\t\t\t\t<section class=\"elementor-section elementor-inner-section elementor-element elementor-element-734303c1 elementor-section-boxed elementor-section-height-default elementor-section-height-default\" data-id=\"734303c1\" data-element_type=\"section\" data-e-type=\"section\">\n\t\t\t\t\t\t<div class=\"elementor-container elementor-column-gap-default\">\n\t\t\t\t\t<div class=\"elementor-column elementor-col-33 elementor-inner-column elementor-element elementor-element-41854714 elementor-invisible\" data-id=\"41854714\" data-element_type=\"column\" data-e-type=\"column\" data-settings=\"{&quot;animation&quot;:&quot;fadeInUp&quot;,&quot;animation_delay&quot;:720}\">\n\t\t\t<div class=\"elementor-widget-wrap elementor-element-populated\">\n\t\t\t\t\t\t<div class=\"elementor-element elementor-element-3fc8b7b ekit-equal-height-disable elementor-widget elementor-widget-elementskit-image-box\" data-id=\"3fc8b7b\" data-element_type=\"widget\" data-e-type=\"widget\" data-widget_type=\"elementskit-image-box.default\">\n\t\t\t\t<div class=\"elementor-widget-container\">\n\t\t\t\t\t<div class=\"ekit-wid-con\" >\n            <div class=\"elementskit-info-image-box ekit-image-box text-left simple-card\" >\n\n                \n                <div class=\"elementskit-box-header image-box-img-left\">\n\n                    <img decoding=\"async\" src=\"https:\/\/seehotel.de\/wp-content\/uploads\/elementor\/thumbs\/Photovoltaik-scaled-e1702309713959-r8jz7ghzgkd6em1ew7dvvjmmsnvuggz2njbbrscxv2.webp\" title=\"Photovoltaik\" alt=\"Photovoltaik\" loading=\"lazy\" \/>\n                <\/div>\n                \n                <div class=\"elementskit-box-body ekit-image-box-body\">\n                    <div class=\"elementskit-box-content ekit-image-box-body-inner\">\n                                                <h3 class=\"elementskit-info-box-title\">\n\n                        \u00c9nergie verte\n                        \n                    <\/h3>\n                                                            <div class=\"elementskit-box-style-content\">\n                        Notre installation photovolta\u00efque sur le toit produit de l'\u00e9lectricit\u00e9 durable, tandis que notre accumulateur de glace avec r\u00e9cup\u00e9ration de chaleur et pompe \u00e0 chaleur assure \u00e0 la fois le refroidissement en \u00e9t\u00e9 et la chaleur en hiver dans les chambres. Nous avons remplac\u00e9 nos ampoules par des LED dans toute la maison et install\u00e9 des d\u00e9tecteurs de mouvement l\u00e0 o\u00f9 c'\u00e9tait utile.                    <\/div>\n                                    <\/div>\n\n                            <\/div>\n            <\/div>\n    <\/div>\t\t\t\t<\/div>\n\t\t\t\t<\/div>\n\t\t\t\t\t<\/div>\n\t\t<\/div>\n\t\t\t\t<div class=\"elementor-column elementor-col-33 elementor-inner-column elementor-element elementor-element-ddd69d7 elementor-invisible\" data-id=\"ddd69d7\" data-element_type=\"column\" data-e-type=\"column\" data-settings=\"{&quot;animation&quot;:&quot;fadeInUp&quot;,&quot;animation_delay&quot;:360}\">\n\t\t\t<div class=\"elementor-widget-wrap elementor-element-populated\">\n\t\t\t\t\t\t<div class=\"elementor-element elementor-element-6d5d2cd0 ekit-equal-height-disable elementor-widget elementor-widget-elementskit-image-box\" data-id=\"6d5d2cd0\" data-element_type=\"widget\" data-e-type=\"widget\" data-widget_type=\"elementskit-image-box.default\">\n\t\t\t\t<div class=\"elementor-widget-container\">\n\t\t\t\t\t<div class=\"ekit-wid-con\" >\n            <div class=\"elementskit-info-image-box ekit-image-box text-left simple-card\" >\n\n                \n                <div class=\"elementskit-box-header image-box-img-left\">\n\n                    <img decoding=\"async\" src=\"https:\/\/seehotel.de\/wp-content\/uploads\/elementor\/thumbs\/Smart_8-scaled-e1702309252823-r8jz7ghzgkd6em1ew7dvvjmmsnvuggz2njbbrscxv2.webp\" title=\"Smart_8\" alt=\"Smart_8\" loading=\"lazy\" \/>\n                <\/div>\n                \n                <div class=\"elementskit-box-body ekit-image-box-body\">\n                    <div class=\"elementskit-box-content ekit-image-box-body-inner\">\n                                                <h3 class=\"elementskit-info-box-title\">\n\n                        Une mobilit\u00e9 respectueuse de l'environnement\n                        \n                    <\/h3>\n                                                            <div class=\"elementskit-box-style-content\">\n                        Des v\u00e9los \u00e9lectriques aux voitures de fonction \u00e9lectriques en passant par les v\u00e9los de travail, les trajets courts et les moyens de transport durables sont au c\u0153ur de nos pr\u00e9occupations. Avec des bornes de recharge \u00e9lectrique, nous offrons en outre \u00e0 nos h\u00f4tes la possibilit\u00e9 de recharger leurs v\u00e9hicules \u00e9lectriques de mani\u00e8re \u00e9cologique.                    <\/div>\n                                    <\/div>\n\n                            <\/div>\n            <\/div>\n    <\/div>\t\t\t\t<\/div>\n\t\t\t\t<\/div>\n\t\t\t\t\t<\/div>\n\t\t<\/div>\n\t\t\t\t<div class=\"elementor-column elementor-col-33 elementor-inner-column elementor-element elementor-element-2fa1ad10 elementor-invisible\" data-id=\"2fa1ad10\" data-element_type=\"column\" data-e-type=\"column\" data-settings=\"{&quot;animation&quot;:&quot;fadeInUp&quot;}\">\n\t\t\t<div class=\"elementor-widget-wrap elementor-element-populated\">\n\t\t\t\t\t\t<div class=\"elementor-element elementor-element-1d5c2c23 ekit-equal-height-disable elementor-widget elementor-widget-elementskit-image-box\" data-id=\"1d5c2c23\" data-element_type=\"widget\" data-e-type=\"widget\" data-widget_type=\"elementskit-image-box.default\">\n\t\t\t\t<div class=\"elementor-widget-container\">\n\t\t\t\t\t<div class=\"ekit-wid-con\" >\n            <div class=\"elementskit-info-image-box ekit-image-box text-left simple-card\" >\n\n                \n                <div class=\"elementskit-box-header image-box-img-left\">\n\n                    <img decoding=\"async\" width=\"2560\" height=\"1707\" src=\"https:\/\/seehotel.de\/wp-content\/uploads\/2023\/12\/MG_5350-scaled.webp\" class=\"attachment-full size-full wp-image-1955\" alt=\"\" srcset=\"https:\/\/seehotel.de\/wp-content\/uploads\/2023\/12\/MG_5350-scaled.webp 2560w, https:\/\/seehotel.de\/wp-content\/uploads\/2023\/12\/MG_5350-300x200.webp 300w, https:\/\/seehotel.de\/wp-content\/uploads\/2023\/12\/MG_5350-1024x683.webp 1024w, https:\/\/seehotel.de\/wp-content\/uploads\/2023\/12\/MG_5350-768x512.webp 768w, https:\/\/seehotel.de\/wp-content\/uploads\/2023\/12\/MG_5350-1536x1024.webp 1536w, https:\/\/seehotel.de\/wp-content\/uploads\/2023\/12\/MG_5350-2048x1365.webp 2048w\" sizes=\"(max-width: 2560px) 100vw, 2560px\" \/>\n                <\/div>\n                \n                <div class=\"elementskit-box-body ekit-image-box-body\">\n                    <div class=\"elementskit-box-content ekit-image-box-body-inner\">\n                                                <h3 class=\"elementskit-info-box-title\">\n\n                        Bureau sans papier\n                        \n                    <\/h3>\n                                                            <div class=\"elementskit-box-style-content\">\n                        L'un de nos objectifs \u00e0 moyen terme est d'avoir un bureau sans papier. Ainsi, nos h\u00f4tes peuvent remplir leur formulaire d'inscription de mani\u00e8re num\u00e9rique et re\u00e7oivent leurs factures par e-mail lors de leur d\u00e9part. Nous traitons et archivons notre correspondance avec les clients sous forme num\u00e9rique et n'imprimons que si cela est absolument n\u00e9cessaire.                    <\/div>\n                                    <\/div>\n\n                            <\/div>\n            <\/div>\n    <\/div>\t\t\t\t<\/div>\n\t\t\t\t<\/div>\n\t\t\t\t\t<\/div>\n\t\t<\/div>\n\t\t\t\t\t<\/div>\n\t\t<\/section>\n\t\t\t\t<section class=\"elementor-section elementor-inner-section elementor-element elementor-element-3fb3747b elementor-section-boxed elementor-section-height-default elementor-section-height-default\" data-id=\"3fb3747b\" data-element_type=\"section\" data-e-type=\"section\">\n\t\t\t\t\t\t<div class=\"elementor-container elementor-column-gap-default\">\n\t\t\t\t\t<div class=\"elementor-column elementor-col-33 elementor-inner-column elementor-element elementor-element-385d9420 elementor-invisible\" data-id=\"385d9420\" data-element_type=\"column\" data-e-type=\"column\" data-settings=\"{&quot;animation&quot;:&quot;fadeInUp&quot;,&quot;animation_delay&quot;:720}\">\n\t\t\t<div class=\"elementor-widget-wrap elementor-element-populated\">\n\t\t\t\t\t\t<div class=\"elementor-element elementor-element-279e10bb ekit-equal-height-disable elementor-widget elementor-widget-elementskit-image-box\" data-id=\"279e10bb\" data-element_type=\"widget\" data-e-type=\"widget\" data-widget_type=\"elementskit-image-box.default\">\n\t\t\t\t<div class=\"elementor-widget-container\">\n\t\t\t\t\t<div class=\"ekit-wid-con\" >\n            <div class=\"elementskit-info-image-box ekit-image-box text-left simple-card\" >\n\n                \n                <div class=\"elementskit-box-header image-box-img-left\">\n\n                    <img decoding=\"async\" src=\"https:\/\/seehotel.de\/wp-content\/uploads\/elementor\/thumbs\/MG_7575-scaled-r8jz7ghzgkd6em1ew7dvvjmmsnvuggz2njbbrscxv2.webp\" title=\"_MG_7575\" alt=\"_MG_7575\" loading=\"lazy\" \/>\n                <\/div>\n                \n                <div class=\"elementskit-box-body ekit-image-box-body\">\n                    <div class=\"elementskit-box-content ekit-image-box-body-inner\">\n                                                <h3 class=\"elementskit-info-box-title\">\n\n                        Restauration durable\n                        \n                    <\/h3>\n                                                            <div class=\"elementskit-box-style-content\">\n                        Notre philosophie gastronomique comprend une approche g\u00e9n\u00e9ralement consciente de la nourriture. Nous misons sur des cha\u00eenes d'approvisionnement courtes et des fournisseurs aussi locaux ou r\u00e9gionaux que possible. Certains aliments n'ont pas de trajet \u00e0 parcourir, comme nos Granny-Smiths bio et les herbes de notre propre jardin ou notre eau de Ketch.                    <\/div>\n                                    <\/div>\n\n                            <\/div>\n            <\/div>\n    <\/div>\t\t\t\t<\/div>\n\t\t\t\t<\/div>\n\t\t\t\t\t<\/div>\n\t\t<\/div>\n\t\t\t\t<div class=\"elementor-column elementor-col-33 elementor-inner-column elementor-element elementor-element-412327d1 elementor-invisible\" data-id=\"412327d1\" data-element_type=\"column\" data-e-type=\"column\" data-settings=\"{&quot;animation&quot;:&quot;fadeInUp&quot;,&quot;animation_delay&quot;:360}\">\n\t\t\t<div class=\"elementor-widget-wrap elementor-element-populated\">\n\t\t\t\t\t\t<div class=\"elementor-element elementor-element-65b496b4 ekit-equal-height-disable elementor-widget elementor-widget-elementskit-image-box\" data-id=\"65b496b4\" data-element_type=\"widget\" data-e-type=\"widget\" data-widget_type=\"elementskit-image-box.default\">\n\t\t\t\t<div class=\"elementor-widget-container\">\n\t\t\t\t\t<div class=\"ekit-wid-con\" >\n            <div class=\"elementskit-info-image-box ekit-image-box text-left simple-card\" >\n\n                \n                <div class=\"elementskit-box-header image-box-img-left\">\n\n                    <img decoding=\"async\" width=\"2560\" height=\"1707\" src=\"https:\/\/seehotel.de\/wp-content\/uploads\/2025\/02\/Winterfeier_2025-1-scaled.jpg\" class=\"attachment-full size-full wp-image-11629\" alt=\"\" srcset=\"https:\/\/seehotel.de\/wp-content\/uploads\/2025\/02\/Winterfeier_2025-1-scaled.jpg 2560w, https:\/\/seehotel.de\/wp-content\/uploads\/2025\/02\/Winterfeier_2025-1-300x200.jpg 300w, https:\/\/seehotel.de\/wp-content\/uploads\/2025\/02\/Winterfeier_2025-1-1024x683.jpg 1024w, https:\/\/seehotel.de\/wp-content\/uploads\/2025\/02\/Winterfeier_2025-1-768x512.jpg 768w, https:\/\/seehotel.de\/wp-content\/uploads\/2025\/02\/Winterfeier_2025-1-1536x1024.jpg 1536w, https:\/\/seehotel.de\/wp-content\/uploads\/2025\/02\/Winterfeier_2025-1-2048x1365.jpg 2048w\" sizes=\"(max-width: 2560px) 100vw, 2560px\" \/>\n                <\/div>\n                \n                <div class=\"elementskit-box-body ekit-image-box-body\">\n                    <div class=\"elementskit-box-content ekit-image-box-body-inner\">\n                                                <h3 class=\"elementskit-info-box-title\">\n\n                        Bien-\u00eatre et d\u00e9veloppement des employ\u00e9s\n                        \n                    <\/h3>\n                                                            <div class=\"elementskit-box-style-content\">\n                        Des mod\u00e8les de travail flexibles contribuent \u00e9norm\u00e9ment au bien-\u00eatre de nos collaborateurs, tandis que des possibilit\u00e9s de d\u00e9veloppement cibl\u00e9es garantissent qu'ils peuvent agir de mani\u00e8re professionnelle et autonome. Au SeeHotel, l'\u00eatre humain est au centre des pr\u00e9occupations, que ce soit le client ou le collaborateur.                    <\/div>\n                                    <\/div>\n\n                            <\/div>\n            <\/div>\n    <\/div>\t\t\t\t<\/div>\n\t\t\t\t<\/div>\n\t\t\t\t\t<\/div>\n\t\t<\/div>\n\t\t\t\t<div class=\"elementor-column elementor-col-33 elementor-inner-column elementor-element elementor-element-261b27ca elementor-invisible\" data-id=\"261b27ca\" data-element_type=\"column\" data-e-type=\"column\" data-settings=\"{&quot;animation&quot;:&quot;fadeInUp&quot;}\">\n\t\t\t<div class=\"elementor-widget-wrap elementor-element-populated\">\n\t\t\t\t\t\t<div class=\"elementor-element elementor-element-7bd83627 ekit-equal-height-disable elementor-widget elementor-widget-elementskit-image-box\" data-id=\"7bd83627\" data-element_type=\"widget\" data-e-type=\"widget\" data-widget_type=\"elementskit-image-box.default\">\n\t\t\t\t<div class=\"elementor-widget-container\">\n\t\t\t\t\t<div class=\"ekit-wid-con\" >\n            <div class=\"elementskit-info-image-box ekit-image-box text-left simple-card\" >\n\n                \n                <div class=\"elementskit-box-header image-box-img-left\">\n\n                    <img loading=\"lazy\" decoding=\"async\" width=\"2560\" height=\"1707\" src=\"https:\/\/seehotel.de\/wp-content\/uploads\/2024\/06\/DSC08527-scaled.jpg\" class=\"attachment-full size-full wp-image-4780\" alt=\"\" srcset=\"https:\/\/seehotel.de\/wp-content\/uploads\/2024\/06\/DSC08527-scaled.jpg 2560w, https:\/\/seehotel.de\/wp-content\/uploads\/2024\/06\/DSC08527-300x200.jpg 300w, https:\/\/seehotel.de\/wp-content\/uploads\/2024\/06\/DSC08527-1024x683.jpg 1024w, https:\/\/seehotel.de\/wp-content\/uploads\/2024\/06\/DSC08527-768x512.jpg 768w, https:\/\/seehotel.de\/wp-content\/uploads\/2024\/06\/DSC08527-1536x1024.jpg 1536w, https:\/\/seehotel.de\/wp-content\/uploads\/2024\/06\/DSC08527-2048x1365.jpg 2048w\" sizes=\"(max-width: 2560px) 100vw, 2560px\" \/>\n                <\/div>\n                \n                <div class=\"elementskit-box-body ekit-image-box-body\">\n                    <div class=\"elementskit-box-content ekit-image-box-body-inner\">\n                                                <h3 class=\"elementskit-info-box-title\">\n\n                        Dans les chambres d'h\u00f4tes\n                        \n                    <\/h3>\n                                                            <div class=\"elementskit-box-style-content\">\n                        L'alimentation \u00e9lectrique dans les chambres peut \u00eatre command\u00e9e de mani\u00e8re centralis\u00e9e par une carte cl\u00e9. Gr\u00e2ce \u00e0 notre service de nettoyage des chambres qui pr\u00e9serve les ressources, nous utilisons les produits de nettoyage, le linge et le temps de travail de la mani\u00e8re la plus efficace possible. Des distributeurs de pompes rechargeables dans les salles de bains et l'absence de plastique dans la mesure du possible compl\u00e8tent notre concept durable dans les chambres d'h\u00f4tes.                    <\/div>\n                                    <\/div>\n\n                            <\/div>\n            <\/div>\n    <\/div>\t\t\t\t<\/div>\n\t\t\t\t<\/div>\n\t\t\t\t\t<\/div>\n\t\t<\/div>\n\t\t\t\t\t<\/div>\n\t\t<\/section>\n\t\t\t\t\t<\/div>\n\t\t<\/div>\n\t\t\t\t\t<\/div>\n\t\t<\/section>\n\t\t\t\t<\/div>\n\t\t","protected":false},"excerpt":{"rendered":"<p>Durabilit\u00e9 La pleine conscience dans notre quotidien au SeeHotel De notre installation PV, qui utilise efficacement l&rsquo;\u00e9nergie solaire, aux bornes de recharge \u00e9lectrique, en passant par les Granny Smiths bio [&hellip;]<\/p>\n","protected":false},"author":2,"featured_media":0,"parent":8936,"menu_order":0,"comment_status":"closed","ping_status":"closed","template":"elementor_header_footer","meta":{"footnotes":""},"class_list":["post-8892","page","type-page","status-publish","hentry"],"_links":{"self":[{"href":"https:\/\/seehotel.de\/fr\/wp-json\/wp\/v2\/pages\/8892","targetHints":{"allow":["GET"]}}],"collection":[{"href":"https:\/\/seehotel.de\/fr\/wp-json\/wp\/v2\/pages"}],"about":[{"href":"https:\/\/seehotel.de\/fr\/wp-json\/wp\/v2\/types\/page"}],"author":[{"embeddable":true,"href":"https:\/\/seehotel.de\/fr\/wp-json\/wp\/v2\/users\/2"}],"replies":[{"embeddable":true,"href":"https:\/\/seehotel.de\/fr\/wp-json\/wp\/v2\/comments?post=8892"}],"version-history":[{"count":5,"href":"https:\/\/seehotel.de\/fr\/wp-json\/wp\/v2\/pages\/8892\/revisions"}],"predecessor-version":[{"id":12663,"href":"https:\/\/seehotel.de\/fr\/wp-json\/wp\/v2\/pages\/8892\/revisions\/12663"}],"up":[{"embeddable":true,"href":"https:\/\/seehotel.de\/fr\/wp-json\/wp\/v2\/pages\/8936"}],"wp:attachment":[{"href":"https:\/\/seehotel.de\/fr\/wp-json\/wp\/v2\/media?parent=8892"}],"curies":[{"name":"wp","href":"https:\/\/api.w.org\/{rel}","templated":true}]}}