{"id":8849,"date":"2023-11-26T20:23:41","date_gmt":"2023-11-26T19:23:41","guid":{"rendered":"https:\/\/seehotel.de\/fetes\/"},"modified":"2025-01-22T12:48:39","modified_gmt":"2025-01-22T11:48:39","slug":"fetes","status":"publish","type":"page","link":"https:\/\/seehotel.de\/fr\/fetes\/","title":{"rendered":"F\u00eates"},"content":{"rendered":"\t\t<div data-elementor-type=\"wp-page\" data-elementor-id=\"8849\" class=\"elementor elementor-8849 elementor-1036\" data-elementor-post-type=\"page\">\n\t\t\t\t\t\t<section class=\"elementor-section elementor-top-section elementor-element elementor-element-7b63ee6c elementor-section-boxed elementor-section-height-default elementor-section-height-default\" data-id=\"7b63ee6c\" data-element_type=\"section\" data-e-type=\"section\" data-settings=\"{&quot;background_background&quot;:&quot;classic&quot;}\">\n\t\t\t\t\t\t\t<div class=\"elementor-background-overlay\"><\/div>\n\t\t\t\t\t\t\t<div class=\"elementor-container elementor-column-gap-default\">\n\t\t\t\t\t<div class=\"elementor-column elementor-col-100 elementor-top-column elementor-element elementor-element-2ff0e068\" data-id=\"2ff0e068\" data-element_type=\"column\" data-e-type=\"column\">\n\t\t\t<div class=\"elementor-widget-wrap elementor-element-populated\">\n\t\t\t\t\t\t<div class=\"elementor-element elementor-element-11830908 elementor-widget__width-auto elementor-invisible elementor-widget elementor-widget-heading\" data-id=\"11830908\" data-element_type=\"widget\" data-e-type=\"widget\" data-settings=\"{&quot;_animation&quot;:&quot;fadeInLeft&quot;}\" data-widget_type=\"heading.default\">\n\t\t\t\t<div class=\"elementor-widget-container\">\n\t\t\t\t\t<h2 class=\"elementor-heading-title elementor-size-default\">F\u00eates<\/h2>\t\t\t\t<\/div>\n\t\t\t\t<\/div>\n\t\t\t\t\t<\/div>\n\t\t<\/div>\n\t\t\t\t\t<\/div>\n\t\t<\/section>\n\t\t\t\t<section class=\"elementor-section elementor-top-section elementor-element elementor-element-2e758454 elementor-reverse-mobile elementor-section-boxed elementor-section-height-default elementor-section-height-default\" data-id=\"2e758454\" data-element_type=\"section\" data-e-type=\"section\" data-settings=\"{&quot;background_background&quot;:&quot;gradient&quot;}\">\n\t\t\t\t\t\t<div class=\"elementor-container elementor-column-gap-default\">\n\t\t\t\t\t<div class=\"elementor-column elementor-col-50 elementor-top-column elementor-element elementor-element-672ec4d1\" data-id=\"672ec4d1\" data-element_type=\"column\" data-e-type=\"column\">\n\t\t\t<div class=\"elementor-widget-wrap elementor-element-populated\">\n\t\t\t\t\t\t<div class=\"elementor-element elementor-element-e4dffa7 elementor-widget elementor-widget-image\" data-id=\"e4dffa7\" data-element_type=\"widget\" data-e-type=\"widget\" data-widget_type=\"image.default\">\n\t\t\t\t<div class=\"elementor-widget-container\">\n\t\t\t\t\t\t\t\t\t\t\t\t\t\t\t<img fetchpriority=\"high\" decoding=\"async\" width=\"2560\" height=\"1707\" src=\"https:\/\/seehotel.de\/wp-content\/uploads\/2025\/01\/MG_6907-scaled.jpg\" class=\"attachment-full size-full wp-image-11222\" alt=\"\" srcset=\"https:\/\/seehotel.de\/wp-content\/uploads\/2025\/01\/MG_6907-scaled.jpg 2560w, https:\/\/seehotel.de\/wp-content\/uploads\/2025\/01\/MG_6907-300x200.jpg 300w, https:\/\/seehotel.de\/wp-content\/uploads\/2025\/01\/MG_6907-1024x683.jpg 1024w, https:\/\/seehotel.de\/wp-content\/uploads\/2025\/01\/MG_6907-768x512.jpg 768w, https:\/\/seehotel.de\/wp-content\/uploads\/2025\/01\/MG_6907-1536x1024.jpg 1536w, https:\/\/seehotel.de\/wp-content\/uploads\/2025\/01\/MG_6907-2048x1365.jpg 2048w\" sizes=\"(max-width: 2560px) 100vw, 2560px\" \/>\t\t\t\t\t\t\t\t\t\t\t\t\t\t\t<\/div>\n\t\t\t\t<\/div>\n\t\t\t\t\t<\/div>\n\t\t<\/div>\n\t\t\t\t<div class=\"elementor-column elementor-col-50 elementor-top-column elementor-element elementor-element-58582e3a\" data-id=\"58582e3a\" data-element_type=\"column\" data-e-type=\"column\">\n\t\t\t<div class=\"elementor-widget-wrap elementor-element-populated\">\n\t\t\t\t\t\t<div class=\"elementor-element elementor-element-c6ecfdb elementor-widget elementor-widget-text-editor\" data-id=\"c6ecfdb\" data-element_type=\"widget\" data-e-type=\"widget\" data-widget_type=\"text-editor.default\">\n\t\t\t\t<div class=\"elementor-widget-container\">\n\t\t\t\t\t\t\t\t\t<nav aria-label=\"breadcrumbs\" class=\"rank-math-breadcrumb\"><p><span class=\"last\">Home<\/span><\/p><\/nav>\n\t\t\t\t\t\t\t\t<\/div>\n\t\t\t\t<\/div>\n\t\t\t\t<div class=\"elementor-element elementor-element-3607688e elementor-widget elementor-widget-heading\" data-id=\"3607688e\" data-element_type=\"widget\" data-e-type=\"widget\" data-widget_type=\"heading.default\">\n\t\t\t\t<div class=\"elementor-widget-container\">\n\t\t\t\t\t<h2 class=\"elementor-heading-title elementor-size-default\">Faire la f\u00eate au bord du lac. De l'entreprise au priv\u00e9, de la f\u00eate d'\u00e9t\u00e9 \u00e0 la f\u00eate de No\u00ebl<\/h2>\t\t\t\t<\/div>\n\t\t\t\t<\/div>\n\t\t\t\t<div class=\"elementor-element elementor-element-637f517 elementor-drop-cap-yes elementor-drop-cap-view-default elementor-widget elementor-widget-text-editor\" data-id=\"637f517\" data-element_type=\"widget\" data-e-type=\"widget\" data-settings=\"{&quot;drop_cap&quot;:&quot;yes&quot;}\" data-widget_type=\"text-editor.default\">\n\t\t\t\t<div class=\"elementor-widget-container\">\n\t\t\t\t\t\t\t\t\t<p>Nous vous donnons beaucoup d&rsquo;espace pour votre f\u00eate ! En tant que professionnels absolus, nous pouvons r\u00e9aliser les formats d&rsquo;\u00e9v\u00e9nements les plus divers et sommes toujours ouverts \u00e0 de nouvelles id\u00e9es et approches pour donner \u00e0 votre f\u00eate une touche tr\u00e8s personnelle. Qu&rsquo;il s&rsquo;agisse d&rsquo;une f\u00eate intime en petit comit\u00e9 ou d&rsquo;une soir\u00e9e anim\u00e9e, festive ou d\u00e9contract\u00e9e, d&rsquo;un repas de six plats ou d&rsquo;un barbecue, nous nous adaptons sur mesure \u00e0 vos souhaits individuels. <\/p>\n<p>Dans nos diff\u00e9rentes salles situ\u00e9es \u00e0 diff\u00e9rents niveaux, avec ou sans terrasse et toutes accessibles par ascenseur, ainsi que dans nos espaces ext\u00e9rieurs aux allures de parc, jusqu&rsquo;\u00e0 150 personnes trouveront leur coin de plaisir avec vue. Des moments de convivialit\u00e9 d\u00e9tendus, l&rsquo;excellence de notre cuisine, notre situation id\u00e9ale \u00e0 proximit\u00e9 de l&rsquo;autoroute, un vaste parking gratuit, 70 chambres r\u00e9parties en six cat\u00e9gories diff\u00e9rentes pour l&rsquo;h\u00e9bergement de vos invit\u00e9s&#8230; Notre cadre id\u00e9al fera de votre \u00e9v\u00e9nement une exp\u00e9rience qui restera grav\u00e9e dans votre m\u00e9moire.<\/p>\n\t\t\t\t\t\t\t\t<\/div>\n\t\t\t\t<\/div>\n\t\t\t\t<div class=\"elementor-element elementor-element-5b938859 elementor-view-stacked elementor-position-inline-start elementor-mobile-position-inline-start elementor-shape-circle elementor-widget elementor-widget-icon-box\" data-id=\"5b938859\" data-element_type=\"widget\" data-e-type=\"widget\" data-widget_type=\"icon-box.default\">\n\t\t\t\t<div class=\"elementor-widget-container\">\n\t\t\t\t\t\t\t<div class=\"elementor-icon-box-wrapper\">\n\n\t\t\t\t\t\t<div class=\"elementor-icon-box-icon\">\n\t\t\t\t<a href=\"tel:+4962026970\" class=\"elementor-icon elementor-animation-float\" tabindex=\"-1\" aria-label=\"R\u00e9servation\">\n\t\t\t\t<i aria-hidden=\"true\" class=\"icon icon-phone1\"><\/i>\t\t\t\t<\/a>\n\t\t\t<\/div>\n\t\t\t\n\t\t\t\t\t\t<div class=\"elementor-icon-box-content\">\n\n\t\t\t\t\t\t\t\t\t<div class=\"elementor-icon-box-title\">\n\t\t\t\t\t\t<a href=\"tel:+4962026970\" >\n\t\t\t\t\t\t\tR\u00e9servation\t\t\t\t\t\t<\/a>\n\t\t\t\t\t<\/div>\n\t\t\t\t\n\t\t\t\t\t\t\t\t\t<p class=\"elementor-icon-box-description\">\n\t\t\t\t\t\t<a href=\"tel:+4962026970\">+49 6202 6970<\/a>\t\t\t\t\t<\/p>\n\t\t\t\t\n\t\t\t<\/div>\n\t\t\t\n\t\t<\/div>\n\t\t\t\t\t\t<\/div>\n\t\t\t\t<\/div>\n\t\t\t\t\t<\/div>\n\t\t<\/div>\n\t\t\t\t\t<\/div>\n\t\t<\/section>\n\t\t\t\t<section class=\"elementor-section elementor-top-section elementor-element elementor-element-ae23c92 elementor-section-boxed elementor-section-height-default elementor-section-height-default\" data-id=\"ae23c92\" data-element_type=\"section\" data-e-type=\"section\">\n\t\t\t\t\t\t<div class=\"elementor-container elementor-column-gap-default\">\n\t\t\t\t\t<div class=\"elementor-column elementor-col-100 elementor-top-column elementor-element elementor-element-ab7c28b\" data-id=\"ab7c28b\" data-element_type=\"column\" data-e-type=\"column\">\n\t\t\t<div class=\"elementor-widget-wrap elementor-element-populated\">\n\t\t\t\t\t\t<div class=\"elementor-element elementor-element-e158c5e elementor-widget elementor-widget-spacer\" data-id=\"e158c5e\" data-element_type=\"widget\" data-e-type=\"widget\" data-widget_type=\"spacer.default\">\n\t\t\t\t<div class=\"elementor-widget-container\">\n\t\t\t\t\t\t\t<div class=\"elementor-spacer\">\n\t\t\t<div class=\"elementor-spacer-inner\"><\/div>\n\t\t<\/div>\n\t\t\t\t\t\t<\/div>\n\t\t\t\t<\/div>\n\t\t\t\t<div class=\"elementor-element elementor-element-0563ab7 elementor-cta--layout-image-right elementor-cta--mobile-layout-image-above elementor-cta--skin-classic elementor-animated-content elementor-widget elementor-widget-call-to-action\" data-id=\"0563ab7\" data-element_type=\"widget\" data-e-type=\"widget\" data-widget_type=\"call-to-action.default\">\n\t\t\t\t<div class=\"elementor-widget-container\">\n\t\t\t\t\t\t\t<div class=\"elementor-cta\">\n\t\t\t\t\t<div class=\"elementor-cta__bg-wrapper\">\n\t\t\t\t<div class=\"elementor-cta__bg elementor-bg\" style=\"background-image: url(https:\/\/seehotel.de\/wp-content\/uploads\/2023\/11\/MG_0107-scaled.webp);\" role=\"img\" aria-label=\"_MG_0107\"><\/div>\n\t\t\t\t<div class=\"elementor-cta__bg-overlay\"><\/div>\n\t\t\t<\/div>\n\t\t\t\t\t\t\t<div class=\"elementor-cta__content\">\n\t\t\t\t\n\t\t\t\t\t\t\t\t\t<h2 class=\"elementor-cta__title elementor-cta__content-item elementor-content-item\">\n\t\t\t\t\t\tQue ce soit pour un \u00e9v\u00e9nement d'affaires...\t\t\t\t\t<\/h2>\n\t\t\t\t\n\t\t\t\t\t\t\t\t\t<div class=\"elementor-cta__description elementor-cta__content-item elementor-content-item\">\n\t\t\t\t\t\t<p>Planifiez votre \u00e9v\u00e9nement d'entreprise avec nous ! Qu'il s'agisse d'une sortie d'entreprise, d'un kick-off, d'un anniversaire d'entreprise ou d'une pr\u00e9sentation \u00e0 un client, nous pouvons tout faire, du festif au d\u00e9contract\u00e9. Les \u00e9v\u00e9nements r\u00e9ussis sont le r\u00e9sultat d'une planification minutieuse et d'un encadrement professionnel. Notre \u00e9quipe \u00e9v\u00e9nementielle fiable, forte d'une longue exp\u00e9rience, assure un cadre organisationnel parfait. Nous attachons une grande importance \u00e0 la transparence et \u00e0 la planification des co\u00fbts, afin que vous puissiez toujours garder un \u0153il sur votre budget.<\/p>\n\t\t\t\t\t<\/div>\n\t\t\t\t\n\t\t\t\t\t\t\t\t\t<div class=\"elementor-cta__button-wrapper elementor-cta__content-item elementor-content-item \">\n\t\t\t\t\t<a class=\"elementor-cta__button elementor-button elementor-size-\" href=\"#elementor-action%3Aaction%3Dpopup%3Aopen%26settings%3DeyJpZCI6ODUxOCwidG9nZ2xlIjpmYWxzZX0%3D\">\n\t\t\t\t\t\tDemander maintenant\t\t\t\t\t<\/a>\n\t\t\t\t\t<\/div>\n\t\t\t\t\t\t\t<\/div>\n\t\t\t\t\t\t<\/div>\n\t\t\t\t\t\t<\/div>\n\t\t\t\t<\/div>\n\t\t\t\t<div class=\"elementor-element elementor-element-d33549e elementor-cta--layout-image-left elementor-cta--mobile-layout-image-above elementor-cta--skin-classic elementor-animated-content elementor-widget elementor-widget-call-to-action\" data-id=\"d33549e\" data-element_type=\"widget\" data-e-type=\"widget\" data-widget_type=\"call-to-action.default\">\n\t\t\t\t<div class=\"elementor-widget-container\">\n\t\t\t\t\t\t\t<div class=\"elementor-cta\">\n\t\t\t\t\t<div class=\"elementor-cta__bg-wrapper\">\n\t\t\t\t<div class=\"elementor-cta__bg elementor-bg\" style=\"background-image: url(https:\/\/seehotel.de\/wp-content\/uploads\/2023\/11\/MG_8646-scaled.webp);\" role=\"img\" aria-label=\"_MG_8646\"><\/div>\n\t\t\t\t<div class=\"elementor-cta__bg-overlay\"><\/div>\n\t\t\t<\/div>\n\t\t\t\t\t\t\t<div class=\"elementor-cta__content\">\n\t\t\t\t\n\t\t\t\t\t\t\t\t\t<h2 class=\"elementor-cta__title elementor-cta__content-item elementor-content-item\">\n\t\t\t\t\t\t...ou en priv\u00e9\t\t\t\t\t<\/h2>\n\t\t\t\t\n\t\t\t\t\t\t\t\t\t<div class=\"elementor-cta__description elementor-cta__content-item elementor-content-item\">\n\t\t\t\t\t\t<p>Bapt\u00eame ou f\u00eate de fin d'\u00e9tudes, communion ou confirmation, f\u00eate d'anniversaire ou noces d'argent... les occasions de faire la f\u00eate avec les personnes que l'on aime sont innombrables. L'hospitalit\u00e9 est notre passion, et nous avons toujours de nouvelles id\u00e9es pour rendre votre f\u00eate unique. Laissez-vous inspirer, m\u00eame lors d'un entretien personnel, ici chez nous, au bord du lac. Nous nous r\u00e9jouissons de votre demande !<\/p>\n\t\t\t\t\t<\/div>\n\t\t\t\t\n\t\t\t\t\t\t\t\t\t<div class=\"elementor-cta__button-wrapper elementor-cta__content-item elementor-content-item \">\n\t\t\t\t\t<a class=\"elementor-cta__button elementor-button elementor-size-\" href=\"#elementor-action%3Aaction%3Dpopup%3Aopen%26settings%3DeyJpZCI6ODUxOCwidG9nZ2xlIjpmYWxzZX0%3D\">\n\t\t\t\t\t\tDemander maintenant\t\t\t\t\t<\/a>\n\t\t\t\t\t<\/div>\n\t\t\t\t\t\t\t<\/div>\n\t\t\t\t\t\t<\/div>\n\t\t\t\t\t\t<\/div>\n\t\t\t\t<\/div>\n\t\t<div class=\"elementor-element elementor-element-e5272c2 e-flex e-con-boxed e-con e-parent\" data-id=\"e5272c2\" data-element_type=\"container\" data-e-type=\"container\">\n\t\t\t\t\t<div class=\"e-con-inner\">\n\t\t<div class=\"elementor-element elementor-element-934a0eb e-con-full e-flex e-con e-child\" data-id=\"934a0eb\" data-element_type=\"container\" data-e-type=\"container\">\n\t\t\t\t<div class=\"elementor-element elementor-element-97ca6b6 elementor-cta--layout-image-right elementor-cta--mobile-layout-image-above elementor-cta--skin-classic elementor-animated-content elementor-widget elementor-widget-call-to-action\" data-id=\"97ca6b6\" data-element_type=\"widget\" data-e-type=\"widget\" data-widget_type=\"call-to-action.default\">\n\t\t\t\t<div class=\"elementor-widget-container\">\n\t\t\t\t\t\t\t<div class=\"elementor-cta\">\n\t\t\t\t\t<div class=\"elementor-cta__bg-wrapper\">\n\t\t\t\t<div class=\"elementor-cta__bg elementor-bg\" style=\"background-image: url(https:\/\/seehotel.de\/wp-content\/uploads\/2023\/12\/MG_5623-scaled.webp);\" role=\"img\" aria-label=\"_MG_5623\"><\/div>\n\t\t\t\t<div class=\"elementor-cta__bg-overlay\"><\/div>\n\t\t\t<\/div>\n\t\t\t\t\t\t\t<div class=\"elementor-cta__content\">\n\t\t\t\t\n\t\t\t\t\t\t\t\t\t<h2 class=\"elementor-cta__title elementor-cta__content-item elementor-content-item\">\n\t\t\t\t\t\tF\u00eate de No\u00ebl au SeeHotel\t\t\t\t\t<\/h2>\n\t\t\t\t\n\t\t\t\t\t\t\t\t\t<div class=\"elementor-cta__description elementor-cta__content-item elementor-content-item\">\n\t\t\t\t\t\t<p>Le lac juste devant notre porte, magnifique pour une randonn\u00e9e aux flambeaux ou une promenade entre coll\u00e8gues. Notre cour avec un espace couvert pour votre r\u00e9ception de punch avec du pop-corn frais et des marrons chauds. Votre table de f\u00eate au restaurant ou au salon, o\u00f9 vous pouvez vous asseoir et profiter... Nous avons \u00e0 c\u0153ur de cr\u00e9er une atmosph\u00e8re d\u00e9tendue en cette p\u00e9riode de l'ann\u00e9e qui invite \u00e0 des conversations anim\u00e9es et \u00e0 des rencontres agr\u00e9ables.<\/p>\n\t\t\t\t\t<\/div>\n\t\t\t\t\n\t\t\t\t\t\t\t<\/div>\n\t\t\t\t\t\t<\/div>\n\t\t\t\t\t\t<\/div>\n\t\t\t\t<\/div>\n\t\t\t\t<\/div>\n\t\t\t\t\t<\/div>\n\t\t\t\t<\/div>\n\t\t<div class=\"elementor-element elementor-element-89c1ae1 e-flex e-con-boxed e-con e-parent\" data-id=\"89c1ae1\" data-element_type=\"container\" data-e-type=\"container\">\n\t\t\t\t\t<div class=\"e-con-inner\">\n\t\t\t\t<div class=\"elementor-element elementor-element-3f57277 elementor-cta--layout-image-left elementor-cta--mobile-layout-image-above elementor-cta--skin-classic elementor-animated-content elementor-widget elementor-widget-call-to-action\" data-id=\"3f57277\" data-element_type=\"widget\" data-e-type=\"widget\" data-widget_type=\"call-to-action.default\">\n\t\t\t\t<div class=\"elementor-widget-container\">\n\t\t\t\t\t\t\t<div class=\"elementor-cta\">\n\t\t\t\t\t<div class=\"elementor-cta__bg-wrapper\">\n\t\t\t\t<div class=\"elementor-cta__bg elementor-bg\" style=\"background-image: url(https:\/\/seehotel.de\/wp-content\/uploads\/2023\/05\/seehotel_ketsch_restaurant_die_ente_03-scaled.jpg);\" role=\"img\" aria-label=\"seehotel_ketsch_restaurant_die_ente_03\"><\/div>\n\t\t\t\t<div class=\"elementor-cta__bg-overlay\"><\/div>\n\t\t\t<\/div>\n\t\t\t\t\t\t\t<div class=\"elementor-cta__content\">\n\t\t\t\t\n\t\t\t\t\t\t\t\t\t<h2 class=\"elementor-cta__title elementor-cta__content-item elementor-content-item\">\n\t\t\t\t\t\tCulinaire sur mesure\t\t\t\t\t<\/h2>\n\t\t\t\t\n\t\t\t\t\t\t\t\t\t<div class=\"elementor-cta__description elementor-cta__content-item elementor-content-item\">\n\t\t\t\t\t\t<p>Convenez avec nous de vos id\u00e9es dans le cadre d'un accord de menu individuel ou fiez-vous enti\u00e8rement \u00e0 notre exp\u00e9rience. Peut-\u00eatre qu'un concept un peu plus original conviendra \u00e0 votre \u00e9v\u00e9nement, comme un barbecue en \u00e9t\u00e9 ou une fondue pendant la saison plus froide...<\/p>\n\t\t\t\t\t<\/div>\n\t\t\t\t\n\t\t\t\t\t\t\t\t\t<div class=\"elementor-cta__button-wrapper elementor-cta__content-item elementor-content-item \">\n\t\t\t\t\t<a class=\"elementor-cta__button elementor-button elementor-size-\" href=\"#elementor-action%3Aaction%3Dpopup%3Aopen%26settings%3DeyJpZCI6ODUxOCwidG9nZ2xlIjpmYWxzZX0%3D\">\n\t\t\t\t\t\tDemander maintenant\t\t\t\t\t<\/a>\n\t\t\t\t\t<\/div>\n\t\t\t\t\t\t\t<\/div>\n\t\t\t\t\t\t<\/div>\n\t\t\t\t\t\t<\/div>\n\t\t\t\t<\/div>\n\t\t\t\t\t<\/div>\n\t\t\t\t<\/div>\n\t\t\t\t<div class=\"elementor-element elementor-element-a83bdb8 elementor-cta--layout-image-right elementor-cta--mobile-layout-image-above elementor-cta--skin-classic elementor-animated-content elementor-widget elementor-widget-call-to-action\" data-id=\"a83bdb8\" data-element_type=\"widget\" data-e-type=\"widget\" data-widget_type=\"call-to-action.default\">\n\t\t\t\t<div class=\"elementor-widget-container\">\n\t\t\t\t\t\t\t<div class=\"elementor-cta\">\n\t\t\t\t\t<div class=\"elementor-cta__bg-wrapper\">\n\t\t\t\t<div class=\"elementor-cta__bg elementor-bg\" style=\"background-image: url(https:\/\/seehotel.de\/wp-content\/uploads\/2023\/07\/KR5_6006-1-scaled.jpg);\" role=\"img\" aria-label=\"\"><\/div>\n\t\t\t\t<div class=\"elementor-cta__bg-overlay\"><\/div>\n\t\t\t<\/div>\n\t\t\t\t\t\t\t<div class=\"elementor-cta__content\">\n\t\t\t\t\n\t\t\t\t\t\t\t\t\t<h2 class=\"elementor-cta__title elementor-cta__content-item elementor-content-item\">\n\t\t\t\t\t\tDes interlocuteurs fiables pour votre f\u00eate\t\t\t\t\t<\/h2>\n\t\t\t\t\n\t\t\t\t\t\t\t\t\t<div class=\"elementor-cta__description elementor-cta__content-item elementor-content-item\">\n\t\t\t\t\t\t<p>Profitez de nos interlocuteurs fixes et fiables, dot\u00e9s d'une vaste exp\u00e9rience et d'une grande sensibilit\u00e9, qui ma\u00eetrisent chaque geste et veillent \u00e0 ce que votre f\u00eate se d\u00e9roule sans accroc et conform\u00e9ment \u00e0 vos attentes.<\/p>\n\t\t\t\t\t<\/div>\n\t\t\t\t\n\t\t\t\t\t\t\t\t\t<div class=\"elementor-cta__button-wrapper elementor-cta__content-item elementor-content-item \">\n\t\t\t\t\t<a class=\"elementor-cta__button elementor-button elementor-size-\" href=\"#elementor-action%3Aaction%3Dpopup%3Aopen%26settings%3DeyJpZCI6ODUxOCwidG9nZ2xlIjpmYWxzZX0%3D\">\n\t\t\t\t\t\tDemander maintenant\t\t\t\t\t<\/a>\n\t\t\t\t\t<\/div>\n\t\t\t\t\t\t\t<\/div>\n\t\t\t\t\t\t<\/div>\n\t\t\t\t\t\t<\/div>\n\t\t\t\t<\/div>\n\t\t\t\t<div class=\"elementor-element elementor-element-b466b75 elementor-cta--layout-image-left elementor-cta--mobile-layout-image-above elementor-cta--skin-classic elementor-animated-content elementor-widget elementor-widget-call-to-action\" data-id=\"b466b75\" data-element_type=\"widget\" data-e-type=\"widget\" data-widget_type=\"call-to-action.default\">\n\t\t\t\t<div class=\"elementor-widget-container\">\n\t\t\t\t\t\t\t<div class=\"elementor-cta\">\n\t\t\t\t\t<div class=\"elementor-cta__bg-wrapper\">\n\t\t\t\t<div class=\"elementor-cta__bg elementor-bg\" style=\"background-image: url(https:\/\/seehotel.de\/wp-content\/uploads\/2025\/01\/MG_6726-scaled.jpg);\" role=\"img\" aria-label=\"_MG_6726\"><\/div>\n\t\t\t\t<div class=\"elementor-cta__bg-overlay\"><\/div>\n\t\t\t<\/div>\n\t\t\t\t\t\t\t<div class=\"elementor-cta__content\">\n\t\t\t\t\n\t\t\t\t\t\t\t\t\t<h2 class=\"elementor-cta__title elementor-cta__content-item elementor-content-item\">\n\t\t\t\t\t\tAdds et Ons\t\t\t\t\t<\/h2>\n\t\t\t\t\n\t\t\t\t\t\t\t\t\t<div class=\"elementor-cta__description elementor-cta__content-item elementor-content-item\">\n\t\t\t\t\t\t<p>Profitez de notre vaste r\u00e9seau de musiciens et d'artistes, de photographes et de prestataires de services r\u00e9gionaux. Vous souhaitez une d\u00e9coration florale originale pour les tables ? Dans notre propre atelier de fleurs, nous composons des bouquets et des arrangements individuels selon vos go\u00fbts personnels.  <\/p>\n<p>  Vous souhaitez agr\u00e9menter votre r\u00e9union d'une activit\u00e9 commune ? Nous proposons diff\u00e9rentes possibilit\u00e9s, en int\u00e9rieur ou en ext\u00e9rieur, pour faire plaisir \u00e0 votre \u00e9quipe ou \u00e0 vos proches. N'h\u00e9sitez pas \u00e0 nous contacter, nous trouverons l'id\u00e9e qui convient le mieux \u00e0 votre \u00e9v\u00e9nement.  <\/p>\n\t\t\t\t\t<\/div>\n\t\t\t\t\n\t\t\t\t\t\t\t\t\t<div class=\"elementor-cta__button-wrapper elementor-cta__content-item elementor-content-item \">\n\t\t\t\t\t<a class=\"elementor-cta__button elementor-button elementor-size-\" href=\"#elementor-action%3Aaction%3Dpopup%3Aopen%26settings%3DeyJpZCI6ODUxOCwidG9nZ2xlIjpmYWxzZX0%3D\">\n\t\t\t\t\t\tDemander maintenant\t\t\t\t\t<\/a>\n\t\t\t\t\t<\/div>\n\t\t\t\t\t\t\t<\/div>\n\t\t\t\t\t\t<\/div>\n\t\t\t\t\t\t<\/div>\n\t\t\t\t<\/div>\n\t\t\t\t\t<\/div>\n\t\t<\/div>\n\t\t\t\t\t<\/div>\n\t\t<\/section>\n\t\t\t\t<\/div>\n\t\t","protected":false},"excerpt":{"rendered":"<p>F\u00eates Faire la f\u00eate au bord du lac. De l&rsquo;entreprise au priv\u00e9, de la f\u00eate d&rsquo;\u00e9t\u00e9 \u00e0 la f\u00eate de No\u00ebl Nous vous donnons beaucoup d&rsquo;espace pour votre f\u00eate ! [&hellip;]<\/p>\n","protected":false},"author":2,"featured_media":0,"parent":0,"menu_order":0,"comment_status":"closed","ping_status":"closed","template":"elementor_header_footer","meta":{"footnotes":""},"class_list":["post-8849","page","type-page","status-publish","hentry"],"_links":{"self":[{"href":"https:\/\/seehotel.de\/fr\/wp-json\/wp\/v2\/pages\/8849","targetHints":{"allow":["GET"]}}],"collection":[{"href":"https:\/\/seehotel.de\/fr\/wp-json\/wp\/v2\/pages"}],"about":[{"href":"https:\/\/seehotel.de\/fr\/wp-json\/wp\/v2\/types\/page"}],"author":[{"embeddable":true,"href":"https:\/\/seehotel.de\/fr\/wp-json\/wp\/v2\/users\/2"}],"replies":[{"embeddable":true,"href":"https:\/\/seehotel.de\/fr\/wp-json\/wp\/v2\/comments?post=8849"}],"version-history":[{"count":5,"href":"https:\/\/seehotel.de\/fr\/wp-json\/wp\/v2\/pages\/8849\/revisions"}],"predecessor-version":[{"id":11241,"href":"https:\/\/seehotel.de\/fr\/wp-json\/wp\/v2\/pages\/8849\/revisions\/11241"}],"wp:attachment":[{"href":"https:\/\/seehotel.de\/fr\/wp-json\/wp\/v2\/media?parent=8849"}],"curies":[{"name":"wp","href":"https:\/\/api.w.org\/{rel}","templated":true}]}}