{"id":8841,"date":"2023-11-26T20:41:34","date_gmt":"2023-11-26T19:41:34","guid":{"rendered":"https:\/\/seehotel.de\/carte-des-vins\/"},"modified":"2025-05-21T17:40:36","modified_gmt":"2025-05-21T15:40:36","slug":"carte-des-vins","status":"publish","type":"page","link":"https:\/\/seehotel.de\/fr\/restaurant\/carte-des-vins\/","title":{"rendered":"Carte des vins"},"content":{"rendered":"\t\t<div data-elementor-type=\"wp-page\" data-elementor-id=\"8841\" class=\"elementor elementor-8841 elementor-1069\" data-elementor-post-type=\"page\">\n\t\t\t\t\t\t<section class=\"elementor-section elementor-top-section elementor-element elementor-element-213e6ec1 elementor-section-boxed elementor-section-height-default elementor-section-height-default\" data-id=\"213e6ec1\" data-element_type=\"section\" data-e-type=\"section\" data-settings=\"{&quot;background_background&quot;:&quot;classic&quot;}\">\n\t\t\t\t\t\t\t<div class=\"elementor-background-overlay\"><\/div>\n\t\t\t\t\t\t\t<div class=\"elementor-container elementor-column-gap-default\">\n\t\t\t\t\t<div class=\"elementor-column elementor-col-100 elementor-top-column elementor-element elementor-element-60492d66\" data-id=\"60492d66\" data-element_type=\"column\" data-e-type=\"column\">\n\t\t\t<div class=\"elementor-widget-wrap elementor-element-populated\">\n\t\t\t\t\t\t<div class=\"elementor-element elementor-element-48c19c23 elementor-widget__width-auto elementor-invisible elementor-widget elementor-widget-heading\" data-id=\"48c19c23\" data-element_type=\"widget\" data-e-type=\"widget\" data-settings=\"{&quot;_animation&quot;:&quot;fadeInLeft&quot;}\" data-widget_type=\"heading.default\">\n\t\t\t\t<div class=\"elementor-widget-container\">\n\t\t\t\t\t<h2 class=\"elementor-heading-title elementor-size-default\">Carte des vins<\/h2>\t\t\t\t<\/div>\n\t\t\t\t<\/div>\n\t\t\t\t\t<\/div>\n\t\t<\/div>\n\t\t\t\t\t<\/div>\n\t\t<\/section>\n\t\t\t\t<section class=\"elementor-section elementor-top-section elementor-element elementor-element-497cdcff elementor-reverse-mobile elementor-section-boxed elementor-section-height-default elementor-section-height-default\" data-id=\"497cdcff\" data-element_type=\"section\" data-e-type=\"section\" data-settings=\"{&quot;background_background&quot;:&quot;gradient&quot;}\">\n\t\t\t\t\t\t<div class=\"elementor-container elementor-column-gap-default\">\n\t\t\t\t\t<div class=\"elementor-column elementor-col-50 elementor-top-column elementor-element elementor-element-6b37047b\" data-id=\"6b37047b\" data-element_type=\"column\" data-e-type=\"column\">\n\t\t\t<div class=\"elementor-widget-wrap elementor-element-populated\">\n\t\t\t\t\t\t<div class=\"elementor-element elementor-element-588b0588 elementor-widget__width-initial elementor-absolute elementor-invisible elementor-widget elementor-widget-image\" data-id=\"588b0588\" data-element_type=\"widget\" data-e-type=\"widget\" data-settings=\"{&quot;_position&quot;:&quot;absolute&quot;,&quot;_animation&quot;:&quot;slideInUp&quot;}\" data-widget_type=\"image.default\">\n\t\t\t\t<div class=\"elementor-widget-container\">\n\t\t\t\t\t\t\t\t\t\t\t\t\t\t\t<img fetchpriority=\"high\" decoding=\"async\" width=\"2560\" height=\"1708\" src=\"https:\/\/seehotel.de\/wp-content\/uploads\/2023\/07\/KR5_6282-scaled.jpg\" class=\"attachment-full size-full wp-image-5874\" alt=\"\" srcset=\"https:\/\/seehotel.de\/wp-content\/uploads\/2023\/07\/KR5_6282-scaled.jpg 2560w, https:\/\/seehotel.de\/wp-content\/uploads\/2023\/07\/KR5_6282-300x200.jpg 300w, https:\/\/seehotel.de\/wp-content\/uploads\/2023\/07\/KR5_6282-1024x683.jpg 1024w, https:\/\/seehotel.de\/wp-content\/uploads\/2023\/07\/KR5_6282-768x512.jpg 768w, https:\/\/seehotel.de\/wp-content\/uploads\/2023\/07\/KR5_6282-1536x1025.jpg 1536w, https:\/\/seehotel.de\/wp-content\/uploads\/2023\/07\/KR5_6282-2048x1366.jpg 2048w\" sizes=\"(max-width: 2560px) 100vw, 2560px\" \/>\t\t\t\t\t\t\t\t\t\t\t\t\t\t\t<\/div>\n\t\t\t\t<\/div>\n\t\t\t\t<div class=\"elementor-element elementor-element-62c39955 elementor-widget elementor-widget-image\" data-id=\"62c39955\" data-element_type=\"widget\" data-e-type=\"widget\" data-widget_type=\"image.default\">\n\t\t\t\t<div class=\"elementor-widget-container\">\n\t\t\t\t\t\t\t\t\t\t\t\t\t\t\t<img decoding=\"async\" width=\"2560\" height=\"1708\" src=\"https:\/\/seehotel.de\/wp-content\/uploads\/2023\/07\/KR5_6006-1-scaled.jpg\" class=\"attachment-full size-full wp-image-5988\" alt=\"\" srcset=\"https:\/\/seehotel.de\/wp-content\/uploads\/2023\/07\/KR5_6006-1-scaled.jpg 2560w, https:\/\/seehotel.de\/wp-content\/uploads\/2023\/07\/KR5_6006-1-300x200.jpg 300w, https:\/\/seehotel.de\/wp-content\/uploads\/2023\/07\/KR5_6006-1-1024x683.jpg 1024w, https:\/\/seehotel.de\/wp-content\/uploads\/2023\/07\/KR5_6006-1-768x512.jpg 768w, https:\/\/seehotel.de\/wp-content\/uploads\/2023\/07\/KR5_6006-1-1536x1025.jpg 1536w, https:\/\/seehotel.de\/wp-content\/uploads\/2023\/07\/KR5_6006-1-2048x1366.jpg 2048w\" sizes=\"(max-width: 2560px) 100vw, 2560px\" \/>\t\t\t\t\t\t\t\t\t\t\t\t\t\t\t<\/div>\n\t\t\t\t<\/div>\n\t\t\t\t\t<\/div>\n\t\t<\/div>\n\t\t\t\t<div class=\"elementor-column elementor-col-50 elementor-top-column elementor-element elementor-element-245a11f\" data-id=\"245a11f\" data-element_type=\"column\" data-e-type=\"column\">\n\t\t\t<div class=\"elementor-widget-wrap elementor-element-populated\">\n\t\t\t\t\t\t<div class=\"elementor-element elementor-element-70b90f0 elementor-widget elementor-widget-text-editor\" data-id=\"70b90f0\" data-element_type=\"widget\" data-e-type=\"widget\" data-widget_type=\"text-editor.default\">\n\t\t\t\t<div class=\"elementor-widget-container\">\n\t\t\t\t\t\t\t\t\t<nav aria-label=\"breadcrumbs\" class=\"rank-math-breadcrumb\"><p><span class=\"last\">Home<\/span><\/p><\/nav>\n\t\t\t\t\t\t\t\t<\/div>\n\t\t\t\t<\/div>\n\t\t\t\t<div class=\"elementor-element elementor-element-71250b52 elementor-widget elementor-widget-heading\" data-id=\"71250b52\" data-element_type=\"widget\" data-e-type=\"widget\" data-widget_type=\"heading.default\">\n\t\t\t\t<div class=\"elementor-widget-container\">\n\t\t\t\t\t<h2 class=\"elementor-heading-title elementor-size-default\">D\u00e9couvrez notre diversit\u00e9<\/h2>\t\t\t\t<\/div>\n\t\t\t\t<\/div>\n\t\t\t\t<div class=\"elementor-element elementor-element-2eabce72 elementor-widget elementor-widget-heading\" data-id=\"2eabce72\" data-element_type=\"widget\" data-e-type=\"widget\" data-widget_type=\"heading.default\">\n\t\t\t\t<div class=\"elementor-widget-container\">\n\t\t\t\t\t<h2 class=\"elementor-heading-title elementor-size-default\">Une culture du vin vivante<\/h2>\t\t\t\t<\/div>\n\t\t\t\t<\/div>\n\t\t\t\t<div class=\"elementor-element elementor-element-411fdee0 elementor-drop-cap-yes elementor-drop-cap-view-default elementor-widget elementor-widget-text-editor\" data-id=\"411fdee0\" data-element_type=\"widget\" data-e-type=\"widget\" data-settings=\"{&quot;drop_cap&quot;:&quot;yes&quot;}\" data-widget_type=\"text-editor.default\">\n\t\t\t\t<div class=\"elementor-widget-container\">\n\t\t\t\t\t\t\t\t\t<p>D\u00e9couvrez notre offre de vins raffin\u00e9s, soigneusement s\u00e9lectionn\u00e9e, qui va des vins de domaine r\u00e9gionaux aux grands crus internationaux. Sur notre carte des vins, qui compte plus de 300 positions, on retrouve des domaines renomm\u00e9s comme Knipser, Keller et Becker, ainsi que des vignerons en pleine ascension comme Wasenhaus et Moritz Kissinger. Notre s\u00e9lection de champagnes enthousiasme avec plus de 20 vari\u00e9t\u00e9s choisies, tandis que les demi-bouteilles offrent une flexibilit\u00e9 pour chaque moment de plaisir. Des vins certifi\u00e9s bio et Demeter ainsi que des vins naturels compl\u00e8tent notre vaste s\u00e9lection. Au sein de notre \u00e9quipe de service, nos sommeliers professionnels Anke et Jannik, forts de leurs ann\u00e9es d&rsquo;exp\u00e9rience, sont l\u00e0 pour vous conseiller.  <\/p>\n\t\t\t\t\t\t\t\t<\/div>\n\t\t\t\t<\/div>\n\t\t\t\t<div class=\"elementor-element elementor-element-43c3b8e5 elementor-view-stacked elementor-position-inline-start elementor-mobile-position-inline-start elementor-shape-circle elementor-widget elementor-widget-icon-box\" data-id=\"43c3b8e5\" data-element_type=\"widget\" data-e-type=\"widget\" data-widget_type=\"icon-box.default\">\n\t\t\t\t<div class=\"elementor-widget-container\">\n\t\t\t\t\t\t\t<div class=\"elementor-icon-box-wrapper\">\n\n\t\t\t\t\t\t<div class=\"elementor-icon-box-icon\">\n\t\t\t\t<a href=\"tel:+4962026970\" class=\"elementor-icon elementor-animation-float\" tabindex=\"-1\" aria-label=\"R\u00e9servation\">\n\t\t\t\t<i aria-hidden=\"true\" class=\"icon icon-phone1\"><\/i>\t\t\t\t<\/a>\n\t\t\t<\/div>\n\t\t\t\n\t\t\t\t\t\t<div class=\"elementor-icon-box-content\">\n\n\t\t\t\t\t\t\t\t\t<div class=\"elementor-icon-box-title\">\n\t\t\t\t\t\t<a href=\"tel:+4962026970\" >\n\t\t\t\t\t\t\tR\u00e9servation\t\t\t\t\t\t<\/a>\n\t\t\t\t\t<\/div>\n\t\t\t\t\n\t\t\t\t\t\t\t\t\t<p class=\"elementor-icon-box-description\">\n\t\t\t\t\t\t<a href=\"tel:+4962026970\">+49 6202 6970<\/a>\t\t\t\t\t<\/p>\n\t\t\t\t\n\t\t\t<\/div>\n\t\t\t\n\t\t<\/div>\n\t\t\t\t\t\t<\/div>\n\t\t\t\t<\/div>\n\t\t\t\t\t<\/div>\n\t\t<\/div>\n\t\t\t\t\t<\/div>\n\t\t<\/section>\n\t\t\t\t<section class=\"elementor-section elementor-top-section elementor-element elementor-element-17335ab4 elementor-section-boxed elementor-section-height-default elementor-section-height-default\" data-id=\"17335ab4\" data-element_type=\"section\" data-e-type=\"section\" data-settings=\"{&quot;background_background&quot;:&quot;classic&quot;}\">\n\t\t\t\t\t\t\t<div class=\"elementor-background-overlay\"><\/div>\n\t\t\t\t\t\t\t<div class=\"elementor-container elementor-column-gap-default\">\n\t\t\t\t\t<div class=\"elementor-column elementor-col-100 elementor-top-column elementor-element elementor-element-712df5b2\" data-id=\"712df5b2\" data-element_type=\"column\" data-e-type=\"column\">\n\t\t\t<div class=\"elementor-widget-wrap elementor-element-populated\">\n\t\t\t\t\t\t<section class=\"elementor-section elementor-inner-section elementor-element elementor-element-100a439d elementor-section-boxed elementor-section-height-default elementor-section-height-default\" data-id=\"100a439d\" data-element_type=\"section\" data-e-type=\"section\">\n\t\t\t\t\t\t<div class=\"elementor-container elementor-column-gap-default\">\n\t\t\t\t\t<div class=\"elementor-column elementor-col-50 elementor-inner-column elementor-element elementor-element-6d9101ee\" data-id=\"6d9101ee\" data-element_type=\"column\" data-e-type=\"column\">\n\t\t\t<div class=\"elementor-widget-wrap elementor-element-populated\">\n\t\t\t\t\t\t<div class=\"elementor-element elementor-element-9480dda elementor-widget elementor-widget-heading\" data-id=\"9480dda\" data-element_type=\"widget\" data-e-type=\"widget\" data-widget_type=\"heading.default\">\n\t\t\t\t<div class=\"elementor-widget-container\">\n\t\t\t\t\t<h2 class=\"elementor-heading-title elementor-size-default\">Collaboration avec des partenaires fiables<\/h2>\t\t\t\t<\/div>\n\t\t\t\t<\/div>\n\t\t\t\t\t<\/div>\n\t\t<\/div>\n\t\t\t\t<div class=\"elementor-column elementor-col-50 elementor-inner-column elementor-element elementor-element-3116cff6\" data-id=\"3116cff6\" data-element_type=\"column\" data-e-type=\"column\">\n\t\t\t<div class=\"elementor-widget-wrap elementor-element-populated\">\n\t\t\t\t\t\t<div class=\"elementor-element elementor-element-56306388 elementor-widget elementor-widget-text-editor\" data-id=\"56306388\" data-element_type=\"widget\" data-e-type=\"widget\" data-widget_type=\"text-editor.default\">\n\t\t\t\t<div class=\"elementor-widget-container\">\n\t\t\t\t\t\t\t\t\t<p>Notre carte des vins ne refl\u00e8te pas seulement le monde du vin, mais aussi la collaboration avec des partenaires r\u00e9gionaux. Nous vous pr\u00e9sentons des vins soigneusement s\u00e9lectionn\u00e9s chez Tischmacher, Zweilaut, Weinrefugium et IRORI. Nous avons trouv\u00e9 d&rsquo;autres partenaires fiables dans OffGritt, Lobenberg&rsquo;s et Molina.<\/p>\n\t\t\t\t\t\t\t\t<\/div>\n\t\t\t\t<\/div>\n\t\t\t\t<div class=\"elementor-element elementor-element-7491690 elementor-align-left elementor-widget elementor-widget-button\" data-id=\"7491690\" data-element_type=\"widget\" data-e-type=\"widget\" data-widget_type=\"button.default\">\n\t\t\t\t<div class=\"elementor-widget-container\">\n\t\t\t\t\t\t\t\t\t<div class=\"elementor-button-wrapper\">\n\t\t\t\t\t<a class=\"elementor-button elementor-button-link elementor-size-sm\" href=\"https:\/\/seehotel.de\/wp-content\/uploads\/2025\/05\/Weinkarte-Neu-21.05.2025.pdf\" target=\"_blank\">\n\t\t\t\t\t\t<span class=\"elementor-button-content-wrapper\">\n\t\t\t\t\t\t\t\t\t<span class=\"elementor-button-text\">Carte des vins<\/span>\n\t\t\t\t\t<\/span>\n\t\t\t\t\t<\/a>\n\t\t\t\t<\/div>\n\t\t\t\t\t\t\t\t<\/div>\n\t\t\t\t<\/div>\n\t\t\t\t\t<\/div>\n\t\t<\/div>\n\t\t\t\t\t<\/div>\n\t\t<\/section>\n\t\t\t\t\t<\/div>\n\t\t<\/div>\n\t\t\t\t\t<\/div>\n\t\t<\/section>\n\t\t\t\t<section class=\"elementor-section elementor-top-section elementor-element elementor-element-acb6a03 elementor-section-boxed elementor-section-height-default elementor-section-height-default\" data-id=\"acb6a03\" data-element_type=\"section\" data-e-type=\"section\">\n\t\t\t\t\t\t<div class=\"elementor-container elementor-column-gap-default\">\n\t\t\t\t\t<div class=\"elementor-column elementor-col-100 elementor-top-column elementor-element elementor-element-baabd76\" data-id=\"baabd76\" data-element_type=\"column\" data-e-type=\"column\">\n\t\t\t<div class=\"elementor-widget-wrap elementor-element-populated\">\n\t\t\t\t\t\t<section class=\"elementor-section elementor-inner-section elementor-element elementor-element-728daaf elementor-section-boxed elementor-section-height-default elementor-section-height-default\" data-id=\"728daaf\" data-element_type=\"section\" data-e-type=\"section\">\n\t\t\t\t\t\t<div class=\"elementor-container elementor-column-gap-default\">\n\t\t\t\t\t<div class=\"elementor-column elementor-col-33 elementor-inner-column elementor-element elementor-element-2aa783c elementor-invisible\" data-id=\"2aa783c\" data-element_type=\"column\" data-e-type=\"column\" data-settings=\"{&quot;animation&quot;:&quot;fadeInUp&quot;,&quot;animation_delay&quot;:720}\">\n\t\t\t<div class=\"elementor-widget-wrap elementor-element-populated\">\n\t\t\t\t\t\t<div class=\"elementor-element elementor-element-8b73a5a ekit-equal-height-disable elementor-widget elementor-widget-elementskit-image-box\" data-id=\"8b73a5a\" data-element_type=\"widget\" data-e-type=\"widget\" data-widget_type=\"elementskit-image-box.default\">\n\t\t\t\t<div class=\"elementor-widget-container\">\n\t\t\t\t\t<div class=\"ekit-wid-con\" >\n            <div class=\"elementskit-info-image-box ekit-image-box text-left simple-card\" >\n\n                \n                <div class=\"elementskit-box-header image-box-img-left\">\n\n                    <img decoding=\"async\" width=\"2560\" height=\"1707\" src=\"https:\/\/seehotel.de\/wp-content\/uploads\/2023\/07\/MG_4071-scaled.jpg\" class=\"attachment-full size-full wp-image-532\" alt=\"\" srcset=\"https:\/\/seehotel.de\/wp-content\/uploads\/2023\/07\/MG_4071-scaled.jpg 2560w, https:\/\/seehotel.de\/wp-content\/uploads\/2023\/07\/MG_4071-300x200.jpg 300w, https:\/\/seehotel.de\/wp-content\/uploads\/2023\/07\/MG_4071-1024x683.jpg 1024w, https:\/\/seehotel.de\/wp-content\/uploads\/2023\/07\/MG_4071-768x512.jpg 768w, https:\/\/seehotel.de\/wp-content\/uploads\/2023\/07\/MG_4071-1536x1024.jpg 1536w, https:\/\/seehotel.de\/wp-content\/uploads\/2023\/07\/MG_4071-2048x1365.jpg 2048w\" sizes=\"(max-width: 2560px) 100vw, 2560px\" \/>\n                <\/div>\n                \n                <div class=\"elementskit-box-body ekit-image-box-body\">\n                    <div class=\"elementskit-box-content ekit-image-box-body-inner\">\n                                                <h3 class=\"elementskit-info-box-title\">\n\n                        Carte des vins changeante\n                        \n                    <\/h3>\n                                                            <div class=\"elementskit-box-style-content\">\n                        Notre carte des vins est en constante \u00e9volution. D'une part, pour vous faire d\u00e9couvrir la diversit\u00e9 color\u00e9e du monde du vin et, d'autre part, pour vous offrir en permanence de nouvelles d\u00e9couvertes et de nouvelles exp\u00e9riences gustatives.                      <\/div>\n                                    <\/div>\n\n                            <\/div>\n            <\/div>\n    <\/div>\t\t\t\t<\/div>\n\t\t\t\t<\/div>\n\t\t\t\t\t<\/div>\n\t\t<\/div>\n\t\t\t\t<div class=\"elementor-column elementor-col-33 elementor-inner-column elementor-element elementor-element-64a89d8 elementor-invisible\" data-id=\"64a89d8\" data-element_type=\"column\" data-e-type=\"column\" data-settings=\"{&quot;animation&quot;:&quot;fadeInUp&quot;,&quot;animation_delay&quot;:360}\">\n\t\t\t<div class=\"elementor-widget-wrap elementor-element-populated\">\n\t\t\t\t\t\t<div class=\"elementor-element elementor-element-100421f ekit-equal-height-disable elementor-widget elementor-widget-elementskit-image-box\" data-id=\"100421f\" data-element_type=\"widget\" data-e-type=\"widget\" data-widget_type=\"elementskit-image-box.default\">\n\t\t\t\t<div class=\"elementor-widget-container\">\n\t\t\t\t\t<div class=\"ekit-wid-con\" >\n            <div class=\"elementskit-info-image-box ekit-image-box text-left simple-card\" >\n\n                \n                <div class=\"elementskit-box-header image-box-img-left\">\n\n                    <img loading=\"lazy\" decoding=\"async\" width=\"2560\" height=\"1708\" src=\"https:\/\/seehotel.de\/wp-content\/uploads\/2023\/07\/KR5_5922-scaled.jpg\" class=\"attachment-full size-full wp-image-463\" alt=\"\" srcset=\"https:\/\/seehotel.de\/wp-content\/uploads\/2023\/07\/KR5_5922-scaled.jpg 2560w, https:\/\/seehotel.de\/wp-content\/uploads\/2023\/07\/KR5_5922-300x200.jpg 300w, https:\/\/seehotel.de\/wp-content\/uploads\/2023\/07\/KR5_5922-1024x683.jpg 1024w, https:\/\/seehotel.de\/wp-content\/uploads\/2023\/07\/KR5_5922-768x512.jpg 768w, https:\/\/seehotel.de\/wp-content\/uploads\/2023\/07\/KR5_5922-1536x1025.jpg 1536w, https:\/\/seehotel.de\/wp-content\/uploads\/2023\/07\/KR5_5922-2048x1366.jpg 2048w\" sizes=\"(max-width: 2560px) 100vw, 2560px\" \/>\n                <\/div>\n                \n                <div class=\"elementskit-box-body ekit-image-box-body\">\n                    <div class=\"elementskit-box-content ekit-image-box-body-inner\">\n                                                <h3 class=\"elementskit-info-box-title\">\n\n                        Vari\u00e9 et profond\n                        \n                    <\/h3>\n                                                            <div class=\"elementskit-box-style-content\">\n                        D\u00e9couvrez notre s\u00e9lection exclusive de champagnes qui, avec plus de 20 vari\u00e9t\u00e9s, rend hommage au plus noble des vins mousseux. Qu'il s'agisse d'une maison renomm\u00e9e ou d'un secret, le champagne est toujours en vogue et convient \u00e0 toutes les occasions.                    <\/div>\n                                    <\/div>\n\n                            <\/div>\n            <\/div>\n    <\/div>\t\t\t\t<\/div>\n\t\t\t\t<\/div>\n\t\t\t\t\t<\/div>\n\t\t<\/div>\n\t\t\t\t<div class=\"elementor-column elementor-col-33 elementor-inner-column elementor-element elementor-element-18460ed elementor-invisible\" data-id=\"18460ed\" data-element_type=\"column\" data-e-type=\"column\" data-settings=\"{&quot;animation&quot;:&quot;fadeInUp&quot;}\">\n\t\t\t<div class=\"elementor-widget-wrap elementor-element-populated\">\n\t\t\t\t\t\t<div class=\"elementor-element elementor-element-24458c5 ekit-equal-height-disable elementor-widget elementor-widget-elementskit-image-box\" data-id=\"24458c5\" data-element_type=\"widget\" data-e-type=\"widget\" data-widget_type=\"elementskit-image-box.default\">\n\t\t\t\t<div class=\"elementor-widget-container\">\n\t\t\t\t\t<div class=\"ekit-wid-con\" >\n            <div class=\"elementskit-info-image-box ekit-image-box text-left simple-card\" >\n\n                \n                <div class=\"elementskit-box-header image-box-img-left\">\n\n                    <img loading=\"lazy\" decoding=\"async\" width=\"2560\" height=\"1707\" src=\"https:\/\/seehotel.de\/wp-content\/uploads\/2025\/04\/DSC02390-scaled.jpg\" class=\"attachment-full size-full wp-image-12535\" alt=\"\" srcset=\"https:\/\/seehotel.de\/wp-content\/uploads\/2025\/04\/DSC02390-scaled.jpg 2560w, https:\/\/seehotel.de\/wp-content\/uploads\/2025\/04\/DSC02390-300x200.jpg 300w, https:\/\/seehotel.de\/wp-content\/uploads\/2025\/04\/DSC02390-1024x683.jpg 1024w, https:\/\/seehotel.de\/wp-content\/uploads\/2025\/04\/DSC02390-768x512.jpg 768w, https:\/\/seehotel.de\/wp-content\/uploads\/2025\/04\/DSC02390-1536x1024.jpg 1536w, https:\/\/seehotel.de\/wp-content\/uploads\/2025\/04\/DSC02390-2048x1366.jpg 2048w\" sizes=\"(max-width: 2560px) 100vw, 2560px\" \/>\n                <\/div>\n                \n                <div class=\"elementskit-box-body ekit-image-box-body\">\n                    <div class=\"elementskit-box-content ekit-image-box-body-inner\">\n                                                <h3 class=\"elementskit-info-box-title\">\n\n                        Du r\u00e9gional \u00e0 l'international\n                        \n                    <\/h3>\n                                                            <div class=\"elementskit-box-style-content\">\n                        Notre carte des vins pr\u00e9sente une vari\u00e9t\u00e9 impressionnante de vins de domaine et de grands crus issus de diff\u00e9rentes r\u00e9gions viticoles allemandes. Mais il y a aussi des domaines viticoles internationaux, par exemple d'Autriche, de France, d'Italie, d'Espagne, d'Afrique du Sud et de Hongrie.                    <\/div>\n                                    <\/div>\n\n                            <\/div>\n            <\/div>\n    <\/div>\t\t\t\t<\/div>\n\t\t\t\t<\/div>\n\t\t\t\t\t<\/div>\n\t\t<\/div>\n\t\t\t\t\t<\/div>\n\t\t<\/section>\n\t\t\t\t\t<\/div>\n\t\t<\/div>\n\t\t\t\t\t<\/div>\n\t\t<\/section>\n\t\t\t\t<\/div>\n\t\t","protected":false},"excerpt":{"rendered":"<p>Carte des vins D\u00e9couvrez notre diversit\u00e9 Une culture du vin vivante D\u00e9couvrez notre offre de vins raffin\u00e9s, soigneusement s\u00e9lectionn\u00e9e, qui va des vins de domaine r\u00e9gionaux aux grands crus internationaux. [&hellip;]<\/p>\n","protected":false},"author":2,"featured_media":0,"parent":8876,"menu_order":0,"comment_status":"closed","ping_status":"closed","template":"elementor_header_footer","meta":{"footnotes":""},"class_list":["post-8841","page","type-page","status-publish","hentry"],"_links":{"self":[{"href":"https:\/\/seehotel.de\/fr\/wp-json\/wp\/v2\/pages\/8841","targetHints":{"allow":["GET"]}}],"collection":[{"href":"https:\/\/seehotel.de\/fr\/wp-json\/wp\/v2\/pages"}],"about":[{"href":"https:\/\/seehotel.de\/fr\/wp-json\/wp\/v2\/types\/page"}],"author":[{"embeddable":true,"href":"https:\/\/seehotel.de\/fr\/wp-json\/wp\/v2\/users\/2"}],"replies":[{"embeddable":true,"href":"https:\/\/seehotel.de\/fr\/wp-json\/wp\/v2\/comments?post=8841"}],"version-history":[{"count":36,"href":"https:\/\/seehotel.de\/fr\/wp-json\/wp\/v2\/pages\/8841\/revisions"}],"predecessor-version":[{"id":12627,"href":"https:\/\/seehotel.de\/fr\/wp-json\/wp\/v2\/pages\/8841\/revisions\/12627"}],"up":[{"embeddable":true,"href":"https:\/\/seehotel.de\/fr\/wp-json\/wp\/v2\/pages\/8876"}],"wp:attachment":[{"href":"https:\/\/seehotel.de\/fr\/wp-json\/wp\/v2\/media?parent=8841"}],"curies":[{"name":"wp","href":"https:\/\/api.w.org\/{rel}","templated":true}]}}