{"id":8836,"date":"2023-11-26T20:24:19","date_gmt":"2023-11-26T19:24:19","guid":{"rendered":"https:\/\/seehotel.de\/carriere\/"},"modified":"2025-04-17T09:15:23","modified_gmt":"2025-04-17T07:15:23","slug":"carriere","status":"publish","type":"page","link":"https:\/\/seehotel.de\/fr\/carriere\/","title":{"rendered":"Carri\u00e8re"},"content":{"rendered":"\t\t<div data-elementor-type=\"wp-page\" data-elementor-id=\"8836\" class=\"elementor elementor-8836 elementor-1042\" data-elementor-post-type=\"page\">\n\t\t\t\t\t\t<section class=\"elementor-section elementor-top-section elementor-element elementor-element-358cd01e elementor-section-boxed elementor-section-height-default elementor-section-height-default\" data-id=\"358cd01e\" data-element_type=\"section\" data-e-type=\"section\" data-settings=\"{&quot;background_background&quot;:&quot;classic&quot;}\">\n\t\t\t\t\t\t\t<div class=\"elementor-background-overlay\"><\/div>\n\t\t\t\t\t\t\t<div class=\"elementor-container elementor-column-gap-default\">\n\t\t\t\t\t<div class=\"elementor-column elementor-col-100 elementor-top-column elementor-element elementor-element-3e025791\" data-id=\"3e025791\" data-element_type=\"column\" data-e-type=\"column\">\n\t\t\t<div class=\"elementor-widget-wrap elementor-element-populated\">\n\t\t\t\t\t\t<div class=\"elementor-element elementor-element-725becf3 elementor-widget__width-auto elementor-invisible elementor-widget elementor-widget-heading\" data-id=\"725becf3\" data-element_type=\"widget\" data-e-type=\"widget\" data-settings=\"{&quot;_animation&quot;:&quot;fadeInLeft&quot;}\" data-widget_type=\"heading.default\">\n\t\t\t\t<div class=\"elementor-widget-container\">\n\t\t\t\t\t<h2 class=\"elementor-heading-title elementor-size-default\">Carri\u00e8re<\/h2>\t\t\t\t<\/div>\n\t\t\t\t<\/div>\n\t\t\t\t\t<\/div>\n\t\t<\/div>\n\t\t\t\t\t<\/div>\n\t\t<\/section>\n\t\t\t\t<section class=\"elementor-section elementor-top-section elementor-element elementor-element-7e530485 elementor-reverse-mobile elementor-section-boxed elementor-section-height-default elementor-section-height-default\" data-id=\"7e530485\" data-element_type=\"section\" data-e-type=\"section\" data-settings=\"{&quot;background_background&quot;:&quot;gradient&quot;}\">\n\t\t\t\t\t\t<div class=\"elementor-container elementor-column-gap-default\">\n\t\t\t\t\t<div class=\"elementor-column elementor-col-50 elementor-top-column elementor-element elementor-element-1d34d6a6\" data-id=\"1d34d6a6\" data-element_type=\"column\" data-e-type=\"column\">\n\t\t\t<div class=\"elementor-widget-wrap elementor-element-populated\">\n\t\t\t\t\t\t<div class=\"elementor-element elementor-element-76eaa elementor-widget elementor-widget-image\" data-id=\"76eaa\" data-element_type=\"widget\" data-e-type=\"widget\" data-widget_type=\"image.default\">\n\t\t\t\t<div class=\"elementor-widget-container\">\n\t\t\t\t\t\t\t\t\t\t\t\t\t\t\t<img fetchpriority=\"high\" decoding=\"async\" width=\"2560\" height=\"1707\" src=\"https:\/\/seehotel.de\/wp-content\/uploads\/2023\/12\/IMG_1981-scaled.webp\" class=\"attachment-full size-full wp-image-6378\" alt=\"\" srcset=\"https:\/\/seehotel.de\/wp-content\/uploads\/2023\/12\/IMG_1981-scaled.webp 2560w, https:\/\/seehotel.de\/wp-content\/uploads\/2023\/12\/IMG_1981-300x200.webp 300w, https:\/\/seehotel.de\/wp-content\/uploads\/2023\/12\/IMG_1981-1024x683.webp 1024w, https:\/\/seehotel.de\/wp-content\/uploads\/2023\/12\/IMG_1981-768x512.webp 768w, https:\/\/seehotel.de\/wp-content\/uploads\/2023\/12\/IMG_1981-1536x1024.webp 1536w, https:\/\/seehotel.de\/wp-content\/uploads\/2023\/12\/IMG_1981-2048x1365.webp 2048w\" sizes=\"(max-width: 2560px) 100vw, 2560px\" \/>\t\t\t\t\t\t\t\t\t\t\t\t\t\t\t<\/div>\n\t\t\t\t<\/div>\n\t\t\t\t\t<\/div>\n\t\t<\/div>\n\t\t\t\t<div class=\"elementor-column elementor-col-50 elementor-top-column elementor-element elementor-element-4c4edbf7\" data-id=\"4c4edbf7\" data-element_type=\"column\" data-e-type=\"column\">\n\t\t\t<div class=\"elementor-widget-wrap elementor-element-populated\">\n\t\t\t\t\t\t<div class=\"elementor-element elementor-element-a30b0c1 elementor-widget elementor-widget-text-editor\" data-id=\"a30b0c1\" data-element_type=\"widget\" data-e-type=\"widget\" data-widget_type=\"text-editor.default\">\n\t\t\t\t<div class=\"elementor-widget-container\">\n\t\t\t\t\t\t\t\t\t<nav aria-label=\"breadcrumbs\" class=\"rank-math-breadcrumb\"><p><span class=\"last\">Home<\/span><\/p><\/nav>\n\t\t\t\t\t\t\t\t<\/div>\n\t\t\t\t<\/div>\n\t\t\t\t<div class=\"elementor-element elementor-element-7dae3c2c elementor-widget elementor-widget-heading\" data-id=\"7dae3c2c\" data-element_type=\"widget\" data-e-type=\"widget\" data-widget_type=\"heading.default\">\n\t\t\t\t<div class=\"elementor-widget-container\">\n\t\t\t\t\t<h2 class=\"elementor-heading-title elementor-size-default\">Il suffit de postuler. Simplement ensemble. <\/h2>\t\t\t\t<\/div>\n\t\t\t\t<\/div>\n\t\t\t\t<div class=\"elementor-element elementor-element-603c2e7 elementor-drop-cap-yes elementor-drop-cap-view-default elementor-widget elementor-widget-text-editor\" data-id=\"603c2e7\" data-element_type=\"widget\" data-e-type=\"widget\" data-settings=\"{&quot;drop_cap&quot;:&quot;yes&quot;}\" data-widget_type=\"text-editor.default\">\n\t\t\t\t<div class=\"elementor-widget-container\">\n\t\t\t\t\t\t\t\t\t<p><strong>COMMENCEZ VOTRE CARRI\u00c8RE AU BORD DU LAC !  <\/strong><\/p>\n<p><span data-contrast=\"auto\">Vous recherchez un d\u00e9fi passionnant dans une entreprise familiale moderne ? Alors, vous \u00eates \u00e0 la bonne adresse. <\/span><\/p>\n<p>Une jeune \u00e9quipe travaille ici, tous des h\u00f4tes passionn\u00e9s et des joueurs d&rsquo;\u00e9quipe \u00e0 100% &#8211; le NOUS est v\u00e9cu \u00e0 la <em>Haus am See<\/em> &#8211; avec beaucoup de libert\u00e9 personnelle pour organiser son propre poste de travail et ses projets individuels. Nous sommes impatients de vous rencontrer !<\/p>\n\t\t\t\t\t\t\t\t<\/div>\n\t\t\t\t<\/div>\n\t\t\t\t\t<\/div>\n\t\t<\/div>\n\t\t\t\t\t<\/div>\n\t\t<\/section>\n\t\t\t\t<section class=\"elementor-section elementor-top-section elementor-element elementor-element-f0ddb elementor-section-boxed elementor-section-height-default elementor-section-height-default\" data-id=\"f0ddb\" data-element_type=\"section\" data-e-type=\"section\" data-settings=\"{&quot;background_background&quot;:&quot;classic&quot;}\">\n\t\t\t\t\t\t\t<div class=\"elementor-background-overlay\"><\/div>\n\t\t\t\t\t\t\t<div class=\"elementor-container elementor-column-gap-default\">\n\t\t\t\t\t<div class=\"elementor-column elementor-col-100 elementor-top-column elementor-element elementor-element-22bb088e\" data-id=\"22bb088e\" data-element_type=\"column\" data-e-type=\"column\">\n\t\t\t<div class=\"elementor-widget-wrap elementor-element-populated\">\n\t\t\t\t\t\t<section class=\"elementor-section elementor-inner-section elementor-element elementor-element-202ef58 elementor-section-boxed elementor-section-height-default elementor-section-height-default\" data-id=\"202ef58\" data-element_type=\"section\" data-e-type=\"section\">\n\t\t\t\t\t\t<div class=\"elementor-container elementor-column-gap-default\">\n\t\t\t\t\t<div class=\"elementor-column elementor-col-50 elementor-inner-column elementor-element elementor-element-580c091d\" data-id=\"580c091d\" data-element_type=\"column\" data-e-type=\"column\">\n\t\t\t<div class=\"elementor-widget-wrap elementor-element-populated\">\n\t\t\t\t\t\t<div class=\"elementor-element elementor-element-1182ed39 elementor-widget elementor-widget-heading\" data-id=\"1182ed39\" data-element_type=\"widget\" data-e-type=\"widget\" data-widget_type=\"heading.default\">\n\t\t\t\t<div class=\"elementor-widget-container\">\n\t\t\t\t\t<h2 class=\"elementor-heading-title elementor-size-default\">Travailler avec des amis<\/h2>\t\t\t\t<\/div>\n\t\t\t\t<\/div>\n\t\t\t\t\t<\/div>\n\t\t<\/div>\n\t\t\t\t<div class=\"elementor-column elementor-col-50 elementor-inner-column elementor-element elementor-element-1a08d23a\" data-id=\"1a08d23a\" data-element_type=\"column\" data-e-type=\"column\">\n\t\t\t<div class=\"elementor-widget-wrap elementor-element-populated\">\n\t\t\t\t\t\t<div class=\"elementor-element elementor-element-6bca845a elementor-widget elementor-widget-text-editor\" data-id=\"6bca845a\" data-element_type=\"widget\" data-e-type=\"widget\" data-widget_type=\"text-editor.default\">\n\t\t\t\t<div class=\"elementor-widget-container\">\n\t\t\t\t\t\t\t\t\t<p>Une \u00e9quipe jeune et chaleureuse, un cercle d&rsquo;h\u00f4tes formidable avec beaucoup d&rsquo;habitu\u00e9s, un lieu de travail magnifique, de l&rsquo;int\u00e9rieur comme de l&rsquo;ext\u00e9rieur, des horaires de travail r\u00e9guliers&#8230; Tu es curieux et tu veux plus d&rsquo;infos ? Nous nous ferons un plaisir de tout te raconter lors d&rsquo;un entretien personnel.  <\/p>\n\t\t\t\t\t\t\t\t<\/div>\n\t\t\t\t<\/div>\n\t\t\t\t\t<\/div>\n\t\t<\/div>\n\t\t\t\t\t<\/div>\n\t\t<\/section>\n\t\t\t\t<section class=\"elementor-section elementor-inner-section elementor-element elementor-element-4def105a elementor-section-boxed elementor-section-height-default elementor-section-height-default\" data-id=\"4def105a\" data-element_type=\"section\" data-e-type=\"section\">\n\t\t\t\t\t\t<div class=\"elementor-container elementor-column-gap-default\">\n\t\t\t\t\t<div class=\"elementor-column elementor-col-20 elementor-inner-column elementor-element elementor-element-58c37b4f elementor-invisible\" data-id=\"58c37b4f\" data-element_type=\"column\" data-e-type=\"column\" data-settings=\"{&quot;animation&quot;:&quot;fadeInUp&quot;,&quot;animation_delay&quot;:720}\">\n\t\t\t<div class=\"elementor-widget-wrap elementor-element-populated\">\n\t\t\t\t\t\t<div class=\"elementor-element elementor-element-735feafb ekit-equal-height-disable elementor-widget elementor-widget-elementskit-image-box\" data-id=\"735feafb\" data-element_type=\"widget\" data-e-type=\"widget\" data-widget_type=\"elementskit-image-box.default\">\n\t\t\t\t<div class=\"elementor-widget-container\">\n\t\t\t\t\t<div class=\"ekit-wid-con\" >\n            <div class=\"elementskit-info-image-box ekit-image-box text-left simple-card\" >\n\n                \n                <div class=\"elementskit-box-header image-box-img-left\">\n\n                    <img decoding=\"async\" width=\"2560\" height=\"1707\" src=\"https:\/\/seehotel.de\/wp-content\/uploads\/2025\/03\/DSC02025-scaled.jpg\" class=\"attachment-full size-full wp-image-12333\" alt=\"\" srcset=\"https:\/\/seehotel.de\/wp-content\/uploads\/2025\/03\/DSC02025-scaled.jpg 2560w, https:\/\/seehotel.de\/wp-content\/uploads\/2025\/03\/DSC02025-300x200.jpg 300w, https:\/\/seehotel.de\/wp-content\/uploads\/2025\/03\/DSC02025-1024x683.jpg 1024w, https:\/\/seehotel.de\/wp-content\/uploads\/2025\/03\/DSC02025-768x512.jpg 768w\" sizes=\"(max-width: 2560px) 100vw, 2560px\" \/>\n                <\/div>\n                \n                <div class=\"elementskit-box-body ekit-image-box-body\">\n                    <div class=\"elementskit-box-content ekit-image-box-body-inner\">\n                                                <h3 class=\"elementskit-info-box-title\">\n\n                        Avantages\n                        \n                    <\/h3>\n                                                            <div class=\"elementskit-box-style-content\">\n                        Chez nous, vous ferez l'exp\u00e9rience d'un v\u00e9ritable esprit d'\u00e9quipe, d'une culture ouverte et d'un environnement de travail dans lequel tout le monde se sent \u00e0 l'aise. Du temps libre ? Il y en a bien s\u00fbr aussi dans la restauration. Nous misons sur des structures claires, des jours de cong\u00e9 planifiables et un v\u00e9ritable travail en commun...                       <\/div>\n                                    <\/div>\n\n                                <div class=\"elementskit-box-footer\">\n                    <div class=\"box-footer\">\n                        <div class=\"btn-wraper\">\n                                                            <a href=\"https:\/\/seehotel.de\/fr\/?page_id=12019\" class=\"elementskit-btn whitespace--normal\">\n                                    En savoir plus                                <\/a>\n                                                    <\/div>\n                    <\/div>\n                <\/div>\n                            <\/div>\n            <\/div>\n    <\/div>\t\t\t\t<\/div>\n\t\t\t\t<\/div>\n\t\t\t\t\t<\/div>\n\t\t<\/div>\n\t\t\t\t<div class=\"elementor-column elementor-col-20 elementor-inner-column elementor-element elementor-element-77788fc\" data-id=\"77788fc\" data-element_type=\"column\" data-e-type=\"column\">\n\t\t\t<div class=\"elementor-widget-wrap elementor-element-populated\">\n\t\t\t\t\t\t<div class=\"elementor-element elementor-element-9847f2c ekit-equal-height-disable elementor-widget elementor-widget-elementskit-image-box\" data-id=\"9847f2c\" data-element_type=\"widget\" data-e-type=\"widget\" data-widget_type=\"elementskit-image-box.default\">\n\t\t\t\t<div class=\"elementor-widget-container\">\n\t\t\t\t\t<div class=\"ekit-wid-con\" >\n            <div class=\"elementskit-info-image-box ekit-image-box text-left simple-card\" >\n\n                \n                <div class=\"elementskit-box-header image-box-img-left\">\n\n                    <img decoding=\"async\" src=\"https:\/\/seehotel.de\/wp-content\/uploads\/elementor\/thumbs\/Werte_quadratisch-1-r8jz7n2usem79zal22e1pt8rd6c53buxhn8uzpomto.png\" title=\"Werte_quadratisch\" alt=\"Werte_quadratisch\" loading=\"lazy\" \/>\n                <\/div>\n                \n                <div class=\"elementskit-box-body ekit-image-box-body\">\n                    <div class=\"elementskit-box-content ekit-image-box-body-inner\">\n                                                <h3 class=\"elementskit-info-box-title\">\n\n                        Charte\n                        \n                    <\/h3>\n                                                            <div class=\"elementskit-box-style-content\">\n                        Au SeeHotel, nous vivons des valeurs qui nous unissent tous. L'environnement familial, notre cordialit\u00e9 naturelle et l'individualit\u00e9 de chacun font de notre \u00e9tablissement ce qu'il est : tout simplement sp\u00e9cial. Tout simplement le SeeHotel. En tant que membre de notre \u00e9quipe, vous \u00eates le c\u0153ur de notre \u00e9tablissement et ensemble, nous cr\u00e9ons des exp\u00e9riences inoubliables pour nous et nos clients...                       <\/div>\n                                    <\/div>\n\n                                <div class=\"elementskit-box-footer\">\n                    <div class=\"box-footer\">\n                        <div class=\"btn-wraper\">\n                                                            <a href=\"https:\/\/seehotel.de\/fr\/carriere\/formation-etudes-2\/\" class=\"elementskit-btn whitespace--normal\">\n                                    En savoir plus                                <\/a>\n                                                    <\/div>\n                    <\/div>\n                <\/div>\n                            <\/div>\n            <\/div>\n    <\/div>\t\t\t\t<\/div>\n\t\t\t\t<\/div>\n\t\t\t\t\t<\/div>\n\t\t<\/div>\n\t\t\t\t<div class=\"elementor-column elementor-col-20 elementor-inner-column elementor-element elementor-element-1371e7d\" data-id=\"1371e7d\" data-element_type=\"column\" data-e-type=\"column\">\n\t\t\t<div class=\"elementor-widget-wrap elementor-element-populated\">\n\t\t\t\t\t\t<div class=\"elementor-element elementor-element-1bb2b4c ekit-equal-height-disable elementor-widget elementor-widget-elementskit-image-box\" data-id=\"1bb2b4c\" data-element_type=\"widget\" data-e-type=\"widget\" data-widget_type=\"elementskit-image-box.default\">\n\t\t\t\t<div class=\"elementor-widget-container\">\n\t\t\t\t\t<div class=\"ekit-wid-con\" >\n            <div class=\"elementskit-info-image-box ekit-image-box text-left simple-card\" >\n\n                \n                <div class=\"elementskit-box-header image-box-img-left\">\n\n                    <img decoding=\"async\" width=\"2560\" height=\"1707\" src=\"https:\/\/seehotel.de\/wp-content\/uploads\/2025\/02\/Winterfeier_2025-1-scaled.jpg\" class=\"attachment-full size-full wp-image-11629\" alt=\"\" srcset=\"https:\/\/seehotel.de\/wp-content\/uploads\/2025\/02\/Winterfeier_2025-1-scaled.jpg 2560w, https:\/\/seehotel.de\/wp-content\/uploads\/2025\/02\/Winterfeier_2025-1-300x200.jpg 300w, https:\/\/seehotel.de\/wp-content\/uploads\/2025\/02\/Winterfeier_2025-1-1024x683.jpg 1024w, https:\/\/seehotel.de\/wp-content\/uploads\/2025\/02\/Winterfeier_2025-1-768x512.jpg 768w, https:\/\/seehotel.de\/wp-content\/uploads\/2025\/02\/Winterfeier_2025-1-1536x1024.jpg 1536w, https:\/\/seehotel.de\/wp-content\/uploads\/2025\/02\/Winterfeier_2025-1-2048x1365.jpg 2048w\" sizes=\"(max-width: 2560px) 100vw, 2560px\" \/>\n                <\/div>\n                \n                <div class=\"elementskit-box-body ekit-image-box-body\">\n                    <div class=\"elementskit-box-content ekit-image-box-body-inner\">\n                                                <h3 class=\"elementskit-info-box-title\">\n\n                        \u00c9quipe\n                        \n                    <\/h3>\n                                                            <div class=\"elementskit-box-style-content\">\n                        Simplement ensemble. C'est notre devise. Nous sommes une \u00e9quipe jeune et simple, tous passionn\u00e9s par l'accueil de nos superbes h\u00f4tes. Si tu as envie d'un environnement de travail moderne et professionnel avec d'\u00e9normes possibilit\u00e9s pour chacun et que tu appr\u00e9cies en m\u00eame temps le travail avec des amis, alors tu es \u00e0 la bonne adresse chez nous.                      <\/div>\n                                    <\/div>\n\n                                <div class=\"elementskit-box-footer\">\n                    <div class=\"box-footer\">\n                        <div class=\"btn-wraper\">\n                                                            <a href=\"https:\/\/seehotel.de\/fr\/carriere\/equipe\/\" class=\"elementskit-btn whitespace--normal\">\n                                    En savoir plus                                <\/a>\n                                                    <\/div>\n                    <\/div>\n                <\/div>\n                            <\/div>\n            <\/div>\n    <\/div>\t\t\t\t<\/div>\n\t\t\t\t<\/div>\n\t\t\t\t\t<\/div>\n\t\t<\/div>\n\t\t\t\t<div class=\"elementor-column elementor-col-20 elementor-inner-column elementor-element elementor-element-14e1f927 elementor-invisible\" data-id=\"14e1f927\" data-element_type=\"column\" data-e-type=\"column\" data-settings=\"{&quot;animation&quot;:&quot;fadeInUp&quot;}\">\n\t\t\t<div class=\"elementor-widget-wrap elementor-element-populated\">\n\t\t\t\t\t\t<div class=\"elementor-element elementor-element-70ad304 ekit-equal-height-disable elementor-widget elementor-widget-elementskit-image-box\" data-id=\"70ad304\" data-element_type=\"widget\" data-e-type=\"widget\" data-widget_type=\"elementskit-image-box.default\">\n\t\t\t\t<div class=\"elementor-widget-container\">\n\t\t\t\t\t<div class=\"ekit-wid-con\" >\n            <div class=\"elementskit-info-image-box ekit-image-box text-left simple-card\" >\n\n                \n                <div class=\"elementskit-box-header image-box-img-left\">\n\n                    <img loading=\"lazy\" decoding=\"async\" width=\"2560\" height=\"1707\" src=\"https:\/\/seehotel.de\/wp-content\/uploads\/2025\/01\/MG_8999-scaled.jpg\" class=\"attachment-full size-full wp-image-11257\" alt=\"\" srcset=\"https:\/\/seehotel.de\/wp-content\/uploads\/2025\/01\/MG_8999-scaled.jpg 2560w, https:\/\/seehotel.de\/wp-content\/uploads\/2025\/01\/MG_8999-300x200.jpg 300w, https:\/\/seehotel.de\/wp-content\/uploads\/2025\/01\/MG_8999-1024x683.jpg 1024w, https:\/\/seehotel.de\/wp-content\/uploads\/2025\/01\/MG_8999-768x512.jpg 768w\" sizes=\"(max-width: 2560px) 100vw, 2560px\" \/>\n                <\/div>\n                \n                <div class=\"elementskit-box-body ekit-image-box-body\">\n                    <div class=\"elementskit-box-content ekit-image-box-body-inner\">\n                                                <h3 class=\"elementskit-info-box-title\">\n\n                        Postes \u00e0 pourvoir\n                        \n                    <\/h3>\n                                                            <div class=\"elementskit-box-style-content\">\n                        Tu aimerais nous aider une ou deux fois par semaine, le soir ou le week-end, ou le matin, ou en semaine - en fait toujours ? Nous nous r\u00e9jouissons de recevoir des mains secourables et des t\u00eates fumantes. Nous recherchons des personnes engag\u00e9es et passionn\u00e9es qui partagent notre vision et sont pr\u00eates \u00e0 s'impliquer activement. Que tu aies d\u00e9j\u00e0 de l'exp\u00e9rience dans l'h\u00f4tellerie ou que tu sois au d\u00e9but de ta carri\u00e8re, nous t'offrons la possibilit\u00e9 de d\u00e9velopper tes talents et tes capacit\u00e9s au SeeHotel.                      <\/div>\n                                    <\/div>\n\n                                <div class=\"elementskit-box-footer\">\n                    <div class=\"box-footer\">\n                        <div class=\"btn-wraper\">\n                                                            <a href=\"https:\/\/seehotel.de\/fr\/carriere\/postes-a-pourvoir\/\" class=\"elementskit-btn whitespace--normal\">\n                                    \n                                    \n                                    En savoir plus                                <\/a>\n                                                        <\/div>\n                    <\/div>\n                <\/div>\n                            <\/div>\n            <\/div>\n    <\/div>\t\t\t\t<\/div>\n\t\t\t\t<\/div>\n\t\t\t\t\t<\/div>\n\t\t<\/div>\n\t\t\t\t<div class=\"elementor-column elementor-col-20 elementor-inner-column elementor-element elementor-element-43a93447 elementor-invisible\" data-id=\"43a93447\" data-element_type=\"column\" data-e-type=\"column\" data-settings=\"{&quot;animation&quot;:&quot;fadeInUp&quot;,&quot;animation_delay&quot;:360}\">\n\t\t\t<div class=\"elementor-widget-wrap elementor-element-populated\">\n\t\t\t\t\t\t<div class=\"elementor-element elementor-element-4d9e9b39 ekit-equal-height-disable elementor-widget elementor-widget-elementskit-image-box\" data-id=\"4d9e9b39\" data-element_type=\"widget\" data-e-type=\"widget\" data-widget_type=\"elementskit-image-box.default\">\n\t\t\t\t<div class=\"elementor-widget-container\">\n\t\t\t\t\t<div class=\"ekit-wid-con\" >\n            <div class=\"elementskit-info-image-box ekit-image-box text-left simple-card\" >\n\n                \n                <div class=\"elementskit-box-header image-box-img-left\">\n\n                    <img loading=\"lazy\" decoding=\"async\" width=\"2560\" height=\"1707\" src=\"https:\/\/seehotel.de\/wp-content\/uploads\/2025\/02\/DSC09517-scaled.jpg\" class=\"attachment-full size-full wp-image-11618\" alt=\"\" srcset=\"https:\/\/seehotel.de\/wp-content\/uploads\/2025\/02\/DSC09517-scaled.jpg 2560w, https:\/\/seehotel.de\/wp-content\/uploads\/2025\/02\/DSC09517-300x200.jpg 300w, https:\/\/seehotel.de\/wp-content\/uploads\/2025\/02\/DSC09517-1024x683.jpg 1024w, https:\/\/seehotel.de\/wp-content\/uploads\/2025\/02\/DSC09517-768x512.jpg 768w, https:\/\/seehotel.de\/wp-content\/uploads\/2025\/02\/DSC09517-1536x1024.jpg 1536w, https:\/\/seehotel.de\/wp-content\/uploads\/2025\/02\/DSC09517-2048x1365.jpg 2048w\" sizes=\"(max-width: 2560px) 100vw, 2560px\" \/>\n                <\/div>\n                \n                <div class=\"elementskit-box-body ekit-image-box-body\">\n                    <div class=\"elementskit-box-content ekit-image-box-body-inner\">\n                                                <h3 class=\"elementskit-info-box-title\">\n\n                        Formation &amp; \u00e9tudes\n                        \n                    <\/h3>\n                                                            <div class=\"elementskit-box-style-content\">\n                        Nous proposons cinq formations diff\u00e9rentes ainsi que des \u00e9tudes en alternance en coop\u00e9ration avec l'Universit\u00e9 de formation duale du Bade-Wurtemberg. La formation de trois ans concerne les m\u00e9tiers de cuisinier\/cuisini\u00e8re, d'employ\u00e9(e) de restauration et de restauration \u00e9v\u00e9nementielle, d'employ\u00e9(e) de l'h\u00f4tellerie et d'employ\u00e9(e) de commerce en gestion h\u00f4teli\u00e8re. Nous formons sur deux ans aux m\u00e9tiers de sp\u00e9cialiste en cuisine et de sp\u00e9cialiste en restauration. Si tu es plus attir\u00e9 par des \u00e9tudes pratiques et vari\u00e9es, tu peux aussi \u00e9tudier l'\u00e9conomie d'entreprise au SeeHotel, en mettant l'accent sur la gestion des salons, des congr\u00e8s et des \u00e9v\u00e9nements. Tu n'es pas s\u00fbr(e) qu'une carri\u00e8re dans l'h\u00f4tellerie-restauration soit faite pour toi ? Alors essaie et demande un stage chez nous.                    <\/div>\n                                    <\/div>\n\n                                <div class=\"elementskit-box-footer\">\n                    <div class=\"box-footer\">\n                        <div class=\"btn-wraper\">\n                                                            <a href=\"https:\/\/seehotel.de\/fr\/carriere\/formation-etudes\/\" class=\"elementskit-btn whitespace--normal\">\n                                    \n                                    \n                                    En savoir plus                                <\/a>\n                                                        <\/div>\n                    <\/div>\n                <\/div>\n                            <\/div>\n            <\/div>\n    <\/div>\t\t\t\t<\/div>\n\t\t\t\t<\/div>\n\t\t\t\t\t<\/div>\n\t\t<\/div>\n\t\t\t\t\t<\/div>\n\t\t<\/section>\n\t\t\t\t\t<\/div>\n\t\t<\/div>\n\t\t\t\t\t<\/div>\n\t\t<\/section>\n\t\t\t\t<\/div>\n\t\t","protected":false},"excerpt":{"rendered":"<p>Carri\u00e8re Il suffit de postuler. Simplement ensemble. COMMENCEZ VOTRE CARRI\u00c8RE AU BORD DU LAC ! Vous recherchez un d\u00e9fi passionnant dans une entreprise familiale moderne ? Alors, vous \u00eates \u00e0 [&hellip;]<\/p>\n","protected":false},"author":2,"featured_media":0,"parent":0,"menu_order":0,"comment_status":"closed","ping_status":"closed","template":"elementor_header_footer","meta":{"footnotes":""},"class_list":["post-8836","page","type-page","status-publish","hentry"],"_links":{"self":[{"href":"https:\/\/seehotel.de\/fr\/wp-json\/wp\/v2\/pages\/8836","targetHints":{"allow":["GET"]}}],"collection":[{"href":"https:\/\/seehotel.de\/fr\/wp-json\/wp\/v2\/pages"}],"about":[{"href":"https:\/\/seehotel.de\/fr\/wp-json\/wp\/v2\/types\/page"}],"author":[{"embeddable":true,"href":"https:\/\/seehotel.de\/fr\/wp-json\/wp\/v2\/users\/2"}],"replies":[{"embeddable":true,"href":"https:\/\/seehotel.de\/fr\/wp-json\/wp\/v2\/comments?post=8836"}],"version-history":[{"count":7,"href":"https:\/\/seehotel.de\/fr\/wp-json\/wp\/v2\/pages\/8836\/revisions"}],"predecessor-version":[{"id":12508,"href":"https:\/\/seehotel.de\/fr\/wp-json\/wp\/v2\/pages\/8836\/revisions\/12508"}],"wp:attachment":[{"href":"https:\/\/seehotel.de\/fr\/wp-json\/wp\/v2\/media?parent=8836"}],"curies":[{"name":"wp","href":"https:\/\/api.w.org\/{rel}","templated":true}]}}