{"id":8814,"date":"2023-11-29T17:53:29","date_gmt":"2023-11-29T16:53:29","guid":{"rendered":"https:\/\/seehotel.de\/forfaits-de-reunion\/"},"modified":"2024-10-01T15:08:26","modified_gmt":"2024-10-01T13:08:26","slug":"forfaits-de-reunion","status":"publish","type":"page","link":"https:\/\/seehotel.de\/fr\/reunion\/forfaits-de-reunion\/","title":{"rendered":"Forfaits de r\u00e9union"},"content":{"rendered":"\t\t<div data-elementor-type=\"wp-page\" data-elementor-id=\"8814\" class=\"elementor elementor-8814 elementor-1120\" data-elementor-post-type=\"page\">\n\t\t\t\t\t\t<section class=\"elementor-section elementor-top-section elementor-element elementor-element-2fa24f23 elementor-section-boxed elementor-section-height-default elementor-section-height-default\" data-id=\"2fa24f23\" data-element_type=\"section\" data-e-type=\"section\" data-settings=\"{&quot;background_background&quot;:&quot;classic&quot;}\">\n\t\t\t\t\t\t\t<div class=\"elementor-background-overlay\"><\/div>\n\t\t\t\t\t\t\t<div class=\"elementor-container elementor-column-gap-default\">\n\t\t\t\t\t<div class=\"elementor-column elementor-col-100 elementor-top-column elementor-element elementor-element-4c45e0d0\" data-id=\"4c45e0d0\" data-element_type=\"column\" data-e-type=\"column\">\n\t\t\t<div class=\"elementor-widget-wrap elementor-element-populated\">\n\t\t\t\t\t\t<div class=\"elementor-element elementor-element-2998cfed elementor-widget__width-auto elementor-invisible elementor-widget elementor-widget-heading\" data-id=\"2998cfed\" data-element_type=\"widget\" data-e-type=\"widget\" data-settings=\"{&quot;_animation&quot;:&quot;fadeInLeft&quot;}\" data-widget_type=\"heading.default\">\n\t\t\t\t<div class=\"elementor-widget-container\">\n\t\t\t\t\t<h2 class=\"elementor-heading-title elementor-size-default\">Forfaits de r\u00e9union<\/h2>\t\t\t\t<\/div>\n\t\t\t\t<\/div>\n\t\t\t\t\t<\/div>\n\t\t<\/div>\n\t\t\t\t\t<\/div>\n\t\t<\/section>\n\t\t\t\t<section class=\"elementor-section elementor-top-section elementor-element elementor-element-6e15b08 elementor-reverse-mobile elementor-section-boxed elementor-section-height-default elementor-section-height-default\" data-id=\"6e15b08\" data-element_type=\"section\" data-e-type=\"section\" data-settings=\"{&quot;background_background&quot;:&quot;gradient&quot;}\">\n\t\t\t\t\t\t<div class=\"elementor-container elementor-column-gap-default\">\n\t\t\t\t\t<div class=\"elementor-column elementor-col-50 elementor-top-column elementor-element elementor-element-3cbc8eca\" data-id=\"3cbc8eca\" data-element_type=\"column\" data-e-type=\"column\">\n\t\t\t<div class=\"elementor-widget-wrap elementor-element-populated\">\n\t\t\t\t\t\t<div class=\"elementor-element elementor-element-21f244 elementor-widget elementor-widget-image\" data-id=\"21f244\" data-element_type=\"widget\" data-e-type=\"widget\" data-widget_type=\"image.default\">\n\t\t\t\t<div class=\"elementor-widget-container\">\n\t\t\t\t\t\t\t\t\t\t\t\t\t\t\t<img fetchpriority=\"high\" decoding=\"async\" width=\"2560\" height=\"1707\" src=\"https:\/\/seehotel.de\/wp-content\/uploads\/2024\/06\/MG_7147-scaled.jpg\" class=\"attachment-full size-full wp-image-6760\" alt=\"\" srcset=\"https:\/\/seehotel.de\/wp-content\/uploads\/2024\/06\/MG_7147-scaled.jpg 2560w, https:\/\/seehotel.de\/wp-content\/uploads\/2024\/06\/MG_7147-300x200.jpg 300w, https:\/\/seehotel.de\/wp-content\/uploads\/2024\/06\/MG_7147-1024x683.jpg 1024w, https:\/\/seehotel.de\/wp-content\/uploads\/2024\/06\/MG_7147-768x512.jpg 768w, https:\/\/seehotel.de\/wp-content\/uploads\/2024\/06\/MG_7147-1536x1024.jpg 1536w, https:\/\/seehotel.de\/wp-content\/uploads\/2024\/06\/MG_7147-2048x1365.jpg 2048w\" sizes=\"(max-width: 2560px) 100vw, 2560px\" \/>\t\t\t\t\t\t\t\t\t\t\t\t\t\t\t<\/div>\n\t\t\t\t<\/div>\n\t\t\t\t\t<\/div>\n\t\t<\/div>\n\t\t\t\t<div class=\"elementor-column elementor-col-50 elementor-top-column elementor-element elementor-element-56b2f67a\" data-id=\"56b2f67a\" data-element_type=\"column\" data-e-type=\"column\">\n\t\t\t<div class=\"elementor-widget-wrap elementor-element-populated\">\n\t\t\t\t\t\t<div class=\"elementor-element elementor-element-ee8651d elementor-widget elementor-widget-text-editor\" data-id=\"ee8651d\" data-element_type=\"widget\" data-e-type=\"widget\" data-widget_type=\"text-editor.default\">\n\t\t\t\t<div class=\"elementor-widget-container\">\n\t\t\t\t\t\t\t\t\t<nav aria-label=\"breadcrumbs\" class=\"rank-math-breadcrumb\"><p><span class=\"last\">Home<\/span><\/p><\/nav>\n\t\t\t\t\t\t\t\t<\/div>\n\t\t\t\t<\/div>\n\t\t\t\t<div class=\"elementor-element elementor-element-5ad82d0f elementor-widget elementor-widget-heading\" data-id=\"5ad82d0f\" data-element_type=\"widget\" data-e-type=\"widget\" data-widget_type=\"heading.default\">\n\t\t\t\t<div class=\"elementor-widget-container\">\n\t\t\t\t\t<h2 class=\"elementor-heading-title elementor-size-default\">Une tranquillit\u00e9 d'esprit totale : nos forfaits de r\u00e9union<\/h2>\t\t\t\t<\/div>\n\t\t\t\t<\/div>\n\t\t\t\t<div class=\"elementor-element elementor-element-2c917f95 elementor-drop-cap-yes elementor-drop-cap-view-default elementor-widget elementor-widget-text-editor\" data-id=\"2c917f95\" data-element_type=\"widget\" data-e-type=\"widget\" data-settings=\"{&quot;drop_cap&quot;:&quot;yes&quot;}\" data-widget_type=\"text-editor.default\">\n\t\t\t\t<div class=\"elementor-widget-container\">\n\t\t\t\t\t\t\t\t\t<p><span style=\"font-family: var( --e-global-typography-b2ce6af-font-family ), Sans-serif; font-size: var( --e-global-typography-b2ce6af-font-size ); letter-spacing: var( --e-global-typography-b2ce6af-letter-spacing ); word-spacing: var( --e-global-typography-b2ce6af-word-spacing );\">Au SeeHotel, nous savons que le succ\u00e8s d&rsquo;une r\u00e9union ne d\u00e9pend pas seulement des locaux, mais aussi d&rsquo;une prise en charge globale, d&rsquo;un service ponctuel et, surtout, d&rsquo;une excellente prestation culinaire.  <\/span>D\u00e9couvrez nos forfaits de r\u00e9union bien pens\u00e9s, qui cr\u00e9ent le cadre optimal pour votre \u00e9v\u00e9nement. Ne manquer de rien. Se sentir bien, tout simplement. Travailler avec succ\u00e8s.  <\/p>\n\t\t\t\t\t\t\t\t<\/div>\n\t\t\t\t<\/div>\n\t\t\t\t\t<\/div>\n\t\t<\/div>\n\t\t\t\t\t<\/div>\n\t\t<\/section>\n\t\t\t\t<section class=\"elementor-section elementor-top-section elementor-element elementor-element-4352fa3c elementor-section-boxed elementor-section-height-default elementor-section-height-default\" data-id=\"4352fa3c\" data-element_type=\"section\" data-e-type=\"section\" data-settings=\"{&quot;background_background&quot;:&quot;gradient&quot;}\">\n\t\t\t\t\t\t<div class=\"elementor-container elementor-column-gap-default\">\n\t\t\t\t\t<div class=\"elementor-column elementor-col-100 elementor-top-column elementor-element elementor-element-6c868371\" data-id=\"6c868371\" data-element_type=\"column\" data-e-type=\"column\">\n\t\t\t<div class=\"elementor-widget-wrap elementor-element-populated\">\n\t\t\t\t\t\t<div class=\"elementor-element elementor-element-25996fbd elementor-cta--layout-image-right elementor-cta--mobile-layout-image-above elementor-cta--skin-classic elementor-animated-content elementor-widget elementor-widget-call-to-action\" data-id=\"25996fbd\" data-element_type=\"widget\" data-e-type=\"widget\" data-widget_type=\"call-to-action.default\">\n\t\t\t\t<div class=\"elementor-widget-container\">\n\t\t\t\t\t\t\t<div class=\"elementor-cta\">\n\t\t\t\t\t<div class=\"elementor-cta__bg-wrapper\">\n\t\t\t\t<div class=\"elementor-cta__bg elementor-bg\" style=\"background-image: url(https:\/\/seehotel.de\/wp-content\/uploads\/2023\/07\/MG_7008-scaled.jpg);\" role=\"img\" aria-label=\"_MG_7008\"><\/div>\n\t\t\t\t<div class=\"elementor-cta__bg-overlay\"><\/div>\n\t\t\t<\/div>\n\t\t\t\t\t\t\t<div class=\"elementor-cta__content\">\n\t\t\t\t\n\t\t\t\t\t\t\t\t\t<h2 class=\"elementor-cta__title elementor-cta__content-item elementor-content-item\">\n\t\t\t\t\t\tTake it easy\t\t\t\t\t<\/h2>\n\t\t\t\t\n\t\t\t\t\t\t\t\t\t<div class=\"elementor-cta__description elementor-cta__content-item elementor-content-item\">\n\t\t\t\t\t\t<p><strong><\/strong>  44 \u20ac par personne plus Location de salle  <\/p>\n<p>  comprend  <\/p>\n<ul>\n<li>Eau plate &amp; p\u00e9tillante dans la salle de r\u00e9union<\/li>\n<li>Caf\u00e9 &amp; th\u00e9 \u00e0 volont\u00e9 dans le foyer<\/li>\n<li>Fruits de saison<\/li>\n<li>D\u00e9jeuner d'affaires (1 plat, choix du chef)<\/li>\n<\/ul>\n\t\t\t\t\t<\/div>\n\t\t\t\t\n\t\t\t\t\t\t\t\t\t<div class=\"elementor-cta__button-wrapper elementor-cta__content-item elementor-content-item \">\n\t\t\t\t\t<a class=\"elementor-cta__button elementor-button elementor-size-\" href=\"#elementor-action%3Aaction%3Dpopup%3Aopen%26settings%3DeyJpZCI6ODQ5NywidG9nZ2xlIjpmYWxzZX0%3D\">\n\t\t\t\t\t\tdemander maintenant\t\t\t\t\t<\/a>\n\t\t\t\t\t<\/div>\n\t\t\t\t\t\t\t<\/div>\n\t\t\t\t\t\t<\/div>\n\t\t\t\t\t\t<\/div>\n\t\t\t\t<\/div>\n\t\t\t\t<div class=\"elementor-element elementor-element-463a4f5a elementor-cta--layout-image-left elementor-cta--mobile-layout-image-above elementor-cta--skin-classic elementor-animated-content elementor-widget elementor-widget-call-to-action\" data-id=\"463a4f5a\" data-element_type=\"widget\" data-e-type=\"widget\" data-widget_type=\"call-to-action.default\">\n\t\t\t\t<div class=\"elementor-widget-container\">\n\t\t\t\t\t\t\t<div class=\"elementor-cta\">\n\t\t\t\t\t<div class=\"elementor-cta__bg-wrapper\">\n\t\t\t\t<div class=\"elementor-cta__bg elementor-bg\" style=\"background-image: url(https:\/\/seehotel.de\/wp-content\/uploads\/2024\/06\/MG_6238-scaled.jpg);\" role=\"img\" aria-label=\"_MG_6238\"><\/div>\n\t\t\t\t<div class=\"elementor-cta__bg-overlay\"><\/div>\n\t\t\t<\/div>\n\t\t\t\t\t\t\t<div class=\"elementor-cta__content\">\n\t\t\t\t\n\t\t\t\t\t\t\t\t\t<h2 class=\"elementor-cta__title elementor-cta__content-item elementor-content-item\">\n\t\t\t\t\t\tRestez simple\t\t\t\t\t<\/h2>\n\t\t\t\t\n\t\t\t\t\t\t\t\t\t<div class=\"elementor-cta__description elementor-cta__content-item elementor-content-item\">\n\t\t\t\t\t\t<p>55 \u20ac par personne plus Location de salle  <\/p>\n<p>  comprend  <\/p>\n<ul>\n<li>Eau plate &amp; p\u00e9tillante dans la salle de r\u00e9union<\/li>\n<li>Caf\u00e9 &amp; th\u00e9 \u00e0 volont\u00e9 dans le foyer<\/li>\n<li>Fruits de saison  <\/li>\n<li>D\u00e9jeuner d'affaires (2 plats, choix du chef)<\/li>\n<\/ul>\n\t\t\t\t\t<\/div>\n\t\t\t\t\n\t\t\t\t\t\t\t\t\t<div class=\"elementor-cta__button-wrapper elementor-cta__content-item elementor-content-item \">\n\t\t\t\t\t<a class=\"elementor-cta__button elementor-button elementor-size-\" href=\"#elementor-action%3Aaction%3Dpopup%3Aopen%26settings%3DeyJpZCI6ODQ5NywidG9nZ2xlIjpmYWxzZX0%3D\">\n\t\t\t\t\t\tdemander maintenant\t\t\t\t\t<\/a>\n\t\t\t\t\t<\/div>\n\t\t\t\t\t\t\t<\/div>\n\t\t\t\t\t\t<\/div>\n\t\t\t\t\t\t<\/div>\n\t\t\t\t<\/div>\n\t\t\t\t<div class=\"elementor-element elementor-element-6435189c elementor-cta--layout-image-right elementor-cta--mobile-layout-image-above elementor-cta--skin-classic elementor-animated-content elementor-widget elementor-widget-call-to-action\" data-id=\"6435189c\" data-element_type=\"widget\" data-e-type=\"widget\" data-widget_type=\"call-to-action.default\">\n\t\t\t\t<div class=\"elementor-widget-container\">\n\t\t\t\t\t\t\t<div class=\"elementor-cta\">\n\t\t\t\t\t<div class=\"elementor-cta__bg-wrapper\">\n\t\t\t\t<div class=\"elementor-cta__bg elementor-bg\" style=\"background-image: url(https:\/\/seehotel.de\/wp-content\/uploads\/2023\/11\/seehotel_ketsch_tagen_am_see_20-scaled-1-jpg.webp);\" role=\"img\" aria-label=\"seehotel_ketsch_tagen_am_see_20-scaled.jpg\"><\/div>\n\t\t\t\t<div class=\"elementor-cta__bg-overlay\"><\/div>\n\t\t\t<\/div>\n\t\t\t\t\t\t\t<div class=\"elementor-cta__content\">\n\t\t\t\t\n\t\t\t\t\t\t\t\t\t<h2 class=\"elementor-cta__title elementor-cta__content-item elementor-content-item\">\n\t\t\t\t\t\tStay Busy\t\t\t\t\t<\/h2>\n\t\t\t\t\n\t\t\t\t\t\t\t\t\t<div class=\"elementor-cta__description elementor-cta__content-item elementor-content-item\">\n\t\t\t\t\t\t<p>\u20ac 66 par personne plus Location de salle  <\/p>\n<p>  comprend  <\/p>\n<ul>\n<li>Eau plate &amp; p\u00e9tillante dans la salle de r\u00e9union<\/li>\n<li>Caf\u00e9 &amp; th\u00e9 \u00e0 volont\u00e9 dans le foyer\n<\/li>\n<li>Une pause sal\u00e9e ou sucr\u00e9e  <\/li>\n<\/li>\n<\/li>\n<li>Fruits de saison  <\/li>\n<li>  D\u00e9jeuner d'affaires (2 plats, choix du chef)  <\/li>\n<\/ul>\n\t\t\t\t\t<\/div>\n\t\t\t\t\n\t\t\t\t\t\t\t\t\t<div class=\"elementor-cta__button-wrapper elementor-cta__content-item elementor-content-item \">\n\t\t\t\t\t<a class=\"elementor-cta__button elementor-button elementor-size-\" href=\"#elementor-action%3Aaction%3Dpopup%3Aopen%26settings%3DeyJpZCI6ODQ5NywidG9nZ2xlIjpmYWxzZX0%3D\">\n\t\t\t\t\t\tdemander maintenant\t\t\t\t\t<\/a>\n\t\t\t\t\t<\/div>\n\t\t\t\t\t\t\t<\/div>\n\t\t\t\t\t\t<\/div>\n\t\t\t\t\t\t<\/div>\n\t\t\t\t<\/div>\n\t\t\t\t<div class=\"elementor-element elementor-element-87bd7e8 elementor-cta--layout-image-left elementor-cta--mobile-layout-image-above elementor-cta--skin-classic elementor-animated-content elementor-widget elementor-widget-call-to-action\" data-id=\"87bd7e8\" data-element_type=\"widget\" data-e-type=\"widget\" data-widget_type=\"call-to-action.default\">\n\t\t\t\t<div class=\"elementor-widget-container\">\n\t\t\t\t\t\t\t<div class=\"elementor-cta\">\n\t\t\t\t\t<div class=\"elementor-cta__bg-wrapper\">\n\t\t\t\t<div class=\"elementor-cta__bg elementor-bg\" style=\"background-image: url(https:\/\/seehotel.de\/wp-content\/uploads\/2023\/07\/MG_6775-scaled.jpg);\" role=\"img\" aria-label=\"_MG_6775\"><\/div>\n\t\t\t\t<div class=\"elementor-cta__bg-overlay\"><\/div>\n\t\t\t<\/div>\n\t\t\t\t\t\t\t<div class=\"elementor-cta__content\">\n\t\t\t\t\n\t\t\t\t\t\t\t\t\t<h2 class=\"elementor-cta__title elementor-cta__content-item elementor-content-item\">\n\t\t\t\t\t\tLe rendre parfait\t\t\t\t\t<\/h2>\n\t\t\t\t\n\t\t\t\t\t\t\t\t\t<div class=\"elementor-cta__description elementor-cta__content-item elementor-content-item\">\n\t\t\t\t\t\t<p>77 \u20ac par personne plus Location de salle  <\/p>\n<p>  comprend  <\/p>\n<ul>\n<li>Eau plate &amp; p\u00e9tillante dans la salle de r\u00e9union<\/li>\n<li>Caf\u00e9 &amp; th\u00e9 \u00e0 volont\u00e9 dans le foyer<\/li>\n<li>Une pause sal\u00e9e et une pause sucr\u00e9e  <\/li>\n<li>Fruits de saison<\/li>\n<li>D\u00e9jeuner d'affaires (2 plats, choix du chef)<\/li>\n<\/ul>\n\t\t\t\t\t<\/div>\n\t\t\t\t\n\t\t\t\t\t\t\t\t\t<div class=\"elementor-cta__button-wrapper elementor-cta__content-item elementor-content-item \">\n\t\t\t\t\t<a class=\"elementor-cta__button elementor-button elementor-size-\" href=\"#elementor-action%3Aaction%3Dpopup%3Aopen%26settings%3DeyJpZCI6ODQ5NywidG9nZ2xlIjpmYWxzZX0%3D\">\n\t\t\t\t\t\tdemander maintenant\t\t\t\t\t<\/a>\n\t\t\t\t\t<\/div>\n\t\t\t\t\t\t\t<\/div>\n\t\t\t\t\t\t<\/div>\n\t\t\t\t\t\t<\/div>\n\t\t\t\t<\/div>\n\t\t\t\t<div class=\"elementor-element elementor-element-f91ac5b elementor-cta--layout-image-right elementor-cta--mobile-layout-image-above elementor-cta--skin-classic elementor-animated-content elementor-widget elementor-widget-call-to-action\" data-id=\"f91ac5b\" data-element_type=\"widget\" data-e-type=\"widget\" data-widget_type=\"call-to-action.default\">\n\t\t\t\t<div class=\"elementor-widget-container\">\n\t\t\t\t\t\t\t<div class=\"elementor-cta\">\n\t\t\t\t\t<div class=\"elementor-cta__bg-wrapper\">\n\t\t\t\t<div class=\"elementor-cta__bg elementor-bg\" style=\"background-image: url(https:\/\/seehotel.de\/wp-content\/uploads\/2024\/10\/DSC09775-scaled.jpg);\" role=\"img\" aria-label=\"DSC09775\"><\/div>\n\t\t\t\t<div class=\"elementor-cta__bg-overlay\"><\/div>\n\t\t\t<\/div>\n\t\t\t\t\t\t\t<div class=\"elementor-cta__content\">\n\t\t\t\t\n\t\t\t\t\t\t\t\t\t<h2 class=\"elementor-cta__title elementor-cta__content-item elementor-content-item\">\n\t\t\t\t\t\tNous commen\u00e7ons\t\t\t\t\t<\/h2>\n\t\t\t\t\n\t\t\t\t\t\t\t\t\t<div class=\"elementor-cta__description elementor-cta__content-item elementor-content-item\">\n\t\t\t\t\t\t<p>79 \u20ac par personne, y compris.<br \/>\nlocation de la salle ainsi que 1 flipchart et 1 tableau d'affichage   <\/p>\n<p>  comprend  <\/p>\n<ul>\n<li>Eau plate &amp; p\u00e9tillante dans la salle de r\u00e9union  <\/li>\n<li>Caf\u00e9 et th\u00e9 \u00e0 volont\u00e9 dans le foyer  <\/li>\n<li>Une pause caf\u00e9 le matin avec des snacks sal\u00e9s <br \/>ou<br \/>Une pause caf\u00e9 l'apr\u00e8s-midi avec des douceurs faites maison  <\/li>\n<li>Fruits de saison<\/li>\n<li>D\u00e9jeuner d'affaires (1 plat, choix du chef) y compris.<br \/>\neau de Ketchup &amp; espresso   <\/li>\n<li>Notre bo\u00eete Team Spirit de Pedalo avec instructions  <\/li>\n<li>Un bar \u00e0 bonbons qui fait battre le c\u0153ur des participants et des formateurs  <\/li>\n<\/ul>\n\t\t\t\t\t<\/div>\n\t\t\t\t\n\t\t\t\t\t\t\t\t\t<div class=\"elementor-cta__button-wrapper elementor-cta__content-item elementor-content-item \">\n\t\t\t\t\t<a class=\"elementor-cta__button elementor-button elementor-size-\" href=\"#elementor-action%3Aaction%3Dpopup%3Aopen%26settings%3DeyJpZCI6ODQ5NywidG9nZ2xlIjpmYWxzZX0%3D\">\n\t\t\t\t\t\tdemander maintenant\t\t\t\t\t<\/a>\n\t\t\t\t\t<\/div>\n\t\t\t\t\t\t\t<\/div>\n\t\t\t\t\t\t<\/div>\n\t\t\t\t\t\t<\/div>\n\t\t\t\t<\/div>\n\t\t\t\t<div class=\"elementor-element elementor-element-dc43f92 elementor-cta--layout-image-left elementor-cta--mobile-layout-image-above elementor-cta--skin-classic elementor-animated-content elementor-widget elementor-widget-call-to-action\" data-id=\"dc43f92\" data-element_type=\"widget\" data-e-type=\"widget\" data-widget_type=\"call-to-action.default\">\n\t\t\t\t<div class=\"elementor-widget-container\">\n\t\t\t\t\t\t\t<div class=\"elementor-cta\">\n\t\t\t\t\t<div class=\"elementor-cta__bg-wrapper\">\n\t\t\t\t<div class=\"elementor-cta__bg elementor-bg\" style=\"background-image: url(https:\/\/seehotel.de\/wp-content\/uploads\/2023\/07\/MG_6775-scaled.jpg);\" role=\"img\" aria-label=\"_MG_6775\"><\/div>\n\t\t\t\t<div class=\"elementor-cta__bg-overlay\"><\/div>\n\t\t\t<\/div>\n\t\t\t\t\t\t\t<div class=\"elementor-cta__content\">\n\t\t\t\t\n\t\t\t\t\t\t\t\t\t<h2 class=\"elementor-cta__title elementor-cta__content-item elementor-content-item\">\n\t\t\t\t\t\tLocation de salle\t\t\t\t\t<\/h2>\n\t\t\t\t\n\t\t\t\t\t\t\t\t\t<div class=\"elementor-cta__description elementor-cta__content-item elementor-content-item\">\n\t\t\t\t\t\t<p>Tous les forfaits ci-dessus sont major\u00e9s de Location de salles. En fonction de l'espace disponible choisi.<\/p>\n<\/p>\n<p>Petit canard\/55 m\u00b2&nbsp;&nbsp;&nbsp;&nbsp; \u20ac 375 par jour<\/p>\n<p>SeeBlick\/80 m\u00b2 &nbsp;&nbsp;&nbsp;&nbsp;&nbsp;&nbsp;&nbsp;&nbsp; \u20ac 600 par jour<\/p>\n<p>Grand angle\/80 m\u00b2 &nbsp;&nbsp;&nbsp;&nbsp;&nbsp;&nbsp;&nbsp; \u20ac 600 par jour&nbsp;<\/p>\n\t\t\t\t\t<\/div>\n\t\t\t\t\n\t\t\t\t\t\t\t\t\t<div class=\"elementor-cta__button-wrapper elementor-cta__content-item elementor-content-item \">\n\t\t\t\t\t<a class=\"elementor-cta__button elementor-button elementor-size-\" href=\"#elementor-action%3Aaction%3Dpopup%3Aopen%26settings%3DeyJpZCI6ODQ5NywidG9nZ2xlIjpmYWxzZX0%3D\">\n\t\t\t\t\t\tdemander maintenant\t\t\t\t\t<\/a>\n\t\t\t\t\t<\/div>\n\t\t\t\t\t\t\t<\/div>\n\t\t\t\t\t\t<\/div>\n\t\t\t\t\t\t<\/div>\n\t\t\t\t<\/div>\n\t\t\t\t\t<\/div>\n\t\t<\/div>\n\t\t\t\t\t<\/div>\n\t\t<\/section>\n\t\t\t\t<\/div>\n\t\t","protected":false},"excerpt":{"rendered":"<p>Forfaits de r\u00e9union Une tranquillit\u00e9 d&rsquo;esprit totale : nos forfaits de r\u00e9union Au SeeHotel, nous savons que le succ\u00e8s d&rsquo;une r\u00e9union ne d\u00e9pend pas seulement des locaux, mais aussi d&rsquo;une [&hellip;]<\/p>\n","protected":false},"author":2,"featured_media":0,"parent":8860,"menu_order":0,"comment_status":"closed","ping_status":"closed","template":"elementor_header_footer","meta":{"footnotes":""},"class_list":["post-8814","page","type-page","status-publish","hentry"],"_links":{"self":[{"href":"https:\/\/seehotel.de\/fr\/wp-json\/wp\/v2\/pages\/8814","targetHints":{"allow":["GET"]}}],"collection":[{"href":"https:\/\/seehotel.de\/fr\/wp-json\/wp\/v2\/pages"}],"about":[{"href":"https:\/\/seehotel.de\/fr\/wp-json\/wp\/v2\/types\/page"}],"author":[{"embeddable":true,"href":"https:\/\/seehotel.de\/fr\/wp-json\/wp\/v2\/users\/2"}],"replies":[{"embeddable":true,"href":"https:\/\/seehotel.de\/fr\/wp-json\/wp\/v2\/comments?post=8814"}],"version-history":[{"count":6,"href":"https:\/\/seehotel.de\/fr\/wp-json\/wp\/v2\/pages\/8814\/revisions"}],"predecessor-version":[{"id":10224,"href":"https:\/\/seehotel.de\/fr\/wp-json\/wp\/v2\/pages\/8814\/revisions\/10224"}],"up":[{"embeddable":true,"href":"https:\/\/seehotel.de\/fr\/wp-json\/wp\/v2\/pages\/8860"}],"wp:attachment":[{"href":"https:\/\/seehotel.de\/fr\/wp-json\/wp\/v2\/media?parent=8814"}],"curies":[{"name":"wp","href":"https:\/\/api.w.org\/{rel}","templated":true}]}}