{"id":8798,"date":"2023-11-29T19:56:21","date_gmt":"2023-11-29T18:56:21","guid":{"rendered":"https:\/\/seehotel.de\/salles-de-reunion\/"},"modified":"2025-02-06T00:24:06","modified_gmt":"2025-02-05T23:24:06","slug":"salles-de-reunion","status":"publish","type":"page","link":"https:\/\/seehotel.de\/fr\/reunion\/salles-de-reunion\/","title":{"rendered":"Salles de r\u00e9union"},"content":{"rendered":"\t\t<div data-elementor-type=\"wp-page\" data-elementor-id=\"8798\" class=\"elementor elementor-8798 elementor-1143\" data-elementor-post-type=\"page\">\n\t\t\t\t\t\t<section class=\"elementor-section elementor-top-section elementor-element elementor-element-6eebaf1 elementor-section-boxed elementor-section-height-default elementor-section-height-default\" data-id=\"6eebaf1\" data-element_type=\"section\" data-e-type=\"section\" data-settings=\"{&quot;background_background&quot;:&quot;classic&quot;}\">\n\t\t\t\t\t\t\t<div class=\"elementor-background-overlay\"><\/div>\n\t\t\t\t\t\t\t<div class=\"elementor-container elementor-column-gap-default\">\n\t\t\t\t\t<div class=\"elementor-column elementor-col-100 elementor-top-column elementor-element elementor-element-1b3b1c57\" data-id=\"1b3b1c57\" data-element_type=\"column\" data-e-type=\"column\">\n\t\t\t<div class=\"elementor-widget-wrap elementor-element-populated\">\n\t\t\t\t\t\t<div class=\"elementor-element elementor-element-7624d759 elementor-widget__width-auto elementor-invisible elementor-widget elementor-widget-heading\" data-id=\"7624d759\" data-element_type=\"widget\" data-e-type=\"widget\" data-settings=\"{&quot;_animation&quot;:&quot;fadeInLeft&quot;}\" data-widget_type=\"heading.default\">\n\t\t\t\t<div class=\"elementor-widget-container\">\n\t\t\t\t\t<h2 class=\"elementor-heading-title elementor-size-default\">Salles de r\u00e9union<\/h2>\t\t\t\t<\/div>\n\t\t\t\t<\/div>\n\t\t\t\t\t<\/div>\n\t\t<\/div>\n\t\t\t\t\t<\/div>\n\t\t<\/section>\n\t\t\t\t<section class=\"elementor-section elementor-top-section elementor-element elementor-element-355869d9 elementor-reverse-mobile elementor-section-boxed elementor-section-height-default elementor-section-height-default\" data-id=\"355869d9\" data-element_type=\"section\" data-e-type=\"section\" data-settings=\"{&quot;background_background&quot;:&quot;gradient&quot;}\">\n\t\t\t\t\t\t<div class=\"elementor-container elementor-column-gap-default\">\n\t\t\t\t\t<div class=\"elementor-column elementor-col-50 elementor-top-column elementor-element elementor-element-6741fd87\" data-id=\"6741fd87\" data-element_type=\"column\" data-e-type=\"column\">\n\t\t\t<div class=\"elementor-widget-wrap elementor-element-populated\">\n\t\t\t\t\t\t<div class=\"elementor-element elementor-element-5ce9b640 elementor-widget elementor-widget-image\" data-id=\"5ce9b640\" data-element_type=\"widget\" data-e-type=\"widget\" data-widget_type=\"image.default\">\n\t\t\t\t<div class=\"elementor-widget-container\">\n\t\t\t\t\t\t\t\t\t\t\t\t\t\t\t<img fetchpriority=\"high\" decoding=\"async\" width=\"2560\" height=\"1707\" src=\"https:\/\/seehotel.de\/wp-content\/uploads\/2024\/06\/MG_7032-scaled.jpg\" class=\"attachment-full size-full wp-image-6752\" alt=\"\" srcset=\"https:\/\/seehotel.de\/wp-content\/uploads\/2024\/06\/MG_7032-scaled.jpg 2560w, https:\/\/seehotel.de\/wp-content\/uploads\/2024\/06\/MG_7032-300x200.jpg 300w, https:\/\/seehotel.de\/wp-content\/uploads\/2024\/06\/MG_7032-1024x683.jpg 1024w, https:\/\/seehotel.de\/wp-content\/uploads\/2024\/06\/MG_7032-768x512.jpg 768w, https:\/\/seehotel.de\/wp-content\/uploads\/2024\/06\/MG_7032-1536x1024.jpg 1536w, https:\/\/seehotel.de\/wp-content\/uploads\/2024\/06\/MG_7032-2048x1365.jpg 2048w\" sizes=\"(max-width: 2560px) 100vw, 2560px\" \/>\t\t\t\t\t\t\t\t\t\t\t\t\t\t\t<\/div>\n\t\t\t\t<\/div>\n\t\t\t\t\t<\/div>\n\t\t<\/div>\n\t\t\t\t<div class=\"elementor-column elementor-col-50 elementor-top-column elementor-element elementor-element-66f9f73c\" data-id=\"66f9f73c\" data-element_type=\"column\" data-e-type=\"column\">\n\t\t\t<div class=\"elementor-widget-wrap elementor-element-populated\">\n\t\t\t\t\t\t<div class=\"elementor-element elementor-element-917cb38 elementor-widget elementor-widget-text-editor\" data-id=\"917cb38\" data-element_type=\"widget\" data-e-type=\"widget\" data-widget_type=\"text-editor.default\">\n\t\t\t\t<div class=\"elementor-widget-container\">\n\t\t\t\t\t\t\t\t\t<nav aria-label=\"breadcrumbs\" class=\"rank-math-breadcrumb\"><p><span class=\"last\">Home<\/span><\/p><\/nav>\n\t\t\t\t\t\t\t\t<\/div>\n\t\t\t\t<\/div>\n\t\t\t\t<div class=\"elementor-element elementor-element-979abd3 elementor-widget elementor-widget-heading\" data-id=\"979abd3\" data-element_type=\"widget\" data-e-type=\"widget\" data-widget_type=\"heading.default\">\n\t\t\t\t<div class=\"elementor-widget-container\">\n\t\t\t\t\t<h2 class=\"elementor-heading-title elementor-size-default\">Des salles de r\u00e9union flexibles pour toutes les exigences<\/h2>\t\t\t\t<\/div>\n\t\t\t\t<\/div>\n\t\t\t\t<div class=\"elementor-element elementor-element-3375259d elementor-drop-cap-yes elementor-drop-cap-view-default elementor-widget elementor-widget-text-editor\" data-id=\"3375259d\" data-element_type=\"widget\" data-e-type=\"widget\" data-settings=\"{&quot;drop_cap&quot;:&quot;yes&quot;}\" data-widget_type=\"text-editor.default\">\n\t\t\t\t<div class=\"elementor-widget-container\">\n\t\t\t\t\t\t\t\t\t<p>Nos salles de r\u00e9union sont dot\u00e9es de fen\u00eatres panoramiques du sol au plafond, d&rsquo;une vue sur le lac et d&rsquo;une vue panoramique, ainsi que d&rsquo;une grande vari\u00e9t\u00e9 de si\u00e8ges. Nos chaises de r\u00e9union design vous permettent de rester assis confortablement m\u00eame \u00e0 la fin d&rsquo;une longue journ\u00e9e de r\u00e9union. Les<span style=\"font-family: var( --e-global-typography-b2ce6af-font-family ), Sans-serif; font-size: var( --e-global-typography-b2ce6af-font-size ); letter-spacing: var( --e-global-typography-b2ce6af-letter-spacing ); word-spacing: var( --e-global-typography-b2ce6af-word-spacing );\">salles climatis\u00e9es et inond\u00e9es de lumi\u00e8re, accessibles aux personnes \u00e0 mobilit\u00e9 r\u00e9duite par ascenseur, permettent de travailler de mani\u00e8re intensive et concentr\u00e9e <\/span>.  <\/p>\n<p>Les salles sont \u00e9quip\u00e9es de la technologie de conf\u00e9rence la plus moderne, y compris des cannyboards, des vid\u00e9oprojecteurs, des tableaux \u00e0 feuilles mobiles et des panneaux d&rsquo;affichage, et le Wi-Fi est bien s\u00fbr disponible partout gratuitement.<\/p>\n<p><span style=\"font-family: var( --e-global-typography-b2ce6af-font-family ), Sans-serif; font-size: var( --e-global-typography-b2ce6af-font-size ); letter-spacing: var( --e-global-typography-b2ce6af-letter-spacing ); word-spacing: var( --e-global-typography-b2ce6af-word-spacing );\">La vue d\u00e9gag\u00e9e sur le lac et la verdure cr\u00e9e une atmosph\u00e8re de r\u00e9union aussi d\u00e9tendue qu&rsquo;orient\u00e9e vers les r\u00e9sultats.  <\/span>Profitez de notre terrasse sur le toit et de nos espaces ext\u00e9rieurs pour travailler en plein air et d\u00e9placer votre r\u00e9union en un clin d&rsquo;\u0153il. Des poufs sur la pelouse, des canap\u00e9s lounge sous le parasol&#8230; travailler l\u00e0 o\u00f9 d&rsquo;autres passent leurs vacances&#8230;<\/p>\n\t\t\t\t\t\t\t\t<\/div>\n\t\t\t\t<\/div>\n\t\t\t\t\t<\/div>\n\t\t<\/div>\n\t\t\t\t\t<\/div>\n\t\t<\/section>\n\t\t\t\t<section class=\"elementor-section elementor-top-section elementor-element elementor-element-33ba453a elementor-section-boxed elementor-section-height-default elementor-section-height-default\" data-id=\"33ba453a\" data-element_type=\"section\" data-e-type=\"section\" data-settings=\"{&quot;background_background&quot;:&quot;gradient&quot;}\">\n\t\t\t\t\t\t<div class=\"elementor-container elementor-column-gap-default\">\n\t\t\t\t\t<div class=\"elementor-column elementor-col-100 elementor-top-column elementor-element elementor-element-63b3697d\" data-id=\"63b3697d\" data-element_type=\"column\" data-e-type=\"column\">\n\t\t\t<div class=\"elementor-widget-wrap elementor-element-populated\">\n\t\t\t\t\t\t<div class=\"elementor-element elementor-element-7907b82 elementor-cta--layout-image-right elementor-cta--mobile-layout-image-above elementor-cta--skin-classic elementor-animated-content elementor-widget elementor-widget-call-to-action\" data-id=\"7907b82\" data-element_type=\"widget\" data-e-type=\"widget\" data-widget_type=\"call-to-action.default\">\n\t\t\t\t<div class=\"elementor-widget-container\">\n\t\t\t\t\t\t\t<div class=\"elementor-cta\">\n\t\t\t\t\t<div class=\"elementor-cta__bg-wrapper\">\n\t\t\t\t<div class=\"elementor-cta__bg elementor-bg\" style=\"background-image: url(https:\/\/seehotel.de\/wp-content\/uploads\/2023\/05\/MG_6874-scaled.jpg);\" role=\"img\" aria-label=\"_MG_6874\"><\/div>\n\t\t\t\t<div class=\"elementor-cta__bg-overlay\"><\/div>\n\t\t\t<\/div>\n\t\t\t\t\t\t\t<div class=\"elementor-cta__content\">\n\t\t\t\t\n\t\t\t\t\t\t\t\t\t<h2 class=\"elementor-cta__title elementor-cta__content-item elementor-content-item\">\n\t\t\t\t\t\tWeitBlick\t\t\t\t\t<\/h2>\n\t\t\t\t\n\t\t\t\t\t\t\t\t\t<div class=\"elementor-cta__description elementor-cta__content-item elementor-content-item\">\n\t\t\t\t\t\t<p>La salle de r\u00e9union \"WeitBlick\" du Seehotel Ketsch est un lieu inspirant pour les r\u00e9unions, les conf\u00e9rences et les \u00e9v\u00e9nements en tout genre. Avec son design moderne et sa vue imprenable sur les champs, elle offre un environnement id\u00e9al pour un travail productif et des \u00e9changes cr\u00e9atifs.<\/p>\n<p> Dimensions : 75 m\u00b2 (largeur 7,60 m x longueur 9,90 m), hauteur 2,50 m<br \/> Fen\u00eatres panoramiques, vue sur les champs<br \/> Acc\u00e8s direct au toit-terrasse<br \/> Climatis\u00e9<br \/> Obscurcissable<br \/> Lumi\u00e8re variable<br \/> Mur adapt\u00e9 \u00e0 la projection<br \/> Capacit\u00e9s :<\/p>\n<p> Forme en U jusqu'\u00e0 25 personnes, parlementaire jusqu'\u00e0 32 personnes, si\u00e8ges de cin\u00e9ma jusqu'\u00e0 50 personnes<\/p>\n\t\t\t\t\t<\/div>\n\t\t\t\t\n\t\t\t\t\t\t\t\t\t<div class=\"elementor-cta__button-wrapper elementor-cta__content-item elementor-content-item \">\n\t\t\t\t\t<a class=\"elementor-cta__button elementor-button elementor-size-\" href=\"#elementor-action%3Aaction%3Dpopup%3Aopen%26settings%3DeyJpZCI6ODQ5NywidG9nZ2xlIjpmYWxzZX0%3D\">\n\t\t\t\t\t\tdemander maintenant\t\t\t\t\t<\/a>\n\t\t\t\t\t<\/div>\n\t\t\t\t\t\t\t<\/div>\n\t\t\t\t\t\t<\/div>\n\t\t\t\t\t\t<\/div>\n\t\t\t\t<\/div>\n\t\t\t\t<div class=\"elementor-element elementor-element-7f709a7e elementor-cta--layout-image-left elementor-cta--mobile-layout-image-above elementor-cta--skin-classic elementor-animated-content elementor-widget elementor-widget-call-to-action\" data-id=\"7f709a7e\" data-element_type=\"widget\" data-e-type=\"widget\" data-widget_type=\"call-to-action.default\">\n\t\t\t\t<div class=\"elementor-widget-container\">\n\t\t\t\t\t\t\t<div class=\"elementor-cta\">\n\t\t\t\t\t<div class=\"elementor-cta__bg-wrapper\">\n\t\t\t\t<div class=\"elementor-cta__bg elementor-bg\" style=\"background-image: url(https:\/\/seehotel.de\/wp-content\/uploads\/2023\/05\/seehotel_ketsch_tagen_am_see_02-scaled.jpg);\" role=\"img\" aria-label=\"seehotel_ketsch_tagen_am_see_02\"><\/div>\n\t\t\t\t<div class=\"elementor-cta__bg-overlay\"><\/div>\n\t\t\t<\/div>\n\t\t\t\t\t\t\t<div class=\"elementor-cta__content\">\n\t\t\t\t\n\t\t\t\t\t\t\t\t\t<h2 class=\"elementor-cta__title elementor-cta__content-item elementor-content-item\">\n\t\t\t\t\t\tVue sur le lac\t\t\t\t\t<\/h2>\n\t\t\t\t\n\t\t\t\t\t\t\t\t\t<div class=\"elementor-cta__description elementor-cta__content-item elementor-content-item\">\n\t\t\t\t\t\t<p>La salle de r\u00e9union \"SeeBlick\" du Seehotel Ketsch allie une ambiance de bon go\u00fbt \u00e0 une vue impressionnante pour donner une touche particuli\u00e8re \u00e0 vos \u00e9v\u00e9nements. Cet espace accueillant offre non seulement un \u00e9quipement technique de pointe, mais aussi de larges baies vitr\u00e9es qui offrent une vue pittoresque sur le lac et la nature environnante.<\/p>\n<p>  Dimensions : 75 m\u00b2 (largeur 7,70 m x longueur 9,70 m), hauteur 2,50 m<br \/> Fen\u00eatres panoramiques, vue sur le lac de p\u00eache<br \/> Climatis\u00e9<br \/> Obscurcissable<br \/> Lumi\u00e8re \u00e0 intensit\u00e9 variable<br \/> Projecteur au plafond<br \/> Mur adapt\u00e9 \u00e0 la projection<\/p>\n<p>  Capacit\u00e9s : Forme en U jusqu'\u00e0 25 personnes, parlementaire jusqu'\u00e0 32 personnes, chaises de cin\u00e9ma jusqu'\u00e0 50 personnes<\/p>\n\t\t\t\t\t<\/div>\n\t\t\t\t\n\t\t\t\t\t\t\t\t\t<div class=\"elementor-cta__button-wrapper elementor-cta__content-item elementor-content-item \">\n\t\t\t\t\t<a class=\"elementor-cta__button elementor-button elementor-size-\" href=\"#elementor-action%3Aaction%3Dpopup%3Aopen%26settings%3DeyJpZCI6ODQ5NywidG9nZ2xlIjpmYWxzZX0%3D\">\n\t\t\t\t\t\tdemander maintenant\t\t\t\t\t<\/a>\n\t\t\t\t\t<\/div>\n\t\t\t\t\t\t\t<\/div>\n\t\t\t\t\t\t<\/div>\n\t\t\t\t\t\t<\/div>\n\t\t\t\t<\/div>\n\t\t\t\t<div class=\"elementor-element elementor-element-ed77b89 elementor-cta--layout-image-right elementor-cta--mobile-layout-image-above elementor-cta--skin-classic elementor-animated-content elementor-widget elementor-widget-call-to-action\" data-id=\"ed77b89\" data-element_type=\"widget\" data-e-type=\"widget\" data-widget_type=\"call-to-action.default\">\n\t\t\t\t<div class=\"elementor-widget-container\">\n\t\t\t\t\t\t\t<div class=\"elementor-cta\">\n\t\t\t\t\t<div class=\"elementor-cta__bg-wrapper\">\n\t\t\t\t<div class=\"elementor-cta__bg elementor-bg\" style=\"background-image: url(https:\/\/seehotel.de\/wp-content\/uploads\/2025\/02\/DSC00267-scaled.jpg);\" role=\"img\" aria-label=\"DSC00267\"><\/div>\n\t\t\t\t<div class=\"elementor-cta__bg-overlay\"><\/div>\n\t\t\t<\/div>\n\t\t\t\t\t\t\t<div class=\"elementor-cta__content\">\n\t\t\t\t\n\t\t\t\t\t\t\t\t\t<h2 class=\"elementor-cta__title elementor-cta__content-item elementor-content-item\">\n\t\t\t\t\t\tLe petit canard\t\t\t\t\t<\/h2>\n\t\t\t\t\n\t\t\t\t\t\t\t\t\t<div class=\"elementor-cta__description elementor-cta__content-item elementor-content-item\">\n\t\t\t\t\t\t<p>Que ce soit pour des planifications strat\u00e9giques en petit comit\u00e9 ou des pr\u00e9sentations devant un public plus large, la salle de r\u00e9union \"Die Kleine Ente\" du Seehotel Ketsch cr\u00e9e le cadre parfait pour des r\u00e9unions d'affaires efficaces et r\u00e9ussies.<\/p>\n<p> Dimensions : 55 m\u00b2 (largeur 5,70 m x longueur 9,70 m), hauteur 2,50 m<br \/> 3 grandes fen\u00eatres avec vue sur le lac Anglersee<br \/> Obscurcissable<br \/> Lumi\u00e8re \u00e0 intensit\u00e9 variable<br \/> \u00c9cran<br \/> Murs magn\u00e9tiques<\/p>\n<p> Capacit\u00e9s : Forme en U jusqu'\u00e0 16 personnes, parlementaire jusqu'\u00e0 20 personnes, chaises de cin\u00e9ma jusqu'\u00e0 30 personnes<\/p>\n\t\t\t\t\t<\/div>\n\t\t\t\t\n\t\t\t\t\t\t\t\t\t<div class=\"elementor-cta__button-wrapper elementor-cta__content-item elementor-content-item \">\n\t\t\t\t\t<a class=\"elementor-cta__button elementor-button elementor-size-\" href=\"#elementor-action%3Aaction%3Dpopup%3Aopen%26settings%3DeyJpZCI6ODQ5NywidG9nZ2xlIjpmYWxzZX0%3D\">\n\t\t\t\t\t\tdemander maintenant\t\t\t\t\t<\/a>\n\t\t\t\t\t<\/div>\n\t\t\t\t\t\t\t<\/div>\n\t\t\t\t\t\t<\/div>\n\t\t\t\t\t\t<\/div>\n\t\t\t\t<\/div>\n\t\t\t\t\t<\/div>\n\t\t<\/div>\n\t\t\t\t\t<\/div>\n\t\t<\/section>\n\t\t\t\t<\/div>\n\t\t","protected":false},"excerpt":{"rendered":"<p>Salles de r\u00e9union Des salles de r\u00e9union flexibles pour toutes les exigences Nos salles de r\u00e9union sont dot\u00e9es de fen\u00eatres panoramiques du sol au plafond, d&rsquo;une vue sur le lac [&hellip;]<\/p>\n","protected":false},"author":2,"featured_media":0,"parent":8860,"menu_order":0,"comment_status":"closed","ping_status":"closed","template":"elementor_header_footer","meta":{"footnotes":""},"class_list":["post-8798","page","type-page","status-publish","hentry"],"_links":{"self":[{"href":"https:\/\/seehotel.de\/fr\/wp-json\/wp\/v2\/pages\/8798","targetHints":{"allow":["GET"]}}],"collection":[{"href":"https:\/\/seehotel.de\/fr\/wp-json\/wp\/v2\/pages"}],"about":[{"href":"https:\/\/seehotel.de\/fr\/wp-json\/wp\/v2\/types\/page"}],"author":[{"embeddable":true,"href":"https:\/\/seehotel.de\/fr\/wp-json\/wp\/v2\/users\/2"}],"replies":[{"embeddable":true,"href":"https:\/\/seehotel.de\/fr\/wp-json\/wp\/v2\/comments?post=8798"}],"version-history":[{"count":9,"href":"https:\/\/seehotel.de\/fr\/wp-json\/wp\/v2\/pages\/8798\/revisions"}],"predecessor-version":[{"id":11589,"href":"https:\/\/seehotel.de\/fr\/wp-json\/wp\/v2\/pages\/8798\/revisions\/11589"}],"up":[{"embeddable":true,"href":"https:\/\/seehotel.de\/fr\/wp-json\/wp\/v2\/pages\/8860"}],"wp:attachment":[{"href":"https:\/\/seehotel.de\/fr\/wp-json\/wp\/v2\/media?parent=8798"}],"curies":[{"name":"wp","href":"https:\/\/api.w.org\/{rel}","templated":true}]}}