{"id":8789,"date":"2023-12-03T11:57:06","date_gmt":"2023-12-03T10:57:06","guid":{"rendered":"https:\/\/seehotel.de\/x-mas\/"},"modified":"2024-07-11T08:33:58","modified_gmt":"2024-07-11T06:33:58","slug":"x-mas","status":"publish","type":"page","link":"https:\/\/seehotel.de\/fr\/fetes\/x-mas\/","title":{"rendered":"X-Mas"},"content":{"rendered":"\t\t<div data-elementor-type=\"wp-page\" data-elementor-id=\"8789\" class=\"elementor elementor-8789 elementor-1290\" data-elementor-post-type=\"page\">\n\t\t\t\t\t\t<section class=\"elementor-section elementor-top-section elementor-element elementor-element-21d81150 elementor-section-boxed elementor-section-height-default elementor-section-height-default\" data-id=\"21d81150\" data-element_type=\"section\" data-e-type=\"section\" data-settings=\"{&quot;background_background&quot;:&quot;classic&quot;}\">\n\t\t\t\t\t\t\t<div class=\"elementor-background-overlay\"><\/div>\n\t\t\t\t\t\t\t<div class=\"elementor-container elementor-column-gap-default\">\n\t\t\t\t\t<div class=\"elementor-column elementor-col-100 elementor-top-column elementor-element elementor-element-58bb9295\" data-id=\"58bb9295\" data-element_type=\"column\" data-e-type=\"column\">\n\t\t\t<div class=\"elementor-widget-wrap elementor-element-populated\">\n\t\t\t\t\t\t<div class=\"elementor-element elementor-element-1a3a1d1f elementor-widget__width-auto elementor-invisible elementor-widget elementor-widget-heading\" data-id=\"1a3a1d1f\" data-element_type=\"widget\" data-e-type=\"widget\" data-settings=\"{&quot;_animation&quot;:&quot;fadeInLeft&quot;}\" data-widget_type=\"heading.default\">\n\t\t\t\t<div class=\"elementor-widget-container\">\n\t\t\t\t\t<h2 class=\"elementor-heading-title elementor-size-default\">X-Mas<\/h2>\t\t\t\t<\/div>\n\t\t\t\t<\/div>\n\t\t\t\t\t<\/div>\n\t\t<\/div>\n\t\t\t\t\t<\/div>\n\t\t<\/section>\n\t\t\t\t<section class=\"elementor-section elementor-top-section elementor-element elementor-element-740b136e elementor-reverse-mobile elementor-section-boxed elementor-section-height-default elementor-section-height-default\" data-id=\"740b136e\" data-element_type=\"section\" data-e-type=\"section\" data-settings=\"{&quot;background_background&quot;:&quot;gradient&quot;}\">\n\t\t\t\t\t\t<div class=\"elementor-container elementor-column-gap-default\">\n\t\t\t\t\t<div class=\"elementor-column elementor-col-50 elementor-top-column elementor-element elementor-element-26926085\" data-id=\"26926085\" data-element_type=\"column\" data-e-type=\"column\">\n\t\t\t<div class=\"elementor-widget-wrap elementor-element-populated\">\n\t\t\t\t\t\t<div class=\"elementor-element elementor-element-153fd94d elementor-widget elementor-widget-image\" data-id=\"153fd94d\" data-element_type=\"widget\" data-e-type=\"widget\" data-widget_type=\"image.default\">\n\t\t\t\t<div class=\"elementor-widget-container\">\n\t\t\t\t\t\t\t\t\t\t\t\t\t\t\t<img fetchpriority=\"high\" decoding=\"async\" width=\"2560\" height=\"1707\" src=\"https:\/\/seehotel.de\/wp-content\/uploads\/2023\/07\/seehotel_ketsch_feiern_08-scaled.jpg\" class=\"attachment-full size-full wp-image-5822\" alt=\"\" srcset=\"https:\/\/seehotel.de\/wp-content\/uploads\/2023\/07\/seehotel_ketsch_feiern_08-scaled.jpg 2560w, https:\/\/seehotel.de\/wp-content\/uploads\/2023\/07\/seehotel_ketsch_feiern_08-300x200.jpg 300w, https:\/\/seehotel.de\/wp-content\/uploads\/2023\/07\/seehotel_ketsch_feiern_08-1024x683.jpg 1024w, https:\/\/seehotel.de\/wp-content\/uploads\/2023\/07\/seehotel_ketsch_feiern_08-768x512.jpg 768w, https:\/\/seehotel.de\/wp-content\/uploads\/2023\/07\/seehotel_ketsch_feiern_08-1536x1024.jpg 1536w, https:\/\/seehotel.de\/wp-content\/uploads\/2023\/07\/seehotel_ketsch_feiern_08-2048x1365.jpg 2048w\" sizes=\"(max-width: 2560px) 100vw, 2560px\" \/>\t\t\t\t\t\t\t\t\t\t\t\t\t\t\t<\/div>\n\t\t\t\t<\/div>\n\t\t\t\t\t<\/div>\n\t\t<\/div>\n\t\t\t\t<div class=\"elementor-column elementor-col-50 elementor-top-column elementor-element elementor-element-7ddcca23\" data-id=\"7ddcca23\" data-element_type=\"column\" data-e-type=\"column\">\n\t\t\t<div class=\"elementor-widget-wrap elementor-element-populated\">\n\t\t\t\t\t\t<div class=\"elementor-element elementor-element-aaf4149 elementor-widget elementor-widget-text-editor\" data-id=\"aaf4149\" data-element_type=\"widget\" data-e-type=\"widget\" data-widget_type=\"text-editor.default\">\n\t\t\t\t<div class=\"elementor-widget-container\">\n\t\t\t\t\t\t\t\t\t<nav aria-label=\"breadcrumbs\" class=\"rank-math-breadcrumb\"><p><span class=\"last\">Home<\/span><\/p><\/nav>\n\t\t\t\t\t\t\t\t<\/div>\n\t\t\t\t<\/div>\n\t\t\t\t<div class=\"elementor-element elementor-element-4ce63bb7 elementor-widget elementor-widget-heading\" data-id=\"4ce63bb7\" data-element_type=\"widget\" data-e-type=\"widget\" data-widget_type=\"heading.default\">\n\t\t\t\t<div class=\"elementor-widget-container\">\n\t\t\t\t\t<h2 class=\"elementor-heading-title elementor-size-default\">F\u00eates de No\u00ebl au bord du lac<\/h2>\t\t\t\t<\/div>\n\t\t\t\t<\/div>\n\t\t\t\t<div class=\"elementor-element elementor-element-505f1d5 elementor-drop-cap-yes elementor-drop-cap-view-default elementor-widget elementor-widget-text-editor\" data-id=\"505f1d5\" data-element_type=\"widget\" data-e-type=\"widget\" data-settings=\"{&quot;drop_cap&quot;:&quot;yes&quot;}\" data-widget_type=\"text-editor.default\">\n\t\t\t\t<div class=\"elementor-widget-container\">\n\t\t\t\t\t\t\t\t\t<p>Le lac juste devant notre porte, magnifique pour une randonn\u00e9e aux flambeaux ou une promenade entre coll\u00e8gues. Notre cour avec un espace couvert pour votre r\u00e9ception de punch avec du pop-corn frais et des marrons chauds. Votre table de f\u00eate dans le restaurant ou le salon, o\u00f9 vous pouvez vous asseoir et profiter&#8230; Nous avons \u00e0 c\u0153ur de cr\u00e9er une atmosph\u00e8re d\u00e9tendue pendant la saison <em>agr\u00e9able<\/em>, qui invite \u00e0 des conversations anim\u00e9es et \u00e0 des rencontres sympathiques.<\/p>\n\t\t\t\t\t\t\t\t<\/div>\n\t\t\t\t<\/div>\n\t\t\t\t\t<\/div>\n\t\t<\/div>\n\t\t\t\t\t<\/div>\n\t\t<\/section>\n\t\t\t\t<section class=\"elementor-section elementor-top-section elementor-element elementor-element-573f1d3e elementor-section-boxed elementor-section-height-default elementor-section-height-default\" data-id=\"573f1d3e\" data-element_type=\"section\" data-e-type=\"section\" data-settings=\"{&quot;background_background&quot;:&quot;gradient&quot;}\">\n\t\t\t\t\t\t<div class=\"elementor-container elementor-column-gap-default\">\n\t\t\t\t\t<div class=\"elementor-column elementor-col-100 elementor-top-column elementor-element elementor-element-d8b711f\" data-id=\"d8b711f\" data-element_type=\"column\" data-e-type=\"column\">\n\t\t\t<div class=\"elementor-widget-wrap elementor-element-populated\">\n\t\t\t\t\t\t<div class=\"elementor-element elementor-element-393ca918 elementor-cta--layout-image-right elementor-cta--mobile-layout-image-above elementor-cta--skin-classic elementor-animated-content elementor-widget elementor-widget-call-to-action\" data-id=\"393ca918\" data-element_type=\"widget\" data-e-type=\"widget\" data-widget_type=\"call-to-action.default\">\n\t\t\t\t<div class=\"elementor-widget-container\">\n\t\t\t\t\t\t\t<div class=\"elementor-cta\">\n\t\t\t\t\t<div class=\"elementor-cta__bg-wrapper\">\n\t\t\t\t<div class=\"elementor-cta__bg elementor-bg\" style=\"background-image: url(https:\/\/seehotel.de\/wp-content\/uploads\/2023\/12\/MG_5623-scaled.webp);\" role=\"img\" aria-label=\"_MG_5623\"><\/div>\n\t\t\t\t<div class=\"elementor-cta__bg-overlay\"><\/div>\n\t\t\t<\/div>\n\t\t\t\t\t\t\t<div class=\"elementor-cta__content\">\n\t\t\t\t\n\t\t\t\t\t\t\t\t\t<h2 class=\"elementor-cta__title elementor-cta__content-item elementor-content-item\">\n\t\t\t\t\t\tNo\u00ebl Classic\t\t\t\t\t<\/h2>\n\t\t\t\t\n\t\t\t\t\t\t\t\t\t<div class=\"elementor-cta__description elementor-cta__content-item elementor-content-item\">\n\t\t\t\t\t\t<p>Nous vous accueillons dans notre cour autour d'un punch et de pop-corn, la vasque de feu cr\u00e9pite pendant qu'\u00e0 l'int\u00e9rieur nous tamisons la lumi\u00e8re et allumons les bougies. Notre proposition de menu pour votre soir\u00e9e festive :<br \/>\n<\/br><\/br><br \/>\nSALADE DES CHAMPS | Noix caram\u00e9lis\u00e9es<\/br><br \/>\nTAFELSPITZBOUILLON | Fl\u00e4dle - L\u00e9gumes-racines<\/br><br \/>\nPOITRINE DE CANARD | Choux de Bruxelles - Marrons - Patate douce<\/br><br \/>\nNOUGATMOUSSE | Figue au Porto - Glace au caf\u00e9<br \/>\n<\/br><\/br><br \/>\n4 plats \u00e0 \u20ac 72 par gourmand<\/p>\n\t\t\t\t\t<\/div>\n\t\t\t\t\n\t\t\t\t\t\t\t<\/div>\n\t\t\t\t\t\t<\/div>\n\t\t\t\t\t\t<\/div>\n\t\t\t\t<\/div>\n\t\t\t\t<div class=\"elementor-element elementor-element-5b061741 elementor-cta--layout-image-left elementor-cta--mobile-layout-image-above elementor-cta--skin-classic elementor-animated-content elementor-widget elementor-widget-call-to-action\" data-id=\"5b061741\" data-element_type=\"widget\" data-e-type=\"widget\" data-widget_type=\"call-to-action.default\">\n\t\t\t\t<div class=\"elementor-widget-container\">\n\t\t\t\t\t\t\t<div class=\"elementor-cta\">\n\t\t\t\t\t<div class=\"elementor-cta__bg-wrapper\">\n\t\t\t\t<div class=\"elementor-cta__bg elementor-bg\" style=\"background-image: url(https:\/\/seehotel.de\/wp-content\/uploads\/2023\/12\/MG_5505-scaled.webp);\" role=\"img\" aria-label=\"_MG_5505\"><\/div>\n\t\t\t\t<div class=\"elementor-cta__bg-overlay\"><\/div>\n\t\t\t<\/div>\n\t\t\t\t\t\t\t<div class=\"elementor-cta__content\">\n\t\t\t\t\n\t\t\t\t\t\t\t\t\t<h2 class=\"elementor-cta__title elementor-cta__content-item elementor-content-item\">\n\t\t\t\t\t\tMenu d'hiver souhait\u00e9\t\t\t\t\t<\/h2>\n\t\t\t\t\n\t\t\t\t\t\t\t\t\t<div class=\"elementor-cta__description elementor-cta__content-item elementor-content-item\">\n\t\t\t\t\t\t<p>C'est avec plaisir que nous composerons un menu hivernal selon vos go\u00fbts et vos id\u00e9es. Ou vous pouvez nous confier enti\u00e8rement la conception culinaire. Que ce soit trois plats \u00e0 partir de 62 \u20ac, quatre plats \u00e0 partir de 72 \u20ac, cinq plats \u00e0 partir de 82 \u20ac comme base de votre menu, plus le cas \u00e9ch\u00e9ant un suppl\u00e9ment de votre go\u00fbt individuel. Dans notre lecture d'hiver, nous avons r\u00e9uni nos favoris pour chaque plat. Nous vous les enverrons volontiers sur demande.<\/p>\n\t\t\t\t\t<\/div>\n\t\t\t\t\n\t\t\t\t\t\t\t<\/div>\n\t\t\t\t\t\t<\/div>\n\t\t\t\t\t\t<\/div>\n\t\t\t\t<\/div>\n\t\t\t\t<div class=\"elementor-element elementor-element-1e449689 elementor-cta--layout-image-right elementor-cta--mobile-layout-image-above elementor-cta--skin-classic elementor-animated-content elementor-widget elementor-widget-call-to-action\" data-id=\"1e449689\" data-element_type=\"widget\" data-e-type=\"widget\" data-widget_type=\"call-to-action.default\">\n\t\t\t\t<div class=\"elementor-widget-container\">\n\t\t\t\t\t\t\t<div class=\"elementor-cta\">\n\t\t\t\t\t<div class=\"elementor-cta__bg-wrapper\">\n\t\t\t\t<div class=\"elementor-cta__bg elementor-bg\" style=\"background-image: url(https:\/\/seehotel.de\/wp-content\/uploads\/2023\/07\/NL_12_3-scaled.jpg);\" role=\"img\" aria-label=\"NL_12_3\"><\/div>\n\t\t\t\t<div class=\"elementor-cta__bg-overlay\"><\/div>\n\t\t\t<\/div>\n\t\t\t\t\t\t\t<div class=\"elementor-cta__content\">\n\t\t\t\t\n\t\t\t\t\t\t\t\t\t<h2 class=\"elementor-cta__title elementor-cta__content-item elementor-content-item\">\n\t\t\t\t\t\tAutour\t\t\t\t\t<\/h2>\n\t\t\t\t\n\t\t\t\t\t\t\t\t\t<div class=\"elementor-cta__description elementor-cta__content-item elementor-content-item\">\n\t\t\t\t\t\t<p>Vous souhaitez enrichir votre r\u00e9union de No\u00ebl d'une action commune ? Nous proposons diff\u00e9rentes possibilit\u00e9s, tant \u00e0 l'int\u00e9rieur qu'\u00e0 l'ext\u00e9rieur, pour faire plaisir \u00e0 votre \u00e9quipe. N'h\u00e9sitez pas \u00e0 nous contacter, nous trouverons l'id\u00e9e qui convient \u00e0 votre \u00e9v\u00e9nement festif.<\/p>\n\t\t\t\t\t<\/div>\n\t\t\t\t\n\t\t\t\t\t\t\t\t\t<div class=\"elementor-cta__button-wrapper elementor-cta__content-item elementor-content-item \">\n\t\t\t\t\t<a class=\"elementor-cta__button elementor-button elementor-size-\" href=\"#elementor-action%3Aaction%3Dpopup%3Aopen%26settings%3DeyJpZCI6ODUxOCwidG9nZ2xlIjpmYWxzZX0%3D\">\n\t\t\t\t\t\tDemander maintenant\t\t\t\t\t<\/a>\n\t\t\t\t\t<\/div>\n\t\t\t\t\t\t\t<\/div>\n\t\t\t\t\t\t<\/div>\n\t\t\t\t\t\t<\/div>\n\t\t\t\t<\/div>\n\t\t\t\t\t<\/div>\n\t\t<\/div>\n\t\t\t\t\t<\/div>\n\t\t<\/section>\n\t\t\t\t<\/div>\n\t\t","protected":false},"excerpt":{"rendered":"<p>X-Mas F\u00eates de No\u00ebl au bord du lac Le lac juste devant notre porte, magnifique pour une randonn\u00e9e aux flambeaux ou une promenade entre coll\u00e8gues. Notre cour avec un espace [&hellip;]<\/p>\n","protected":false},"author":2,"featured_media":0,"parent":8849,"menu_order":0,"comment_status":"closed","ping_status":"closed","template":"elementor_header_footer","meta":{"footnotes":""},"class_list":["post-8789","page","type-page","status-publish","hentry"],"_links":{"self":[{"href":"https:\/\/seehotel.de\/fr\/wp-json\/wp\/v2\/pages\/8789","targetHints":{"allow":["GET"]}}],"collection":[{"href":"https:\/\/seehotel.de\/fr\/wp-json\/wp\/v2\/pages"}],"about":[{"href":"https:\/\/seehotel.de\/fr\/wp-json\/wp\/v2\/types\/page"}],"author":[{"embeddable":true,"href":"https:\/\/seehotel.de\/fr\/wp-json\/wp\/v2\/users\/2"}],"replies":[{"embeddable":true,"href":"https:\/\/seehotel.de\/fr\/wp-json\/wp\/v2\/comments?post=8789"}],"version-history":[{"count":3,"href":"https:\/\/seehotel.de\/fr\/wp-json\/wp\/v2\/pages\/8789\/revisions"}],"predecessor-version":[{"id":8803,"href":"https:\/\/seehotel.de\/fr\/wp-json\/wp\/v2\/pages\/8789\/revisions\/8803"}],"up":[{"embeddable":true,"href":"https:\/\/seehotel.de\/fr\/wp-json\/wp\/v2\/pages\/8849"}],"wp:attachment":[{"href":"https:\/\/seehotel.de\/fr\/wp-json\/wp\/v2\/media?parent=8789"}],"curies":[{"name":"wp","href":"https:\/\/api.w.org\/{rel}","templated":true}]}}