{"id":8769,"date":"2023-12-22T11:59:51","date_gmt":"2023-12-22T10:59:51","guid":{"rendered":"https:\/\/seehotel.de\/mentions-legales\/"},"modified":"2024-07-11T08:32:57","modified_gmt":"2024-07-11T06:32:57","slug":"mentions-legales","status":"publish","type":"page","link":"https:\/\/seehotel.de\/fr\/mentions-legales\/","title":{"rendered":"Mentions l\u00e9gales"},"content":{"rendered":"\t\t<div data-elementor-type=\"wp-page\" data-elementor-id=\"8769\" class=\"elementor elementor-8769 elementor-3326\" data-elementor-post-type=\"page\">\n\t\t\t\t\t\t<section class=\"elementor-section elementor-top-section elementor-element elementor-element-13d73fcf elementor-section-boxed elementor-section-height-default elementor-section-height-default\" data-id=\"13d73fcf\" data-element_type=\"section\" data-e-type=\"section\" data-settings=\"{&quot;background_background&quot;:&quot;classic&quot;}\">\n\t\t\t\t\t\t\t<div class=\"elementor-background-overlay\"><\/div>\n\t\t\t\t\t\t\t<div class=\"elementor-container elementor-column-gap-default\">\n\t\t\t\t\t<div class=\"elementor-column elementor-col-100 elementor-top-column elementor-element elementor-element-79cdb3fb\" data-id=\"79cdb3fb\" data-element_type=\"column\" data-e-type=\"column\">\n\t\t\t<div class=\"elementor-widget-wrap elementor-element-populated\">\n\t\t\t\t\t\t<div class=\"elementor-element elementor-element-312a6a5d elementor-widget__width-auto elementor-invisible elementor-widget elementor-widget-heading\" data-id=\"312a6a5d\" data-element_type=\"widget\" data-e-type=\"widget\" data-settings=\"{&quot;_animation&quot;:&quot;fadeInLeft&quot;}\" data-widget_type=\"heading.default\">\n\t\t\t\t<div class=\"elementor-widget-container\">\n\t\t\t\t\t<h2 class=\"elementor-heading-title elementor-size-default\">IMPRESSUM<\/h2>\t\t\t\t<\/div>\n\t\t\t\t<\/div>\n\t\t\t\t\t<\/div>\n\t\t<\/div>\n\t\t\t\t\t<\/div>\n\t\t<\/section>\n\t\t\t\t<section class=\"elementor-section elementor-top-section elementor-element elementor-element-51615127 elementor-section-boxed elementor-section-height-default elementor-section-height-default\" data-id=\"51615127\" data-element_type=\"section\" data-e-type=\"section\" data-settings=\"{&quot;background_background&quot;:&quot;gradient&quot;}\">\n\t\t\t\t\t\t<div class=\"elementor-container elementor-column-gap-default\">\n\t\t\t\t\t<div class=\"elementor-column elementor-col-100 elementor-top-column elementor-element elementor-element-6b3e20f7\" data-id=\"6b3e20f7\" data-element_type=\"column\" data-e-type=\"column\">\n\t\t\t<div class=\"elementor-widget-wrap elementor-element-populated\">\n\t\t\t\t\t\t<div class=\"elementor-element elementor-element-1dda0c74 elementor-widget elementor-widget-text-editor\" data-id=\"1dda0c74\" data-element_type=\"widget\" data-e-type=\"widget\" data-widget_type=\"text-editor.default\">\n\t\t\t\t<div class=\"elementor-widget-container\">\n\t\t\t\t\t\t\t\t\t<nav aria-label=\"breadcrumbs\" class=\"rank-math-breadcrumb\"><p><span class=\"last\">Home<\/span><\/p><\/nav>\n\t\t\t\t\t\t\t\t<\/div>\n\t\t\t\t<\/div>\n\t\t\t\t<div class=\"elementor-element elementor-element-2b22b925 elementor-widget elementor-widget-heading\" data-id=\"2b22b925\" data-element_type=\"widget\" data-e-type=\"widget\" data-widget_type=\"heading.default\">\n\t\t\t\t<div class=\"elementor-widget-container\">\n\t\t\t\t\t<h2 class=\"elementor-heading-title elementor-size-default\">IMPRESSUM<\/h2>\t\t\t\t<\/div>\n\t\t\t\t<\/div>\n\t\t\t\t<div class=\"elementor-element elementor-element-442bb09c elementor-widget elementor-widget-text-editor\" data-id=\"442bb09c\" data-element_type=\"widget\" data-e-type=\"widget\" data-widget_type=\"text-editor.default\">\n\t\t\t\t<div class=\"elementor-widget-container\">\n\t\t\t\t\t\t\t\t\t<p>Informations selon \u00a7 5 TMG<\/p>\n\t\t\t\t\t\t\t\t<\/div>\n\t\t\t\t<\/div>\n\t\t\t\t<div class=\"elementor-element elementor-element-66644bf elementor-widget elementor-widget-text-editor\" data-id=\"66644bf\" data-element_type=\"widget\" data-e-type=\"widget\" data-widget_type=\"text-editor.default\">\n\t\t\t\t<div class=\"elementor-widget-container\">\n\t\t\t\t\t\t\t\t\t<h4>Informations selon \u00a7 5 TMG<\/h4>\n<p>Hans Ludwig Keppel<br \/>SeeHotel Ketsch<br \/>Kreuzwiesenweg 5<br \/>68775 Ketsch (Rhin)<\/p>\n<h4>Contact<\/h4>\n<p>T\u00e9l\u00e9phone : 062026970<br \/>Courrier \u00e9lectronique : info@seehotel.de<\/p>\n<h4>Num\u00e9ro d&rsquo;identification de la taxe sur le chiffre d&rsquo;affaires<\/h4>\n<p>Num\u00e9ro d&rsquo;identification de la taxe sur le chiffre d&rsquo;affaires conform\u00e9ment au \u00a7 27 a de la loi sur la taxe sur le chiffre d&rsquo;affaires :<br \/>DE177687019<\/p>\n<h4>Autorit\u00e9 de surveillance<\/h4>\n<p>Conseil r\u00e9gional de l&rsquo;arrondissement de Rhin-Neckar<br \/>Kurf\u00fcrsten-Anlage 38 &#8211; 40<br \/>69115 Heidelberg<\/p>\n<p><a href=\"http:\/\/www.rhein-neckar-kreis.de\/\" target=\"_blank\" rel=\"noopener noreferrer\">http:\/\/www.rhein-neckar-kreis.de<\/a><\/p>\n<h4>Responsable de la r\u00e9daction<\/h4>\n<p>Hans-Ludwig Keppel<br \/>Kreuzwiesenweg 5<br \/>68775 Ketsch<\/p>\n<h4>R\u00e8glement des litiges de l&rsquo;UE<\/h4>\n<p>La Commission europ\u00e9enne met \u00e0 disposition une plateforme de r\u00e8glement en ligne des litiges (RLL) <a href=\"https:\/\/ec.europa.eu\/consumers\/odr\/\" target=\"_blank\" rel=\"noopener noreferrer\">: https:\/\/ec.europa.eu\/consumers\/odr\/.<\/a><br \/>Vous trouverez notre adresse e-mail en haut dans les mentions l\u00e9gales.<\/p>\n<h4>R\u00e8glement des litiges de consommation\/organisme de conciliation universel<\/h4>\n<p>Nous ne sommes pas dispos\u00e9s ou oblig\u00e9s de participer \u00e0 des proc\u00e9dures de r\u00e8glement des litiges.<\/p>\n<h4>Conception du site web r\u00e9alis\u00e9e par :<\/h4>\n<p><a href=\"https:\/\/skg-webdesign.de\/\" target=\"_blank\" rel=\"noopener\"><img decoding=\"async\" class=\"lazyloaded entered alignnone\" src=\"https:\/\/skg-webdesign.de\/wp-content\/uploads\/2018\/10\/logo-min-300x212.png\" alt=\"\" width=\"191\" height=\"135\" data-orig-src=\"https:\/\/skg-webdesign.de\/wp-content\/uploads\/2018\/10\/logo-min-300x212.png\" data-lazy-src=\"https:\/\/skg-webdesign.de\/wp-content\/uploads\/2018\/10\/logo-min-300x212.png\" data-ll-status=\"loaded\"><\/a><\/p>\n\t\t\t\t\t\t\t\t<\/div>\n\t\t\t\t<\/div>\n\t\t\t\t\t<\/div>\n\t\t<\/div>\n\t\t\t\t\t<\/div>\n\t\t<\/section>\n\t\t\t\t<\/div>\n\t\t","protected":false},"excerpt":{"rendered":"<p>IMPRESSUM IMPRESSUM Informations selon \u00a7 5 TMG Informations selon \u00a7 5 TMG Hans Ludwig KeppelSeeHotel KetschKreuzwiesenweg 568775 Ketsch (Rhin) Contact T\u00e9l\u00e9phone : 062026970Courrier \u00e9lectronique : info@seehotel.de Num\u00e9ro d&rsquo;identification de la [&hellip;]<\/p>\n","protected":false},"author":2,"featured_media":0,"parent":0,"menu_order":0,"comment_status":"closed","ping_status":"closed","template":"elementor_header_footer","meta":{"footnotes":""},"class_list":["post-8769","page","type-page","status-publish","hentry"],"_links":{"self":[{"href":"https:\/\/seehotel.de\/fr\/wp-json\/wp\/v2\/pages\/8769","targetHints":{"allow":["GET"]}}],"collection":[{"href":"https:\/\/seehotel.de\/fr\/wp-json\/wp\/v2\/pages"}],"about":[{"href":"https:\/\/seehotel.de\/fr\/wp-json\/wp\/v2\/types\/page"}],"author":[{"embeddable":true,"href":"https:\/\/seehotel.de\/fr\/wp-json\/wp\/v2\/users\/2"}],"replies":[{"embeddable":true,"href":"https:\/\/seehotel.de\/fr\/wp-json\/wp\/v2\/comments?post=8769"}],"version-history":[{"count":2,"href":"https:\/\/seehotel.de\/fr\/wp-json\/wp\/v2\/pages\/8769\/revisions"}],"predecessor-version":[{"id":8774,"href":"https:\/\/seehotel.de\/fr\/wp-json\/wp\/v2\/pages\/8769\/revisions\/8774"}],"wp:attachment":[{"href":"https:\/\/seehotel.de\/fr\/wp-json\/wp\/v2\/media?parent=8769"}],"curies":[{"name":"wp","href":"https:\/\/api.w.org\/{rel}","templated":true}]}}