{"id":8329,"date":"2023-07-17T15:15:43","date_gmt":"2023-07-17T13:15:43","guid":{"rendered":"https:\/\/seehotel.de\/faq\/"},"modified":"2024-07-11T08:35:20","modified_gmt":"2024-07-11T06:35:20","slug":"faq","status":"publish","type":"page","link":"https:\/\/seehotel.de\/fr\/hotel\/faq\/","title":{"rendered":"FAQ"},"content":{"rendered":"\t\t<div data-elementor-type=\"wp-page\" data-elementor-id=\"8329\" class=\"elementor elementor-8329 elementor-578\" data-elementor-post-type=\"page\">\n\t\t\t\t\t\t<section class=\"elementor-section elementor-top-section elementor-element elementor-element-5ad5e12 elementor-section-boxed elementor-section-height-default elementor-section-height-default\" data-id=\"5ad5e12\" data-element_type=\"section\" data-e-type=\"section\" data-settings=\"{&quot;background_background&quot;:&quot;classic&quot;}\">\n\t\t\t\t\t\t\t<div class=\"elementor-background-overlay\"><\/div>\n\t\t\t\t\t\t\t<div class=\"elementor-container elementor-column-gap-default\">\n\t\t\t\t\t<div class=\"elementor-column elementor-col-100 elementor-top-column elementor-element elementor-element-1fa15bc0\" data-id=\"1fa15bc0\" data-element_type=\"column\" data-e-type=\"column\">\n\t\t\t<div class=\"elementor-widget-wrap elementor-element-populated\">\n\t\t\t\t\t\t<div class=\"elementor-element elementor-element-321a0a33 elementor-widget__width-auto elementor-invisible elementor-widget elementor-widget-heading\" data-id=\"321a0a33\" data-element_type=\"widget\" data-e-type=\"widget\" data-settings=\"{&quot;_animation&quot;:&quot;fadeInLeft&quot;}\" data-widget_type=\"heading.default\">\n\t\t\t\t<div class=\"elementor-widget-container\">\n\t\t\t\t\t<h2 class=\"elementor-heading-title elementor-size-default\">Fr\u00e9quemment demand\u00e9<\/h2>\t\t\t\t<\/div>\n\t\t\t\t<\/div>\n\t\t\t\t\t<\/div>\n\t\t<\/div>\n\t\t\t\t\t<\/div>\n\t\t<\/section>\n\t\t\t\t<section class=\"elementor-section elementor-top-section elementor-element elementor-element-66d9338b elementor-section-boxed elementor-section-height-default elementor-section-height-default\" data-id=\"66d9338b\" data-element_type=\"section\" data-e-type=\"section\">\n\t\t\t\t\t\t<div class=\"elementor-container elementor-column-gap-default\">\n\t\t\t\t\t<div class=\"elementor-column elementor-col-50 elementor-top-column elementor-element elementor-element-739bde09\" data-id=\"739bde09\" data-element_type=\"column\" data-e-type=\"column\">\n\t\t\t<div class=\"elementor-widget-wrap elementor-element-populated\">\n\t\t\t\t\t\t<div class=\"elementor-element elementor-element-749b753 elementor-widget elementor-widget-text-editor\" data-id=\"749b753\" data-element_type=\"widget\" data-e-type=\"widget\" data-widget_type=\"text-editor.default\">\n\t\t\t\t<div class=\"elementor-widget-container\">\n\t\t\t\t\t\t\t\t\t<nav aria-label=\"breadcrumbs\" class=\"rank-math-breadcrumb\"><p><span class=\"last\">Home<\/span><\/p><\/nav>\n\t\t\t\t\t\t\t\t<\/div>\n\t\t\t\t<\/div>\n\t\t\t\t<div class=\"elementor-element elementor-element-5ddc083e elementor-widget elementor-widget-heading\" data-id=\"5ddc083e\" data-element_type=\"widget\" data-e-type=\"widget\" data-widget_type=\"heading.default\">\n\t\t\t\t<div class=\"elementor-widget-container\">\n\t\t\t\t\t<h2 class=\"elementor-heading-title elementor-size-default\">Questions fr\u00e9quemment pos\u00e9es au Seehotel Ketsch<\/h2>\t\t\t\t<\/div>\n\t\t\t\t<\/div>\n\t\t\t\t<div class=\"elementor-element elementor-element-6a66dd4d elementor-widget elementor-widget-heading\" data-id=\"6a66dd4d\" data-element_type=\"widget\" data-e-type=\"widget\" data-widget_type=\"heading.default\">\n\t\t\t\t<div class=\"elementor-widget-container\">\n\t\t\t\t\t<h2 class=\"elementor-heading-title elementor-size-default\">Votre guide pour un s\u00e9jour sans souci<\/h2>\t\t\t\t<\/div>\n\t\t\t\t<\/div>\n\t\t\t\t<div class=\"elementor-element elementor-element-6a87d5fd elementor-widget elementor-widget-text-editor\" data-id=\"6a87d5fd\" data-element_type=\"widget\" data-e-type=\"widget\" data-widget_type=\"text-editor.default\">\n\t\t\t\t<div class=\"elementor-widget-container\">\n\t\t\t\t\t\t\t\t\t<p><em>Trouvez les r\u00e9ponses \u00e0 vos principales questions concernant votre s\u00e9jour au SeeHotel. Des heures d&rsquo;enregistrement aux possibilit\u00e9s de parking, notre section FAQ vous fournit des informations utiles pour un s\u00e9jour \u00e0 l&rsquo;h\u00f4tel agr\u00e9able et sans probl\u00e8me.<\/em><\/p>\n\t\t\t\t\t\t\t\t<\/div>\n\t\t\t\t<\/div>\n\t\t\t\t<div class=\"elementor-element elementor-element-4b6ffcd9 elementor-invisible elementor-widget elementor-widget-image\" data-id=\"4b6ffcd9\" data-element_type=\"widget\" data-e-type=\"widget\" data-settings=\"{&quot;_animation&quot;:&quot;fadeInUp&quot;,&quot;_animation_delay&quot;:360}\" data-widget_type=\"image.default\">\n\t\t\t\t<div class=\"elementor-widget-container\">\n\t\t\t\t\t\t\t\t\t\t\t\t\t\t\t<img fetchpriority=\"high\" decoding=\"async\" width=\"2560\" height=\"1707\" src=\"https:\/\/seehotel.de\/wp-content\/uploads\/2023\/05\/seehotel_ketsch_lobby_10-scaled.jpg\" class=\"attachment-full size-full wp-image-5682\" alt=\"\" srcset=\"https:\/\/seehotel.de\/wp-content\/uploads\/2023\/05\/seehotel_ketsch_lobby_10-scaled.jpg 2560w, https:\/\/seehotel.de\/wp-content\/uploads\/2023\/05\/seehotel_ketsch_lobby_10-300x200.jpg 300w, https:\/\/seehotel.de\/wp-content\/uploads\/2023\/05\/seehotel_ketsch_lobby_10-1024x683.jpg 1024w, https:\/\/seehotel.de\/wp-content\/uploads\/2023\/05\/seehotel_ketsch_lobby_10-768x512.jpg 768w, https:\/\/seehotel.de\/wp-content\/uploads\/2023\/05\/seehotel_ketsch_lobby_10-1536x1024.jpg 1536w, https:\/\/seehotel.de\/wp-content\/uploads\/2023\/05\/seehotel_ketsch_lobby_10-2048x1365.jpg 2048w\" sizes=\"(max-width: 2560px) 100vw, 2560px\" \/>\t\t\t\t\t\t\t\t\t\t\t\t\t\t\t<\/div>\n\t\t\t\t<\/div>\n\t\t\t\t\t<\/div>\n\t\t<\/div>\n\t\t\t\t<div class=\"elementor-column elementor-col-50 elementor-top-column elementor-element elementor-element-95ec7cd\" data-id=\"95ec7cd\" data-element_type=\"column\" data-e-type=\"column\">\n\t\t\t<div class=\"elementor-widget-wrap elementor-element-populated\">\n\t\t\t\t\t\t<div class=\"elementor-element elementor-element-1029728c elementor-invisible elementor-widget elementor-widget-elementskit-accordion\" data-id=\"1029728c\" data-element_type=\"widget\" data-e-type=\"widget\" data-settings=\"{&quot;_animation&quot;:&quot;fadeInRight&quot;,&quot;_animation_tablet&quot;:&quot;none&quot;}\" data-widget_type=\"elementskit-accordion.default\">\n\t\t\t\t<div class=\"elementor-widget-container\">\n\t\t\t\t\t<div class=\"ekit-wid-con\" >\n        <div class=\"elementskit-accordion accoedion-primary\" id=\"accordion-69e5ec5d509ca\">\n\n            \n                <div class=\"elementskit-card active\">\n                    <div class=\"elementskit-card-header\" id=\"primaryHeading-0-1029728c\">\n                        <a href=\"#collapse-f8725c569e5ec5d509ca\" class=\"ekit-accordion--toggler elementskit-btn-link collapsed\" data-ekit-toggle=\"collapse\" data-target=\"#Collapse-f8725c569e5ec5d509ca\" aria-expanded=\"true\" aria-controls=\"Collapse-f8725c569e5ec5d509ca\">\n                            \n                            <span class=\"ekit-accordion-title\">Check-in et check-out<\/span>\n\n                            \n                                <div class=\"ekit_accordion_icon_group\">\n                                    <div class=\"ekit_accordion_normal_icon\">\n                                        <!-- Normal Icon -->\n\t\t\t\t\t\t\t\t\t\t<i class=\" arrow_right-up\"><\/i>                                    <\/div>\n\n                                    <div class=\"ekit_accordion_active_icon\">\n                                        <!-- Active Icon -->\n\t\t\t\t\t\t\t\t\t\t<i class=\" arrow_left-down\"><\/i>                                    <\/div>\n                                <\/div>\n\n                            \n                                                    <\/a>\n                    <\/div>\n\n                    <div id=\"Collapse-f8725c569e5ec5d509ca\" class=\" show collapse\" aria-labelledby=\"primaryHeading-0-1029728c\" data-parent=\"#accordion-69e5ec5d509ca\">\n\n                        <div class=\"elementskit-card-body ekit-accordion--content\">\n                            <p>\u00c0 partir de quelle heure puis-je m'enregistrer et avant quelle heure dois-je quitter ma chambre ?<\/p>\n<p>Notre check-in commence \u00e0 14 heures et notre check-out se fait avant 11 heures. Nous proposons des early check-ins et des late check-outs sur demande et sous r\u00e9serve de disponibilit\u00e9, moyennant un suppl\u00e9ment.<\/p>\n                        <\/div>\n\n                    <\/div>\n\n                <\/div><!-- .elementskit-card END -->\n\n                \n                <div class=\"elementskit-card \">\n                    <div class=\"elementskit-card-header\" id=\"primaryHeading-1-1029728c\">\n                        <a href=\"#collapse-4a903cd69e5ec5d509ca\" class=\"ekit-accordion--toggler elementskit-btn-link collapsed\" data-ekit-toggle=\"collapse\" data-target=\"#Collapse-4a903cd69e5ec5d509ca\" aria-expanded=\"false\" aria-controls=\"Collapse-4a903cd69e5ec5d509ca\">\n                            \n                            <span class=\"ekit-accordion-title\">  Petit d\u00e9jeuner<\/span>\n\n                            \n                                <div class=\"ekit_accordion_icon_group\">\n                                    <div class=\"ekit_accordion_normal_icon\">\n                                        <!-- Normal Icon -->\n\t\t\t\t\t\t\t\t\t\t<i class=\" arrow_right-up\"><\/i>                                    <\/div>\n\n                                    <div class=\"ekit_accordion_active_icon\">\n                                        <!-- Active Icon -->\n\t\t\t\t\t\t\t\t\t\t<i class=\" arrow_left-down\"><\/i>                                    <\/div>\n                                <\/div>\n\n                            \n                                                    <\/a>\n                    <\/div>\n\n                    <div id=\"Collapse-4a903cd69e5ec5d509ca\" class=\" collapse\" aria-labelledby=\"primaryHeading-1-1029728c\" data-parent=\"#accordion-69e5ec5d509ca\">\n\n                        <div class=\"elementskit-card-body ekit-accordion--content\">\n                            <p>Dans quel d\u00e9lai puis-je prendre mon petit-d\u00e9jeuner ? O\u00f9 le petit-d\u00e9jeuner est-il servi ?<\/p>\n<p>Le petit-d\u00e9jeuner est servi tous les jours de 6h30 \u00e0 10h dans notre salon au premier \u00e9tage, le plus souvent sous forme de buffet. En \u00e9t\u00e9, vous avez ici la possibilit\u00e9 de prendre votre petit d\u00e9jeuner sur le petit balcon avec une vue magnifique sur les champs et les prairies.<\/p>\n                        <\/div>\n\n                    <\/div>\n\n                <\/div><!-- .elementskit-card END -->\n\n                \n                <div class=\"elementskit-card \">\n                    <div class=\"elementskit-card-header\" id=\"primaryHeading-2-1029728c\">\n                        <a href=\"#collapse-fbf777b69e5ec5d509ca\" class=\"ekit-accordion--toggler elementskit-btn-link collapsed\" data-ekit-toggle=\"collapse\" data-target=\"#Collapse-fbf777b69e5ec5d509ca\" aria-expanded=\"false\" aria-controls=\"Collapse-fbf777b69e5ec5d509ca\">\n                            \n                            <span class=\"ekit-accordion-title\">Possibilit\u00e9s de stationnement<\/span>\n\n                            \n                                <div class=\"ekit_accordion_icon_group\">\n                                    <div class=\"ekit_accordion_normal_icon\">\n                                        <!-- Normal Icon -->\n\t\t\t\t\t\t\t\t\t\t<i class=\" arrow_right-up\"><\/i>                                    <\/div>\n\n                                    <div class=\"ekit_accordion_active_icon\">\n                                        <!-- Active Icon -->\n\t\t\t\t\t\t\t\t\t\t<i class=\" arrow_left-down\"><\/i>                                    <\/div>\n                                <\/div>\n\n                            \n                                                    <\/a>\n                    <\/div>\n\n                    <div id=\"Collapse-fbf777b69e5ec5d509ca\" class=\" collapse\" aria-labelledby=\"primaryHeading-2-1029728c\" data-parent=\"#accordion-69e5ec5d509ca\">\n\n                        <div class=\"elementskit-card-body ekit-accordion--content\">\n                            <p><em>O\u00f9 puis-je me garer ? Quel est le montant des frais de parking pour les clients de l'h\u00f4tel ?<br \/><\/em><\/p>\n<p>Le prix de la chambre comprend une place de parking gratuite juste devant l'h\u00f4tel.  <\/p>\n                        <\/div>\n\n                    <\/div>\n\n                <\/div><!-- .elementskit-card END -->\n\n                \n                <div class=\"elementskit-card \">\n                    <div class=\"elementskit-card-header\" id=\"primaryHeading-3-1029728c\">\n                        <a href=\"#collapse-cd9367969e5ec5d509ca\" class=\"ekit-accordion--toggler elementskit-btn-link collapsed\" data-ekit-toggle=\"collapse\" data-target=\"#Collapse-cd9367969e5ec5d509ca\" aria-expanded=\"false\" aria-controls=\"Collapse-cd9367969e5ec5d509ca\">\n                            \n                            <span class=\"ekit-accordion-title\">Animaux de compagnie<\/span>\n\n                            \n                                <div class=\"ekit_accordion_icon_group\">\n                                    <div class=\"ekit_accordion_normal_icon\">\n                                        <!-- Normal Icon -->\n\t\t\t\t\t\t\t\t\t\t<i class=\" arrow_right-up\"><\/i>                                    <\/div>\n\n                                    <div class=\"ekit_accordion_active_icon\">\n                                        <!-- Active Icon -->\n\t\t\t\t\t\t\t\t\t\t<i class=\" arrow_left-down\"><\/i>                                    <\/div>\n                                <\/div>\n\n                            \n                                                    <\/a>\n                    <\/div>\n\n                    <div id=\"Collapse-cd9367969e5ec5d509ca\" class=\" collapse\" aria-labelledby=\"primaryHeading-3-1029728c\" data-parent=\"#accordion-69e5ec5d509ca\">\n\n                        <div class=\"elementskit-card-body ekit-accordion--content\">\n                            <p>Les chiens sont-ils admis dans l'h\u00f4tel ? Puis-je emmener mon chien au petit-d\u00e9jeuner et au d\u00eener ?<\/p>\n<p>Vos amis \u00e0 quatre pattes - bien \u00e9lev\u00e9s - sont les bienvenus et peuvent passer la nuit dans votre chambre moyennant une contribution de 20 \u20ac par nuit. Ils peuvent \u00e9galement vous accompagner au salon et dans notre restaurant Die Ente pour les repas. Nous vous demandons toutefois de respecter les autres clients pendant leur s\u00e9jour.<\/p>\n                        <\/div>\n\n                    <\/div>\n\n                <\/div><!-- .elementskit-card END -->\n\n                \n                <div class=\"elementskit-card \">\n                    <div class=\"elementskit-card-header\" id=\"primaryHeading-4-1029728c\">\n                        <a href=\"#collapse-e646cab69e5ec5d509ca\" class=\"ekit-accordion--toggler elementskit-btn-link collapsed\" data-ekit-toggle=\"collapse\" data-target=\"#Collapse-e646cab69e5ec5d509ca\" aria-expanded=\"false\" aria-controls=\"Collapse-e646cab69e5ec5d509ca\">\n                            \n                            <span class=\"ekit-accordion-title\">Restaurant Die Ente<\/span>\n\n                            \n                                <div class=\"ekit_accordion_icon_group\">\n                                    <div class=\"ekit_accordion_normal_icon\">\n                                        <!-- Normal Icon -->\n\t\t\t\t\t\t\t\t\t\t<i class=\" arrow_right-up\"><\/i>                                    <\/div>\n\n                                    <div class=\"ekit_accordion_active_icon\">\n                                        <!-- Active Icon -->\n\t\t\t\t\t\t\t\t\t\t<i class=\" arrow_left-down\"><\/i>                                    <\/div>\n                                <\/div>\n\n                            \n                                                    <\/a>\n                    <\/div>\n\n                    <div id=\"Collapse-e646cab69e5ec5d509ca\" class=\" collapse\" aria-labelledby=\"primaryHeading-4-1029728c\" data-parent=\"#accordion-69e5ec5d509ca\">\n\n                        <div class=\"elementskit-card-body ekit-accordion--content\">\n                            <p><em>Quelles sont les heures d'ouverture du restaurant ? Dois-je r\u00e9server ma table au restaurant \"Die Ente\" en tant que client ?<br \/><\/em><\/p>\n<p>Notre restaurant Le Canard est ouvert du lundi au samedi de 18h \u00e0 24h (heures de cuisine de 18h \u00e0 22h). Comme nous ne connaissons pas toujours les projets de nos clients, nous ne pr\u00e9voyons pas automatiquement de table lors des r\u00e9servations d'h\u00f4tel. Il est donc important de faire une r\u00e9servation \u00e0 l'avance.  <\/p>\n                        <\/div>\n\n                    <\/div>\n\n                <\/div><!-- .elementskit-card END -->\n\n                \n                <div class=\"elementskit-card \">\n                    <div class=\"elementskit-card-header\" id=\"primaryHeading-5-1029728c\">\n                        <a href=\"#collapse-7995b7369e5ec5d509ca\" class=\"ekit-accordion--toggler elementskit-btn-link collapsed\" data-ekit-toggle=\"collapse\" data-target=\"#Collapse-7995b7369e5ec5d509ca\" aria-expanded=\"false\" aria-controls=\"Collapse-7995b7369e5ec5d509ca\">\n                            \n                            <span class=\"ekit-accordion-title\">Conditions d&#039;annulation<\/span>\n\n                            \n                                <div class=\"ekit_accordion_icon_group\">\n                                    <div class=\"ekit_accordion_normal_icon\">\n                                        <!-- Normal Icon -->\n\t\t\t\t\t\t\t\t\t\t<i class=\" arrow_right-up\"><\/i>                                    <\/div>\n\n                                    <div class=\"ekit_accordion_active_icon\">\n                                        <!-- Active Icon -->\n\t\t\t\t\t\t\t\t\t\t<i class=\" arrow_left-down\"><\/i>                                    <\/div>\n                                <\/div>\n\n                            \n                                                    <\/a>\n                    <\/div>\n\n                    <div id=\"Collapse-7995b7369e5ec5d509ca\" class=\" collapse\" aria-labelledby=\"primaryHeading-5-1029728c\" data-parent=\"#accordion-69e5ec5d509ca\">\n\n                        <div class=\"elementskit-card-body ekit-accordion--content\">\n                            <p><em>Jusqu'\u00e0 quand puis-je annuler ma chambre sans frais ? Qu'en est-il dans le domaine des \u00e9v\u00e9nements et des r\u00e9unions, et y a-t-il des frais en cas d'annulation de table ?<br \/><\/em><\/p>\n<p>Nos conditions d'annulation varient en fonction du type de r\u00e9servation. Nous avons list\u00e9 <a href=\"https:\/\/seehotel.de\/agb\/\">ici<\/a> toutes nos conditions g\u00e9n\u00e9rales de vente.<\/p>\n                        <\/div>\n\n                    <\/div>\n\n                <\/div><!-- .elementskit-card END -->\n\n                \n                <div class=\"elementskit-card \">\n                    <div class=\"elementskit-card-header\" id=\"primaryHeading-6-1029728c\">\n                        <a href=\"#collapse-d877c5469e5ec5d509ca\" class=\"ekit-accordion--toggler elementskit-btn-link collapsed\" data-ekit-toggle=\"collapse\" data-target=\"#Collapse-d877c5469e5ec5d509ca\" aria-expanded=\"false\" aria-controls=\"Collapse-d877c5469e5ec5d509ca\">\n                            \n                            <span class=\"ekit-accordion-title\">Bornes de recharge \u00e9lectrique<\/span>\n\n                            \n                                <div class=\"ekit_accordion_icon_group\">\n                                    <div class=\"ekit_accordion_normal_icon\">\n                                        <!-- Normal Icon -->\n\t\t\t\t\t\t\t\t\t\t<i class=\" arrow_right-up\"><\/i>                                    <\/div>\n\n                                    <div class=\"ekit_accordion_active_icon\">\n                                        <!-- Active Icon -->\n\t\t\t\t\t\t\t\t\t\t<i class=\" arrow_left-down\"><\/i>                                    <\/div>\n                                <\/div>\n\n                            \n                                                    <\/a>\n                    <\/div>\n\n                    <div id=\"Collapse-d877c5469e5ec5d509ca\" class=\" collapse\" aria-labelledby=\"primaryHeading-6-1029728c\" data-parent=\"#accordion-69e5ec5d509ca\">\n\n                        <div class=\"elementskit-card-body ekit-accordion--content\">\n                            <p>Puis-je charger ma voiture \u00e9lectrique \u00e0 l'h\u00f4tel ?<\/p>\n<p>Oui, nous disposons de deux bornes de recharge \u00e9lectrique avec deux connexions chacune, offrant une puissance de 22 kW\/h. La facturation se fait \u00e0 la r\u00e9ception de notre h\u00f4tel.  <\/p>\n                        <\/div>\n\n                    <\/div>\n\n                <\/div><!-- .elementskit-card END -->\n\n                \n                <div class=\"elementskit-card \">\n                    <div class=\"elementskit-card-header\" id=\"primaryHeading-7-1029728c\">\n                        <a href=\"#collapse-15f54dd69e5ec5d509ca\" class=\"ekit-accordion--toggler elementskit-btn-link collapsed\" data-ekit-toggle=\"collapse\" data-target=\"#Collapse-15f54dd69e5ec5d509ca\" aria-expanded=\"false\" aria-controls=\"Collapse-15f54dd69e5ec5d509ca\">\n                            \n                            <span class=\"ekit-accordion-title\">WLAN<\/span>\n\n                            \n                                <div class=\"ekit_accordion_icon_group\">\n                                    <div class=\"ekit_accordion_normal_icon\">\n                                        <!-- Normal Icon -->\n\t\t\t\t\t\t\t\t\t\t<i class=\" arrow_right-up\"><\/i>                                    <\/div>\n\n                                    <div class=\"ekit_accordion_active_icon\">\n                                        <!-- Active Icon -->\n\t\t\t\t\t\t\t\t\t\t<i class=\" arrow_left-down\"><\/i>                                    <\/div>\n                                <\/div>\n\n                            \n                                                    <\/a>\n                    <\/div>\n\n                    <div id=\"Collapse-15f54dd69e5ec5d509ca\" class=\" collapse\" aria-labelledby=\"primaryHeading-7-1029728c\" data-parent=\"#accordion-69e5ec5d509ca\">\n\n                        <div class=\"elementskit-card-body ekit-accordion--content\">\n                            <p>Le WLAN est-il inclus dans le prix de la chambre ?  <\/p>\n<p>Oui. L'acc\u00e8s au WLAN est inclus dans le prix de la chambre, ce qui vous permet de vous connecter facilement pendant votre s\u00e9jour.  <\/p>\n                        <\/div>\n\n                    <\/div>\n\n                <\/div><!-- .elementskit-card END -->\n\n                \n                <div class=\"elementskit-card \">\n                    <div class=\"elementskit-card-header\" id=\"primaryHeading-8-1029728c\">\n                        <a href=\"#collapse-91c0e0b69e5ec5d509ca\" class=\"ekit-accordion--toggler elementskit-btn-link collapsed\" data-ekit-toggle=\"collapse\" data-target=\"#Collapse-91c0e0b69e5ec5d509ca\" aria-expanded=\"false\" aria-controls=\"Collapse-91c0e0b69e5ec5d509ca\">\n                            \n                            <span class=\"ekit-accordion-title\">Minibar<\/span>\n\n                            \n                                <div class=\"ekit_accordion_icon_group\">\n                                    <div class=\"ekit_accordion_normal_icon\">\n                                        <!-- Normal Icon -->\n\t\t\t\t\t\t\t\t\t\t<i class=\" arrow_right-up\"><\/i>                                    <\/div>\n\n                                    <div class=\"ekit_accordion_active_icon\">\n                                        <!-- Active Icon -->\n\t\t\t\t\t\t\t\t\t\t<i class=\" arrow_left-down\"><\/i>                                    <\/div>\n                                <\/div>\n\n                            \n                                                    <\/a>\n                    <\/div>\n\n                    <div id=\"Collapse-91c0e0b69e5ec5d509ca\" class=\" collapse\" aria-labelledby=\"primaryHeading-8-1029728c\" data-parent=\"#accordion-69e5ec5d509ca\">\n\n                        <div class=\"elementskit-card-body ekit-accordion--content\">\n                            <p>Y a-t-il un minibar dans les chambres ?<\/p>\n<p>Oui, chacune de nos chambres est \u00e9quip\u00e9e d'un minibar pour rendre votre s\u00e9jour encore plus agr\u00e9able. Vous trouverez un choix de boissons (avec et sans alcool) ainsi que des snacks sucr\u00e9s et sal\u00e9s. N'h\u00e9sitez pas \u00e0 nous contacter s'il vous manque votre boisson pr\u00e9f\u00e9r\u00e9e, nous vous l'apporterons volontiers dans le cadre de notre room service.<\/p>\n                        <\/div>\n\n                    <\/div>\n\n                <\/div><!-- .elementskit-card END -->\n\n                                        <\/div>\n    <\/div>\t\t\t\t<\/div>\n\t\t\t\t<\/div>\n\t\t\t\t\t<\/div>\n\t\t<\/div>\n\t\t\t\t\t<\/div>\n\t\t<\/section>\n\t\t\t\t<\/div>\n\t\t","protected":false},"excerpt":{"rendered":"<p>Fr\u00e9quemment demand\u00e9 Questions fr\u00e9quemment pos\u00e9es au Seehotel Ketsch Votre guide pour un s\u00e9jour sans souci Trouvez les r\u00e9ponses \u00e0 vos principales questions concernant votre s\u00e9jour au SeeHotel. Des heures d&rsquo;enregistrement [&hellip;]<\/p>\n","protected":false},"author":2,"featured_media":0,"parent":8936,"menu_order":0,"comment_status":"closed","ping_status":"closed","template":"elementor_header_footer","meta":{"footnotes":""},"class_list":["post-8329","page","type-page","status-publish","hentry"],"_links":{"self":[{"href":"https:\/\/seehotel.de\/fr\/wp-json\/wp\/v2\/pages\/8329","targetHints":{"allow":["GET"]}}],"collection":[{"href":"https:\/\/seehotel.de\/fr\/wp-json\/wp\/v2\/pages"}],"about":[{"href":"https:\/\/seehotel.de\/fr\/wp-json\/wp\/v2\/types\/page"}],"author":[{"embeddable":true,"href":"https:\/\/seehotel.de\/fr\/wp-json\/wp\/v2\/users\/2"}],"replies":[{"embeddable":true,"href":"https:\/\/seehotel.de\/fr\/wp-json\/wp\/v2\/comments?post=8329"}],"version-history":[{"count":2,"href":"https:\/\/seehotel.de\/fr\/wp-json\/wp\/v2\/pages\/8329\/revisions"}],"predecessor-version":[{"id":8338,"href":"https:\/\/seehotel.de\/fr\/wp-json\/wp\/v2\/pages\/8329\/revisions\/8338"}],"up":[{"embeddable":true,"href":"https:\/\/seehotel.de\/fr\/wp-json\/wp\/v2\/pages\/8936"}],"wp:attachment":[{"href":"https:\/\/seehotel.de\/fr\/wp-json\/wp\/v2\/media?parent=8329"}],"curies":[{"name":"wp","href":"https:\/\/api.w.org\/{rel}","templated":true}]}}