{"id":11787,"date":"2025-02-12T16:55:53","date_gmt":"2025-02-12T15:55:53","guid":{"rendered":"https:\/\/seehotel.de\/?page_id=11787"},"modified":"2025-02-12T16:41:31","modified_gmt":"2025-02-12T15:41:31","slug":"formation-etudes-2","status":"publish","type":"page","link":"https:\/\/seehotel.de\/fr\/carriere\/formation-etudes-2\/","title":{"rendered":"Formation &amp; \u00e9tudes"},"content":{"rendered":"\t\t<div data-elementor-type=\"wp-page\" data-elementor-id=\"11787\" class=\"elementor elementor-11787 elementor-11785\" data-elementor-post-type=\"page\">\n\t\t\t\t\t\t<section class=\"elementor-section elementor-top-section elementor-element elementor-element-f7d261a elementor-section-boxed elementor-section-height-default elementor-section-height-default\" data-id=\"f7d261a\" data-element_type=\"section\" data-e-type=\"section\" data-settings=\"{&quot;background_background&quot;:&quot;classic&quot;}\">\n\t\t\t\t\t\t\t<div class=\"elementor-background-overlay\"><\/div>\n\t\t\t\t\t\t\t<div class=\"elementor-container elementor-column-gap-default\">\n\t\t\t\t\t<div class=\"elementor-column elementor-col-100 elementor-top-column elementor-element elementor-element-657bb73f\" data-id=\"657bb73f\" data-element_type=\"column\" data-e-type=\"column\">\n\t\t\t<div class=\"elementor-widget-wrap elementor-element-populated\">\n\t\t\t\t\t\t<div class=\"elementor-element elementor-element-19079e36 elementor-widget__width-auto elementor-invisible elementor-widget elementor-widget-heading\" data-id=\"19079e36\" data-element_type=\"widget\" data-e-type=\"widget\" data-settings=\"{&quot;_animation&quot;:&quot;fadeInLeft&quot;}\" data-widget_type=\"heading.default\">\n\t\t\t\t<div class=\"elementor-widget-container\">\n\t\t\t\t\t<h2 class=\"elementor-heading-title elementor-size-default\">Formation &amp; \u00e9tudes<\/h2>\t\t\t\t<\/div>\n\t\t\t\t<\/div>\n\t\t\t\t\t<\/div>\n\t\t<\/div>\n\t\t\t\t\t<\/div>\n\t\t<\/section>\n\t\t\t\t<section class=\"elementor-section elementor-top-section elementor-element elementor-element-3ca8f3f8 elementor-reverse-mobile elementor-section-boxed elementor-section-height-default elementor-section-height-default\" data-id=\"3ca8f3f8\" data-element_type=\"section\" data-e-type=\"section\" data-settings=\"{&quot;background_background&quot;:&quot;gradient&quot;}\">\n\t\t\t\t\t\t<div class=\"elementor-container elementor-column-gap-default\">\n\t\t\t\t\t<div class=\"elementor-column elementor-col-50 elementor-top-column elementor-element elementor-element-b6c101f\" data-id=\"b6c101f\" data-element_type=\"column\" data-e-type=\"column\">\n\t\t\t<div class=\"elementor-widget-wrap elementor-element-populated\">\n\t\t\t\t\t\t<div class=\"elementor-element elementor-element-793c3ce4 elementor-widget elementor-widget-image\" data-id=\"793c3ce4\" data-element_type=\"widget\" data-e-type=\"widget\" data-widget_type=\"image.default\">\n\t\t\t\t<div class=\"elementor-widget-container\">\n\t\t\t\t\t\t\t\t\t\t\t\t\t\t\t<img fetchpriority=\"high\" decoding=\"async\" width=\"2560\" height=\"1707\" src=\"https:\/\/seehotel.de\/wp-content\/uploads\/2024\/06\/MG_9650-scaled.jpg\" class=\"attachment-full size-full wp-image-6782\" alt=\"\" srcset=\"https:\/\/seehotel.de\/wp-content\/uploads\/2024\/06\/MG_9650-scaled.jpg 2560w, https:\/\/seehotel.de\/wp-content\/uploads\/2024\/06\/MG_9650-300x200.jpg 300w, https:\/\/seehotel.de\/wp-content\/uploads\/2024\/06\/MG_9650-1024x683.jpg 1024w, https:\/\/seehotel.de\/wp-content\/uploads\/2024\/06\/MG_9650-768x512.jpg 768w\" sizes=\"(max-width: 2560px) 100vw, 2560px\" \/>\t\t\t\t\t\t\t\t\t\t\t\t\t\t\t<\/div>\n\t\t\t\t<\/div>\n\t\t\t\t\t<\/div>\n\t\t<\/div>\n\t\t\t\t<div class=\"elementor-column elementor-col-50 elementor-top-column elementor-element elementor-element-1062579d\" data-id=\"1062579d\" data-element_type=\"column\" data-e-type=\"column\">\n\t\t\t<div class=\"elementor-widget-wrap elementor-element-populated\">\n\t\t\t\t\t\t<div class=\"elementor-element elementor-element-58707e9a elementor-widget elementor-widget-text-editor\" data-id=\"58707e9a\" data-element_type=\"widget\" data-e-type=\"widget\" data-widget_type=\"text-editor.default\">\n\t\t\t\t<div class=\"elementor-widget-container\">\n\t\t\t\t\t\t\t\t\t<nav aria-label=\"breadcrumbs\" class=\"rank-math-breadcrumb\"><p><span class=\"last\">Home<\/span><\/p><\/nav>\n\t\t\t\t\t\t\t\t<\/div>\n\t\t\t\t<\/div>\n\t\t\t\t<div class=\"elementor-element elementor-element-e30207a elementor-widget elementor-widget-heading\" data-id=\"e30207a\" data-element_type=\"widget\" data-e-type=\"widget\" data-widget_type=\"heading.default\">\n\t\t\t\t<div class=\"elementor-widget-container\">\n\t\t\t\t\t<h2 class=\"elementor-heading-title elementor-size-default\">Une formation de qualit\u00e9 &amp; de c\u0153ur<\/h2>\t\t\t\t<\/div>\n\t\t\t\t<\/div>\n\t\t\t\t<div class=\"elementor-element elementor-element-22192057 elementor-drop-cap-yes elementor-widget__width-initial elementor-drop-cap-view-default elementor-widget elementor-widget-text-editor\" data-id=\"22192057\" data-element_type=\"widget\" data-e-type=\"widget\" data-settings=\"{&quot;drop_cap&quot;:&quot;yes&quot;}\" data-widget_type=\"text-editor.default\">\n\t\t\t\t<div class=\"elementor-widget-container\">\n\t\t\t\t\t\t\t\t\t<p>L&rsquo;h\u00f4tellerie et la restauration sont synonymes de plaisir et de joie de vivre. Le changement est la norme ici. Les tendances \u00e9mergent, les souhaits des clients changent, les innovations envahissent le march\u00e9. Tout cela change aussi le travail. C&rsquo;est pourquoi les formations de la restauration, de l&rsquo;h\u00f4tellerie et de la cuisine ont \u00e9t\u00e9 r\u00e9cemment modernis\u00e9es et restructur\u00e9es.<\/p>\n<p>Nous formons avec c\u0153ur, comp\u00e9tence et exigence &#8211; toujours avec l&rsquo;objectif commun d&rsquo;envoyer dans le monde une rel\u00e8ve orient\u00e9e vers le succ\u00e8s et des gastronomes passionn\u00e9s. En fonction de vos talents et de vos int\u00e9r\u00eats, vous avez le choix entre plusieurs formations en alternance et des \u00e9tudes de gestion d&rsquo;entreprise en coop\u00e9ration avec l&rsquo;Universit\u00e9 de formation en alternance du Bade-Wurtemberg \u00e0 Mannheim.<\/p>\n<p>Tu n&rsquo;es pas s\u00fbr(e) qu&rsquo;une carri\u00e8re dans l&rsquo;h\u00f4tellerie-restauration soit faite pour toi ? Alors essayez d&rsquo;abord et demandez un stage chez nous.<\/p>\n\t\t\t\t\t\t\t\t<\/div>\n\t\t\t\t<\/div>\n\t\t\t\t\t<\/div>\n\t\t<\/div>\n\t\t\t\t\t<\/div>\n\t\t<\/section>\n\t\t\t\t<section class=\"elementor-section elementor-top-section elementor-element elementor-element-32100ccb elementor-section-boxed elementor-section-height-default elementor-section-height-default\" data-id=\"32100ccb\" data-element_type=\"section\" data-e-type=\"section\" data-settings=\"{&quot;background_background&quot;:&quot;gradient&quot;}\">\n\t\t\t\t\t\t<div class=\"elementor-container elementor-column-gap-default\">\n\t\t\t\t\t<div class=\"elementor-column elementor-col-100 elementor-top-column elementor-element elementor-element-60fb59e0\" data-id=\"60fb59e0\" data-element_type=\"column\" data-e-type=\"column\">\n\t\t\t<div class=\"elementor-widget-wrap elementor-element-populated\">\n\t\t\t\t\t\t<div class=\"elementor-element elementor-element-5fad3b94 elementor-cta--layout-image-right elementor-cta--mobile-layout-image-above elementor-cta--skin-classic elementor-animated-content elementor-widget elementor-widget-call-to-action\" data-id=\"5fad3b94\" data-element_type=\"widget\" data-e-type=\"widget\" data-widget_type=\"call-to-action.default\">\n\t\t\t\t<div class=\"elementor-widget-container\">\n\t\t\t\t\t\t\t<div class=\"elementor-cta\">\n\t\t\t\t\t<div class=\"elementor-cta__bg-wrapper\">\n\t\t\t\t<div class=\"elementor-cta__bg elementor-bg\" style=\"background-image: url(https:\/\/seehotel.de\/wp-content\/uploads\/2024\/04\/MG_9026-scaled.jpg);\" role=\"img\" aria-label=\"Silas\"><\/div>\n\t\t\t\t<div class=\"elementor-cta__bg-overlay\"><\/div>\n\t\t\t<\/div>\n\t\t\t\t\t\t\t<div class=\"elementor-cta__content\">\n\t\t\t\t\n\t\t\t\t\t\t\t\t\t<h2 class=\"elementor-cta__title elementor-cta__content-item elementor-content-item\">\n\t\t\t\t\t\tSp\u00e9cialiste en h\u00f4tellerie (h\/f)\t\t\t\t\t<\/h2>\n\t\t\t\t\n\t\t\t\t\t\t\t\t\t<div class=\"elementor-cta__description elementor-cta__content-item elementor-content-item\">\n\t\t\t\t\t\t<p>Un expert en tout et pour tout :<\/p>\n<p>Les sp\u00e9cialistes de l'h\u00f4tellerie sont des personnes polyvalentes qui ma\u00eetrisent le travail dans les<br \/>\ndiff\u00e9rents domaines d'un \u00e9tablissement d'h\u00e9bergement. Les t\u00e2ches principales sont la r\u00e9servation et l'accueil. Ils re\u00e7oivent \u00e9galement une formation approfondie dans les domaines de l'alimentation et de la restauration (<br \/>\nBeverage), du housekeeping, de la gestion des marchandises et du marketing. Ainsi, les Hofas ont une vue d'ensemble des interfaces<br \/>\nentre les d\u00e9partements et veillent \u00e0 ce que<br \/>\nla qualit\u00e9 soit partout. La communication professionnelle avec les clients est le fil rouge de toutes les activit\u00e9s<br \/>\n, que ce soit lors d'un entretien personnel de vente ou de conseil<br \/>\n, lors de l'enregistrement<br \/>\nou via des canaux num\u00e9riques.<\/p>\n\t\t\t\t\t<\/div>\n\t\t\t\t\n\t\t\t\t\t\t\t\t\t<div class=\"elementor-cta__button-wrapper elementor-cta__content-item elementor-content-item \">\n\t\t\t\t\t<a class=\"elementor-cta__button elementor-button elementor-size-\" href=\"#elementor-action%3Aaction%3Dpopup%3Aopen%26settings%3DeyJpZCI6ODUyMywidG9nZ2xlIjpmYWxzZX0%3D\">\n\t\t\t\t\t\tPostulez maintenant\t\t\t\t\t<\/a>\n\t\t\t\t\t<\/div>\n\t\t\t\t\t\t\t<\/div>\n\t\t\t\t\t\t<\/div>\n\t\t\t\t\t\t<\/div>\n\t\t\t\t<\/div>\n\t\t\t\t<div class=\"elementor-element elementor-element-36e352c7 elementor-cta--layout-image-left elementor-cta--mobile-layout-image-above elementor-cta--skin-classic elementor-animated-content elementor-widget elementor-widget-call-to-action\" data-id=\"36e352c7\" data-element_type=\"widget\" data-e-type=\"widget\" data-widget_type=\"call-to-action.default\">\n\t\t\t\t<div class=\"elementor-widget-container\">\n\t\t\t\t\t\t\t<div class=\"elementor-cta\">\n\t\t\t\t\t<div class=\"elementor-cta__bg-wrapper\">\n\t\t\t\t<div class=\"elementor-cta__bg elementor-bg\" style=\"background-image: url(https:\/\/seehotel.de\/wp-content\/uploads\/2024\/04\/MG_8722-scaled.jpg);\" role=\"img\" aria-label=\"Jan-Lukas\"><\/div>\n\t\t\t\t<div class=\"elementor-cta__bg-overlay\"><\/div>\n\t\t\t<\/div>\n\t\t\t\t\t\t\t<div class=\"elementor-cta__content\">\n\t\t\t\t\n\t\t\t\t\t\t\t\t\t<h2 class=\"elementor-cta__title elementor-cta__content-item elementor-content-item\">\n\t\t\t\t\t\tCuisinier (h\/f)\t\t\t\t\t<\/h2>\n\t\t\t\t\n\t\t\t\t\t\t\t\t\t<div class=\"elementor-cta__description elementor-cta__content-item elementor-content-item\">\n\t\t\t\t\t\t<p>Artisans du bon go\u00fbt :<\/p>\n<p>Les cuisiniers sont de v\u00e9ritables experts en mati\u00e8re de plaisir. Le c\u0153ur de leur mission est la pr\u00e9paration de plats et de menus. Pour cela, ils apprennent toutes les techniques de travail importantes et tout ce qu'il faut savoir sur les aliments -<br \/>\nde la viande et du poisson aux desserts en passant par la cuisine v\u00e9g\u00e9tale. Mais la cuisine ne s'arr\u00eate pas l\u00e0, les cuisiniers sont les professionnels de tous les processus et de la planification<br \/>\ndans la cuisine et autour : les achats, le stockage, l'\u00e9laboration des menus en font partie. Vous organisez la cuisine et travaillez en coll\u00e9gialit\u00e9 avec le service<br \/>\n. Ils ont toujours \u00e0 l'esprit la qualit\u00e9 et les souhaits des clients.<\/p>\n\t\t\t\t\t<\/div>\n\t\t\t\t\n\t\t\t\t\t\t\t\t\t<div class=\"elementor-cta__button-wrapper elementor-cta__content-item elementor-content-item \">\n\t\t\t\t\t<a class=\"elementor-cta__button elementor-button elementor-size-\" href=\"#elementor-action%3Aaction%3Dpopup%3Aopen%26settings%3DeyJpZCI6ODUyMywidG9nZ2xlIjpmYWxzZX0%3D\">\n\t\t\t\t\t\tPostulez maintenant\t\t\t\t\t<\/a>\n\t\t\t\t\t<\/div>\n\t\t\t\t\t\t\t<\/div>\n\t\t\t\t\t\t<\/div>\n\t\t\t\t\t\t<\/div>\n\t\t\t\t<\/div>\n\t\t\t\t<div class=\"elementor-element elementor-element-658baa3e elementor-cta--layout-image-right elementor-cta--mobile-layout-image-above elementor-cta--skin-classic elementor-animated-content elementor-widget elementor-widget-call-to-action\" data-id=\"658baa3e\" data-element_type=\"widget\" data-e-type=\"widget\" data-widget_type=\"call-to-action.default\">\n\t\t\t\t<div class=\"elementor-widget-container\">\n\t\t\t\t\t\t\t<div class=\"elementor-cta\">\n\t\t\t\t\t<div class=\"elementor-cta__bg-wrapper\">\n\t\t\t\t<div class=\"elementor-cta__bg elementor-bg\" style=\"background-image: url(https:\/\/seehotel.de\/wp-content\/uploads\/2024\/04\/MG_8351-scaled.jpg);\" role=\"img\" aria-label=\"Ciara\"><\/div>\n\t\t\t\t<div class=\"elementor-cta__bg-overlay\"><\/div>\n\t\t\t<\/div>\n\t\t\t\t\t\t\t<div class=\"elementor-cta__content\">\n\t\t\t\t\n\t\t\t\t\t\t\t\t\t<h2 class=\"elementor-cta__title elementor-cta__content-item elementor-content-item\">\n\t\t\t\t\t\tSp\u00e9cialiste des restaurants et de la restauration \u00e9v\u00e9nementielle (h\/f)\t\t\t\t\t<\/h2>\n\t\t\t\t\n\t\t\t\t\t\t\t\t\t<div class=\"elementor-cta__description elementor-cta__content-item elementor-content-item\">\n\t\t\t\t\t\t<p>Experts en services &amp; sp\u00e9cialistes de l'\u00e9v\u00e9nementiel :<\/p>\n<p>Les professionnels de la restauration et de l'\u00e9v\u00e9nementiel ont toujours le bien-\u00eatre de leurs clients \u00e0 l'esprit. Vous jouez le r\u00f4le d'h\u00f4te au restaurant, au bar et lors de diff\u00e9rents types d'\u00e9v\u00e9nements. Vous ma\u00eetrisez toutes les proc\u00e9dures, de la pr\u00e9paration des salles en fonction de la saison et de l'\u00e9v\u00e9nement \u00e0 l'\u00e9tablissement de la facture, en passant par le conseil aux clients et le service professionnel des boissons, des plats et des menus. Ils ne perdent pas non plus le nord lorsqu'il s'agit d'organiser et de g\u00e9rer des r\u00e9unions, des banquets et des f\u00eates.<\/p>\n\t\t\t\t\t<\/div>\n\t\t\t\t\n\t\t\t\t\t\t\t\t\t<div class=\"elementor-cta__button-wrapper elementor-cta__content-item elementor-content-item \">\n\t\t\t\t\t<a class=\"elementor-cta__button elementor-button elementor-size-\" href=\"#elementor-action%3Aaction%3Dpopup%3Aopen%26settings%3DeyJpZCI6ODUyMywidG9nZ2xlIjpmYWxzZX0%3D\">\n\t\t\t\t\t\tPostulez maintenant\t\t\t\t\t<\/a>\n\t\t\t\t\t<\/div>\n\t\t\t\t\t\t\t<\/div>\n\t\t\t\t\t\t<\/div>\n\t\t\t\t\t\t<\/div>\n\t\t\t\t<\/div>\n\t\t\t\t<div class=\"elementor-element elementor-element-11a7704b elementor-cta--layout-image-left elementor-cta--mobile-layout-image-above elementor-cta--skin-classic elementor-animated-content elementor-widget elementor-widget-call-to-action\" data-id=\"11a7704b\" data-element_type=\"widget\" data-e-type=\"widget\" data-widget_type=\"call-to-action.default\">\n\t\t\t\t<div class=\"elementor-widget-container\">\n\t\t\t\t\t\t\t<div class=\"elementor-cta\">\n\t\t\t\t\t<div class=\"elementor-cta__bg-wrapper\">\n\t\t\t\t<div class=\"elementor-cta__bg elementor-bg\" style=\"background-image: url(https:\/\/seehotel.de\/wp-content\/uploads\/2024\/04\/MG_8445-scaled.jpg);\" role=\"img\" aria-label=\"Kearney\"><\/div>\n\t\t\t\t<div class=\"elementor-cta__bg-overlay\"><\/div>\n\t\t\t<\/div>\n\t\t\t\t\t\t\t<div class=\"elementor-cta__content\">\n\t\t\t\t\n\t\t\t\t\t\t\t\t\t<h2 class=\"elementor-cta__title elementor-cta__content-item elementor-content-item\">\n\t\t\t\t\t\tAgent de restauration sp\u00e9cialis\u00e9 dans le service de restauration (h\/f)\t\t\t\t\t<\/h2>\n\t\t\t\t\n\t\t\t\t\t\t\t\t\t<div class=\"elementor-cta__description elementor-cta__content-item elementor-content-item\">\n\t\t\t\t\t\t<p>Proche des clients :<\/p>\n<p>Les professionnels de la restauration ma\u00eetrisent les bases de la gastronomie : ils accueillent<br \/>\net conseillent les clients, servent des boissons et des plats et encaissent. Ils sont le visage et la voix de leur \u00e9tablissement vis-\u00e0-vis des clients. Leur mission est de cr\u00e9er l'exp\u00e9rience gastronomique<br \/>\n, d'\u00eatre des conseillers, des vendeurs et des gardiens aimables et comp\u00e9tents. Pour cela, ils apprennent \u00e9galement en cuisine les bases des aliments et de leur utilisation dans la restauration, ainsi que dans le service \u00e9conomique tout ce qui est important pour l'am\u00e9nagement et l'entretien des locaux de restauration<br \/>\n. La sp\u00e9cialisation en service de restauration met l'accent sur le service \u00e0 table et la communication avec les clients.<\/p>\n\t\t\t\t\t<\/div>\n\t\t\t\t\n\t\t\t\t\t\t\t\t\t<div class=\"elementor-cta__button-wrapper elementor-cta__content-item elementor-content-item \">\n\t\t\t\t\t<a class=\"elementor-cta__button elementor-button elementor-size-\" href=\"#elementor-action%3Aaction%3Dpopup%3Aopen%26settings%3DeyJpZCI6ODUwNCwidG9nZ2xlIjpmYWxzZX0%3D\">\n\t\t\t\t\t\tPostulez maintenant\t\t\t\t\t<\/a>\n\t\t\t\t\t<\/div>\n\t\t\t\t\t\t\t<\/div>\n\t\t\t\t\t\t<\/div>\n\t\t\t\t\t\t<\/div>\n\t\t\t\t<\/div>\n\t\t\t\t<div class=\"elementor-element elementor-element-6a2d6c75 elementor-cta--layout-image-right elementor-cta--mobile-layout-image-above elementor-cta--skin-classic elementor-animated-content elementor-widget elementor-widget-call-to-action\" data-id=\"6a2d6c75\" data-element_type=\"widget\" data-e-type=\"widget\" data-widget_type=\"call-to-action.default\">\n\t\t\t\t<div class=\"elementor-widget-container\">\n\t\t\t\t\t\t\t<div class=\"elementor-cta\">\n\t\t\t\t\t<div class=\"elementor-cta__bg-wrapper\">\n\t\t\t\t<div class=\"elementor-cta__bg elementor-bg\" style=\"background-image: url(https:\/\/seehotel.de\/wp-content\/uploads\/2024\/06\/Lisa-scaled.jpg);\" role=\"img\" aria-label=\"Lisa\"><\/div>\n\t\t\t\t<div class=\"elementor-cta__bg-overlay\"><\/div>\n\t\t\t<\/div>\n\t\t\t\t\t\t\t<div class=\"elementor-cta__content\">\n\t\t\t\t\n\t\t\t\t\t\t\t\t\t<h2 class=\"elementor-cta__title elementor-cta__content-item elementor-content-item\">\n\t\t\t\t\t\tBachelor of Arts : BWL - Gestion des salons, congr\u00e8s et \u00e9v\u00e9nements (h\/f)\t\t\t\t\t<\/h2>\n\t\t\t\t\n\t\t\t\t\t\t\t\t\t<div class=\"elementor-cta__description elementor-cta__content-item elementor-content-item\">\n\t\t\t\t\t\t<p>Rassembler les gens pour plus de divertissement, de connaissances et de partage :<\/p>\n<p>En tant qu'esprits cr\u00e9atifs dot\u00e9s de connaissances en gestion d'entreprise et en gestion de projet, les gestionnaires d'\u00e9v\u00e9nements transforment une id\u00e9e en un \u00e9v\u00e9nement r\u00e9ussi. Qu'il s'agisse d'un mariage de r\u00eave, d'une participation \u00e0 un salon, d'un congr\u00e8s, d'une manifestation sportive, d'un th\u00e9\u00e2tre ou d'un concert, chaque secteur a ses propres exigences et aucun \u00e9v\u00e9nement ne ressemble \u00e0 un autre. Elles ont toutes un point commun : elles doivent \u00eatre planifi\u00e9es, organis\u00e9es et mises en \u0153uvre dans les moindres d\u00e9tails. En gardant toujours \u00e0 l'esprit la coordination des parties prenantes, un plan B pour parer \u00e0 toute \u00e9ventualit\u00e9 et le budget. C'est donc un travail vraiment passionnant pour les talents d'organisation aux nerfs d'acier. La partie th\u00e9orique des \u00e9tudes se d\u00e9roule \u00e0 la DHBW de Mannheim. En tant que partenaire pratique, nous souhaitons un \u00e9tudiant ou une \u00e9tudiante ayant des connaissances pr\u00e9alables en gastronomie.<\/p>\n\t\t\t\t\t<\/div>\n\t\t\t\t\n\t\t\t\t\t\t\t\t\t<div class=\"elementor-cta__button-wrapper elementor-cta__content-item elementor-content-item \">\n\t\t\t\t\t<a class=\"elementor-cta__button elementor-button elementor-size-\" href=\"#elementor-action%3Aaction%3Dpopup%3Aopen%26settings%3DeyJpZCI6ODUyMywidG9nZ2xlIjpmYWxzZX0%3D\">\n\t\t\t\t\t\tPostulez maintenant\t\t\t\t\t<\/a>\n\t\t\t\t\t<\/div>\n\t\t\t\t\t\t\t<\/div>\n\t\t\t\t\t\t<\/div>\n\t\t\t\t\t\t<\/div>\n\t\t\t\t<\/div>\n\t\t\t\t\t<\/div>\n\t\t<\/div>\n\t\t\t\t\t<\/div>\n\t\t<\/section>\n\t\t\t\t<\/div>\n\t\t","protected":false},"excerpt":{"rendered":"<p>Formation &amp; \u00e9tudes Une formation de qualit\u00e9 &amp; de c\u0153ur L&rsquo;h\u00f4tellerie et la restauration sont synonymes de plaisir et de joie de vivre. Le changement est la norme ici. Les [&hellip;]<\/p>\n","protected":false},"author":2,"featured_media":0,"parent":8836,"menu_order":0,"comment_status":"closed","ping_status":"closed","template":"","meta":{"footnotes":""},"class_list":["post-11787","page","type-page","status-publish","hentry"],"_links":{"self":[{"href":"https:\/\/seehotel.de\/fr\/wp-json\/wp\/v2\/pages\/11787","targetHints":{"allow":["GET"]}}],"collection":[{"href":"https:\/\/seehotel.de\/fr\/wp-json\/wp\/v2\/pages"}],"about":[{"href":"https:\/\/seehotel.de\/fr\/wp-json\/wp\/v2\/types\/page"}],"author":[{"embeddable":true,"href":"https:\/\/seehotel.de\/fr\/wp-json\/wp\/v2\/users\/2"}],"replies":[{"embeddable":true,"href":"https:\/\/seehotel.de\/fr\/wp-json\/wp\/v2\/comments?post=11787"}],"version-history":[{"count":2,"href":"https:\/\/seehotel.de\/fr\/wp-json\/wp\/v2\/pages\/11787\/revisions"}],"predecessor-version":[{"id":11799,"href":"https:\/\/seehotel.de\/fr\/wp-json\/wp\/v2\/pages\/11787\/revisions\/11799"}],"up":[{"embeddable":true,"href":"https:\/\/seehotel.de\/fr\/wp-json\/wp\/v2\/pages\/8836"}],"wp:attachment":[{"href":"https:\/\/seehotel.de\/fr\/wp-json\/wp\/v2\/media?parent=11787"}],"curies":[{"name":"wp","href":"https:\/\/api.w.org\/{rel}","templated":true}]}}