{"id":10002,"date":"2024-08-07T22:55:41","date_gmt":"2024-08-07T20:55:41","guid":{"rendered":"https:\/\/seehotel.de\/faire-du-velo-au-bord-du-lac\/"},"modified":"2025-01-28T09:49:06","modified_gmt":"2025-01-28T08:49:06","slug":"faire-du-velo-au-bord-du-lac","status":"publish","type":"page","link":"https:\/\/seehotel.de\/fr\/hotel\/offres\/faire-du-velo-au-bord-du-lac\/","title":{"rendered":"Faire du v\u00e9lo au bord du lac"},"content":{"rendered":"\t\t<div data-elementor-type=\"wp-page\" data-elementor-id=\"10002\" class=\"elementor elementor-10002 elementor-9852\" data-elementor-post-type=\"page\">\n\t\t\t\t\t\t<section class=\"elementor-section elementor-top-section elementor-element elementor-element-321e0b9d elementor-section-boxed elementor-section-height-default elementor-section-height-default\" data-id=\"321e0b9d\" data-element_type=\"section\" data-e-type=\"section\" data-settings=\"{&quot;background_background&quot;:&quot;classic&quot;}\">\n\t\t\t\t\t\t\t<div class=\"elementor-background-overlay\"><\/div>\n\t\t\t\t\t\t\t<div class=\"elementor-container elementor-column-gap-default\">\n\t\t\t\t\t<div class=\"elementor-column elementor-col-100 elementor-top-column elementor-element elementor-element-5c473d35\" data-id=\"5c473d35\" data-element_type=\"column\" data-e-type=\"column\">\n\t\t\t<div class=\"elementor-widget-wrap elementor-element-populated\">\n\t\t\t\t\t\t<div class=\"elementor-element elementor-element-19b7852f elementor-widget__width-auto elementor-invisible elementor-widget elementor-widget-heading\" data-id=\"19b7852f\" data-element_type=\"widget\" data-e-type=\"widget\" data-settings=\"{&quot;_animation&quot;:&quot;fadeInLeft&quot;}\" data-widget_type=\"heading.default\">\n\t\t\t\t<div class=\"elementor-widget-container\">\n\t\t\t\t\t<h2 class=\"elementor-heading-title elementor-size-default\">Faire du v\u00e9lo au bord du lac<\/h2>\t\t\t\t<\/div>\n\t\t\t\t<\/div>\n\t\t\t\t\t<\/div>\n\t\t<\/div>\n\t\t\t\t\t<\/div>\n\t\t<\/section>\n\t\t\t\t<section class=\"elementor-section elementor-top-section elementor-element elementor-element-9e5ebc8 elementor-reverse-mobile elementor-section-boxed elementor-section-height-default elementor-section-height-default\" data-id=\"9e5ebc8\" data-element_type=\"section\" data-e-type=\"section\" data-settings=\"{&quot;background_background&quot;:&quot;gradient&quot;}\">\n\t\t\t\t\t\t<div class=\"elementor-container elementor-column-gap-default\">\n\t\t\t\t\t<div class=\"elementor-column elementor-col-50 elementor-top-column elementor-element elementor-element-c929f78\" data-id=\"c929f78\" data-element_type=\"column\" data-e-type=\"column\">\n\t\t\t<div class=\"elementor-widget-wrap elementor-element-populated\">\n\t\t\t\t\t\t<div class=\"elementor-element elementor-element-b7fb448 elementor-widget__width-initial elementor-absolute elementor-invisible elementor-widget elementor-widget-image\" data-id=\"b7fb448\" data-element_type=\"widget\" data-e-type=\"widget\" data-settings=\"{&quot;_position&quot;:&quot;absolute&quot;,&quot;_animation&quot;:&quot;slideInUp&quot;}\" data-widget_type=\"image.default\">\n\t\t\t\t<div class=\"elementor-widget-container\">\n\t\t\t\t\t\t\t\t\t\t\t\t\t\t\t<img fetchpriority=\"high\" decoding=\"async\" width=\"2560\" height=\"1921\" src=\"https:\/\/seehotel.de\/wp-content\/uploads\/2024\/05\/SS_2024-scaled.jpg\" class=\"attachment-full size-full wp-image-6662\" alt=\"\" srcset=\"https:\/\/seehotel.de\/wp-content\/uploads\/2024\/05\/SS_2024-scaled.jpg 2560w, https:\/\/seehotel.de\/wp-content\/uploads\/2024\/05\/SS_2024-300x225.jpg 300w, https:\/\/seehotel.de\/wp-content\/uploads\/2024\/05\/SS_2024-1024x768.jpg 1024w, https:\/\/seehotel.de\/wp-content\/uploads\/2024\/05\/SS_2024-768x576.jpg 768w, https:\/\/seehotel.de\/wp-content\/uploads\/2024\/05\/SS_2024-1536x1153.jpg 1536w, https:\/\/seehotel.de\/wp-content\/uploads\/2024\/05\/SS_2024-2048x1537.jpg 2048w\" sizes=\"(max-width: 2560px) 100vw, 2560px\" \/>\t\t\t\t\t\t\t\t\t\t\t\t\t\t\t<\/div>\n\t\t\t\t<\/div>\n\t\t\t\t<div class=\"elementor-element elementor-element-5d3795f8 elementor-widget elementor-widget-image\" data-id=\"5d3795f8\" data-element_type=\"widget\" data-e-type=\"widget\" data-widget_type=\"image.default\">\n\t\t\t\t<div class=\"elementor-widget-container\">\n\t\t\t\t\t\t\t\t\t\t\t\t\t\t\t<img decoding=\"async\" width=\"2560\" height=\"1707\" src=\"https:\/\/seehotel.de\/wp-content\/uploads\/2024\/08\/Radeln-am-See-scaled.jpg\" class=\"attachment-full size-full wp-image-9855\" alt=\"\" srcset=\"https:\/\/seehotel.de\/wp-content\/uploads\/2024\/08\/Radeln-am-See-scaled.jpg 2560w, https:\/\/seehotel.de\/wp-content\/uploads\/2024\/08\/Radeln-am-See-300x200.jpg 300w, https:\/\/seehotel.de\/wp-content\/uploads\/2024\/08\/Radeln-am-See-1024x683.jpg 1024w, https:\/\/seehotel.de\/wp-content\/uploads\/2024\/08\/Radeln-am-See-768x512.jpg 768w, https:\/\/seehotel.de\/wp-content\/uploads\/2024\/08\/Radeln-am-See-1536x1024.jpg 1536w, https:\/\/seehotel.de\/wp-content\/uploads\/2024\/08\/Radeln-am-See-2048x1365.jpg 2048w\" sizes=\"(max-width: 2560px) 100vw, 2560px\" \/>\t\t\t\t\t\t\t\t\t\t\t\t\t\t\t<\/div>\n\t\t\t\t<\/div>\n\t\t\t\t\t<\/div>\n\t\t<\/div>\n\t\t\t\t<div class=\"elementor-column elementor-col-50 elementor-top-column elementor-element elementor-element-1c160b0b\" data-id=\"1c160b0b\" data-element_type=\"column\" data-e-type=\"column\">\n\t\t\t<div class=\"elementor-widget-wrap elementor-element-populated\">\n\t\t\t\t\t\t<div class=\"elementor-element elementor-element-76c0467d elementor-widget elementor-widget-text-editor\" data-id=\"76c0467d\" data-element_type=\"widget\" data-e-type=\"widget\" data-widget_type=\"text-editor.default\">\n\t\t\t\t<div class=\"elementor-widget-container\">\n\t\t\t\t\t\t\t\t\t<nav aria-label=\"breadcrumbs\" class=\"rank-math-breadcrumb\"><p><span class=\"last\">Home<\/span><\/p><\/nav>\n\t\t\t\t\t\t\t\t<\/div>\n\t\t\t\t<\/div>\n\t\t\t\t<div class=\"elementor-element elementor-element-6b4aa093 elementor-widget elementor-widget-heading\" data-id=\"6b4aa093\" data-element_type=\"widget\" data-e-type=\"widget\" data-widget_type=\"heading.default\">\n\t\t\t\t<div class=\"elementor-widget-container\">\n\t\t\t\t\t<h2 class=\"elementor-heading-title elementor-size-default\">Seehotel Ketsch<\/h2>\t\t\t\t<\/div>\n\t\t\t\t<\/div>\n\t\t\t\t<div class=\"elementor-element elementor-element-40bd763d elementor-widget elementor-widget-heading\" data-id=\"40bd763d\" data-element_type=\"widget\" data-e-type=\"widget\" data-widget_type=\"heading.default\">\n\t\t\t\t<div class=\"elementor-widget-container\">\n\t\t\t\t\t<h2 class=\"elementor-heading-title elementor-size-default\">Faire du v\u00e9lo au bord du lac<\/h2>\t\t\t\t<\/div>\n\t\t\t\t<\/div>\n\t\t\t\t<div class=\"elementor-element elementor-element-809572f elementor-drop-cap-yes elementor-drop-cap-view-default elementor-widget elementor-widget-text-editor\" data-id=\"809572f\" data-element_type=\"widget\" data-e-type=\"widget\" data-settings=\"{&quot;drop_cap&quot;:&quot;yes&quot;}\" data-widget_type=\"text-editor.default\">\n\t\t\t\t<div class=\"elementor-widget-container\">\n\t\t\t\t\t\t\t\t\t<p>\u00ab\u00a0La vie, c&rsquo;est comme faire du v\u00e9lo. Pour garder l&rsquo;\u00e9quilibre, il faut rester en mouvement. \u00a0\u00bb Albert Einstein<\/p>\n<p>Situ\u00e9 au centre de la r\u00e9gion m\u00e9tropolitaine Rhin-Neckar, le SeeHotel est un point de d\u00e9part optimal pour vos explorations sur deux roues. De courtes distances (principalement plates dans la plaine du Rhin) m\u00e8nent aux charmantes villes de Heidelberg, Spire et Mannheim ainsi qu&rsquo;au Palatinat, id\u00e9al pour des excursions d&rsquo;une journ\u00e9e relaxantes et riches en exp\u00e9riences.<\/p>\n<p>Notre forfait v\u00e9lo <i>\u00ab\u00a0V\u00e9lo au bord du lac<\/i> \u00a0\u00bb cr\u00e9e le cadre parfait pour votre pause active. Dans nos nouvelles chambres doubles Confort Plus, vous b\u00e9n\u00e9ficiez d&rsquo;un grand confort de vie et d&rsquo;un repos nocturne r\u00e9parateur entre vos journ\u00e9es sportives. Et bien entendu, nous vous offrons \u00e9galement un service culinaire de qualit\u00e9 : le matin, vous prenez des forces pour votre prochain tour gr\u00e2ce \u00e0 notre riche buffet de petit-d\u00e9jeuner, et le soir, vous savourez un d\u00eener parfaitement adapt\u00e9 dans notre canard&#8230;<\/p>\n\t\t\t\t\t\t\t\t<\/div>\n\t\t\t\t<\/div>\n\t\t\t\t\t<\/div>\n\t\t<\/div>\n\t\t\t\t\t<\/div>\n\t\t<\/section>\n\t\t\t\t<section class=\"elementor-section elementor-top-section elementor-element elementor-element-6ccc364 elementor-section-boxed elementor-section-height-default elementor-section-height-default\" data-id=\"6ccc364\" data-element_type=\"section\" data-e-type=\"section\" data-settings=\"{&quot;background_background&quot;:&quot;gradient&quot;}\">\n\t\t\t\t\t\t<div class=\"elementor-container elementor-column-gap-default\">\n\t\t\t\t\t<div class=\"elementor-column elementor-col-100 elementor-top-column elementor-element elementor-element-7dd28961\" data-id=\"7dd28961\" data-element_type=\"column\" data-e-type=\"column\">\n\t\t\t<div class=\"elementor-widget-wrap elementor-element-populated\">\n\t\t\t\t\t\t<div class=\"elementor-element elementor-element-4295ffda elementor-cta--layout-image-right elementor-cta--mobile-layout-image-above elementor-cta--skin-classic elementor-animated-content elementor-widget elementor-widget-call-to-action\" data-id=\"4295ffda\" data-element_type=\"widget\" data-e-type=\"widget\" data-widget_type=\"call-to-action.default\">\n\t\t\t\t<div class=\"elementor-widget-container\">\n\t\t\t\t\t\t\t<div class=\"elementor-cta\">\n\t\t\t\t\t<div class=\"elementor-cta__bg-wrapper\">\n\t\t\t\t<div class=\"elementor-cta__bg elementor-bg\" style=\"background-image: url(https:\/\/seehotel.de\/wp-content\/uploads\/2024\/08\/MG_8037-scaled.jpg);\" role=\"img\" aria-label=\"_MG_8037\"><\/div>\n\t\t\t\t<div class=\"elementor-cta__bg-overlay\"><\/div>\n\t\t\t<\/div>\n\t\t\t\t\t\t\t<div class=\"elementor-cta__content\">\n\t\t\t\t\n\t\t\t\t\t\t\t\t\t<h2 class=\"elementor-cta__title elementor-cta__content-item elementor-content-item\">\n\t\t\t\t\t\tAper\u00e7u de l'offre :\t\t\t\t\t<\/h2>\n\t\t\t\t\n\t\t\t\t\t\t\t\t\t<div class=\"elementor-cta__description elementor-cta__content-item elementor-content-item\">\n\t\t\t\t\t\t<p>Jour 1 : <br \/>Arriv\u00e9e individuelle <br \/>Stockage s\u00e9curis\u00e9 des v\u00e9los \u00e0 l'h\u00f4tel*<br \/> Menu surprise 3 plats dans notre restaurant Le Canard<br \/> Nuit dans notre nouvelle cat\u00e9gorie Confort Plus<\/p>\n<p>  Jour 2 :<br \/> Petit-d\u00e9jeuner copieux pour commencer la journ\u00e9e avec \u00e9nergie<br \/> Lunch \u00e0 emporter pour votre pause d\u00e9jeuner<br \/> Sur demande, mat\u00e9riel d\u00e9taill\u00e9 de cartes cyclistes et propositions d'itin\u00e9raires pour la r\u00e9gion**<br \/> Menu surprise 4 plats dans notre restaurant Die Ente incl. Eau de Ketch, friandises &amp; espresso<br \/> H\u00e9bergement dans notre nouvelle cat\u00e9gorie Confort Plus  <\/p>\n<p>  Jour 3 : <br \/>Petit-d\u00e9jeuner copieux pour un d\u00e9but de journ\u00e9e plein d'\u00e9nergie <br \/> D\u00e9part individuel <\/p>\n<p>* Si vous n'arrivez pas avec votre propre v\u00e9lo, nous vous recommandons la location de v\u00e9los chez Bike &amp; Fun \u00e0 Schwetzingen <br \/>** Si vous \u00eates int\u00e9ress\u00e9 par un tour guid\u00e9, nous pouvons vous mettre en contact avec des guides cyclistes qualifi\u00e9s et exp\u00e9riment\u00e9s (d\u00e9lai de 2 semaines).  <\/p>\n<p>  Prix par personne en chambre double : \u20ac 389  <\/p>\n<p>  L'offre est valable jusqu'en d\u00e9cembre 2025.<\/p>\n\t\t\t\t\t<\/div>\n\t\t\t\t\n\t\t\t\t\t\t\t<\/div>\n\t\t\t\t\t\t<\/div>\n\t\t\t\t\t\t<\/div>\n\t\t\t\t<\/div>\n\t\t\t\t\t<\/div>\n\t\t<\/div>\n\t\t\t\t\t<\/div>\n\t\t<\/section>\n\t\t<div class=\"elementor-element elementor-element-896ece9 e-flex e-con-boxed e-con e-parent\" data-id=\"896ece9\" data-element_type=\"container\" data-e-type=\"container\">\n\t\t\t\t\t<div class=\"e-con-inner\">\n\t\t\t\t<div class=\"elementor-element elementor-element-639d271 elementor-align-justify elementor-widget elementor-widget-button\" data-id=\"639d271\" data-element_type=\"widget\" data-e-type=\"widget\" data-widget_type=\"button.default\">\n\t\t\t\t<div class=\"elementor-widget-container\">\n\t\t\t\t\t\t\t\t\t<div class=\"elementor-button-wrapper\">\n\t\t\t\t\t<a class=\"elementor-button elementor-button-link elementor-size-sm\" href=\"https:\/\/seehotel.de\/wp-content\/uploads\/2024\/08\/DeineRadtourenUnsereHeimat5AuflageWeb_reduziert.pdf\">\n\t\t\t\t\t\t<span class=\"elementor-button-content-wrapper\">\n\t\t\t\t\t\t\t\t\t<span class=\"elementor-button-text\">Randonn\u00e9es \u00e0 v\u00e9lo dans les environs<\/span>\n\t\t\t\t\t<\/span>\n\t\t\t\t\t<\/a>\n\t\t\t\t<\/div>\n\t\t\t\t\t\t\t\t<\/div>\n\t\t\t\t<\/div>\n\t\t\t\t\t<\/div>\n\t\t\t\t<\/div>\n\t\t\t\t<\/div>\n\t\t","protected":false},"excerpt":{"rendered":"<p>Faire du v\u00e9lo au bord du lac Seehotel Ketsch Faire du v\u00e9lo au bord du lac \u00ab\u00a0La vie, c&rsquo;est comme faire du v\u00e9lo. Pour garder l&rsquo;\u00e9quilibre, il faut rester en [&hellip;]<\/p>\n","protected":false},"author":2,"featured_media":9855,"parent":8910,"menu_order":0,"comment_status":"closed","ping_status":"closed","template":"","meta":{"footnotes":""},"class_list":["post-10002","page","type-page","status-publish","has-post-thumbnail","hentry"],"_links":{"self":[{"href":"https:\/\/seehotel.de\/fr\/wp-json\/wp\/v2\/pages\/10002","targetHints":{"allow":["GET"]}}],"collection":[{"href":"https:\/\/seehotel.de\/fr\/wp-json\/wp\/v2\/pages"}],"about":[{"href":"https:\/\/seehotel.de\/fr\/wp-json\/wp\/v2\/types\/page"}],"author":[{"embeddable":true,"href":"https:\/\/seehotel.de\/fr\/wp-json\/wp\/v2\/users\/2"}],"replies":[{"embeddable":true,"href":"https:\/\/seehotel.de\/fr\/wp-json\/wp\/v2\/comments?post=10002"}],"version-history":[{"count":5,"href":"https:\/\/seehotel.de\/fr\/wp-json\/wp\/v2\/pages\/10002\/revisions"}],"predecessor-version":[{"id":11280,"href":"https:\/\/seehotel.de\/fr\/wp-json\/wp\/v2\/pages\/10002\/revisions\/11280"}],"up":[{"embeddable":true,"href":"https:\/\/seehotel.de\/fr\/wp-json\/wp\/v2\/pages\/8910"}],"wp:featuredmedia":[{"embeddable":true,"href":"https:\/\/seehotel.de\/fr\/wp-json\/wp\/v2\/media\/9855"}],"wp:attachment":[{"href":"https:\/\/seehotel.de\/fr\/wp-json\/wp\/v2\/media?parent=10002"}],"curies":[{"name":"wp","href":"https:\/\/api.w.org\/{rel}","templated":true}]}}