{"id":8829,"date":"2023-11-26T20:27:05","date_gmt":"2023-11-26T19:27:05","guid":{"rendered":"https:\/\/seehotel.de\/menu\/"},"modified":"2025-03-20T11:16:45","modified_gmt":"2025-03-20T10:16:45","slug":"menu","status":"publish","type":"page","link":"https:\/\/seehotel.de\/en\/restaurant\/menu\/","title":{"rendered":"Menu"},"content":{"rendered":"\t\t<div data-elementor-type=\"wp-page\" data-elementor-id=\"8829\" class=\"elementor elementor-8829 elementor-1051\" data-elementor-post-type=\"page\">\n\t\t\t\t\t\t<section class=\"elementor-section elementor-top-section elementor-element elementor-element-615d6a4a elementor-section-boxed elementor-section-height-default elementor-section-height-default\" data-id=\"615d6a4a\" data-element_type=\"section\" data-e-type=\"section\" data-settings=\"{&quot;background_background&quot;:&quot;classic&quot;}\">\n\t\t\t\t\t\t\t<div class=\"elementor-background-overlay\"><\/div>\n\t\t\t\t\t\t\t<div class=\"elementor-container elementor-column-gap-default\">\n\t\t\t\t\t<div class=\"elementor-column elementor-col-100 elementor-top-column elementor-element elementor-element-6a0330ce\" data-id=\"6a0330ce\" data-element_type=\"column\" data-e-type=\"column\">\n\t\t\t<div class=\"elementor-widget-wrap elementor-element-populated\">\n\t\t\t\t\t\t<div class=\"elementor-element elementor-element-72cc6675 elementor-widget__width-auto elementor-invisible elementor-widget elementor-widget-heading\" data-id=\"72cc6675\" data-element_type=\"widget\" data-e-type=\"widget\" data-settings=\"{&quot;_animation&quot;:&quot;fadeInLeft&quot;}\" data-widget_type=\"heading.default\">\n\t\t\t\t<div class=\"elementor-widget-container\">\n\t\t\t\t\t<h2 class=\"elementor-heading-title elementor-size-default\">Menu<\/h2>\t\t\t\t<\/div>\n\t\t\t\t<\/div>\n\t\t\t\t\t<\/div>\n\t\t<\/div>\n\t\t\t\t\t<\/div>\n\t\t<\/section>\n\t\t\t\t<section class=\"elementor-section elementor-top-section elementor-element elementor-element-5c4c61bb elementor-reverse-mobile elementor-section-boxed elementor-section-height-default elementor-section-height-default\" data-id=\"5c4c61bb\" data-element_type=\"section\" data-e-type=\"section\" data-settings=\"{&quot;background_background&quot;:&quot;gradient&quot;}\">\n\t\t\t\t\t\t<div class=\"elementor-container elementor-column-gap-default\">\n\t\t\t\t\t<div class=\"elementor-column elementor-col-50 elementor-top-column elementor-element elementor-element-5b456805\" data-id=\"5b456805\" data-element_type=\"column\" data-e-type=\"column\">\n\t\t\t<div class=\"elementor-widget-wrap elementor-element-populated\">\n\t\t\t\t\t\t<div class=\"elementor-element elementor-element-2c12bc3b elementor-widget__width-initial elementor-absolute elementor-invisible elementor-widget elementor-widget-image\" data-id=\"2c12bc3b\" data-element_type=\"widget\" data-e-type=\"widget\" data-settings=\"{&quot;_position&quot;:&quot;absolute&quot;,&quot;_animation&quot;:&quot;slideInUp&quot;}\" data-widget_type=\"image.default\">\n\t\t\t\t<div class=\"elementor-widget-container\">\n\t\t\t\t\t\t\t\t\t\t\t\t\t\t\t<img fetchpriority=\"high\" decoding=\"async\" width=\"1600\" height=\"1066\" src=\"https:\/\/seehotel.de\/wp-content\/uploads\/2023\/07\/seehotel_ketsch_restaurant_die_ente_20.jpg\" class=\"attachment-full size-full wp-image-5803\" alt=\"\" srcset=\"https:\/\/seehotel.de\/wp-content\/uploads\/2023\/07\/seehotel_ketsch_restaurant_die_ente_20.jpg 1600w, https:\/\/seehotel.de\/wp-content\/uploads\/2023\/07\/seehotel_ketsch_restaurant_die_ente_20-300x200.webp 300w, https:\/\/seehotel.de\/wp-content\/uploads\/2023\/07\/seehotel_ketsch_restaurant_die_ente_20-1024x682.webp 1024w, https:\/\/seehotel.de\/wp-content\/uploads\/2023\/07\/seehotel_ketsch_restaurant_die_ente_20-768x512.webp 768w, https:\/\/seehotel.de\/wp-content\/uploads\/2023\/07\/seehotel_ketsch_restaurant_die_ente_20-1536x1023.webp 1536w\" sizes=\"(max-width: 1600px) 100vw, 1600px\" \/>\t\t\t\t\t\t\t\t\t\t\t\t\t\t\t<\/div>\n\t\t\t\t<\/div>\n\t\t\t\t<div class=\"elementor-element elementor-element-2b60604d elementor-widget elementor-widget-image\" data-id=\"2b60604d\" data-element_type=\"widget\" data-e-type=\"widget\" data-widget_type=\"image.default\">\n\t\t\t\t<div class=\"elementor-widget-container\">\n\t\t\t\t\t\t\t\t\t\t\t\t\t\t\t<img decoding=\"async\" width=\"2560\" height=\"1707\" src=\"https:\/\/seehotel.de\/wp-content\/uploads\/2024\/04\/MG_7931-scaled.webp\" class=\"attachment-full size-full wp-image-6485\" alt=\"\" srcset=\"https:\/\/seehotel.de\/wp-content\/uploads\/2024\/04\/MG_7931-scaled.webp 2560w, https:\/\/seehotel.de\/wp-content\/uploads\/2024\/04\/MG_7931-300x200.webp 300w, https:\/\/seehotel.de\/wp-content\/uploads\/2024\/04\/MG_7931-1024x683.webp 1024w, https:\/\/seehotel.de\/wp-content\/uploads\/2024\/04\/MG_7931-768x512.webp 768w\" sizes=\"(max-width: 2560px) 100vw, 2560px\" \/>\t\t\t\t\t\t\t\t\t\t\t\t\t\t\t<\/div>\n\t\t\t\t<\/div>\n\t\t\t\t\t<\/div>\n\t\t<\/div>\n\t\t\t\t<div class=\"elementor-column elementor-col-50 elementor-top-column elementor-element elementor-element-3299d82f\" data-id=\"3299d82f\" data-element_type=\"column\" data-e-type=\"column\">\n\t\t\t<div class=\"elementor-widget-wrap elementor-element-populated\">\n\t\t\t\t\t\t<div class=\"elementor-element elementor-element-68f1634 elementor-widget elementor-widget-text-editor\" data-id=\"68f1634\" data-element_type=\"widget\" data-e-type=\"widget\" data-widget_type=\"text-editor.default\">\n\t\t\t\t<div class=\"elementor-widget-container\">\n\t\t\t\t\t\t\t\t\t<nav aria-label=\"breadcrumbs\" class=\"rank-math-breadcrumb\"><p><span class=\"last\">Home<\/span><\/p><\/nav>\n\t\t\t\t\t\t\t\t<\/div>\n\t\t\t\t<\/div>\n\t\t\t\t<div class=\"elementor-element elementor-element-76816f30 elementor-widget elementor-widget-heading\" data-id=\"76816f30\" data-element_type=\"widget\" data-e-type=\"widget\" data-widget_type=\"heading.default\">\n\t\t\t\t<div class=\"elementor-widget-container\">\n\t\t\t\t\t<h2 class=\"elementor-heading-title elementor-size-default\">Enjoy with a lake view<\/h2>\t\t\t\t<\/div>\n\t\t\t\t<\/div>\n\t\t\t\t<div class=\"elementor-element elementor-element-14b72ca4 elementor-drop-cap-yes elementor-drop-cap-view-default elementor-widget elementor-widget-text-editor\" data-id=\"14b72ca4\" data-element_type=\"widget\" data-e-type=\"widget\" data-settings=\"{&quot;drop_cap&quot;:&quot;yes&quot;}\" data-widget_type=\"text-editor.default\">\n\t\t\t\t<div class=\"elementor-widget-container\">\n\t\t\t\t\t\t\t\t\t<p>You&#8217;ve come to the right place in the truest sense of the word. What could be better than a relaxing evening by the lake? Especially when you are pampered as we are &#8211; with fine food, perfectly matched drinks and a unique ambience &#8211; inside and out&#8230;<\/p>\n\t\t\t\t\t\t\t\t<\/div>\n\t\t\t\t<\/div>\n\t\t\t\t<div class=\"elementor-element elementor-element-1c64f599 elementor-view-stacked elementor-position-inline-start elementor-mobile-position-inline-start elementor-shape-circle elementor-widget elementor-widget-icon-box\" data-id=\"1c64f599\" data-element_type=\"widget\" data-e-type=\"widget\" data-widget_type=\"icon-box.default\">\n\t\t\t\t<div class=\"elementor-widget-container\">\n\t\t\t\t\t\t\t<div class=\"elementor-icon-box-wrapper\">\n\n\t\t\t\t\t\t<div class=\"elementor-icon-box-icon\">\n\t\t\t\t<a href=\"tel:+4962026970\" class=\"elementor-icon elementor-animation-float\" tabindex=\"-1\" aria-label=\"Reservation\">\n\t\t\t\t<i aria-hidden=\"true\" class=\"icon icon-phone1\"><\/i>\t\t\t\t<\/a>\n\t\t\t<\/div>\n\t\t\t\n\t\t\t\t\t\t<div class=\"elementor-icon-box-content\">\n\n\t\t\t\t\t\t\t\t\t<div class=\"elementor-icon-box-title\">\n\t\t\t\t\t\t<a href=\"tel:+4962026970\" >\n\t\t\t\t\t\t\tReservation\t\t\t\t\t\t<\/a>\n\t\t\t\t\t<\/div>\n\t\t\t\t\n\t\t\t\t\t\t\t\t\t<p class=\"elementor-icon-box-description\">\n\t\t\t\t\t\t<a href=\"tel:+4962026970\">+49 6202 6970<\/a>\t\t\t\t\t<\/p>\n\t\t\t\t\n\t\t\t<\/div>\n\t\t\t\n\t\t<\/div>\n\t\t\t\t\t\t<\/div>\n\t\t\t\t<\/div>\n\t\t\t\t\t<\/div>\n\t\t<\/div>\n\t\t\t\t\t<\/div>\n\t\t<\/section>\n\t\t\t\t<section class=\"elementor-section elementor-top-section elementor-element elementor-element-423f8bb8 elementor-section-boxed elementor-section-height-default elementor-section-height-default\" data-id=\"423f8bb8\" data-element_type=\"section\" data-e-type=\"section\" data-settings=\"{&quot;background_background&quot;:&quot;classic&quot;}\">\n\t\t\t\t\t\t\t<div class=\"elementor-background-overlay\"><\/div>\n\t\t\t\t\t\t\t<div class=\"elementor-container elementor-column-gap-default\">\n\t\t\t\t\t<div class=\"elementor-column elementor-col-100 elementor-top-column elementor-element elementor-element-24b804df\" data-id=\"24b804df\" data-element_type=\"column\" data-e-type=\"column\">\n\t\t\t<div class=\"elementor-widget-wrap elementor-element-populated\">\n\t\t\t\t\t\t<section class=\"elementor-section elementor-inner-section elementor-element elementor-element-5a0cd64a elementor-section-boxed elementor-section-height-default elementor-section-height-default\" data-id=\"5a0cd64a\" data-element_type=\"section\" data-e-type=\"section\">\n\t\t\t\t\t\t<div class=\"elementor-container elementor-column-gap-default\">\n\t\t\t\t\t<div class=\"elementor-column elementor-col-50 elementor-inner-column elementor-element elementor-element-6509498b\" data-id=\"6509498b\" data-element_type=\"column\" data-e-type=\"column\">\n\t\t\t<div class=\"elementor-widget-wrap elementor-element-populated\">\n\t\t\t\t\t\t<div class=\"elementor-element elementor-element-1eb3963f elementor-widget elementor-widget-heading\" data-id=\"1eb3963f\" data-element_type=\"widget\" data-e-type=\"widget\" data-widget_type=\"heading.default\">\n\t\t\t\t<div class=\"elementor-widget-container\">\n\t\t\t\t\t<h2 class=\"elementor-heading-title elementor-size-default\">Our menu<\/h2>\t\t\t\t<\/div>\n\t\t\t\t<\/div>\n\t\t\t\t\t<\/div>\n\t\t<\/div>\n\t\t\t\t<div class=\"elementor-column elementor-col-50 elementor-inner-column elementor-element elementor-element-6c0e84a9\" data-id=\"6c0e84a9\" data-element_type=\"column\" data-e-type=\"column\">\n\t\t\t<div class=\"elementor-widget-wrap elementor-element-populated\">\n\t\t\t\t\t\t<div class=\"elementor-element elementor-element-656acb6 elementor-widget elementor-widget-text-editor\" data-id=\"656acb6\" data-element_type=\"widget\" data-e-type=\"widget\" data-widget_type=\"text-editor.default\">\n\t\t\t\t<div class=\"elementor-widget-container\">\n\t\t\t\t\t\t\t\t\t<p>In addition to our signature dishes, our menu focuses on seasonal components and unusual dishes such as whole sea bass, Chateaubriand or Kaiserschmarrn. A regularly changing menu, with a choice of three or four courses, complements the selection in the \u00e0 la carte area.<\/p>\n\t\t\t\t\t\t\t\t<\/div>\n\t\t\t\t<\/div>\n\t\t\t\t\t<\/div>\n\t\t<\/div>\n\t\t\t\t\t<\/div>\n\t\t<\/section>\n\t\t\t\t<section class=\"elementor-section elementor-inner-section elementor-element elementor-element-20db4b62 elementor-section-boxed elementor-section-height-default elementor-section-height-default\" data-id=\"20db4b62\" data-element_type=\"section\" data-e-type=\"section\">\n\t\t\t\t\t\t<div class=\"elementor-container elementor-column-gap-default\">\n\t\t\t\t\t<div class=\"elementor-column elementor-col-100 elementor-inner-column elementor-element elementor-element-2df484f\" data-id=\"2df484f\" data-element_type=\"column\" data-e-type=\"column\">\n\t\t\t<div class=\"elementor-widget-wrap elementor-element-populated\">\n\t\t\t\t\t\t<div class=\"elementor-element elementor-element-d591469 elementor-tabs-view-vertical elementor-widget elementor-widget-tabs\" data-id=\"d591469\" data-element_type=\"widget\" data-e-type=\"widget\" data-widget_type=\"tabs.default\">\n\t\t\t\t<div class=\"elementor-widget-container\">\n\t\t\t\t\t\t\t<div class=\"elementor-tabs\">\n\t\t\t<div class=\"elementor-tabs-wrapper\" role=\"tablist\" >\n\t\t\t\t\t\t\t\t\t<div id=\"elementor-tab-title-2231\" class=\"elementor-tab-title elementor-tab-desktop-title\" aria-selected=\"true\" data-tab=\"1\" role=\"tab\" tabindex=\"0\" aria-controls=\"elementor-tab-content-2231\" aria-expanded=\"false\">STARTERS<\/div>\n\t\t\t\t\t\t\t\t\t<div id=\"elementor-tab-title-2232\" class=\"elementor-tab-title elementor-tab-desktop-title\" aria-selected=\"false\" data-tab=\"2\" role=\"tab\" tabindex=\"-1\" aria-controls=\"elementor-tab-content-2232\" aria-expanded=\"false\">INTERMEDIATE DISHES<\/div>\n\t\t\t\t\t\t\t\t\t<div id=\"elementor-tab-title-2233\" class=\"elementor-tab-title elementor-tab-desktop-title\" aria-selected=\"false\" data-tab=\"3\" role=\"tab\" tabindex=\"-1\" aria-controls=\"elementor-tab-content-2233\" aria-expanded=\"false\">MAIN COURTS<\/div>\n\t\t\t\t\t\t\t\t\t<div id=\"elementor-tab-title-2234\" class=\"elementor-tab-title elementor-tab-desktop-title\" aria-selected=\"false\" data-tab=\"4\" role=\"tab\" tabindex=\"-1\" aria-controls=\"elementor-tab-content-2234\" aria-expanded=\"false\">DESSERTS<\/div>\n\t\t\t\t\t\t\t\t\t<div id=\"elementor-tab-title-2235\" class=\"elementor-tab-title elementor-tab-desktop-title\" aria-selected=\"false\" data-tab=\"5\" role=\"tab\" tabindex=\"-1\" aria-controls=\"elementor-tab-content-2235\" aria-expanded=\"false\">MENU<\/div>\n\t\t\t\t\t\t\t<\/div>\n\t\t\t<div class=\"elementor-tabs-content-wrapper\" role=\"tablist\" aria-orientation=\"vertical\">\n\t\t\t\t\t\t\t\t\t<div class=\"elementor-tab-title elementor-tab-mobile-title\" aria-selected=\"true\" data-tab=\"1\" role=\"tab\" tabindex=\"0\" aria-controls=\"elementor-tab-content-2231\" aria-expanded=\"false\">STARTERS<\/div>\n\t\t\t\t\t<div id=\"elementor-tab-content-2231\" class=\"elementor-tab-content elementor-clearfix\" data-tab=\"1\" role=\"tabpanel\" aria-labelledby=\"elementor-tab-title-2231\" tabindex=\"0\" hidden=\"false\"><p><strong>FELDSALAT<\/strong> | Caramelized nuts &#8211; honey &#8211; mustard<\/p>\n<p>\u20ac 17<\/p>\n<p><strong>TATAR<\/strong> | US Prime Beef &#8211; Egg yolk &#8211; Toasted wood-fired bread<\/p>\n<p>\u20ac 19 | \u20ac 26<\/p>\n<p><strong>ENTENLEBER<\/strong> | Roasted &#8211; Apple &#8211; Port wine<\/p>\n<p>\u20ac 29<\/p>\n<p><strong>LACHSFORELLE<\/strong> | Home-pickled &#8211; Caviar &#8211; Fris\u00e9e &#8211; Blini<\/p>\n<p>\u20ac 22<\/p>\n<\/div>\n\t\t\t\t\t\t\t\t\t<div class=\"elementor-tab-title elementor-tab-mobile-title\" aria-selected=\"false\" data-tab=\"2\" role=\"tab\" tabindex=\"-1\" aria-controls=\"elementor-tab-content-2232\" aria-expanded=\"false\">INTERMEDIATE DISHES<\/div>\n\t\t\t\t\t<div id=\"elementor-tab-content-2232\" class=\"elementor-tab-content elementor-clearfix\" data-tab=\"2\" role=\"tabpanel\" aria-labelledby=\"elementor-tab-title-2232\" tabindex=\"0\" hidden=\"hidden\"><p><strong>SEEHOTEL BOUILLABAISSE<\/strong> | Paprika crispbread<\/p>\n<p>\u20ac 22 | \u20ac 33<\/p>\n<p><strong>RISOTTO<\/strong> | Radicchio &#8211; Burrata<\/p>\n<p>\u20ac 19<\/p>\n<p><strong>PASTA<\/strong> | Truffle &#8211; Chervil<\/p>\n<p>\u20ac 22 | \u20ac 29<\/p>\n<\/div>\n\t\t\t\t\t\t\t\t\t<div class=\"elementor-tab-title elementor-tab-mobile-title\" aria-selected=\"false\" data-tab=\"3\" role=\"tab\" tabindex=\"-1\" aria-controls=\"elementor-tab-content-2233\" aria-expanded=\"false\">MAIN COURTS<\/div>\n\t\t\t\t\t<div id=\"elementor-tab-content-2233\" class=\"elementor-tab-content elementor-clearfix\" data-tab=\"3\" role=\"tabpanel\" aria-labelledby=\"elementor-tab-title-2233\" tabindex=\"0\" hidden=\"hidden\"><p><strong>WOLF&#8217;S BASS IN THE SALT CRUST<\/strong> | Spinach &#8211; Beurre Blanc &#8211; Potato<\/p>\n<p>\u20ac 48 (for 2 persons per connoisseur)<\/p>\n<p><strong>US PRIME BEEF<\/strong> | salad &#8211; herb butter &#8211; rosemary potatoes<\/p>\n<p>\u20ac 41<\/p>\n<p><strong>WIENER SCHNITZEL<\/strong> | potato and cucumber salad<\/p>\n<p>\u20ac 34<\/p>\n<p><strong>OCHSENBACKE<\/strong> | carrot &#8211; mashed potato<\/p>\n<p>\u20ac 39<\/p>\n<p><strong>STEINBUTT<\/strong> | Green asparagus &#8211; tomato &#8211; gnocchi<\/p>\n<p>\u20ac 44<\/p>\n<p><strong>LACHSFORELLE<\/strong> | Wild garlic &#8211; Watercress &#8211; Risoni<\/p>\n<p>\u20ac 43<\/p>\n<p><strong>GREEN\u00b3<\/strong> | broccoli &#8211; avocado &#8211; green sauce &#8211; potato<\/p>\n<p>\u20ac 29<\/p>\n<\/div>\n\t\t\t\t\t\t\t\t\t<div class=\"elementor-tab-title elementor-tab-mobile-title\" aria-selected=\"false\" data-tab=\"4\" role=\"tab\" tabindex=\"-1\" aria-controls=\"elementor-tab-content-2234\" aria-expanded=\"false\">DESSERTS<\/div>\n\t\t\t\t\t<div id=\"elementor-tab-content-2234\" class=\"elementor-tab-content elementor-clearfix\" data-tab=\"4\" role=\"tabpanel\" aria-labelledby=\"elementor-tab-title-2234\" tabindex=\"0\" hidden=\"hidden\"><p><strong>CR\u00c8ME BR\u00dbL\u00c9E<\/strong> | Sorbet<\/p>\n<p>\u20ac 13<\/p>\n<p><strong>MILLE FEUILLE<\/strong> | Mascarpone &#8211; Strawberries<\/p>\n<p>\u20ac 14<\/p>\n<p><strong>GEEIST PUR<\/strong> | Our ice cream or sorbet &#8211; per scoop<\/p>\n<p>\u20ac 4<\/p>\n<\/div>\n\t\t\t\t\t\t\t\t\t<div class=\"elementor-tab-title elementor-tab-mobile-title\" aria-selected=\"false\" data-tab=\"5\" role=\"tab\" tabindex=\"-1\" aria-controls=\"elementor-tab-content-2235\" aria-expanded=\"false\">MENU<\/div>\n\t\t\t\t\t<div id=\"elementor-tab-content-2235\" class=\"elementor-tab-content elementor-clearfix\" data-tab=\"5\" role=\"tabpanel\" aria-labelledby=\"elementor-tab-title-2235\" tabindex=\"0\" hidden=\"hidden\"><p><strong>BEAR SALMON<\/strong> | Mousse &#8211; Shrimp &#8211; Parmesan <br \/>18<\/p>\n<p><strong>EI<\/strong> | Poached &#8211; Spinach &#8211; Truffled mashed potatoes <br \/>21<\/p>\n<p><strong>IBERICO<\/strong> | Pluma &#8211; Green asparagus &#8211; Chimichurri <br \/>42<\/p>\n<p><strong>CHOCOLATE<\/strong> | Mousse &#8211; Raspberry &#8211; Almond <br \/>14<\/p>\n<p>3 courses (without egg) 72<br \/>3 courses (without mousse) 74<br \/>4 courses 93<\/p>\n<\/div>\n\t\t\t\t\t\t\t<\/div>\n\t\t<\/div>\n\t\t\t\t\t\t<\/div>\n\t\t\t\t<\/div>\n\t\t\t\t\t<\/div>\n\t\t<\/div>\n\t\t\t\t\t<\/div>\n\t\t<\/section>\n\t\t\t\t\t<\/div>\n\t\t<\/div>\n\t\t\t\t\t<\/div>\n\t\t<\/section>\n\t\t\t\t<\/div>\n\t\t","protected":false},"excerpt":{"rendered":"<p>Menu Enjoy with a lake view You&#8217;ve come to the right place in the truest sense of the word. What could be better than a relaxing evening by the lake? [&hellip;]<\/p>\n","protected":false},"author":2,"featured_media":0,"parent":8850,"menu_order":0,"comment_status":"closed","ping_status":"closed","template":"elementor_header_footer","meta":{"footnotes":""},"class_list":["post-8829","page","type-page","status-publish","hentry"],"_links":{"self":[{"href":"https:\/\/seehotel.de\/en\/wp-json\/wp\/v2\/pages\/8829","targetHints":{"allow":["GET"]}}],"collection":[{"href":"https:\/\/seehotel.de\/en\/wp-json\/wp\/v2\/pages"}],"about":[{"href":"https:\/\/seehotel.de\/en\/wp-json\/wp\/v2\/types\/page"}],"author":[{"embeddable":true,"href":"https:\/\/seehotel.de\/en\/wp-json\/wp\/v2\/users\/2"}],"replies":[{"embeddable":true,"href":"https:\/\/seehotel.de\/en\/wp-json\/wp\/v2\/comments?post=8829"}],"version-history":[{"count":32,"href":"https:\/\/seehotel.de\/en\/wp-json\/wp\/v2\/pages\/8829\/revisions"}],"predecessor-version":[{"id":12405,"href":"https:\/\/seehotel.de\/en\/wp-json\/wp\/v2\/pages\/8829\/revisions\/12405"}],"up":[{"embeddable":true,"href":"https:\/\/seehotel.de\/en\/wp-json\/wp\/v2\/pages\/8850"}],"wp:attachment":[{"href":"https:\/\/seehotel.de\/en\/wp-json\/wp\/v2\/media?parent=8829"}],"curies":[{"name":"wp","href":"https:\/\/api.w.org\/{rel}","templated":true}]}}